{"id":8662,"date":"2025-09-03T13:48:10","date_gmt":"2025-09-03T11:48:10","guid":{"rendered":"https:\/\/ecole-saint-joseph-44690.fr\/blog\/?page_id=8662"},"modified":"2025-09-03T13:48:11","modified_gmt":"2025-09-03T11:48:11","slug":"documents-rentree","status":"publish","type":"page","link":"https:\/\/ecole-saint-joseph-44690.fr\/blog\/?page_id=8662","title":{"rendered":"Documents Rentr\u00e9e"},"content":{"rendered":"","protected":false},"excerpt":{"rendered":"","protected":false},"author":4,"featured_media":0,"parent":0,"menu_order":0,"comment_status":"closed","ping_status":"closed","template":"","meta":{"jetpack_post_was_ever_published":false,"footnotes":""},"class_list":["post-8662","page","type-page","status-publish","hentry"],"jetpack_sharing_enabled":true,"jetpack_shortlink":"https:\/\/wp.me\/P5G85k-2fI","jetpack_likes_enabled":true,"jetpack-related-posts":[{"id":6712,"url":"https:\/\/ecole-saint-joseph-44690.fr\/blog\/?page_id=6712","url_meta":{"origin":8662,"position":0},"title":"DOCUMENTS VIE SCOLAIRE","author":"B\u00e9atrice Josse","date":"19 d\u00e9cembre 2019","format":false,"excerpt":"Vous trouverez dans cette rubrique les documents utiles \u00e0 la scolarit\u00e9 de votre enfant: Autorisation de sortie r\u00e9guli\u00e8re (feuille verte): si vous autorisez votre enfant \u00e0 sortir seul le midi et\/ou le soir. Bulletins d'absence: \u00e0 remplir \u00e0 chaque absence et \u00e0 remettre \u00e0 l'enseignant au retour en classe de\u2026","rel":"","context":"Article similaire","block_context":{"text":"Article similaire","link":""},"img":{"alt_text":"","src":"","width":0,"height":0},"classes":[]},{"id":1521,"url":"https:\/\/ecole-saint-joseph-44690.fr\/blog\/?page_id=1521","url_meta":{"origin":8662,"position":1},"title":"La r\u00e9forme des rythmes scolaires","author":"B\u00e9atrice Josse","date":"7 avril 2014","format":false,"excerpt":"Ici bient\u00f4t, toute l'information n\u00e9cessaire pour comprendre la mise en \u0153uvre de la r\u00e9forme des rythmes scolaires \u00e0 la rentr\u00e9e 2014\/2015. Apple announces 'iPad' touchscreen tabletAfter months of rampant speculation, Apple Wednesday announced a touchscreen tablet computer, the \"iPad\" for consumers who want to take their movies, TV shows, music,\u2026","rel":"","context":"Article similaire","block_context":{"text":"Article similaire","link":""},"img":{"alt_text":"","src":"","width":0,"height":0},"classes":[]},{"id":1479,"url":"https:\/\/ecole-saint-joseph-44690.fr\/blog\/?page_id=1479","url_meta":{"origin":8662,"position":2},"title":"Avril","author":"B\u00e9atrice Josse","date":"31 mars 2014","format":false,"excerpt":"Lundi 31 Mars Salade Verte, Ma\u00efs et gruy\u00e8re R\u00f4ti de Porc, ketchup Frites au four Fromage blanc bio Mardi 1 Avril Tomates nature Saut\u00e9 de dinde Marengo P\u00e2tes coquillette bio Kiri cr\u00e8me Yaourt fermier Jeudi 3 avril P\u00e2t\u00e9 de foie Steak hach\u00e9 sauce tomate bio Salsifis Semoule au lait Vendredi\u2026","rel":"","context":"Article similaire","block_context":{"text":"Article similaire","link":""},"img":{"alt_text":"avril","src":"https:\/\/i0.wp.com\/ecole-saint-joseph-44690.fr\/blog\/wp-content\/uploads\/2014\/03\/avril-300x239.jpg?resize=350%2C200","width":350,"height":200},"classes":[]},{"id":6710,"url":"https:\/\/ecole-saint-joseph-44690.fr\/blog\/?page_id=6710","url_meta":{"origin":8662,"position":3},"title":"Mon entr\u00e9e en TPS et PS","author":"B\u00e9atrice Josse","date":"19 d\u00e9cembre 2019","format":false,"excerpt":"ENTREE EN TPS: Votre enfant est n\u00e9 en 2021 et vous souhaitez le scolariser \u00e0 l'\u00e9cole. Consultez les conditions d'accueil ICI: ENTREE EN PS: L'entr\u00e9e en Petite Section d'un enfant est une \u00e9tape importante dans la vie d'une famille. Vivre en collectivit\u00e9 est un grand changement, lorsque l'on a 3\u2026","rel":"","context":"Article similaire","block_context":{"text":"Article similaire","link":""},"img":{"alt_text":"","src":"","width":0,"height":0},"classes":[]},{"id":305,"url":"https:\/\/ecole-saint-joseph-44690.fr\/blog\/?page_id=305","url_meta":{"origin":8662,"position":4},"title":"Il \u00e9tait une fois&#8230;","author":"B\u00e9atrice Josse","date":"15 f\u00e9vrier 2014","format":false,"excerpt":"[ Ce qui suit est un extrait \u00e0 peine retravaill\u00e9 d'un discourt r\u00e9dig\u00e9 par Monique Bachelier \u00e0 l'occasion des 70 ans de l'\u00e9cole qui furent f\u00eat\u00e9s les 1er et 2 mai 1999 ] En septembre 1928, l'\u00e9cole Saint-Joseph fut inaugur\u00e9e et b\u00e9nie par Mgr Le Fer de la Motte, avec\u2026","rel":"","context":"Article similaire","block_context":{"text":"Article similaire","link":""},"img":{"alt_text":"Mr et Mme Luneau ?","src":"https:\/\/i0.wp.com\/ecole-saint-joseph-44690.fr\/blog\/wp-content\/uploads\/2014\/02\/Mr-et-Mme-Luneau-.jpg?resize=350%2C200","width":350,"height":200,"srcset":"https:\/\/i0.wp.com\/ecole-saint-joseph-44690.fr\/blog\/wp-content\/uploads\/2014\/02\/Mr-et-Mme-Luneau-.jpg?resize=350%2C200 1x, https:\/\/i0.wp.com\/ecole-saint-joseph-44690.fr\/blog\/wp-content\/uploads\/2014\/02\/Mr-et-Mme-Luneau-.jpg?resize=525%2C300 1.5x, https:\/\/i0.wp.com\/ecole-saint-joseph-44690.fr\/blog\/wp-content\/uploads\/2014\/02\/Mr-et-Mme-Luneau-.jpg?resize=700%2C400 2x, https:\/\/i0.wp.com\/ecole-saint-joseph-44690.fr\/blog\/wp-content\/uploads\/2014\/02\/Mr-et-Mme-Luneau-.jpg?resize=1050%2C600 3x"},"classes":[]},{"id":669,"url":"https:\/\/ecole-saint-joseph-44690.fr\/blog\/?page_id=669","url_meta":{"origin":8662,"position":5},"title":"Nos manifestations","author":"S\u00e9bastien JACOB","date":"27 f\u00e9vrier 2014","format":false,"excerpt":"L'APEL St Joseph organise tout au long de l'ann\u00e9e scolaire diff\u00e9rentes manifestations afin\u00a0 : d'animer l'\u00e9cole et rendre plus agr\u00e9able l'ann\u00e9e scolaire pour les enfants, les familles et l'\u00e9quipe enseignante (ex. un petit-d\u00e9jeuner d'accueil le matin de la rentr\u00e9e, une galette des rois pour f\u00eater la nouvelle ann\u00e9e, etc...) R\u00e9colter\u2026","rel":"","context":"Article similaire","block_context":{"text":"Article similaire","link":""},"img":{"alt_text":"","src":"","width":0,"height":0},"classes":[]}],"_links":{"self":[{"href":"https:\/\/ecole-saint-joseph-44690.fr\/blog\/index.php?rest_route=\/wp\/v2\/pages\/8662","targetHints":{"allow":["GET"]}}],"collection":[{"href":"https:\/\/ecole-saint-joseph-44690.fr\/blog\/index.php?rest_route=\/wp\/v2\/pages"}],"about":[{"href":"https:\/\/ecole-saint-joseph-44690.fr\/blog\/index.php?rest_route=\/wp\/v2\/types\/page"}],"author":[{"embeddable":true,"href":"https:\/\/ecole-saint-joseph-44690.fr\/blog\/index.php?rest_route=\/wp\/v2\/users\/4"}],"replies":[{"embeddable":true,"href":"https:\/\/ecole-saint-joseph-44690.fr\/blog\/index.php?rest_route=%2Fwp%2Fv2%2Fcomments&post=8662"}],"version-history":[{"count":1,"href":"https:\/\/ecole-saint-joseph-44690.fr\/blog\/index.php?rest_route=\/wp\/v2\/pages\/8662\/revisions"}],"predecessor-version":[{"id":8663,"href":"https:\/\/ecole-saint-joseph-44690.fr\/blog\/index.php?rest_route=\/wp\/v2\/pages\/8662\/revisions\/8663"}],"wp:attachment":[{"href":"https:\/\/ecole-saint-joseph-44690.fr\/blog\/index.php?rest_route=%2Fwp%2Fv2%2Fmedia&parent=8662"}],"curies":[{"name":"wp","href":"https:\/\/api.w.org\/{rel}","templated":true}]}}