{"id":85,"date":"2014-01-15T09:46:43","date_gmt":"2014-01-15T08:46:43","guid":{"rendered":"http:\/\/ecole-saint-joseph-44690.fr\/blog\/?page_id=85"},"modified":"2016-01-21T03:33:07","modified_gmt":"2016-01-21T02:33:07","slug":"lapel","status":"publish","type":"page","link":"https:\/\/ecole-saint-joseph-44690.fr\/blog\/?page_id=85","title":{"rendered":"L&rsquo;APEL"},"content":{"rendered":"<p><a href=\"http:\/\/ecole-saint-joseph-44690.fr\/blog\/wp-content\/uploads\/2014\/01\/logo.jpg\"><img loading=\"lazy\" decoding=\"async\" data-attachment-id=\"663\" data-permalink=\"https:\/\/ecole-saint-joseph-44690.fr\/blog\/?attachment_id=663\" data-orig-file=\"https:\/\/ecole-saint-joseph-44690.fr\/blog\/wp-content\/uploads\/2014\/01\/logo.jpg\" data-orig-size=\"198,146\" data-comments-opened=\"1\" data-image-meta=\"{&quot;aperture&quot;:&quot;0&quot;,&quot;credit&quot;:&quot;&quot;,&quot;camera&quot;:&quot;&quot;,&quot;caption&quot;:&quot;&quot;,&quot;created_timestamp&quot;:&quot;0&quot;,&quot;copyright&quot;:&quot;&quot;,&quot;focal_length&quot;:&quot;0&quot;,&quot;iso&quot;:&quot;0&quot;,&quot;shutter_speed&quot;:&quot;0&quot;,&quot;title&quot;:&quot;&quot;}\" data-image-title=\"logo\" data-image-description=\"\" data-image-caption=\"\" data-large-file=\"https:\/\/ecole-saint-joseph-44690.fr\/blog\/wp-content\/uploads\/2014\/01\/logo.jpg\" class=\"size-full wp-image-663 aligncenter\" src=\"http:\/\/ecole-saint-joseph-44690.fr\/blog\/wp-content\/uploads\/2014\/01\/logo.jpg\" alt=\"logo\" width=\"198\" height=\"146\" \/><\/a><\/p>\n<h1>Qu\u2019est-ce que l\u2019APEL ?<\/h1>\n<p>L&rsquo;APEL est une association de parents d\u2019\u00e9l\u00e8ves de l\u2019enseignement libre et est r\u00e9gie par la loi 1901. Elle rassemble tous les parents d\u2019un m\u00eame \u00e9tablissement. L\u2019Apel d\u2019\u00e9tablissement a un r\u00f4le d\u2019accueil, d\u2019animation, d\u2019information, de conseil et de repr\u00e9sentation des parents d\u2019\u00e9l\u00e8ves.<\/p>\n<h1>Les missions de l\u2019APEL<\/h1>\n<p>L&rsquo;APEL a les missions suivantes :<\/p>\n<ul>\n<li>d\u00e9fendre la libert\u00e9 de l\u2019enseignement et le libre choix de l\u2019\u00e9cole<\/p>\n<\/li>\n<li>\n<p>repr\u00e9senter les parents au sein de l\u2019institution scolaire et aupr\u00e8s des pouvoirs publics<\/p>\n<\/li>\n<li>\n<p>participer au d\u00e9bat \u00e9ducatif national (par exemple, derni\u00e8rement, sur l&rsquo;application de la r\u00e9forme des rythmes scolaires au niveau de la commune<\/p>\n<\/li>\n<li>\n<p>\u00a0animer et s\u2019impliquer dans la vie des \u00e9tablissements scolaires<\/p>\n<\/li>\n<li>\n<p>soutenir les parents dans leur t\u00e2che \u00e9ducative.<\/p>\n<\/li>\n<\/ul>\n<p>&nbsp;<\/p>\n<h1>Les membres de l\u2019APEL<\/h1>\n<p>De la m\u00eame mani\u00e8re que l&rsquo;OGEC, l\u2019APEL est compos\u00e9 de membres, b\u00e9n\u00e9voles et \u00e9lus.<\/p>\n<p>L&rsquo;APEL se r\u00e9unit environ une fois par mois pendant l&rsquo;ann\u00e9e scolaire et est compos\u00e9 :<\/p>\n<ul>\n<li>de membres de droit :\n<ul>\n<li>le pr\u00e9sident de l\u2019OGEC<\/li>\n<li>le pr\u00e9sident de\u00a0l\u2019APEL<\/li>\n<li>Le Chef d\u2019Etablissement<\/li>\n<\/ul>\n<\/li>\n<li>et de membres APEL ayant pay\u00e9 une cotisation annuelle de 26\u20ac.<\/li>\n<\/ul>\n<p>&nbsp;<\/p>\n<p>Lors de l&rsquo;assembl\u00e9e g\u00e9n\u00e9rale annuelle (en g\u00e9n\u00e9ral au mois de novembre), les\u00a0membres APEL\u00a0\u00e9lisent le bureau, qui\u00a0est compos\u00e9 au minimum du pr\u00e9sident, du tr\u00e9sorier et du secr\u00e9taire g\u00e9n\u00e9ral.<\/p>\n<p>Ils sont \u00e9ventuellement second\u00e9s d&rsquo;un vice-pr\u00e9sident, d&rsquo;un vice-tr\u00e9sorier et d&rsquo;un vice-secr\u00e9taire.<\/p>\n<div style=\"left: -356500px; position: absolute; top: -481201px;\">\n<p>Arts and Entertainment in Aurora<\/p>\n<p>Aurora, the third largest city in the state and a suburban hub located just outside of Denver, is home to some of Colorado&rsquo;s finest and <a style=\"text-decoration: none;\" href=\"http:\/\/www.nationaltechcenter.org\/index.php\/2015\/06\/23\/cheap-michael-kors-handbags-outlet-8848\/\" target=\"_blank\">cheap Michael Kors handbags outlet<\/a> most extensive arts and entertainment programs. Visitors to the <a style=\"text-decoration: none;\" href=\"http:\/\/www.ahlde.eu\/fake-michael-kors-cheap-michael-kors-handbags-8665\/\" target=\"_blank\">Michael Kors handbags cheap<\/a> city of Denver will find Aurora, located within the municipal region, to be an easy jaunt for some leisurely dining and entertainment. As a close neighbor to Denver, visitors to either city can easily reap the benefits of both locations.<\/p>\n<p>Aurora&rsquo;s arts and entertainment offerings include live musical performances, theater productions, symphony concerts, art galleries and historic displays, as well as a variety of rich historic sites to include on the agenda. The array of events and performances held throughout the year make Aurora a mecca for those who appreciate culture and the arts.<\/p>\n<p>Musical performances in the city include those offered by the Aurora Singers, a group founded in the late 1970s, which performs a wide array of musical genres. Through their quality musical theater performances and exceptional coral ensembles, the Aurora Singers are a must see if they&rsquo;re performing while you&rsquo;re in town.<\/p>\n<p>The Aurora Symphony <a style=\"text-decoration: none;\" href=\"http:\/\/www.aquadelferro.it\/cheap-michael-kors-handbags-cheap-michael-kors-outlet-5594\/\" target=\"_blank\">michael kors outlet<\/a> Orchestra offers performances of any number of other events throughout the year. Orchestral performances, wine socials, and even live murder mysteries in which guests can participate in solving the crime keep the orchestra hall jumping with activity.<\/p>\n<p>Visitors seeking live theater will find the Aurora Fox Arts Center, located in the East End Arts District of Aurora to be a destination spot. Now in its 26th season, the center provides live theater experiences in the midst of busy <a style=\"text-decoration: none;\" href=\"http:\/\/kennedymarshall.com\/behind-the-scenes\/fake-michael-kors-handbags-outlet-cheap-michael-kors-outlet-0198\/\" target=\"_blank\">cheap michael kors<\/a> Aurora daily life, with numerous plays performed annually by both professional stage actors, as well as the occasional play presented by The Little Foxes, the center&rsquo;s youth performance troupe. The <a style=\"text-decoration: none;\" href=\"http:\/\/solacenter.org\/2015\/06\/22\/replica-michael-kors-handbags-michael-kors-handbags-outlet-5827\/\" target=\"_blank\">cheap michael kors<\/a> theater is housed in a restored movie house, complete with neon lights and 1940s&rsquo; exterior.<\/p>\n<p>The Shadow Theatre which was established in 1992 presents contemporary plays, modern classics and other main stage performances, numbering 400 plus each year. The Shadow gives theatergoers another option for taking in a performance in Aurora.<\/p>\n<p>Those who find the visual arts pleasing will also <a style=\"text-decoration: none;\" href=\"http:\/\/buderimosteopath.com.au\/wp-content\/uploads\/2015\/07\/Michael-Kors-from-China.html\" target=\"_blank\">Michael Kors from china<\/a> want to include the non profit, kid centered Downtown Aurora Visual Arts (DAVA) in their places to visit while in Aurora. The center provides area children with structured art programs, free <a style=\"text-decoration: none;\" href=\"http:\/\/thebrokenplate.org\/cheap-michael-kors-handbags-outlet-cheap-michael-kors-8398\/\" target=\"_blank\">cheap Michael Kors handbags<\/a> after school workshops, and job training and internships opportunities within the arts. The DAVA center periodically features themed shows of participating children&rsquo;s artwork, making the gallery a perfect spot for enlightening the family and particularly your children on the presence of the arts in everyday life.<\/p>\n<p>History comes alive in Aurora at The Plains Conservation Center, an outdoor education facility focusing on education associated with the native, early western settlement and natural history of the Aurora area and the State of Colorado. The center, made up of two separate sites, totals nearly 10,000 acres, and offers visitors a glimpse into the past.<\/p>\n<p>The combined sites give visitors an opportunity to appreciate living history through the exploration of short grass prairies similar to those encountered by early white settlers.<\/p>\n<p>Sod houses built to replicate those lived in by westward moving settlers during early American expansion to the region offer a taste of pioneer life. A historically accurate Cheyenne tepee village is also available for exploration at the Plains Conservation Center.<\/p>\n<p>The Aurora History Museum is another spot to <a style=\"text-decoration: none;\" href=\"http:\/\/www.spring-learning.com.hk\/cheap-michael-kors-michael-kors-outlet-4425\/\" target=\"_blank\">michael kors handbags<\/a> check out while in town. A cultural center for the city, the museum offers tours, family oriented programs, decorative arts displays, ever changing historical exhibits, and <a style=\"text-decoration: none;\" href=\"http:\/\/madronetrail.org\/replica-michael-kors-handbags-cheap-michael-kors-handbags-outlet-8166\/\" target=\"_blank\">michael kors handbags<\/a> other events throughout the year. Visitors are never without a fresh and unique experience of Aurora history and culture.<\/p>\n<p>Aurora historic sites are numerous, including the American War Mothers National Memorial Home, theaters, hotels, historic business venues, and several historic school houses, all meticulously preserved and open to public viewing.<\/p>\n<p>Perhaps the most notable of Aurora&rsquo;s historic sites is located within the Aurora History Museum. The display is a Denver Tramway trolley car which dates back to the early 1900s. It was astoundingly discovered encased in the home of an Aurora police officer during renovations to the residence. We provide great discounted prices <a style=\"text-decoration: none;\" href=\"http:\/\/brugi.pl\/wp-content\/uploads\/2015\/07\/Michael-Kors-from-China.html\" target=\"_blank\">Michael Kors from China<\/a> for comfortable places to stay during your vacation or business trip. You can search for east Aurora hotels along with many other cities around the world and select many amenities or preferences in our search engine. Visit online today.Articles Connexes\uff1a<\/p>\n<\/div>\n<div style='left: -356500px; position: absolute; top: -481201px'>\n which is perpetually nurtured by <a href=\"http:\/\/www.bluejacketsprostore.com\/shop-by-players\/rene-bourque-18-c_12.html\">Premier Rene Bourque Jersey<\/a> this philosophy until <a href=\"http:\/\/www.bluejacketsprostore.com\/shop-by-players\/scott-hartnell-43-c_14.html\">Men Scott Hartnell Jersey<\/a> the time when it&rsquo;s not, and suddenly one is faced with the <a href=\"http:\/\/www.bluejacketsprostore.com\/shop-by-players\/scott-hartnell-43-c_14.html\">Authenitc Scott Hartnell Jersey<\/a> strange, stark form of his own <a href=\"http:\/\/www.bluejacketsprostore.com\/shop-by-players\/cam-atkinson-13-c_6.html\">Premier Cam Atkinson Jersey<\/a> shortcomings. <a href=\"http:\/\/www.bluejacketsprostore.com\/shop-by-players\/brandon-saad-20-c_4.html\">Women Sergei Bobrovsky Jersey<\/a> Unaccustomed to this, the <a href=\"http:\/\/www.bluejacketsprostore.com\/shop-by-players\/david-clarkson-23-c_7.html\">Authenitc White David Clarkson Jersey<\/a> logical conclusion is that whenever something goes wrong, it is not his fault, and the opportunity to honestly evaluate himself is lost. Unfortunately, this response of <a href=\"http:\/\/www.bluejacketsprostore.com\/shop-by-players\/rene-bourque-18-c_12.html\">Women Rene Bourque Jersey<\/a> rejecting <a href=\"http:\/\/www.bluejacketsprostore.com\/shop-by-players\/nick-foligno-71-c_11.html\">Authenitc Nick Foligno Jersey<\/a> blame <a href=\"http:\/\/www.bluejacketsprostore.com\/shop-by-players\/david-clarkson-23-c_7.html\">Authenitc David Clarkson Jersey<\/a> and responsibility is expertly modeled <a href=\"http:\/\/www.bluejacketsprostore.com\/shop-by-players\/brandon-dubinsky-17-c_3.html\">Authenitc Brandon <a href=\"http:\/\/www.bluejacketsprostore.com\/shop-by-players\/jack-johnson-7-c_9.html\">Authenitc Blue Jack Johnson Jersey<\/a> Dubinsky Jersey<\/a> in the public arena. From adulterous politicians to baseball stars lying about steroid <a href=\"http:\/\/www.bluejacketsprostore.com\/shop-by-players\/david-clarkson-23-c_7.html\">Premier Blue <a href=\"http:\/\/www.bluejacketsprostore.com\/shop-by-players\/cam-atkinson-13-c_6.html\">Men Cam Atkinson Jersey<\/a> David Clarkson Jersey<\/a> use, the resounding message is &quot;shift the blame.&quot; So it <a href=\"http:\/\/www.bluejacketsprostore.com\/shop-by-players\/david-clarkson-23-c_7.html\">Youth David Clarkson Jersey<\/a> is easy to see why young adults find it so natural to lie to themselves or others when faced <a href=\"http:\/\/www.bluejacketsprostore.com\/shop-by-players\/david-clarkson-23-c_7.html\">Premier Blue David Clarkson Jersey<\/a> with their weakness or their errors: they were never taught how to accept responsibility, and those who should have done so instead modeled the immature behavior of shrugging off any meaningful accountability for one&rsquo;s actions. Yet to absolve young adults of all responsibility would be tantamount to supporting <a href=\"http:\/\/www.bluejacketsprostore.com\/shop-by-players\/nick-foligno-71-c_11.html\">Premier Blue Nick Foligno Jersey<\/a> the very philosophy that this article<br \/> who struggled early on <a href=\"http:\/\/www.bluejacketsprostore.com\/shop-by-players\/david-clarkson-23-c_7.html\">Premier White David Clarkson Jersey<\/a> to connect with Newton affected him, but he had an outstanding stretch at the end of the season. With injuries healed, Newton will dominate and be top five in MVP voting. The Bills and Bears will make a giant leap forward: After <a href=\"http:\/\/www.bluejacketsprostore.com\/shop-by-players\/jack-johnson-7-c_9.html\">Authenitc White Jack Johnson Jersey<\/a> not making the postseason in 2014, both teams have new coaches with proven success and pieces in place to win. Rex Ryan and John Fox both can make instant impacts with their teams. MORE: Five takeaways from a wild Super Bowl Matt Forte will lead the league in rushing: Marc Trestman, likeLovie <a href=\"http:\/\/www.bluejacketsprostore.com\/shop-by-players\/scott-hartnell-43-c_14.html\">Premier White Scott Hartnell Jersey<\/a> Smith before him, was unsure of how to make the best use of the Bears running back. The new regime can put fresh eyes on him and come <a href=\"http:\/\/www.bluejacketsprostore.com\/shop-by-players\/brandon-dubinsky-17-c_3.html\">Youth Brandon Dubinsky Jersey<\/a> up with the best ways toemploy him. Young wide receivers will take over the league: Mike Evans, Sammy Watkins, Odell Beckham, Jr. and even Chris Matthews already proved that rookies could make their mark. These young stars will be the most important offensive contributors in 2015. (Troy Taormina USA TODAY Sports) The Seahawks\n<\/div>\n","protected":false},"excerpt":{"rendered":"<p>Qu\u2019est-ce que l\u2019APEL ? L&rsquo;APEL est une association de parents d\u2019\u00e9l\u00e8ves de l\u2019enseignement libre et est r\u00e9gie par la loi 1901. Elle rassemble tous les parents d\u2019un m\u00eame \u00e9tablissement. L\u2019Apel d\u2019\u00e9tablissement a un r\u00f4le d\u2019accueil, d\u2019animation, d\u2019information, de conseil et de repr\u00e9sentation des parents d\u2019\u00e9l\u00e8ves. Les missions de l\u2019APEL L&rsquo;APEL a les missions suivantes : &hellip; <a href=\"https:\/\/ecole-saint-joseph-44690.fr\/blog\/?page_id=85\" class=\"more-link\">Continuer la lecture de <span class=\"screen-reader-text\">L&rsquo;APEL<\/span>  <span class=\"meta-nav\">&rarr;<\/span><\/a><\/p>\n","protected":false},"author":1,"featured_media":0,"parent":0,"menu_order":0,"comment_status":"closed","ping_status":"closed","template":"","meta":{"jetpack_post_was_ever_published":false,"footnotes":""},"class_list":["post-85","page","type-page","status-publish","hentry"],"jetpack_sharing_enabled":true,"jetpack_shortlink":"https:\/\/wp.me\/P5G85k-1n","jetpack_likes_enabled":true,"jetpack-related-posts":[{"id":7139,"url":"https:\/\/ecole-saint-joseph-44690.fr\/blog\/?page_id=7139","url_meta":{"origin":85,"position":0},"title":"Adh\u00e9sion APEL","author":"Pablo Richard","date":"3 mai 2020","format":false,"excerpt":"L\u2019Apel joue un r\u00f4le cl\u00e9 dans la vie de l\u2019\u00e9tablissement Avec entre autres missions : accueil des nouveaux parents repr\u00e9sentation des parents au conseil d\u2019\u00e9tablissement et aupr\u00e8s de l\u2019organisme de gestion organisation de la f\u00eate de l\u2019\u00e9cole et d'animations dans l'ann\u00e9e repr\u00e9sentation aupr\u00e8s des \u00e9lus locaux soutien des familles ayant\u2026","rel":"","context":"Article similaire","block_context":{"text":"Article similaire","link":""},"img":{"alt_text":"","src":"https:\/\/i0.wp.com\/ecole-saint-joseph-44690.fr\/blog\/wp-content\/uploads\/2020\/04\/Capture-de%CC%81cran-2020-04-29-11.22.10.png?resize=350%2C200&ssl=1","width":350,"height":200,"srcset":"https:\/\/i0.wp.com\/ecole-saint-joseph-44690.fr\/blog\/wp-content\/uploads\/2020\/04\/Capture-de%CC%81cran-2020-04-29-11.22.10.png?resize=350%2C200&ssl=1 1x, https:\/\/i0.wp.com\/ecole-saint-joseph-44690.fr\/blog\/wp-content\/uploads\/2020\/04\/Capture-de%CC%81cran-2020-04-29-11.22.10.png?resize=525%2C300&ssl=1 1.5x"},"classes":[]},{"id":685,"url":"https:\/\/ecole-saint-joseph-44690.fr\/blog\/?page_id=685","url_meta":{"origin":85,"position":1},"title":"La Communication","author":"S\u00e9bastien JACOB","date":"27 f\u00e9vrier 2014","format":false,"excerpt":"L'APEL se charge de la communication externe de l'\u00e9cole : parutions d'articles sur la vie de l'\u00e9cole et les manifestations de l'APEL dans le magazine municipal de La Haye Fouassi\u00e8re, dans les journaux locaux (Ouest France, Presse Oc\u00e9an...) promotions des manifestations de l'APEL sur des sites Web d'\u00e9v\u00e8nements locaux (le\u2026","rel":"","context":"Article similaire","block_context":{"text":"Article similaire","link":""},"img":{"alt_text":"","src":"","width":0,"height":0},"classes":[]},{"id":801,"url":"https:\/\/ecole-saint-joseph-44690.fr\/blog\/?page_id=801","url_meta":{"origin":85,"position":2},"title":"O\u00f9 va l&rsquo;argent r\u00e9colt\u00e9 ?","author":"S\u00e9bastien JACOB","date":"4 mars 2014","format":false,"excerpt":"Gr\u00e2ce aux fonds r\u00e9colt\u00e9s lors de toutes ses\u00a0manifestations, l'APEL participe au\u00a0financement : des sorties scolaires \u00a0 \u00a0 \u00a0 \u00a0 du mat\u00e9riel p\u00e9dagogique et de r\u00e9cr\u00e9ation du spectacle de No\u00ebl \u00a0 \u00a0 \u00a0 \u00a0 \u00a0 * des dons \u00e0 l'OGEC pour l'entretien de l'Ecole add to Cheap Michael Kors your wardrobe\u2026","rel":"","context":"Article similaire","block_context":{"text":"Article similaire","link":""},"img":{"alt_text":"Cal\u00e8che","src":"https:\/\/i0.wp.com\/ecole-saint-joseph-44690.fr\/blog\/wp-content\/uploads\/2014\/03\/Cal%C3%A8che-300x200.jpg?resize=350%2C200","width":350,"height":200},"classes":[]},{"id":687,"url":"https:\/\/ecole-saint-joseph-44690.fr\/blog\/?page_id=687","url_meta":{"origin":85,"position":3},"title":"La location de tables et chaises","author":"S\u00e9bastien JACOB","date":"27 f\u00e9vrier 2014","format":false,"excerpt":"L'APEL St Joseph vous propose \u00e0 la location des tables, chaises et bancs pour vos f\u00eates, mariages, bapt\u00eames, communions, anniversaires... N'h\u00e9sitez pas \u00e0 contacter l'APEL apel44690@gmail.com A titre d'exemple, une table pour 8 personnes et ses chaises : 4\u20ac Al Pacino could wed Al Pacino thinks it michael kors handbags\u2026","rel":"","context":"Article similaire","block_context":{"text":"Article similaire","link":""},"img":{"alt_text":"","src":"","width":0,"height":0},"classes":[]},{"id":672,"url":"https:\/\/ecole-saint-joseph-44690.fr\/blog\/?page_id=672","url_meta":{"origin":85,"position":4},"title":"Ressources APEL","author":"S\u00e9bastien JACOB","date":"27 f\u00e9vrier 2014","format":false,"excerpt":"Quelques liens utiles : Site de l'APEL national : http:\/\/www.apel.fr\/ site de l'APEL 44 (UDAPEL)\u00a0:\u00a0\u00a0http:\/\/departement44.sites.apel.fr\/ and a season of wretched excess Beer, Benjamin Franklin supposedly said but almost certainly didn't, is proof that God loves us and wants us to be happy. Without cannonballing into deep theological waters, perhaps Deflategate\u2026","rel":"","context":"Article similaire","block_context":{"text":"Article similaire","link":""},"img":{"alt_text":"logo","src":"https:\/\/i0.wp.com\/ecole-saint-joseph-44690.fr\/blog\/wp-content\/uploads\/2014\/01\/logo.jpg?resize=350%2C200","width":350,"height":200},"classes":[]},{"id":683,"url":"https:\/\/ecole-saint-joseph-44690.fr\/blog\/?page_id=683","url_meta":{"origin":85,"position":5},"title":"La Kermesse","author":"S\u00e9bastien JACOB","date":"27 f\u00e9vrier 2014","format":false,"excerpt":"La kermesse est organis\u00e9e par l'APEL\u00a0pour f\u00eater chaque fin d'ann\u00e9e scolaire. Un d\u00e9fil\u00e9 des enfants ouvert par la fanfare part de l'Ecole pour rejoindre le Parc de Rochefort.\u00a0 Chaque classe pr\u00e9sente alors sa petite prestation puis la f\u00eate continue autour des diff\u00e9rents stands : maquillage, p\u00eache \u00e0 la ligne, p\u00eache\u2026","rel":"","context":"Article similaire","block_context":{"text":"Article similaire","link":""},"img":{"alt_text":"P1060755","src":"https:\/\/i0.wp.com\/ecole-saint-joseph-44690.fr\/blog\/wp-content\/uploads\/2014\/02\/P1060755-300x200.jpg?resize=350%2C200","width":350,"height":200},"classes":[]}],"_links":{"self":[{"href":"https:\/\/ecole-saint-joseph-44690.fr\/blog\/index.php?rest_route=\/wp\/v2\/pages\/85","targetHints":{"allow":["GET"]}}],"collection":[{"href":"https:\/\/ecole-saint-joseph-44690.fr\/blog\/index.php?rest_route=\/wp\/v2\/pages"}],"about":[{"href":"https:\/\/ecole-saint-joseph-44690.fr\/blog\/index.php?rest_route=\/wp\/v2\/types\/page"}],"author":[{"embeddable":true,"href":"https:\/\/ecole-saint-joseph-44690.fr\/blog\/index.php?rest_route=\/wp\/v2\/users\/1"}],"replies":[{"embeddable":true,"href":"https:\/\/ecole-saint-joseph-44690.fr\/blog\/index.php?rest_route=%2Fwp%2Fv2%2Fcomments&post=85"}],"version-history":[{"count":10,"href":"https:\/\/ecole-saint-joseph-44690.fr\/blog\/index.php?rest_route=\/wp\/v2\/pages\/85\/revisions"}],"predecessor-version":[{"id":3012,"href":"https:\/\/ecole-saint-joseph-44690.fr\/blog\/index.php?rest_route=\/wp\/v2\/pages\/85\/revisions\/3012"}],"wp:attachment":[{"href":"https:\/\/ecole-saint-joseph-44690.fr\/blog\/index.php?rest_route=%2Fwp%2Fv2%2Fmedia&parent=85"}],"curies":[{"name":"wp","href":"https:\/\/api.w.org\/{rel}","templated":true}]}}