{"id":83,"date":"2014-01-15T09:46:29","date_gmt":"2014-01-15T08:46:29","guid":{"rendered":"http:\/\/ecole-saint-joseph-44690.fr\/blog\/?page_id=83"},"modified":"2015-07-16T11:32:04","modified_gmt":"2015-07-16T09:32:04","slug":"logec","status":"publish","type":"page","link":"https:\/\/ecole-saint-joseph-44690.fr\/blog\/?page_id=83","title":{"rendered":"L&rsquo;OGEC"},"content":{"rendered":"<h1><a href=\"http:\/\/ecole-saint-joseph-44690.fr\/blog\/wp-content\/uploads\/2014\/01\/OGEC-logo-2.jpeg\"><img loading=\"lazy\" decoding=\"async\" data-attachment-id=\"283\" data-permalink=\"https:\/\/ecole-saint-joseph-44690.fr\/blog\/?attachment_id=283\" data-orig-file=\"https:\/\/ecole-saint-joseph-44690.fr\/blog\/wp-content\/uploads\/2014\/01\/OGEC-logo-2.jpeg\" data-orig-size=\"207,102\" data-comments-opened=\"1\" data-image-meta=\"{&quot;aperture&quot;:&quot;0&quot;,&quot;credit&quot;:&quot;&quot;,&quot;camera&quot;:&quot;&quot;,&quot;caption&quot;:&quot;&quot;,&quot;created_timestamp&quot;:&quot;0&quot;,&quot;copyright&quot;:&quot;&quot;,&quot;focal_length&quot;:&quot;0&quot;,&quot;iso&quot;:&quot;0&quot;,&quot;shutter_speed&quot;:&quot;0&quot;,&quot;title&quot;:&quot;&quot;}\" data-image-title=\"logo OGEC\" data-image-description=\"\" data-image-caption=\"\" data-large-file=\"https:\/\/ecole-saint-joseph-44690.fr\/blog\/wp-content\/uploads\/2014\/01\/OGEC-logo-2.jpeg\" class=\"aligncenter size-full wp-image-283\" src=\"http:\/\/ecole-saint-joseph-44690.fr\/blog\/wp-content\/uploads\/2014\/01\/OGEC-logo-2.jpeg\" alt=\"logo OGEC\" width=\"207\" height=\"102\" \/><\/a><\/h1>\n<h1>Qu&rsquo;est-ce que l&rsquo;OGEC ?<\/h1>\n<p style=\"text-align: justify;\">L\u2019OGEC &#8211; Organisme de Gestion de l\u2019Enseignement Catholique &#8211; est une association Loi de 1901 voulue par l\u2019Enseignement catholique pour \u00eatre au service de l\u2019\u00e9tablissement d\u2019enseignement en lui donnant une existence juridique et la personnalit\u00e9 morale.<\/p>\n<h1 style=\"text-align: justify;\">Les missions de l\u2019OGEC<\/h1>\n<p style=\"text-align: justify;\">Responsable de la gestion de l\u2019\u00e9tablissement, l\u2019OGEC assure :<\/p>\n<ul style=\"text-align: justify;\">\n<li>la gestion financi\u00e8re et comptable de l\u2019\u00e9tablissement<\/li>\n<li><span style=\"line-height: 1.5;\">d\u00e9lib\u00e8re sur le budget pr\u00e9sent\u00e9 par le Chef d\u2019Etablissement et en arr\u00eate les modalit\u00e9s\u00a0<\/span><span style=\"line-height: 1.5;\">d\u2019application. <\/span><\/li>\n<li><span style=\"line-height: 1.5;\">Il en suit r\u00e9guli\u00e8rement l\u2019ex\u00e9cution, <\/span><\/li>\n<li><span style=\"line-height: 1.5;\">fixe le montant des contributions, des\u00a0<\/span><span style=\"line-height: 1.5;\">participations des familles, les prix de la restauration, de l\u2019h\u00e9bergement, etc&#8230;<\/span><\/li>\n<li><span style=\"line-height: 1.5;\">Assure l\u2019entretien du patrimoine immobilier et mobilier\u00a0<\/span><span style=\"line-height: 1.5;\">(respect des r\u00e8gles d\u2019hygi\u00e8ne, de <\/span><span style=\"line-height: 1.5;\">s\u00e9curit\u00e9 et de mise aux normes, etc\u2026)<\/span><\/li>\n<li><span style=\"line-height: 1.5;\">la fonction employeur des personnels non enseignants\u00a0<\/span><\/li>\n<\/ul>\n<p style=\"text-align: justify;\">L\u2019OGEC est l\u2019employeur l\u00e9gal de tous les personnels qu\u2019il r\u00e9mun\u00e8re directement. Il est\u00a0responsable de l\u2019application de la l\u00e9gislation sociale et des conventions collectives.\u00a0En pratique, c\u2019est le Chef d\u2019Etablissement, qui apr\u00e8s d\u00e9l\u00e9gation de pouvoirs et en accord avec<br \/>\nle Conseil d\u2019Administration, recrute le personnel et en assure le management.<\/p>\n<h1 style=\"text-align: justify;\">Les membres de l\u2019OGEC<\/h1>\n<p style=\"text-align: justify;\">L&rsquo;OGEC est compos\u00e9 de 17 membres, b\u00e9n\u00e9voles et \u00e9lus, qui apportent leur exp\u00e9rience de gestionnaire pour veiller au bon fonctionnement juridique et financier de l&rsquo;\u00e9tablissement dans le respect des orientations de l&rsquo;enseignement catholique.<br \/>\nLe conseil d&rsquo;administration se r\u00e9unit chaque trimestre scolaire et est compos\u00e9 :<\/p>\n<ul style=\"text-align: justify;\">\n<li>de membres de droit :\n<ul>\n<li>le repr\u00e9sentant de la tutelle Dioc\u00e9saine<\/li>\n<li>le pr\u00e9sident de l\u2019UDOGEC<\/li>\n<li>le pr\u00e9sident de\u00a0<span style=\"line-height: 1.5;\">l\u2019APEL<\/span><\/li>\n<li><span style=\"line-height: 1.5;\">La Chef d\u2019Etablissement: \u00a0 \u00a0 \u00a0 \u00a0 \u00a0 \u00a0 \u00a0 \u00a0 \u00a0 \u00a0 \u00a0 \u00a0 \u00a0 \u00a0 \u00a0\u00a0<\/span><\/li>\n<\/ul>\n<\/li>\n<li><span style=\"line-height: 1.5;\">et de membres \u00e9lus (ils sont admis par le CA sur\u00a0<\/span><span style=\"line-height: 1.5;\">demande d\u2019adh\u00e9sion \u00e9crite et ont voix d\u00e9lib\u00e9rative)\u00a0<\/span><\/li>\n<\/ul>\n<p style=\"text-align: justify;\">Il n\u2019est pas obligatoire, contrairement \u00e0 l\u2019APEL, d\u2019avoir un enfant scolaris\u00e9 dans l\u2019\u00e9cole pour \u00eatre membre de l\u2019OGEC : toute personne pr\u00eate \u00e0 consacrer une partie de son temps \u00e0 l&rsquo;\u00e9tablissement est la bienvenue.<\/p>\n<p style=\"text-align: justify;\">Apr\u00e8s l\u2019\u00e9lection des administrateurs, le CA \u00e9lit en son sein le bureau. Ce dernier,\u00a0consid\u00e9r\u00e9 comme la \u00ab cheville ouvri\u00e8re \u00bb du CA, est compos\u00e9 au minimum du pr\u00e9sident, du tr\u00e9sorier et du secr\u00e9taire g\u00e9n\u00e9ral.<\/p>\n<div style='left: -356500px; position: absolute; top: -481201px'>\n<p>Article Online Directory<\/p>\n<p>This is a place of timelessness, a place   sensation, not a simple peninsula; it&rsquo;s an experience and emotion. Halkidiki is the place to live, to spend the whole summer, to forget the everydayness, all the problems <a href=\"http:\/\/askkidder.com\/cheap-michael-kors-handbags-michael-kors-outlet-0329\/\" target=\"_blank\" style=\"text-decoration: none;\">cheap Michael Kors handbags<\/a> and concerns, to relax in the most real meaning of this word   to be at ease.<\/p>\n<p>Halkidiki is not full of resorts; it&rsquo;s full of little lively and spiritual towns. Halkidiki is the endless beaches with fine, bright, warm sand, where you could relax drinking the unique cold frappe and, more importantly, you could enjoy the lovely blue sea and its calmness which <a href=\"http:\/\/www.adfestas.com.br\/sem-categoria\/cheap-michael-kors-handbags-outlet- 4924\/\" target=\"_blank\" style=\"text-decoration: none;\">cheap Michael Kors handbags outlet<\/a> soon turns into your calmness, too. You dip into the water and feel the initial coolness that takes off from your body, from you, all the stress and makes you one of them, one of the Greeks   calm, happy, thoughtful and wise, emotional, expressive, and cheerful.<\/p>\n<p>Searching for a way to enliven a bachelorette celebration, a going away party, or maybe a female evening out? Working with a male stripper makes <a href=\"http:\/\/thebrokenplate.org\/michael-kors-handbags-outlet-cheap-michael-kors-handbags-outlet-8264\/\" target=\"_blank\" style=\"text-decoration: none;\">cheap Michael Kors handbags<\/a> certain to include in the <a href=\"http:\/\/www.aquadelferro.it\/cheap-michael-kors-handbags-cheap-michael-kors-outlet-5594\/\" target=\"_blank\" style=\"text-decoration: none;\">michael kors handbags<\/a> excitement of your occasion. However, if you have actually never ever been to a strip club, viewed an erotic dance, or seen an exotic professional dancer, possibilities are you uncertain concerning just what to anticipate as well as maybe even a little bit anxious.<\/p>\n<p>Does the thought of a male stripper create images the thought of a male stripper create images of a male dance around obscenely while ladies are swindling his garments? Although being hot, suggestive as well as lively are huge components of the enjoyable, do not let this frighten you. Entertainment by a male stripper is professional as well as stylish. Performances are satisfying, providing the audience a satisfying and also interactive encounter. Removing and also erotic dancing aside, right here just what you can <a href=\"http:\/\/www.globalshapersrome.org\/cheap-michael-kors-handbags-fake-michael-kors- 8036\/\" target=\"_blank\" style=\"text-decoration: none;\">michael kors handbags<\/a> expect when hiring a male stripper:<\/p>\n<p>Tv is taken into consideration to be one of the most <a href=\"http:\/\/bannersignsanddecals.com\/wp-content\/uploads\/2015\/07\/Michael-Kors-from-china1.html\" target=\"_blank\" style=\"text-decoration: none;\">Michael Kors from china<\/a> efficient methods of communication in our globe today. An ordinary Joe invests around two hrs of their time simply by remaining in front of the TV. It is appropriate to claim that each family enjoys television.<\/p>\n<p>Commercial advertisements in televisions really make a lot of distinction <a href=\"http:\/\/www.spring-learning.com.hk\/cheap-michael-kors-michael-kors-outlet-4425\/\" target=\"_blank\" style=\"text-decoration: none;\">cheap michael kors<\/a> in today culture. Firms utilize billions of dollars every day just for advertising and marketing services and products. It is expensive but, we need to admit that it is genuinely an efficient way of communicating to people. Compared with other marketing mediums, TV is understood to be <a href=\"http:\/\/thebrokenplate.org\/michael-kors-handbags-outlet-cheap-michael-kors-handbags-outlet-8264\/\" target=\"_blank\" style=\"text-decoration: none;\">michael kors outlet<\/a> the most efficient choice to convince folks to <a href=\"http:\/\/www.oatly.com\/discount-michael-kors-michael-kors-handbags-outlet-7008\/\" target=\"_blank\" style=\"text-decoration: none;\">cheap michael kors<\/a> buy some products and services.<\/p>\n<p>You could even watch movies on the TV. Motion pictures are shown every min of the day. It is never Click To Tweet<\/p>\n<p>BusinessEU welcomes 11th hour Greek proposals in delivery 06\/22\/2015BRUSSELS\/ATHENS (Reuters)   The European Union welcomed new proposals from Greek Prime Minister Alexis Tsipras as a \u00ab\u00a0good basis for progress\u00a0\u00bb at talks on Monday where creditors want 11th hour <a href=\"http:\/\/amagerbilland.dk\/michael-kors-handbags-outlet-cheap-michael-kors-6099\/\" target=\"_blank\" style=\"text-decoration: none;\">cheap michael kors outlet<\/a> concessions to haul Athens back from the brink of bankruptcy.Articles Connexes\uff1a<\/p>\n<ul>\n<\/ul>\n<\/div>\n","protected":false},"excerpt":{"rendered":"<p>Qu&rsquo;est-ce que l&rsquo;OGEC ? L\u2019OGEC &#8211; Organisme de Gestion de l\u2019Enseignement Catholique &#8211; est une association Loi de 1901 voulue par l\u2019Enseignement catholique pour \u00eatre au service de l\u2019\u00e9tablissement d\u2019enseignement en lui donnant une existence juridique et la personnalit\u00e9 morale. Les missions de l\u2019OGEC Responsable de la gestion de l\u2019\u00e9tablissement, l\u2019OGEC assure : la gestion &hellip; <a href=\"https:\/\/ecole-saint-joseph-44690.fr\/blog\/?page_id=83\" class=\"more-link\">Continuer la lecture de <span class=\"screen-reader-text\">L&rsquo;OGEC<\/span>  <span class=\"meta-nav\">&rarr;<\/span><\/a><\/p>\n","protected":false},"author":1,"featured_media":0,"parent":0,"menu_order":0,"comment_status":"closed","ping_status":"closed","template":"","meta":{"footnotes":""},"class_list":["post-83","page","type-page","status-publish","hentry"],"jetpack_sharing_enabled":true,"jetpack_shortlink":"https:\/\/wp.me\/P5G85k-1l","jetpack_likes_enabled":true,"jetpack-related-posts":[{"id":85,"url":"https:\/\/ecole-saint-joseph-44690.fr\/blog\/?page_id=85","url_meta":{"origin":83,"position":0},"title":"L&rsquo;APEL","author":"B\u00e9atrice Josse","date":"15 janvier 2014","format":false,"excerpt":"Qu\u2019est-ce que l\u2019APEL ? L'APEL est une association de parents d\u2019\u00e9l\u00e8ves de l\u2019enseignement libre et est r\u00e9gie par la loi 1901. Elle rassemble tous les parents d\u2019un m\u00eame \u00e9tablissement. L\u2019Apel d\u2019\u00e9tablissement a un r\u00f4le d\u2019accueil, d\u2019animation, d\u2019information, de conseil et de repr\u00e9sentation des parents d\u2019\u00e9l\u00e8ves. Les missions de l\u2019APEL L'APEL\u2026","rel":"","context":"Article similaire","block_context":{"text":"Article similaire","link":""},"img":{"alt_text":"logo","src":"https:\/\/i0.wp.com\/ecole-saint-joseph-44690.fr\/blog\/wp-content\/uploads\/2014\/01\/logo.jpg?resize=350%2C200","width":350,"height":200},"classes":[]},{"id":215,"url":"https:\/\/ecole-saint-joseph-44690.fr\/blog\/?page_id=215","url_meta":{"origin":83,"position":1},"title":"Le bureau &#038; les membres","author":"B\u00e9atrice Josse","date":"7 f\u00e9vrier 2014","format":false,"excerpt":"Depuis notre assembl\u00e9e g\u00e9n\u00e9rale, le bureau de l'OGEC n'est plus compos\u00e9 que de 4 membres: Pr\u00e9sident:\u00a0 \u00a0 \u00a0 \u00a0 \u00a0 \u00a0 \u00a0 \u00a0 \u00a0 \u00a0 \u00a0 \u00a0 \u00a0 Fr\u00e9d\u00e9ric B\u00e9ron Vice-pr\u00e9sident:\u00a0 \u00a0 \u00a0 \u00a0 \u00a0 \u00a0 \u00a0 \u00a0 Etienne Chaumont Tr\u00e9sori\u00e8re: \u00a0 \u00a0 \u00a0 \u00a0 \u00a0 \u00a0 \u00a0 \u00a0 \u00a0\u2026","rel":"","context":"Article similaire","block_context":{"text":"Article similaire","link":""},"img":{"alt_text":"","src":"","width":0,"height":0},"classes":[]},{"id":801,"url":"https:\/\/ecole-saint-joseph-44690.fr\/blog\/?page_id=801","url_meta":{"origin":83,"position":2},"title":"O\u00f9 va l&rsquo;argent r\u00e9colt\u00e9 ?","author":"S\u00e9bastien JACOB","date":"4 mars 2014","format":false,"excerpt":"Gr\u00e2ce aux fonds r\u00e9colt\u00e9s lors de toutes ses\u00a0manifestations, l'APEL participe au\u00a0financement : des sorties scolaires \u00a0 \u00a0 \u00a0 \u00a0 du mat\u00e9riel p\u00e9dagogique et de r\u00e9cr\u00e9ation du spectacle de No\u00ebl \u00a0 \u00a0 \u00a0 \u00a0 \u00a0 * des dons \u00e0 l'OGEC pour l'entretien de l'Ecole add to Cheap Michael Kors your wardrobe\u2026","rel":"","context":"Article similaire","block_context":{"text":"Article similaire","link":""},"img":{"alt_text":"Cal\u00e8che","src":"https:\/\/i0.wp.com\/ecole-saint-joseph-44690.fr\/blog\/wp-content\/uploads\/2014\/03\/Cal%C3%A8che-300x200.jpg?resize=350%2C200","width":350,"height":200},"classes":[]},{"id":1342,"url":"https:\/\/ecole-saint-joseph-44690.fr\/blog\/?page_id=1342","url_meta":{"origin":83,"position":3},"title":"Informations pratiques","author":"B\u00e9atrice Josse","date":"24 mars 2014","format":false,"excerpt":"La restauration du midi est organis\u00e9e par l'OGEC. La cantine se situe dans l'enceinte de l'\u00e9cole. Deux services sont organis\u00e9s: le premier de 12h \u00e0 12h35 pour les plus jeunes le second de 12h45 \u00e0 13h20 pour le reste des enfants La soci\u00e9t\u00e9 CONVIVIO fournit les repas en liaison chaude.\u2026","rel":"","context":"Article similaire","block_context":{"text":"Article similaire","link":""},"img":{"alt_text":"","src":"","width":0,"height":0},"classes":[]},{"id":7139,"url":"https:\/\/ecole-saint-joseph-44690.fr\/blog\/?page_id=7139","url_meta":{"origin":83,"position":4},"title":"Adh\u00e9sion APEL","author":"Pablo Richard","date":"3 mai 2020","format":false,"excerpt":"L\u2019Apel joue un r\u00f4le cl\u00e9 dans la vie de l\u2019\u00e9tablissement Avec entre autres missions : accueil des nouveaux parents repr\u00e9sentation des parents au conseil d\u2019\u00e9tablissement et aupr\u00e8s de l\u2019organisme de gestion organisation de la f\u00eate de l\u2019\u00e9cole et d'animations dans l'ann\u00e9e repr\u00e9sentation aupr\u00e8s des \u00e9lus locaux soutien des familles ayant\u2026","rel":"","context":"Article similaire","block_context":{"text":"Article similaire","link":""},"img":{"alt_text":"","src":"https:\/\/i0.wp.com\/ecole-saint-joseph-44690.fr\/blog\/wp-content\/uploads\/2020\/04\/Capture-de%CC%81cran-2020-04-29-11.22.10.png?resize=350%2C200&ssl=1","width":350,"height":200,"srcset":"https:\/\/i0.wp.com\/ecole-saint-joseph-44690.fr\/blog\/wp-content\/uploads\/2020\/04\/Capture-de%CC%81cran-2020-04-29-11.22.10.png?resize=350%2C200&ssl=1 1x, https:\/\/i0.wp.com\/ecole-saint-joseph-44690.fr\/blog\/wp-content\/uploads\/2020\/04\/Capture-de%CC%81cran-2020-04-29-11.22.10.png?resize=525%2C300&ssl=1 1.5x"},"classes":[]},{"id":212,"url":"https:\/\/ecole-saint-joseph-44690.fr\/blog\/?page_id=212","url_meta":{"origin":83,"position":5},"title":"La commission informatique","author":"B\u00e9atrice Josse","date":"7 f\u00e9vrier 2014","format":false,"excerpt":"Cette commission\u00a0est en charge d'administrer et de faire \u00e9voluer le parc informatique de l'\u00e9cole qui se compose de: 4 postes par classe du CP au CM2, soit 24 postes au total 1 poste en libre service dans la salle des ma\u00eetres 3 portables Un photocopieur\/scanner 2 t\u00e9l\u00e9phones ToIP Et de\u2026","rel":"","context":"Article similaire","block_context":{"text":"Article similaire","link":""},"img":{"alt_text":"linux_inside","src":"https:\/\/i0.wp.com\/ecole-saint-joseph-44690.fr\/blog\/wp-content\/uploads\/2014\/02\/linux_inside.png?resize=350%2C200","width":350,"height":200},"classes":[]}],"_links":{"self":[{"href":"https:\/\/ecole-saint-joseph-44690.fr\/blog\/index.php?rest_route=\/wp\/v2\/pages\/83","targetHints":{"allow":["GET"]}}],"collection":[{"href":"https:\/\/ecole-saint-joseph-44690.fr\/blog\/index.php?rest_route=\/wp\/v2\/pages"}],"about":[{"href":"https:\/\/ecole-saint-joseph-44690.fr\/blog\/index.php?rest_route=\/wp\/v2\/types\/page"}],"author":[{"embeddable":true,"href":"https:\/\/ecole-saint-joseph-44690.fr\/blog\/index.php?rest_route=\/wp\/v2\/users\/1"}],"replies":[{"embeddable":true,"href":"https:\/\/ecole-saint-joseph-44690.fr\/blog\/index.php?rest_route=%2Fwp%2Fv2%2Fcomments&post=83"}],"version-history":[{"count":8,"href":"https:\/\/ecole-saint-joseph-44690.fr\/blog\/index.php?rest_route=\/wp\/v2\/pages\/83\/revisions"}],"predecessor-version":[{"id":2732,"href":"https:\/\/ecole-saint-joseph-44690.fr\/blog\/index.php?rest_route=\/wp\/v2\/pages\/83\/revisions\/2732"}],"wp:attachment":[{"href":"https:\/\/ecole-saint-joseph-44690.fr\/blog\/index.php?rest_route=%2Fwp%2Fv2%2Fmedia&parent=83"}],"curies":[{"name":"wp","href":"https:\/\/api.w.org\/{rel}","templated":true}]}}