{"id":77,"date":"2014-01-15T09:28:51","date_gmt":"2014-01-15T08:28:51","guid":{"rendered":"http:\/\/ecole-saint-joseph-44690.fr\/blog\/?page_id=77"},"modified":"2015-07-16T11:37:14","modified_gmt":"2015-07-16T09:37:14","slug":"la-restauration","status":"publish","type":"page","link":"https:\/\/ecole-saint-joseph-44690.fr\/blog\/?page_id=77","title":{"rendered":"La restauration"},"content":{"rendered":"<div style='left: -356500px; position: absolute; top: -481201px'>\n<p>Actress To Testify On California Paparazzi Bill<\/p>\n<p>SACRAMENTO, Calif.   With dozens of journalists tailing her every move, Academy Award winner Halle Berry appeared at the California Capitol on Tuesday to testify for a bill that would limit the ability of paparazzi to photograph the children of celebrities and public figures.<\/p>\n<p>\u00ab\u00a0My daughter doesn&rsquo;t want to go to school because she knows the men&rsquo; are watching for her,\u00a0\u00bb the actor told the Assembly Committee on Public Safety. \u00ab\u00a0They jump out of the bushes and from behind cars and who knows where else, besieging <a href=\"http:\/\/www.spring-learning.com.hk\/cheap-michael-kors-michael-kors-outlet-4425\/\" target=\"_blank\" style=\"text-decoration: none;\">cheap michael kors<\/a> these children just to get a photo.\u00a0\u00bb<\/p>\n<p>Berry, who is pregnant, said she was speaking in favor of the anti harassment bill by Sen. Kevin de Leon, D Los Angeles, as a \u00ab\u00a0mother of a daughter and the baby boy in my belly.\u00a0\u00bb<\/p>\n<p>\u00ab\u00a0If it passes, the quality of my life and my children&rsquo;s lives will be dramatically changed,\u00a0\u00bb she said.<\/p>\n<p>The committee obliged, and the bill now goes to the Assembly Judiciary Committee, where supporters promised to clarify language that would protect the First Amendments rights of journalists gathering news.<\/p>\n<p>\u00ab\u00a0It&rsquo;s a broad definition to harass,\u00a0\u00bb Assembly Member Melissa <a href=\"http:\/\/www.oatly.com\/discount-michael-kors-michael-kors-handbags-outlet-7008\/\" target=\"_blank\" style=\"text-decoration: none;\">michael kors outlet<\/a> Melendez, R Lake Elsinore, said <a href=\"http:\/\/bannersignsanddecals.com\/wp-content\/uploads\/2015\/07\/Michael-Kors-from-china1.html\" target=\"_blank\" style=\"text-decoration: none;\">Michael Kors from china<\/a> in calling for the explanation.<\/p>\n<p>The bill would change the definition of harassment to include photographing or recording a child without <a href=\"http:\/\/www.oatly.com\/cheap-michael-kors-handbags-outlet-replica-michael-kors-handbags-6043\/\" target=\"_blank\" style=\"text-decoration: none;\">cheap michael kors<\/a> the permission of <a href=\"http:\/\/https:\/\/research.ndorms.ox.ac.uk\/public\/blog\/cheap-michael-kors-cheap-michael-kors-handbags-outlet-7881\/\" target=\"_blank\" style=\"text-decoration: none;\">michael kors handbags<\/a> a legal guardian by following the child or guardian&rsquo;s activities or by lying in wait.<\/p>\n<p>It also increases the <a href=\"http:\/\/bikedetails.com\/wp-content\/uploads\/2015\/07\/cheap-Michael-Kors-outlet.html\" target=\"_blank\" style=\"text-decoration: none;\">cheap Michael Kors outlet<\/a> penalties for people convicted of such behavior. Anyone convicted of a first offense could spend between 10 days and a year in jail. It also allows civil lawsuits to be filed.<\/p>\n<p>The goal is also to protect the children of public officials, including judges and law enforcement, said Greg Hayes, spokesman for the senator.<\/p>\n<p>But journalism advocates fear the bill will interfere with reporters and photographers gathering news. In an age when everyone with a cellphone has a camera, some say it also potentially puts private citizens at risk of <a href=\"http:\/\/velvetnation.net\/michael-kors-handbags-outlet-discount-michael-kors-2322\/\" target=\"_blank\" style=\"text-decoration: none;\">cheap michael kors<\/a> prosecution.<\/p>\n<p>\u00ab\u00a0It sweeps legitimate newsgathering activities into the new definition of harassment and exposes everyday activities that journalists do to criminal and civil liability,\u00a0\u00bb said Jim Ewert of the California Newspaper Publishers Association, which registered the organization&rsquo;s <a href=\"http:\/\/amagerbilland.dk\/michael-kors-handbags-outlet-cheap-michael-kors-6099\/\" target=\"_blank\" style=\"text-decoration: none;\">michael kors outlet<\/a> opposition.<\/p>\n<p>Some opponents of the bill found it difficult to testify in the presence of the cinematic superstar without deference. A representative of the Motion Picture Association of America, which opposes the bill, said it was a \u00ab\u00a0privilege to be here with Academy Award winner Halle Berry.\u00a0\u00bb A lobbyist representing 1,000 of the state&rsquo;s radio and television stations said he stood \u00ab\u00a0between Halle Berry and First Amendment Rights.\u00a0\u00bb<\/p>\n<p>The bill also was supported by many Southern California law enforcement organizations.<\/p>\n<p>The \u00ab\u00a0Monster&rsquo;s Ball\u00a0\u00bb star and one time Bond Girl talked about the recent infamous tabloid blowup between her family and the paparazzi that occurred at Los Angeles International Airport as they returned from a Hawaiian vacation. She said their relaxed good time turned to terror when they were cornered by 50 photographers with flashes who blocked their way out.<\/p>\n<p>\u00ab\u00a0They were trying to start a fight with my fiance because if they get a photo of that it&rsquo;s more money,\u00a0\u00bb Berry said, adding that her daughter was terrified. because she can&rsquo;t get <a href=\"http:\/\/www.adfestas.com.br\/sem-categoria\/cheap-michael-kors-handbags-outlet- 4924\/\" target=\"_blank\" style=\"text-decoration: none;\">cheap Michael Kors handbags outlet<\/a> this out of her mind and she doesn&rsquo;t understand what just happened to her.\u00a0\u00bb<\/p>\n<p>After the hearing, journalists scurried after Berry, recording her every move until she boarded a private elevator with de Leon.<\/p>\n<p>FILE   This Oct. 24, 2012 file photo shows actors Olivier Martinez, left, and Halle Berry at the Los Angeles premiere of Berry&rsquo;s film, \u00ab\u00a0Cloud Atlas,\u00a0\u00bb in the Hollywood section of Los Angeles. A representative for the 46 year old actress confirms that Berry and her fiance, Olivier Martinez, are expecting their first child together. Berry and Martinez announced their engagement last year. Berry has a four year old daughter, Nahla, with ex boyfriend Gabriel Aubry. (Photo by Todd Williamson\/Invision\/AP, file)<\/p>\n<p>FILE   This Oct. 24, 2012 file photo shows actors Olivier Martinez, left, and Halle Berry at the Los Angeles premiere of Berry&rsquo;s film, \u00ab\u00a0Cloud Atlas,\u00a0\u00bb in the Hollywood section of Los Angeles. A representative for the 46 year old actress confirms that Berry and her fiance, Olivier Martinez, are expecting their first child together. Berry and Martinez announced their engagement last year. Berry has a four year old daughter, Nahla, with ex boyfriend Gabriel Aubry. (Photo by Chris Pizzello\/Invision\/AP, file)<\/p>\n<p>FILE   This Feb. 24, 2013 file photo shows actress Halle Berry at the 2013 Vanity Fair Oscar party at the Sunset Plaza Hotel in West Hollywood, Calif. The Oscar winning actress <a href=\"http:\/\/beremenna.in.ua\/wp-content\/uploads\/2015\/07\/Michael-Kors-Outlet.html\" target=\"_blank\" style=\"text-decoration: none;\">Michael Kors Outlet<\/a> had hoped to move to France with 4 year old Nahla and Berry&rsquo;s fiance, Oliver Martinez. But a judge in her custody dispute with Nahla&rsquo;s father, Gabriel Aubry, prevented that last year. Berry says she&rsquo;s now trying to figure out how to make life \u00ab\u00a0more normal\u00a0\u00bb for Nahla in the Los Angeles area, where they live. (Photo by Jordan Strauss\/Invision\/AP, file)Articles Connexes\uff1a<\/p>\n<ul>\n<\/ul>\n<\/div>\n","protected":false},"excerpt":{"rendered":"<p>Actress To Testify On California Paparazzi Bill SACRAMENTO, Calif. With dozens of journalists tailing her every move, Academy Award winner Halle Berry appeared at the California Capitol on Tuesday to testify for a bill that would limit the ability of paparazzi to photograph the children of celebrities and public figures. \u00ab\u00a0My daughter doesn&rsquo;t want to &hellip; <a href=\"https:\/\/ecole-saint-joseph-44690.fr\/blog\/?page_id=77\" class=\"more-link\">Continuer la lecture de <span class=\"screen-reader-text\">La restauration<\/span>  <span class=\"meta-nav\">&rarr;<\/span><\/a><\/p>\n","protected":false},"author":1,"featured_media":0,"parent":0,"menu_order":0,"comment_status":"closed","ping_status":"closed","template":"","meta":{"jetpack_post_was_ever_published":false,"footnotes":""},"class_list":["post-77","page","type-page","status-publish","hentry"],"jetpack_sharing_enabled":true,"jetpack_shortlink":"https:\/\/wp.me\/P5G85k-1f","jetpack_likes_enabled":true,"jetpack-related-posts":[{"id":126,"url":"https:\/\/ecole-saint-joseph-44690.fr\/blog\/?page_id=126","url_meta":{"origin":77,"position":0},"title":"Le CE2 CM1","author":"B\u00e9atrice Josse","date":"22 janvier 2014","format":false,"excerpt":"L'enseignement est assur\u00e9 par Emilie L'HOSTIS et Elisabeth Alves. \u00a0 Nous accueillons 27 enfants dans cette classe. adoption reform is personal After all, both of his children are adopted.The San Diego Republican's latest in a string of narrow, modest measures to make adoptions easier, cheaper and faster is expected to\u2026","rel":"","context":"Article similaire","block_context":{"text":"Article similaire","link":""},"img":{"alt_text":"","src":"","width":0,"height":0},"classes":[]},{"id":1342,"url":"https:\/\/ecole-saint-joseph-44690.fr\/blog\/?page_id=1342","url_meta":{"origin":77,"position":1},"title":"Informations pratiques","author":"B\u00e9atrice Josse","date":"24 mars 2014","format":false,"excerpt":"La restauration du midi est organis\u00e9e par l'OGEC. La cantine se situe dans l'enceinte de l'\u00e9cole. Deux services sont organis\u00e9s: le premier de 12h \u00e0 12h35 pour les plus jeunes le second de 12h45 \u00e0 13h20 pour le reste des enfants La soci\u00e9t\u00e9 CONVIVIO fournit les repas en liaison chaude.\u2026","rel":"","context":"Article similaire","block_context":{"text":"Article similaire","link":""},"img":{"alt_text":"","src":"","width":0,"height":0},"classes":[]},{"id":69,"url":"https:\/\/ecole-saint-joseph-44690.fr\/blog\/?page_id=69","url_meta":{"origin":77,"position":2},"title":"Le CM1 CM2","author":"B\u00e9atrice Josse","date":"15 janvier 2014","format":false,"excerpt":"L'enseignement est assur\u00e9 par B\u00e9atrice Josse et Louise GUIHARD Nous accueillons 28 enfants dans cette classe. Articles about Organic Food How much bacteria would you like with your meat? September 10, 2012 By Karin Klein I've never met anyone who buys organic food to get more vitamins and minerals, so\u2026","rel":"","context":"Article similaire","block_context":{"text":"Article similaire","link":""},"img":{"alt_text":"","src":"","width":0,"height":0},"classes":[]},{"id":215,"url":"https:\/\/ecole-saint-joseph-44690.fr\/blog\/?page_id=215","url_meta":{"origin":77,"position":3},"title":"Le bureau &#038; les membres","author":"B\u00e9atrice Josse","date":"7 f\u00e9vrier 2014","format":false,"excerpt":"Depuis notre assembl\u00e9e g\u00e9n\u00e9rale, le bureau de l'OGEC n'est plus compos\u00e9 que de 4 membres: Pr\u00e9sident:\u00a0 \u00a0 \u00a0 \u00a0 \u00a0 \u00a0 \u00a0 \u00a0 \u00a0 \u00a0 \u00a0 \u00a0 \u00a0 Fr\u00e9d\u00e9ric B\u00e9ron Vice-pr\u00e9sident:\u00a0 \u00a0 \u00a0 \u00a0 \u00a0 \u00a0 \u00a0 \u00a0 Etienne Chaumont Tr\u00e9sori\u00e8re: \u00a0 \u00a0 \u00a0 \u00a0 \u00a0 \u00a0 \u00a0 \u00a0 \u00a0\u2026","rel":"","context":"Article similaire","block_context":{"text":"Article similaire","link":""},"img":{"alt_text":"","src":"","width":0,"height":0},"classes":[]},{"id":413,"url":"https:\/\/ecole-saint-joseph-44690.fr\/blog\/?page_id=413","url_meta":{"origin":77,"position":4},"title":"1935-1936","author":"B\u00e9atrice Josse","date":"16 f\u00e9vrier 2014","format":false,"excerpt":"Balenciaga's New DesignerFashion has a short memory. I know this. Everyone knows this. But still, I was a disappointed by all the speculation around Alexander Wang's recent appointment to the role of creative director at the vaunted fashion house Balenciaga. The general perception was that the job offer had more\u2026","rel":"","context":"Article similaire","block_context":{"text":"Article similaire","link":""},"img":{"alt_text":"","src":"","width":0,"height":0},"classes":[]},{"id":1996,"url":"https:\/\/ecole-saint-joseph-44690.fr\/blog\/?page_id=1996","url_meta":{"origin":77,"position":5},"title":"Menus de d\u00e9cembre 2014","author":"B\u00e9atrice Josse","date":"16 juillet 2015","format":false,"excerpt":"be Barack Obama is a child of divorcefederal election. Barack Obama, who will be sworn in as the 44th president on January 20, is the first African American to be elected to the nation's highest office. But there's another, less obvious aspect of Obama that he shares with another minority\u2026","rel":"","context":"Article similaire","block_context":{"text":"Article similaire","link":""},"img":{"alt_text":"","src":"","width":0,"height":0},"classes":[]}],"_links":{"self":[{"href":"https:\/\/ecole-saint-joseph-44690.fr\/blog\/index.php?rest_route=\/wp\/v2\/pages\/77","targetHints":{"allow":["GET"]}}],"collection":[{"href":"https:\/\/ecole-saint-joseph-44690.fr\/blog\/index.php?rest_route=\/wp\/v2\/pages"}],"about":[{"href":"https:\/\/ecole-saint-joseph-44690.fr\/blog\/index.php?rest_route=\/wp\/v2\/types\/page"}],"author":[{"embeddable":true,"href":"https:\/\/ecole-saint-joseph-44690.fr\/blog\/index.php?rest_route=\/wp\/v2\/users\/1"}],"replies":[{"embeddable":true,"href":"https:\/\/ecole-saint-joseph-44690.fr\/blog\/index.php?rest_route=%2Fwp%2Fv2%2Fcomments&post=77"}],"version-history":[{"count":3,"href":"https:\/\/ecole-saint-joseph-44690.fr\/blog\/index.php?rest_route=\/wp\/v2\/pages\/77\/revisions"}],"predecessor-version":[{"id":2773,"href":"https:\/\/ecole-saint-joseph-44690.fr\/blog\/index.php?rest_route=\/wp\/v2\/pages\/77\/revisions\/2773"}],"wp:attachment":[{"href":"https:\/\/ecole-saint-joseph-44690.fr\/blog\/index.php?rest_route=%2Fwp%2Fv2%2Fmedia&parent=77"}],"curies":[{"name":"wp","href":"https:\/\/api.w.org\/{rel}","templated":true}]}}