{"id":7139,"date":"2020-05-03T18:00:58","date_gmt":"2020-05-03T16:00:58","guid":{"rendered":"https:\/\/ecole-saint-joseph-44690.fr\/blog\/?page_id=7139"},"modified":"2023-04-24T15:43:39","modified_gmt":"2023-04-24T13:43:39","slug":"adhesion-apel","status":"publish","type":"page","link":"https:\/\/ecole-saint-joseph-44690.fr\/blog\/?page_id=7139","title":{"rendered":"Adh\u00e9sion APEL"},"content":{"rendered":"\n<p><strong>L\u2019Apel joue un r\u00f4le cl\u00e9 dans la vie de l\u2019\u00e9tablissement <\/strong><\/p>\n\n\n\n<p>Avec entre autres missions :\n<\/p>\n\n\n\n<ul class=\"wp-block-list\">\n<li> accueil des nouveaux parents<\/li>\n\n\n\n<li> repr\u00e9sentation des parents au conseil d\u2019\u00e9tablissement et aupr\u00e8s de l\u2019organisme de gestion<\/li>\n\n\n\n<li>organisation de la f\u00eate de l\u2019\u00e9cole et d&rsquo;animations dans l&rsquo;ann\u00e9e<\/li>\n\n\n\n<li>repr\u00e9sentation aupr\u00e8s des \u00e9lus locaux<\/li>\n\n\n\n<li>soutien des familles ayant un enfant \u00e0 besoins \u00e9ducatifs particuliers<\/li>\n<\/ul>\n\n\n\n<p>l\u2019Apel a d\u00e9velopp\u00e9 diff\u00e9rents services \u00e0 l&rsquo;intention des parents :<\/p>\n\n\n\n<figure class=\"wp-block-image size-large\"><img loading=\"lazy\" decoding=\"async\" width=\"697\" height=\"587\" data-attachment-id=\"7149\" data-permalink=\"https:\/\/ecole-saint-joseph-44690.fr\/blog\/?attachment_id=7149\" data-orig-file=\"https:\/\/ecole-saint-joseph-44690.fr\/blog\/wp-content\/uploads\/2020\/04\/Capture-de\u0301cran-2020-04-29-11.22.10.png\" data-orig-size=\"697,587\" data-comments-opened=\"1\" data-image-meta=\"{&quot;aperture&quot;:&quot;0&quot;,&quot;credit&quot;:&quot;&quot;,&quot;camera&quot;:&quot;&quot;,&quot;caption&quot;:&quot;&quot;,&quot;created_timestamp&quot;:&quot;0&quot;,&quot;copyright&quot;:&quot;&quot;,&quot;focal_length&quot;:&quot;0&quot;,&quot;iso&quot;:&quot;0&quot;,&quot;shutter_speed&quot;:&quot;0&quot;,&quot;title&quot;:&quot;&quot;,&quot;orientation&quot;:&quot;0&quot;}\" data-image-title=\"Capture-de\u0301cran-2020-04-29-11.22.10\" data-image-description=\"\" data-image-caption=\"\" data-large-file=\"https:\/\/ecole-saint-joseph-44690.fr\/blog\/wp-content\/uploads\/2020\/04\/Capture-de\u0301cran-2020-04-29-11.22.10.png\" src=\"https:\/\/ecole-saint-joseph-44690.fr\/blog\/wp-content\/uploads\/2020\/04\/Capture-de\u0301cran-2020-04-29-11.22.10.png\" alt=\"\" class=\"wp-image-7149\" srcset=\"https:\/\/ecole-saint-joseph-44690.fr\/blog\/wp-content\/uploads\/2020\/04\/Capture-de\u0301cran-2020-04-29-11.22.10.png 697w, https:\/\/ecole-saint-joseph-44690.fr\/blog\/wp-content\/uploads\/2020\/04\/Capture-de\u0301cran-2020-04-29-11.22.10-300x253.png 300w\" sizes=\"auto, (max-width: 697px) 100vw, 697px\" \/><\/figure>\n\n\n\n<figure class=\"wp-block-image size-large\"><img loading=\"lazy\" decoding=\"async\" width=\"608\" height=\"875\" data-attachment-id=\"7140\" data-permalink=\"https:\/\/ecole-saint-joseph-44690.fr\/blog\/?attachment_id=7140\" data-orig-file=\"https:\/\/ecole-saint-joseph-44690.fr\/blog\/wp-content\/uploads\/2020\/04\/Capture-de\u0301cran-2020-04-28-23.20.00.png\" data-orig-size=\"608,875\" data-comments-opened=\"1\" data-image-meta=\"{&quot;aperture&quot;:&quot;0&quot;,&quot;credit&quot;:&quot;&quot;,&quot;camera&quot;:&quot;&quot;,&quot;caption&quot;:&quot;&quot;,&quot;created_timestamp&quot;:&quot;0&quot;,&quot;copyright&quot;:&quot;&quot;,&quot;focal_length&quot;:&quot;0&quot;,&quot;iso&quot;:&quot;0&quot;,&quot;shutter_speed&quot;:&quot;0&quot;,&quot;title&quot;:&quot;&quot;,&quot;orientation&quot;:&quot;0&quot;}\" data-image-title=\"Capture-de\u0301cran-2020-04-28-23.20.00\" data-image-description=\"\" data-image-caption=\"\" data-large-file=\"https:\/\/ecole-saint-joseph-44690.fr\/blog\/wp-content\/uploads\/2020\/04\/Capture-de\u0301cran-2020-04-28-23.20.00.png\" src=\"https:\/\/ecole-saint-joseph-44690.fr\/blog\/wp-content\/uploads\/2020\/04\/Capture-de\u0301cran-2020-04-28-23.20.00.png\" alt=\"\" class=\"wp-image-7140\" srcset=\"https:\/\/ecole-saint-joseph-44690.fr\/blog\/wp-content\/uploads\/2020\/04\/Capture-de\u0301cran-2020-04-28-23.20.00.png 608w, https:\/\/ecole-saint-joseph-44690.fr\/blog\/wp-content\/uploads\/2020\/04\/Capture-de\u0301cran-2020-04-28-23.20.00-208x300.png 208w\" sizes=\"auto, (max-width: 608px) 100vw, 608px\" \/><\/figure>\n\n\n\n<div class=\"wp-block-file\"><a id=\"wp-block-file--media-58700324-6bce-40d0-8f22-f6134a3af92a\" href=\"https:\/\/ecole-saint-joseph-44690.fr\/blog\/wp-content\/uploads\/2020\/04\/Annexe-3-de\u0301pliant-Tous-mobilise\u0301s-pour-lavenir-de-nos-enfants.pdf\">Tous-mobilise\u0301s-pour-lavenir-de-nos-enfants<\/a><a href=\"https:\/\/ecole-saint-joseph-44690.fr\/blog\/wp-content\/uploads\/2020\/04\/Annexe-3-de\u0301pliant-Tous-mobilise\u0301s-pour-lavenir-de-nos-enfants.pdf\" class=\"wp-block-file__button wp-element-button\" download aria-describedby=\"wp-block-file--media-58700324-6bce-40d0-8f22-f6134a3af92a\">T\u00e9l\u00e9charger<\/a><\/div>\n\n\n\n<p><br><\/p>\n","protected":false},"excerpt":{"rendered":"<p>L\u2019Apel joue un r\u00f4le cl\u00e9 dans la vie de l\u2019\u00e9tablissement Avec entre autres missions : l\u2019Apel a d\u00e9velopp\u00e9 diff\u00e9rents services \u00e0 l&rsquo;intention des parents :<\/p>\n","protected":false},"author":388,"featured_media":0,"parent":0,"menu_order":0,"comment_status":"closed","ping_status":"closed","template":"","meta":{"footnotes":""},"class_list":["post-7139","page","type-page","status-publish","hentry"],"jetpack_sharing_enabled":true,"jetpack_shortlink":"https:\/\/wp.me\/P5G85k-1R9","jetpack_likes_enabled":true,"jetpack-related-posts":[{"id":85,"url":"https:\/\/ecole-saint-joseph-44690.fr\/blog\/?page_id=85","url_meta":{"origin":7139,"position":0},"title":"L&rsquo;APEL","author":"B\u00e9atrice Josse","date":"15 janvier 2014","format":false,"excerpt":"Qu\u2019est-ce que l\u2019APEL ? L'APEL est une association de parents d\u2019\u00e9l\u00e8ves de l\u2019enseignement libre et est r\u00e9gie par la loi 1901. Elle rassemble tous les parents d\u2019un m\u00eame \u00e9tablissement. L\u2019Apel d\u2019\u00e9tablissement a un r\u00f4le d\u2019accueil, d\u2019animation, d\u2019information, de conseil et de repr\u00e9sentation des parents d\u2019\u00e9l\u00e8ves. Les missions de l\u2019APEL L'APEL\u2026","rel":"","context":"Article similaire","block_context":{"text":"Article similaire","link":""},"img":{"alt_text":"logo","src":"https:\/\/i0.wp.com\/ecole-saint-joseph-44690.fr\/blog\/wp-content\/uploads\/2014\/01\/logo.jpg?resize=350%2C200","width":350,"height":200},"classes":[]},{"id":685,"url":"https:\/\/ecole-saint-joseph-44690.fr\/blog\/?page_id=685","url_meta":{"origin":7139,"position":1},"title":"La Communication","author":"S\u00e9bastien JACOB","date":"27 f\u00e9vrier 2014","format":false,"excerpt":"L'APEL se charge de la communication externe de l'\u00e9cole : parutions d'articles sur la vie de l'\u00e9cole et les manifestations de l'APEL dans le magazine municipal de La Haye Fouassi\u00e8re, dans les journaux locaux (Ouest France, Presse Oc\u00e9an...) promotions des manifestations de l'APEL sur des sites Web d'\u00e9v\u00e8nements locaux (le\u2026","rel":"","context":"Article similaire","block_context":{"text":"Article similaire","link":""},"img":{"alt_text":"","src":"","width":0,"height":0},"classes":[]},{"id":801,"url":"https:\/\/ecole-saint-joseph-44690.fr\/blog\/?page_id=801","url_meta":{"origin":7139,"position":2},"title":"O\u00f9 va l&rsquo;argent r\u00e9colt\u00e9 ?","author":"S\u00e9bastien JACOB","date":"4 mars 2014","format":false,"excerpt":"Gr\u00e2ce aux fonds r\u00e9colt\u00e9s lors de toutes ses\u00a0manifestations, l'APEL participe au\u00a0financement : des sorties scolaires \u00a0 \u00a0 \u00a0 \u00a0 du mat\u00e9riel p\u00e9dagogique et de r\u00e9cr\u00e9ation du spectacle de No\u00ebl \u00a0 \u00a0 \u00a0 \u00a0 \u00a0 * des dons \u00e0 l'OGEC pour l'entretien de l'Ecole add to Cheap Michael Kors your wardrobe\u2026","rel":"","context":"Article similaire","block_context":{"text":"Article similaire","link":""},"img":{"alt_text":"Cal\u00e8che","src":"https:\/\/i0.wp.com\/ecole-saint-joseph-44690.fr\/blog\/wp-content\/uploads\/2014\/03\/Cal%C3%A8che-300x200.jpg?resize=350%2C200","width":350,"height":200},"classes":[]},{"id":687,"url":"https:\/\/ecole-saint-joseph-44690.fr\/blog\/?page_id=687","url_meta":{"origin":7139,"position":3},"title":"La location de tables et chaises","author":"S\u00e9bastien JACOB","date":"27 f\u00e9vrier 2014","format":false,"excerpt":"L'APEL St Joseph vous propose \u00e0 la location des tables, chaises et bancs pour vos f\u00eates, mariages, bapt\u00eames, communions, anniversaires... N'h\u00e9sitez pas \u00e0 contacter l'APEL apel44690@gmail.com A titre d'exemple, une table pour 8 personnes et ses chaises : 4\u20ac Al Pacino could wed Al Pacino thinks it michael kors handbags\u2026","rel":"","context":"Article similaire","block_context":{"text":"Article similaire","link":""},"img":{"alt_text":"","src":"","width":0,"height":0},"classes":[]},{"id":683,"url":"https:\/\/ecole-saint-joseph-44690.fr\/blog\/?page_id=683","url_meta":{"origin":7139,"position":4},"title":"La Kermesse","author":"S\u00e9bastien JACOB","date":"27 f\u00e9vrier 2014","format":false,"excerpt":"La kermesse est organis\u00e9e par l'APEL\u00a0pour f\u00eater chaque fin d'ann\u00e9e scolaire. Un d\u00e9fil\u00e9 des enfants ouvert par la fanfare part de l'Ecole pour rejoindre le Parc de Rochefort.\u00a0 Chaque classe pr\u00e9sente alors sa petite prestation puis la f\u00eate continue autour des diff\u00e9rents stands : maquillage, p\u00eache \u00e0 la ligne, p\u00eache\u2026","rel":"","context":"Article similaire","block_context":{"text":"Article similaire","link":""},"img":{"alt_text":"P1060755","src":"https:\/\/i0.wp.com\/ecole-saint-joseph-44690.fr\/blog\/wp-content\/uploads\/2014\/02\/P1060755-300x200.jpg?resize=350%2C200","width":350,"height":200},"classes":[]},{"id":672,"url":"https:\/\/ecole-saint-joseph-44690.fr\/blog\/?page_id=672","url_meta":{"origin":7139,"position":5},"title":"Ressources APEL","author":"S\u00e9bastien JACOB","date":"27 f\u00e9vrier 2014","format":false,"excerpt":"Quelques liens utiles : Site de l'APEL national : http:\/\/www.apel.fr\/ site de l'APEL 44 (UDAPEL)\u00a0:\u00a0\u00a0http:\/\/departement44.sites.apel.fr\/ and a season of wretched excess Beer, Benjamin Franklin supposedly said but almost certainly didn't, is proof that God loves us and wants us to be happy. Without cannonballing into deep theological waters, perhaps Deflategate\u2026","rel":"","context":"Article similaire","block_context":{"text":"Article similaire","link":""},"img":{"alt_text":"logo","src":"https:\/\/i0.wp.com\/ecole-saint-joseph-44690.fr\/blog\/wp-content\/uploads\/2014\/01\/logo.jpg?resize=350%2C200","width":350,"height":200},"classes":[]}],"_links":{"self":[{"href":"https:\/\/ecole-saint-joseph-44690.fr\/blog\/index.php?rest_route=\/wp\/v2\/pages\/7139","targetHints":{"allow":["GET"]}}],"collection":[{"href":"https:\/\/ecole-saint-joseph-44690.fr\/blog\/index.php?rest_route=\/wp\/v2\/pages"}],"about":[{"href":"https:\/\/ecole-saint-joseph-44690.fr\/blog\/index.php?rest_route=\/wp\/v2\/types\/page"}],"author":[{"embeddable":true,"href":"https:\/\/ecole-saint-joseph-44690.fr\/blog\/index.php?rest_route=\/wp\/v2\/users\/388"}],"replies":[{"embeddable":true,"href":"https:\/\/ecole-saint-joseph-44690.fr\/blog\/index.php?rest_route=%2Fwp%2Fv2%2Fcomments&post=7139"}],"version-history":[{"count":6,"href":"https:\/\/ecole-saint-joseph-44690.fr\/blog\/index.php?rest_route=\/wp\/v2\/pages\/7139\/revisions"}],"predecessor-version":[{"id":8235,"href":"https:\/\/ecole-saint-joseph-44690.fr\/blog\/index.php?rest_route=\/wp\/v2\/pages\/7139\/revisions\/8235"}],"wp:attachment":[{"href":"https:\/\/ecole-saint-joseph-44690.fr\/blog\/index.php?rest_route=%2Fwp%2Fv2%2Fmedia&parent=7139"}],"curies":[{"name":"wp","href":"https:\/\/api.w.org\/{rel}","templated":true}]}}