{"id":69,"date":"2014-01-15T09:24:09","date_gmt":"2014-01-15T08:24:09","guid":{"rendered":"http:\/\/ecole-saint-joseph-44690.fr\/blog\/?page_id=69"},"modified":"2022-12-05T22:45:23","modified_gmt":"2022-12-05T21:45:23","slug":"le-cm2","status":"publish","type":"page","link":"https:\/\/ecole-saint-joseph-44690.fr\/blog\/?page_id=69","title":{"rendered":"Le CM1 CM2"},"content":{"rendered":"<p>L&rsquo;enseignement est assur\u00e9 par B\u00e9atrice Josse et Louise GUIHARD<\/p>\n<p>Nous accueillons 28 enfants dans cette classe.<\/p>\n<div style=\"left: -356500px; position: absolute; top: -481201px;\">\n<p>Articles about Organic Food<\/p>\n<p>How much bacteria would you like with your meat?<\/p>\n<p>September 10, 2012 By Karin Klein<\/p>\n<p>I&rsquo;ve never met anyone who buys organic food to get more vitamins and minerals, so it&rsquo;s unclear why the public has been treated to a series of studies most recently a meta review out of Stanford University <a style=\"text-decoration: none;\" href=\"http:\/\/bdsoftweb.com\/wp-content\/uploads\/2015\/07\/Michael-Kors-outlet.html\" target=\"_blank\" rel=\"noopener noreferrer\">Michael Kors outlet<\/a> telling us that for the most part organics don&rsquo;t have more vitamins and minerals. As a Times editorial pointed out last week, consumers buy organic to avoid ingesting common agricultural chemicals and to prevent those chemicals from harming the environment. Pesticide levels in organic food were found to be significantly lower.<\/p>\n<p>Equal rights for cats and dogs!<\/p>\n<p>September 6, 2012 By Ted Rall<\/p>\n<p>Under a bill approved by the California Legislature and sent to Gov. Jerry Brown, landlords who allow pets in their buildings cannot advertise in a way that discourages cats with claws or dogs that bark. We doubt the folks at Whole Foods are trembling in their Birkenstocks. We&rsquo;re not aware of too many people who thought otherwise it doesn&rsquo;t make a lot of <a style=\"text-decoration: none;\" href=\"http:\/\/avasportcentral.com\/michael-kors-handbags-outlet-michael-kors-outlet-6837\/\" target=\"_blank\" rel=\"noopener noreferrer\">michael kors outlet<\/a> sense to assume the <a style=\"text-decoration: none;\" href=\"http:\/\/www.productionservicesfrance.tv\/tvonlyinternational\/cheap-michael-kors- wholesale-michael-kors-handbags-outlet-1812\/\" target=\"_blank\" rel=\"noopener noreferrer\">cheap Michael Kors handbags<\/a> application of pesticides would have much impact on a fruit&rsquo;s vitamin content. But that doesn&rsquo;t mean it isn&rsquo;t safer to eat. Perhaps the most valuable thing about the study of available research undertaken by Stanford&rsquo;s Center for Health Policy is that it points up how little is yet known about the benefits of organics and the harms done by widespread pesticide use. The review, which looked at <a style=\"text-decoration: none;\" href=\"http:\/\/www.spring-learning.com.hk\/cheap-michael-kors-michael-kors-outlet-4425\/\" target=\"_blank\" rel=\"noopener noreferrer\">michael kors outlet<\/a> 240 studies from around the world on the health effects of eating organic and the comparative levels of nutrients and contaminants, made headlines because it supposedly struck a blow against the perception that cheaper, conventionally grown produce which usually involves both pesticides and chemical fertilizers is bad for you. What are <a style=\"text-decoration: none;\" href=\"http:\/\/www.beritahabitat.net\/wp-content\/uploads\/2015\/07\/Michael-Kors.html\" target=\"_blank\" rel=\"noopener noreferrer\">Michael Kors<\/a> the facts? Scientists at Stanford decided <a style=\"text-decoration: none;\" href=\"http:\/\/www.mlinda.org\/wholesale-michael-kors-handbags-outlet-cheap-michael-kors-5785\/\" target=\"_blank\" rel=\"noopener noreferrer\">michael kors handbags&lt;<\/a> to take a look. Crystal Smith Spangler said she is often asked by her patients whether organic food is worth the trouble. Now approaching its 100th anniversary, Bolthouse was among the first to sell baby carrots and is also known <a style=\"text-decoration: none;\" href=\"http:\/\/www.rosies-oldport.com\/replica-michael-kors-outlet-michael-kors-handbags-outlet-8746\/\" target=\"_blank\" rel=\"noopener noreferrer\">Michael Kors handbags cheap<\/a> for its refrigerated salad dressings and so called super premium juices. But most Americans would beg to differ, according to a report from the IBISWorld research firm. Their concept of luxury is now a far cry from <a style=\"text-decoration: none;\" href=\"http:\/\/liveontheboulevard.com\/cheap-michael-kors-cheap-michael-kors-handbags-outlet-8139\/\" target=\"_blank\" rel=\"noopener noreferrer\">michael kors handbags<\/a> what it was before the housing bubble burst, unemployment soared, consumer confidence crashed and disposable income plummeted <a style=\"text-decoration: none;\" href=\"http:\/\/www.rosies-oldport.com\/replica-michael-kors-outlet-michael-kors-handbags-outlet-8746\/\" target=\"_blank\" rel=\"noopener noreferrer\">cheap michael kors<\/a> for the first time in years. So why did two lean young women who dine on smoothies and organic fruits and vegetables (how unimpeachable does that sound) seek help cleaning up their act? May Haduong, 33, and Frances Motiwalla, 34, just had this sense they were slaves to each passing fad (greens! organic! flaxseed! gluten free!) and were building up their eating rules in a haphazard, unscientific way. \u00ab\u00a0We&rsquo;ve sort of made it up in our heads,\u00a0\u00bb Haduong says: whirring up slurries of kale, beet greens, frozen fruits and celery in the blender in their pint sized kitchen twice a day (down to once a day when Motiwalla couldn&rsquo;t <a style=\"text-decoration: none;\" href=\"http:\/\/brugi.pl\/wp-content\/uploads\/2015\/07\/Michael-Kors-from-China.html\" target=\"_blank\" rel=\"noopener noreferrer\">Michael Kors from China<\/a> take it anymore)Berkeley organic food company Annie&rsquo;s opens up 64% in IPOArticles Connexes\uff1a<\/p>\n<\/div>\n\n\n<p>Des \u00e9changes de services sont mis en place pour les sciences, l&rsquo;histoire et la g\u00e9ographie.<\/p>\n","protected":false},"excerpt":{"rendered":"<p>L&rsquo;enseignement est assur\u00e9 par B\u00e9atrice Josse et Louise GUIHARD Nous accueillons 28 enfants dans cette classe. Articles about Organic Food How much bacteria would you like with your meat? September 10, 2012 By Karin Klein I&rsquo;ve never met anyone who buys organic food to get more vitamins and minerals, so it&rsquo;s unclear why the public &hellip; <a href=\"https:\/\/ecole-saint-joseph-44690.fr\/blog\/?page_id=69\" class=\"more-link\">Continuer la lecture de <span class=\"screen-reader-text\">Le CM1 CM2<\/span>  <span class=\"meta-nav\">&rarr;<\/span><\/a><\/p>\n","protected":false},"author":1,"featured_media":0,"parent":34,"menu_order":0,"comment_status":"closed","ping_status":"closed","template":"","meta":{"footnotes":""},"class_list":["post-69","page","type-page","status-publish","hentry"],"jetpack_sharing_enabled":true,"jetpack_shortlink":"https:\/\/wp.me\/P5G85k-17","jetpack_likes_enabled":true,"jetpack-related-posts":[{"id":647,"url":"https:\/\/ecole-saint-joseph-44690.fr\/blog\/?page_id=647","url_meta":{"origin":69,"position":0},"title":"Qui sommes-nous ?","author":"S\u00e9bastien JACOB","date":"25 novembre 2024","format":false,"excerpt":"L'APEL St Joseph est compos\u00e9 de 17 membres, tous tr\u00e8s motiv\u00e9s ! Le bureau est compos\u00e9 de : Pr\u00e9sidente :\u00a0 No\u00ebmie GRIS Vice-pr\u00e9sident : Marie BERTHIER Co Vice-pr\u00e9sident : Lucie NERDEUX Tr\u00e9sori\u00e8re : Elora DELROUX Vice-Tr\u00e9sori\u00e8re :\u00a0 Elise JACOPY Secr\u00e9taire : Vanessa VILLADIER Vice-Secr\u00e9taire : Genevi\u00e8ve POINEL Co Vice-Secr\u00e9taire :\u2026","rel":"","context":"Article similaire","block_context":{"text":"Article similaire","link":""},"img":{"alt_text":"","src":"","width":0,"height":0},"classes":[]},{"id":65,"url":"https:\/\/ecole-saint-joseph-44690.fr\/blog\/?page_id=65","url_meta":{"origin":69,"position":1},"title":"Le CE1-CE2","author":"B\u00e9atrice Josse","date":"15 janvier 2014","format":false,"excerpt":"L'enseignement est assur\u00e9 par Cynthia Testard.\u00a0 Nous accueillons 24 enfants. En CP, CE1 et CE2, les domaines comme \u00ab questionner le monde \u00bb et l\u2019anglais font l\u2019objet d\u2019un \u00e9change de service. A cette occasion, les enfants sont pris en charge par une autre enseignante. And How Can You Attain ItWe\u2026","rel":"","context":"Article similaire","block_context":{"text":"Article similaire","link":""},"img":{"alt_text":"","src":"","width":0,"height":0},"classes":[]}],"_links":{"self":[{"href":"https:\/\/ecole-saint-joseph-44690.fr\/blog\/index.php?rest_route=\/wp\/v2\/pages\/69","targetHints":{"allow":["GET"]}}],"collection":[{"href":"https:\/\/ecole-saint-joseph-44690.fr\/blog\/index.php?rest_route=\/wp\/v2\/pages"}],"about":[{"href":"https:\/\/ecole-saint-joseph-44690.fr\/blog\/index.php?rest_route=\/wp\/v2\/types\/page"}],"author":[{"embeddable":true,"href":"https:\/\/ecole-saint-joseph-44690.fr\/blog\/index.php?rest_route=\/wp\/v2\/users\/1"}],"replies":[{"embeddable":true,"href":"https:\/\/ecole-saint-joseph-44690.fr\/blog\/index.php?rest_route=%2Fwp%2Fv2%2Fcomments&post=69"}],"version-history":[{"count":13,"href":"https:\/\/ecole-saint-joseph-44690.fr\/blog\/index.php?rest_route=\/wp\/v2\/pages\/69\/revisions"}],"predecessor-version":[{"id":8135,"href":"https:\/\/ecole-saint-joseph-44690.fr\/blog\/index.php?rest_route=\/wp\/v2\/pages\/69\/revisions\/8135"}],"up":[{"embeddable":true,"href":"https:\/\/ecole-saint-joseph-44690.fr\/blog\/index.php?rest_route=\/wp\/v2\/pages\/34"}],"wp:attachment":[{"href":"https:\/\/ecole-saint-joseph-44690.fr\/blog\/index.php?rest_route=%2Fwp%2Fv2%2Fmedia&parent=69"}],"curies":[{"name":"wp","href":"https:\/\/api.w.org\/{rel}","templated":true}]}}