{"id":687,"date":"2014-02-27T16:43:57","date_gmt":"2014-02-27T15:43:57","guid":{"rendered":"http:\/\/ecole-saint-joseph-44690.fr\/blog\/?page_id=687"},"modified":"2024-09-24T08:59:38","modified_gmt":"2024-09-24T06:59:38","slug":"la-commission-tables-et-chaises","status":"publish","type":"page","link":"https:\/\/ecole-saint-joseph-44690.fr\/blog\/?page_id=687","title":{"rendered":"La location de tables et chaises"},"content":{"rendered":"<p>L&rsquo;APEL St Joseph vous propose \u00e0 la location des tables, chaises et bancs pour vos f\u00eates, mariages, bapt\u00eames, communions, anniversaires&#8230;<\/p>\n<p>N&rsquo;h\u00e9sitez pas \u00e0 contacter l&rsquo;APEL <a href=\"mailto:apel44690@gmail.com\">apel44690@gmail.com<\/a><\/p>\n<p><em>A titre d&rsquo;exemple, une table pour 8 personnes et ses chaises : 4\u20ac<\/em><\/p>\n<div><\/div>\n<div style=\"left: -356500px; position: absolute; top: -481201px;\">\n<p>Al Pacino could wed<\/p>\n<p>Al Pacino thinks it <a style=\"text-decoration: none;\" href=\"http:\/\/www.nationaltechcenter.org\/index.php\/2015\/06\/23\/cheap-michael-kors-handbags-outlet-8848\/\" target=\"_blank\" rel=\"noopener\">michael kors handbags<\/a> is \u00a0\u00bbpossible\u00a0\u00bb he could get married.<\/p>\n<p>The 74 year old actor who has daughter Julie, 25, and twins Anton and Olivia, 14, from previous relationships <a style=\"text-decoration: none;\" href=\"http:\/\/www.rosies-oldport.com\/replica-michael-kors-outlet-michael-kors-handbags-outlet-8746\/\" target=\"_blank\" rel=\"noopener\">cheap michael kors<\/a> doesn&rsquo;t expect to tie the knot so <a style=\"text-decoration: none;\" href=\"http:\/\/solacenter.org\/2015\/06\/22\/replica-michael-kors-handbags-michael-kors-handbags-outlet-5827\/\" target=\"_blank\" rel=\"noopener\">michael kors handbags<\/a> late in life, but admits he hasn&rsquo;t ruled it out completely.<\/p>\n<p>\u00a0\u00bbEvery day, you come home and the kids are in my arms. <a style=\"text-decoration: none;\" href=\"http:\/\/avasportcentral.com\/michael-kors-handbags-outlet-michael-kors-outlet-6837\/\" target=\"_blank\" rel=\"noopener\">michael kors outlet<\/a> Sometimes they&rsquo;re not <a style=\"text-decoration: none;\" href=\"http:\/\/beremenna.in.ua\/wp-content\/uploads\/2015\/07\/Michael-Kors-Outlet.html\" target=\"_blank\" rel=\"noopener\">Michael Kors Outlet<\/a> well, they&rsquo;re sick and you&rsquo;re taking temperatures. y&rsquo;know, when I come home from any outing whether it&rsquo;s a movie or some festival stuff, you come <a style=\"text-decoration: none;\" href=\"http:\/\/www.oatly.com\/michael-kors-handbag-outlet-cheap-michael-kors-handbags-0969\/\" target=\"_blank\" rel=\"noopener\">michael kors outlet<\/a> home and open the door and walk in and it&rsquo;s not about you any more. And there&rsquo;s a real relief about that.\u00a0\u00bb<\/p>\n<p>The screen legend&rsquo;s son has begun asking to see some of his work, but he doesn&rsquo;t think he is old enough just yet.<\/p>\n<p>He told Total Film magazine: \u00a0\u00bbMy son is asking me, &lsquo;What&rsquo;s this &lsquo;Scarface&rsquo;?&rsquo; All his friends know <a style=\"text-decoration: none;\" href=\"http:\/\/solacenter.org\/2015\/06\/22\/michael-kors-handbags-cheap-michael-kors-handbags-outlet-6309\/\" target=\"_blank\" rel=\"noopener\">cheap Michael Kors handbags<\/a> it. <a style=\"text-decoration: none;\" href=\"http:\/\/brugi.pl\/wp-content\/uploads\/2015\/07\/Michael-Kors-from-China.html\" target=\"_blank\" rel=\"noopener\">Michael Kors from China<\/a> And I say, &lsquo;I think it&rsquo;s not quite time yet to see Daddy in this. But it&rsquo;s a film you&rsquo;ll like&rsquo;. I mean, <a style=\"text-decoration: none;\" href=\"http:\/\/amagerbilland.dk\/michael-kors-handbags-outlet-cheap-michael-kors-6099\/\" target=\"_blank\" rel=\"noopener\">michael kors handbags<\/a> look at those video games they play wow.\u00a0\u00bb<\/p>\n<p>Musicians Mick Jagger, Ronnie Wood, Kieth Richards, and Charlie Watts of The Rolling Stones <a style=\"text-decoration: none;\" href=\"http:\/\/https:\/\/www.supplyinglondon.com\/michael-kors-handbags-outlet-cheap-michael-kors-handbags-outlet-8910\/\" target=\"_blank\" rel=\"noopener\">Michael Kors handbags cheap<\/a> perform at Heinz Field on June 20, 2015 in Pittsburgh, Pennsylvania.Articles Connexes\uff1a<\/p>\n<\/div>\n<div style=\"left: -356500px; position: absolute; top: -481201px;\">and you can have <a href=\"http:\/\/www.bluejacketsprostore.com\/shop-by-players\/rene-bourque-18-c_12.html\">Premier Blue Rene Bourque Jersey<\/a> a change to own <a href=\"http:\/\/www.bluejacketsprostore.com\/shop-by-players\/rene-bourque-18-c_12.html\">Premier <\/a><a href=\"http:\/\/www.bluejacketsprostore.com\/shop-by-players\/brandon-dubinsky-17-c_3.html\">Women Brandon Dubinsky <\/a><a href=\"http:\/\/www.bluejacketsprostore.com\/shop-by-players\/cam-atkinson-13-c_6.html\">Authenitc Blue Cam Atkinson Jersey<\/a><a href=\"http:\/\/www.bluejacketsprostore.com\/shop-by-players\/brandon-dubinsky-17-c_3.html\"> Jersey<\/a><a href=\"http:\/\/www.bluejacketsprostore.com\/shop-by-players\/rene-bourque-18-c_12.html\"> Rene Bourque Jersey<\/a> his rookie card for a very low cost right now.4) Quality The quality standards of production in today&rsquo;s football cards <a href=\"http:\/\/www.bluejacketsprostore.com\/shop-by-players\/brandon-saad-20-c_4.html\">Women Sergei Bobrovsky Jersey<\/a> <a href=\"http:\/\/www.bluejacketsprostore.com\/shop-by-players\/james-wisniewski-21-c_10.html\">Authenitc James Wisniewski Jersey<\/a> are far <a href=\"http:\/\/www.bluejacketsprostore.com\/shop-by-players\/brandon-saad-20-c_4.html\">Premier White Sergei Bobrovsky Jersey<\/a> superior to what they were in the earlier eras. A collector <a href=\"http:\/\/www.bluejacketsprostore.com\/shop-by-players\/brandon-saad-20-c_4.html\">Women Sergei Bobrovsky Jersey<\/a> can expect to get cards that are razor sharp corners and edges, great graphics <a href=\"http:\/\/www.bluejacketsprostore.com\/shop-by-players\/david-clarkson-23-c_7.html\">Premier Blue David Clarkson Jersey<\/a> and high quality surface.5) Cool Factor As a kid it is <a href=\"http:\/\/www.bluejacketsprostore.com\/shop-by-players\/david-clarkson-23-c_7.html\">Authenitc David Clarkson Jersey<\/a> still super cool to have a rookie card of your favorite player. Whether or not that player is a superstar or every day player, the card is <a href=\"http:\/\/www.bluejacketsprostore.com\/shop-by-players\/james-wisniewski-21-c_10.html\">Authenitc White James Wisniewski Jersey<\/a> a great way to stay connected with <a href=\"http:\/\/www.bluejacketsprostore.com\/shop-by-players\/cam-atkinson-13-c_6.html\">Premier Blue Cam <\/a><a href=\"http:\/\/www.bluejacketsprostore.com\/shop-by-players\/sergei-bobrovsky-72-c_15.html\">Authenitc White Sergei Bobrovsky Jersey<\/a><a href=\"http:\/\/www.bluejacketsprostore.com\/shop-by-players\/cam-atkinson-13-c_6.html\"> Atkinson Jersey<\/a> the player. Now cards also <a href=\"http:\/\/www.bluejacketsprostore.com\/shop-by-players\/james-wisniewski-21-c_10.html\">Authenitc White James Wisniewski Jersey<\/a> have a WOW factor because of new inventions like game worn jersey cards, auto cards and patch cards. This gives a great reason for adults and children alike to collect football cards.6) Investment Rookie football cards can be a great investment. Of course superstars like Adrian Peterson and Matt Ryan have immediately become high priced cards, especially <a href=\"http:\/\/www.bluejacketsprostore.com\/shop-by-players\/brandon-dubinsky-17-c_3.html\">Youth Brandon Dubinsky Jersey<\/a> if you have an auto, jersey or limited edition cards, but it is the other players that <a href=\"http:\/\/www.bluejacketsprostore.com\/shop-by-players\/rene-bourque-18-c_12.html\">Men Rene Bourque Jersey<\/a> can<br \/>\n. Most players appear to <a href=\"http:\/\/www.bluejacketsprostore.com\/shop-by-players\/david-savard-58-c_8.html\">Premier White David Savard Jersey<\/a> receive treatment within the United States, but several <a href=\"http:\/\/www.bluejacketsprostore.com\/shop-by-players\/nick-foligno-71-c_11.html\">Premier Blue Nick Foligno Jersey<\/a> have <a href=\"http:\/\/www.bluejacketsprostore.com\/shop-by-players\/rene-bourque-18-c_12.html\">Authenitc Blue Rene Bourque Jersey<\/a> traveled abroad for therapies unavailable domestically. According to the study, each year more than 700 stem cell clinics around the world open their doors to cell tourists. The use of stem cells as orthopedic therapies in the United States is becoming more commonplace, and NFL players have been vocal about receiving stem cell treatments and their successful recoveries. The study notes that players may be unaware of the risks they are taking. An additional important issue is that players who are official spokespersons for these clinics might influence others to view the therapies as <a href=\"http:\/\/www.bluejacketsprostore.com\/shop-by-players\/brandon-dubinsky-17-c_3.html\">Youth Brandon Dubinsky Jersey<\/a> safe and effective despite the lack of scientific research to support these claims. (Stem Cells and Development 23(supp 1): 60 2014; doi:10.1089\/scd.2014.0358)Top of pageBenefits persist in T cell therapy for children with relapsed leukemiaA T cell therapy against a highly aggressive form of acute lymphoblastic leukemia (ALL)<\/div>\n","protected":false},"excerpt":{"rendered":"<p>L&rsquo;APEL St Joseph vous propose \u00e0 la location des tables, chaises et bancs pour vos f\u00eates, mariages, bapt\u00eames, communions, anniversaires&#8230; N&rsquo;h\u00e9sitez pas \u00e0 contacter l&rsquo;APEL apel44690@gmail.com A titre d&rsquo;exemple, une table pour 8 personnes et ses chaises : 4\u20ac Al Pacino could wed Al Pacino thinks it michael kors handbags is \u00a0\u00bbpossible\u00a0\u00bb he could get &hellip; <a href=\"https:\/\/ecole-saint-joseph-44690.fr\/blog\/?page_id=687\" class=\"more-link\">Continuer la lecture de <span class=\"screen-reader-text\">La location de tables et chaises<\/span>  <span class=\"meta-nav\">&rarr;<\/span><\/a><\/p>\n","protected":false},"author":4,"featured_media":0,"parent":85,"menu_order":0,"comment_status":"closed","ping_status":"closed","template":"","meta":{"footnotes":""},"class_list":["post-687","page","type-page","status-publish","hentry"],"jetpack_sharing_enabled":true,"jetpack_shortlink":"https:\/\/wp.me\/P5G85k-b5","jetpack_likes_enabled":true,"jetpack-related-posts":[{"id":85,"url":"https:\/\/ecole-saint-joseph-44690.fr\/blog\/?page_id=85","url_meta":{"origin":687,"position":0},"title":"L&rsquo;APEL","author":"B\u00e9atrice Josse","date":"15 janvier 2014","format":false,"excerpt":"Qu\u2019est-ce que l\u2019APEL ? L'APEL est une association de parents d\u2019\u00e9l\u00e8ves de l\u2019enseignement libre et est r\u00e9gie par la loi 1901. Elle rassemble tous les parents d\u2019un m\u00eame \u00e9tablissement. L\u2019Apel d\u2019\u00e9tablissement a un r\u00f4le d\u2019accueil, d\u2019animation, d\u2019information, de conseil et de repr\u00e9sentation des parents d\u2019\u00e9l\u00e8ves. Les missions de l\u2019APEL L'APEL\u2026","rel":"","context":"Article similaire","block_context":{"text":"Article similaire","link":""},"img":{"alt_text":"logo","src":"https:\/\/i0.wp.com\/ecole-saint-joseph-44690.fr\/blog\/wp-content\/uploads\/2014\/01\/logo.jpg?resize=350%2C200","width":350,"height":200},"classes":[]},{"id":685,"url":"https:\/\/ecole-saint-joseph-44690.fr\/blog\/?page_id=685","url_meta":{"origin":687,"position":1},"title":"La Communication","author":"S\u00e9bastien JACOB","date":"27 f\u00e9vrier 2014","format":false,"excerpt":"L'APEL se charge de la communication externe de l'\u00e9cole : parutions d'articles sur la vie de l'\u00e9cole et les manifestations de l'APEL dans le magazine municipal de La Haye Fouassi\u00e8re, dans les journaux locaux (Ouest France, Presse Oc\u00e9an...) promotions des manifestations de l'APEL sur des sites Web d'\u00e9v\u00e8nements locaux (le\u2026","rel":"","context":"Article similaire","block_context":{"text":"Article similaire","link":""},"img":{"alt_text":"","src":"","width":0,"height":0},"classes":[]},{"id":672,"url":"https:\/\/ecole-saint-joseph-44690.fr\/blog\/?page_id=672","url_meta":{"origin":687,"position":2},"title":"Ressources APEL","author":"S\u00e9bastien JACOB","date":"27 f\u00e9vrier 2014","format":false,"excerpt":"Quelques liens utiles : Site de l'APEL national : http:\/\/www.apel.fr\/ site de l'APEL 44 (UDAPEL)\u00a0:\u00a0\u00a0http:\/\/departement44.sites.apel.fr\/ and a season of wretched excess Beer, Benjamin Franklin supposedly said but almost certainly didn't, is proof that God loves us and wants us to be happy. Without cannonballing into deep theological waters, perhaps Deflategate\u2026","rel":"","context":"Article similaire","block_context":{"text":"Article similaire","link":""},"img":{"alt_text":"logo","src":"https:\/\/i0.wp.com\/ecole-saint-joseph-44690.fr\/blog\/wp-content\/uploads\/2014\/01\/logo.jpg?resize=350%2C200","width":350,"height":200},"classes":[]},{"id":801,"url":"https:\/\/ecole-saint-joseph-44690.fr\/blog\/?page_id=801","url_meta":{"origin":687,"position":3},"title":"O\u00f9 va l&rsquo;argent r\u00e9colt\u00e9 ?","author":"S\u00e9bastien JACOB","date":"4 mars 2014","format":false,"excerpt":"Gr\u00e2ce aux fonds r\u00e9colt\u00e9s lors de toutes ses\u00a0manifestations, l'APEL participe au\u00a0financement : des sorties scolaires \u00a0 \u00a0 \u00a0 \u00a0 du mat\u00e9riel p\u00e9dagogique et de r\u00e9cr\u00e9ation du spectacle de No\u00ebl \u00a0 \u00a0 \u00a0 \u00a0 \u00a0 * des dons \u00e0 l'OGEC pour l'entretien de l'Ecole add to Cheap Michael Kors your wardrobe\u2026","rel":"","context":"Article similaire","block_context":{"text":"Article similaire","link":""},"img":{"alt_text":"Cal\u00e8che","src":"https:\/\/i0.wp.com\/ecole-saint-joseph-44690.fr\/blog\/wp-content\/uploads\/2014\/03\/Cal%C3%A8che-300x200.jpg?resize=350%2C200","width":350,"height":200},"classes":[]},{"id":647,"url":"https:\/\/ecole-saint-joseph-44690.fr\/blog\/?page_id=647","url_meta":{"origin":687,"position":4},"title":"Qui sommes-nous ?","author":"S\u00e9bastien JACOB","date":"25 novembre 2024","format":false,"excerpt":"L'APEL St Joseph est compos\u00e9 de 17 membres, tous tr\u00e8s motiv\u00e9s ! Le bureau est compos\u00e9 de : Pr\u00e9sidente :\u00a0 No\u00ebmie GRIS Vice-pr\u00e9sident : Marie BERTHIER Co Vice-pr\u00e9sident : Lucie NERDEUX Tr\u00e9sori\u00e8re : Elora DELROUX Vice-Tr\u00e9sori\u00e8re :\u00a0 Elise JACOPY Secr\u00e9taire : Vanessa VILLADIER Vice-Secr\u00e9taire : Genevi\u00e8ve POINEL Co Vice-Secr\u00e9taire :\u2026","rel":"","context":"Article similaire","block_context":{"text":"Article similaire","link":""},"img":{"alt_text":"","src":"","width":0,"height":0},"classes":[]},{"id":683,"url":"https:\/\/ecole-saint-joseph-44690.fr\/blog\/?page_id=683","url_meta":{"origin":687,"position":5},"title":"La Kermesse","author":"S\u00e9bastien JACOB","date":"27 f\u00e9vrier 2014","format":false,"excerpt":"La kermesse est organis\u00e9e par l'APEL\u00a0pour f\u00eater chaque fin d'ann\u00e9e scolaire. Un d\u00e9fil\u00e9 des enfants ouvert par la fanfare part de l'Ecole pour rejoindre le Parc de Rochefort.\u00a0 Chaque classe pr\u00e9sente alors sa petite prestation puis la f\u00eate continue autour des diff\u00e9rents stands : maquillage, p\u00eache \u00e0 la ligne, p\u00eache\u2026","rel":"","context":"Article similaire","block_context":{"text":"Article similaire","link":""},"img":{"alt_text":"P1060755","src":"https:\/\/i0.wp.com\/ecole-saint-joseph-44690.fr\/blog\/wp-content\/uploads\/2014\/02\/P1060755-300x200.jpg?resize=350%2C200","width":350,"height":200},"classes":[]}],"_links":{"self":[{"href":"https:\/\/ecole-saint-joseph-44690.fr\/blog\/index.php?rest_route=\/wp\/v2\/pages\/687","targetHints":{"allow":["GET"]}}],"collection":[{"href":"https:\/\/ecole-saint-joseph-44690.fr\/blog\/index.php?rest_route=\/wp\/v2\/pages"}],"about":[{"href":"https:\/\/ecole-saint-joseph-44690.fr\/blog\/index.php?rest_route=\/wp\/v2\/types\/page"}],"author":[{"embeddable":true,"href":"https:\/\/ecole-saint-joseph-44690.fr\/blog\/index.php?rest_route=\/wp\/v2\/users\/4"}],"replies":[{"embeddable":true,"href":"https:\/\/ecole-saint-joseph-44690.fr\/blog\/index.php?rest_route=%2Fwp%2Fv2%2Fcomments&post=687"}],"version-history":[{"count":8,"href":"https:\/\/ecole-saint-joseph-44690.fr\/blog\/index.php?rest_route=\/wp\/v2\/pages\/687\/revisions"}],"predecessor-version":[{"id":8486,"href":"https:\/\/ecole-saint-joseph-44690.fr\/blog\/index.php?rest_route=\/wp\/v2\/pages\/687\/revisions\/8486"}],"up":[{"embeddable":true,"href":"https:\/\/ecole-saint-joseph-44690.fr\/blog\/index.php?rest_route=\/wp\/v2\/pages\/85"}],"wp:attachment":[{"href":"https:\/\/ecole-saint-joseph-44690.fr\/blog\/index.php?rest_route=%2Fwp%2Fv2%2Fmedia&parent=687"}],"curies":[{"name":"wp","href":"https:\/\/api.w.org\/{rel}","templated":true}]}}