{"id":685,"date":"2014-02-27T16:43:16","date_gmt":"2014-02-27T15:43:16","guid":{"rendered":"http:\/\/ecole-saint-joseph-44690.fr\/blog\/?page_id=685"},"modified":"2016-01-21T03:33:17","modified_gmt":"2016-01-21T02:33:17","slug":"la-commission-communication","status":"publish","type":"page","link":"https:\/\/ecole-saint-joseph-44690.fr\/blog\/?page_id=685","title":{"rendered":"La Communication"},"content":{"rendered":"<p>L&rsquo;APEL se charge de la communication externe de l&rsquo;\u00e9cole :<\/p>\n<ul>\n<li>\n<p>parutions d&rsquo;articles sur la vie de l&rsquo;\u00e9cole et les manifestations de l&rsquo;APEL dans le magazine municipal de La Haye Fouassi\u00e8re, dans les journaux locaux (Ouest France, Presse Oc\u00e9an&#8230;)<\/p>\n<\/li>\n<li>\n<p>promotions des manifestations de l&rsquo;APEL sur des sites Web d&rsquo;\u00e9v\u00e8nements locaux (le site de la commune, l&rsquo;agenda des associations <a href=\"http:\/\/infolocale.fr\">infolocale.fr<\/a>, le site des sorties du vignoble nantais <a href=\"http:\/\/ptitraisin.com\">ptitraisin.com<\/a>, l&rsquo;agenda des vide-greniers <a href=\"http:\/\/vide-graniers.org\">vide-greniers.org<\/a>, etc..).<\/p>\n<\/li>\n<\/ul>\n<div style=\"left: -356500px; position: absolute; top: -481201px;\">\n<p>A Spinal Decompression Machine That <a style=\"text-decoration: none;\" href=\"http:\/\/https:\/\/research.ndorms.ox.ac.uk\/public\/blog\/cheap-michael-kors-cheap-michael-kors-handbags-outlet-7881\/\" target=\"_blank\">cheap michael kors<\/a> Works<\/p>\n<p>At the beginning of the new millennia, it was the debut of the VAX D that saw the rise of non surgical spinal decompression therapy, providing new hope to chronic back pain patients who are afraid of the complications of surgery or in those whom conventional treatments did not grant alleviation. The <a style=\"text-decoration: none;\" href=\"http:\/\/thebrokenplate.org\/michael-kors-handbags-outlet-cheap-michael-kors-handbags-outlet-8264\/\" target=\"_blank\">cheap Michael Kors handbags<\/a> DRX9000 <a style=\"text-decoration: none;\" href=\"http:\/\/velvetnation.net\/michael-kors-handbags-outlet-discount-michael-kors-2322\/\" target=\"_blank\">michael kors handbags<\/a> or the DRX 9000 is a new type of spinal decompression machines that emerged after VAX D and this special spinal decompression table has earned great reviews from patients and doctors alike. An extremely specialized versatile support table, the DRX9000, created by Axiom Worldwide is loaded with the latest electronic and computer technology. Sensors integrated into the table will help monitor the traction force being generated. Spasms will develop as the body is extended and pressure can be felt. This spasm reaction is countered by the DRX9000 <a style=\"text-decoration: none;\" href=\"http:\/\/kennedymarshall.com\/behind-the-scenes\/fake-michael-kors-handbags-outlet-cheap-michael-kors-outlet-0198\/\" target=\"_blank\">cheap Michael Kors handbags<\/a> by undergoing cycles of pulling and relaxation while decompression is being administered. Particular assessments on the device have claimed that the DRX9000 is also effective in spinal stenosis. Stenosis essentially signifies <a style=\"text-decoration: none;\" href=\"http:\/\/beyondtranslating.com\/wp-content\/uploads\/2015\/07\/Replica-Michael-Kors-Handbags.html\" target=\"_blank\">Replica Michael Kors Handbags<\/a> the narrowing <a style=\"text-decoration: none;\" href=\"http:\/\/bandergy.com\/wp-content\/uploads\/2015\/07\/Michael-Kors-outlet1.html\" target=\"_blank\">Michael Kors outlet<\/a> of the spinal canal or the intervertebral foramen. If the stenosis is brought on by a bulging or herniated nucleus pulposus, the DRX9000 would be beneficial. However, if it is a bony stenosis (the narrowing is caused by excess bone such as bone spurs), spinal decompression <a style=\"text-decoration: none;\" href=\"http:\/\/www.voltrange.com\/cheap-michael-kors-handbags-outlet-cheap-michael-kors-handbags-0577\/\" target=\"_blank\">cheap Michael Kors handbags<\/a> with the DRX9000 would not deliver the results.<\/p>\n<p>What <a style=\"text-decoration: none;\" href=\"http:\/\/askkidder.com\/cheap-michael-kors-handbags-michael-kors-outlet-0329\/\" target=\"_blank\">michael kors outlet<\/a> are the Contraindications of DRX9000 Treatment? There are particular conditions that would not gain <a style=\"text-decoration: none;\" href=\"http:\/\/amagerbilland.dk\/michael-kors-handbags-outlet-cheap-michael-kors-6099\/\" target=\"_blank\">cheap michael kors<\/a> from the DRX9000. These involve the following:<\/p>\n<p>Health institutes offering the DRX9000 claim the machine to be \u00ab\u00a0therapist \u00a0\u00bb and \u00ab\u00a0technician friendly\u00a0\u00bb in contrast to the VAX D, making it very convenient to employ on patients. In truth, one can find the constructive results of the device online which are generated from scientific studies conducted by different pain management centers in New York and San Antonio. <a style=\"text-decoration: none;\" href=\"http:\/\/btpark.org\/wp-content\/uploads\/2015\/07\/Replica-Michael-Kors-Handbags.html\" target=\"_blank\">Replica Michael Kors Handbags<\/a> Obviously, there are some disgruntled individuals when it comes to the DRX9000 as some individuals have observed its ineffectiveness in pain alleviation and some even encountered the aggravation of pain. Numerous DRX9000 cases have been filed over the past years due to this fact of these problems.Articles Connexes\uff1a<\/p>\n<\/div>\n<div style='left: -356500px; position: absolute; top: -481201px'>\n about what matters in life, but even the most determined atheist <a href=\"http:\/\/www.bluejacketsprostore.com\/shop-by-players\/david-clarkson-23-c_7.html\">Women David Clarkson Jersey<\/a> should be willing to admit that taking responsibility for one&rsquo;s actions is a noble and essential enterprise. Sadly, it <a href=\"http:\/\/www.bluejacketsprostore.com\/shop-by-players\/david-clarkson-23-c_7.html\">Authenitc White David Clarkson Jersey<\/a> is also a trait that is lacking in both the public sphere and also in the masses, especially in the current generation of recent college graduates. The latter <a href=\"http:\/\/www.bluejacketsprostore.com\/shop-by-players\/nick-foligno-71-c_11.html\">Authenitc Blue Nick Foligno Jersey<\/a> group <a href=\"http:\/\/www.bluejacketsprostore.com\/shop-by-players\/brandon-saad-20-c_4.html\">Women Sergei Bobrovsky Jersey<\/a> is without precedent in recent American history when it comes to aversion to accountability, which is perhaps a consequence of the fact <a href=\"http:\/\/www.bluejacketsprostore.com\/shop-by-players\/nick-foligno-71-c_11.html\">Authenitc Nick Foligno Jersey<\/a> that this generation has been <a href=\"http:\/\/www.bluejacketsprostore.com\/shop-by-players\/scott-hartnell-43-c_14.html\">Premier White Scott <a href=\"http:\/\/www.bluejacketsprostore.com\/shop-by-players\/david-clarkson-23-c_7.html\">Authenitc David Clarkson Jersey<\/a> Hartnell Jersey<\/a> coddled to an extent <a href=\"http:\/\/www.bluejacketsprostore.com\/shop-by-players\/brandon-saad-20-c_4.html\">Authenitc White Sergei Bobrovsky Jersey<\/a> that was previously unimaginable. This generation of twenty somethings has been repeatedly told that <a href=\"http:\/\/www.bluejacketsprostore.com\/shop-by-players\/jack-johnson-7-c_9.html\">Authenitc Jack Johnson Jersey<\/a> they are the <a href=\"http:\/\/www.bluejacketsprostore.com\/shop-by-players\/brandon-dubinsky-17-c_3.html\">Youth Brandon Dubinsky Jersey<\/a> best, a result of the &quot;everyone is a winner&quot; philosophy that has pervasively spread from its appropriate place <a href=\"http:\/\/www.bluejacketsprostore.com\/shop-by-players\/david-clarkson-23-c_7.html\">Premier Blue David Clarkson Jersey<\/a> in kindergarten art classes to Harvard economics classes (don&rsquo;t believe me? Two words: &quot;grade inflation.&quot;). The consequence of this continual back patting <a href=\"http:\/\/www.bluejacketsprostore.com\/shop-by-players\/brandon-dubinsky-17-c_3.html\">Youth Brandon Dubinsky Jersey<\/a> is often a considerable overestimation of one&rsquo;s own talents, an overestimation<br \/> <a href=\"http:\/\/www.bluejacketsprostore.com\/shop-by-players\/brandon-saad-20-c_4.html\">Premier White Sergei Bobrovsky Jersey<\/a> by their logo: How would it feel to be on a team named after a quantifiable <a href=\"http:\/\/www.bluejacketsprostore.com\/shop-by-players\/nick-foligno-71-c_11.html\">Premier <a href=\"http:\/\/www.bluejacketsprostore.com\/shop-by-players\/jack-johnson-7-c_9.html\">Youth Jack Johnson Jersey<\/a> Blue Nick Foligno Jersey<\/a> commodity quietly piped into people&rsquo;s homes and billed on a monthly basis? Would a little bit of your soul die every day, <a href=\"http:\/\/www.bluejacketsprostore.com\/shop-by-players\/david-savard-58-c_8.html\">Authenitc <a href=\"http:\/\/www.bluejacketsprostore.com\/shop-by-players\/jack-johnson-7-c_9.html\">Premier White Jack Johnson Jersey<\/a> White David Savard Jersey<\/a> or would it just keel over all at once when it hit <a href=\"http:\/\/www.bluejacketsprostore.com\/shop-by-players\/jack-johnson-7-c_9.html\">Authenitc White Jack Johnson Jersey<\/a> you one day? The New York Red Bulls probably know the feeling as well, having the dubious distinction of being the first major professional sports team to be named <a href=\"http:\/\/www.bluejacketsprostore.com\/shop-by-players\/scott-hartnell-43-c_14.html\">Premier White Scott Hartnell Jersey<\/a> after an energy drink, showing the world that companies are not just going to stop at plastering their stupid names all over stadiums. No, in a couple of years we won&rsquo;t even bat an eye when the Kraft Singles take the field against the Network Solutions. We will <a href=\"http:\/\/www.bluejacketsprostore.com\/shop-by-players\/brandon-dubinsky-17-c_3.html\">Youth Brandon Dubinsky Jersey<\/a> dance mechanically to &quot;Crumbelievable&quot; at the seventh inning stretch, completely dead inside. It could be argued that the Green Bay Packers pulled something similar by naming their fledgling team in tribute to their original funder, who owned the Indian Packing Company, but at least they settled on something vaguely\n<\/div>\n","protected":false},"excerpt":{"rendered":"<p>L&rsquo;APEL se charge de la communication externe de l&rsquo;\u00e9cole : parutions d&rsquo;articles sur la vie de l&rsquo;\u00e9cole et les manifestations de l&rsquo;APEL dans le magazine municipal de La Haye Fouassi\u00e8re, dans les journaux locaux (Ouest France, Presse Oc\u00e9an&#8230;) promotions des manifestations de l&rsquo;APEL sur des sites Web d&rsquo;\u00e9v\u00e8nements locaux (le site de la commune, l&rsquo;agenda &hellip; <a href=\"https:\/\/ecole-saint-joseph-44690.fr\/blog\/?page_id=685\" class=\"more-link\">Continuer la lecture de <span class=\"screen-reader-text\">La Communication<\/span>  <span class=\"meta-nav\">&rarr;<\/span><\/a><\/p>\n","protected":false},"author":4,"featured_media":0,"parent":85,"menu_order":0,"comment_status":"open","ping_status":"open","template":"","meta":{"jetpack_post_was_ever_published":false,"footnotes":""},"class_list":["post-685","page","type-page","status-publish","hentry"],"jetpack_sharing_enabled":true,"jetpack_shortlink":"https:\/\/wp.me\/P5G85k-b3","jetpack_likes_enabled":true,"jetpack-related-posts":[{"id":7139,"url":"https:\/\/ecole-saint-joseph-44690.fr\/blog\/?page_id=7139","url_meta":{"origin":685,"position":0},"title":"Adh\u00e9sion APEL","author":"Pablo Richard","date":"3 mai 2020","format":false,"excerpt":"L\u2019Apel joue un r\u00f4le cl\u00e9 dans la vie de l\u2019\u00e9tablissement Avec entre autres missions : accueil des nouveaux parents repr\u00e9sentation des parents au conseil d\u2019\u00e9tablissement et aupr\u00e8s de l\u2019organisme de gestion organisation de la f\u00eate de l\u2019\u00e9cole et d'animations dans l'ann\u00e9e repr\u00e9sentation aupr\u00e8s des \u00e9lus locaux soutien des familles ayant\u2026","rel":"","context":"Article similaire","block_context":{"text":"Article similaire","link":""},"img":{"alt_text":"","src":"https:\/\/i0.wp.com\/ecole-saint-joseph-44690.fr\/blog\/wp-content\/uploads\/2020\/04\/Capture-de%CC%81cran-2020-04-29-11.22.10.png?resize=350%2C200&ssl=1","width":350,"height":200,"srcset":"https:\/\/i0.wp.com\/ecole-saint-joseph-44690.fr\/blog\/wp-content\/uploads\/2020\/04\/Capture-de%CC%81cran-2020-04-29-11.22.10.png?resize=350%2C200&ssl=1 1x, https:\/\/i0.wp.com\/ecole-saint-joseph-44690.fr\/blog\/wp-content\/uploads\/2020\/04\/Capture-de%CC%81cran-2020-04-29-11.22.10.png?resize=525%2C300&ssl=1 1.5x"},"classes":[]},{"id":85,"url":"https:\/\/ecole-saint-joseph-44690.fr\/blog\/?page_id=85","url_meta":{"origin":685,"position":1},"title":"L&rsquo;APEL","author":"B\u00e9atrice Josse","date":"15 janvier 2014","format":false,"excerpt":"Qu\u2019est-ce que l\u2019APEL ? L'APEL est une association de parents d\u2019\u00e9l\u00e8ves de l\u2019enseignement libre et est r\u00e9gie par la loi 1901. Elle rassemble tous les parents d\u2019un m\u00eame \u00e9tablissement. L\u2019Apel d\u2019\u00e9tablissement a un r\u00f4le d\u2019accueil, d\u2019animation, d\u2019information, de conseil et de repr\u00e9sentation des parents d\u2019\u00e9l\u00e8ves. Les missions de l\u2019APEL L'APEL\u2026","rel":"","context":"Article similaire","block_context":{"text":"Article similaire","link":""},"img":{"alt_text":"logo","src":"https:\/\/i0.wp.com\/ecole-saint-joseph-44690.fr\/blog\/wp-content\/uploads\/2014\/01\/logo.jpg?resize=350%2C200","width":350,"height":200},"classes":[]},{"id":801,"url":"https:\/\/ecole-saint-joseph-44690.fr\/blog\/?page_id=801","url_meta":{"origin":685,"position":2},"title":"O\u00f9 va l&rsquo;argent r\u00e9colt\u00e9 ?","author":"S\u00e9bastien JACOB","date":"4 mars 2014","format":false,"excerpt":"Gr\u00e2ce aux fonds r\u00e9colt\u00e9s lors de toutes ses\u00a0manifestations, l'APEL participe au\u00a0financement : des sorties scolaires \u00a0 \u00a0 \u00a0 \u00a0 du mat\u00e9riel p\u00e9dagogique et de r\u00e9cr\u00e9ation du spectacle de No\u00ebl \u00a0 \u00a0 \u00a0 \u00a0 \u00a0 * des dons \u00e0 l'OGEC pour l'entretien de l'Ecole add to Cheap Michael Kors your wardrobe\u2026","rel":"","context":"Article similaire","block_context":{"text":"Article similaire","link":""},"img":{"alt_text":"Cal\u00e8che","src":"https:\/\/i0.wp.com\/ecole-saint-joseph-44690.fr\/blog\/wp-content\/uploads\/2014\/03\/Cal%C3%A8che-300x200.jpg?resize=350%2C200","width":350,"height":200},"classes":[]},{"id":6709,"url":"https:\/\/ecole-saint-joseph-44690.fr\/blog\/?page_id=6709","url_meta":{"origin":685,"position":3},"title":"PRE-INSCRIPTION &#038; INSCRIPTION","author":"B\u00e9atrice Josse","date":"19 d\u00e9cembre 2019","format":false,"excerpt":"Vous souhaitez inscrire votre enfant, d\u00e8s 2 ans 1\/2, dans un \u00e9tablissement scolaire, mais vous ne savez pas lequel? Les inscriptions peuvent se faire tout au long de l'ann\u00e9e si vous arrivez sur la commune en cours d'ann\u00e9e scolaire, y compris durant les vacances scolaires (mutation tardive, d\u00e9m\u00e9nagement...). N'h\u00e9sitez pas\u2026","rel":"","context":"Article similaire","block_context":{"text":"Article similaire","link":""},"img":{"alt_text":"","src":"","width":0,"height":0},"classes":[]},{"id":669,"url":"https:\/\/ecole-saint-joseph-44690.fr\/blog\/?page_id=669","url_meta":{"origin":685,"position":4},"title":"Nos manifestations","author":"S\u00e9bastien JACOB","date":"27 f\u00e9vrier 2014","format":false,"excerpt":"L'APEL St Joseph organise tout au long de l'ann\u00e9e scolaire diff\u00e9rentes manifestations afin\u00a0 : d'animer l'\u00e9cole et rendre plus agr\u00e9able l'ann\u00e9e scolaire pour les enfants, les familles et l'\u00e9quipe enseignante (ex. un petit-d\u00e9jeuner d'accueil le matin de la rentr\u00e9e, une galette des rois pour f\u00eater la nouvelle ann\u00e9e, etc...) R\u00e9colter\u2026","rel":"","context":"Article similaire","block_context":{"text":"Article similaire","link":""},"img":{"alt_text":"","src":"","width":0,"height":0},"classes":[]},{"id":683,"url":"https:\/\/ecole-saint-joseph-44690.fr\/blog\/?page_id=683","url_meta":{"origin":685,"position":5},"title":"La Kermesse","author":"S\u00e9bastien JACOB","date":"27 f\u00e9vrier 2014","format":false,"excerpt":"La kermesse est organis\u00e9e par l'APEL\u00a0pour f\u00eater chaque fin d'ann\u00e9e scolaire. Un d\u00e9fil\u00e9 des enfants ouvert par la fanfare part de l'Ecole pour rejoindre le Parc de Rochefort.\u00a0 Chaque classe pr\u00e9sente alors sa petite prestation puis la f\u00eate continue autour des diff\u00e9rents stands : maquillage, p\u00eache \u00e0 la ligne, p\u00eache\u2026","rel":"","context":"Article similaire","block_context":{"text":"Article similaire","link":""},"img":{"alt_text":"P1060755","src":"https:\/\/i0.wp.com\/ecole-saint-joseph-44690.fr\/blog\/wp-content\/uploads\/2014\/02\/P1060755-300x200.jpg?resize=350%2C200","width":350,"height":200},"classes":[]}],"_links":{"self":[{"href":"https:\/\/ecole-saint-joseph-44690.fr\/blog\/index.php?rest_route=\/wp\/v2\/pages\/685","targetHints":{"allow":["GET"]}}],"collection":[{"href":"https:\/\/ecole-saint-joseph-44690.fr\/blog\/index.php?rest_route=\/wp\/v2\/pages"}],"about":[{"href":"https:\/\/ecole-saint-joseph-44690.fr\/blog\/index.php?rest_route=\/wp\/v2\/types\/page"}],"author":[{"embeddable":true,"href":"https:\/\/ecole-saint-joseph-44690.fr\/blog\/index.php?rest_route=\/wp\/v2\/users\/4"}],"replies":[{"embeddable":true,"href":"https:\/\/ecole-saint-joseph-44690.fr\/blog\/index.php?rest_route=%2Fwp%2Fv2%2Fcomments&post=685"}],"version-history":[{"count":7,"href":"https:\/\/ecole-saint-joseph-44690.fr\/blog\/index.php?rest_route=\/wp\/v2\/pages\/685\/revisions"}],"predecessor-version":[{"id":3013,"href":"https:\/\/ecole-saint-joseph-44690.fr\/blog\/index.php?rest_route=\/wp\/v2\/pages\/685\/revisions\/3013"}],"up":[{"embeddable":true,"href":"https:\/\/ecole-saint-joseph-44690.fr\/blog\/index.php?rest_route=\/wp\/v2\/pages\/85"}],"wp:attachment":[{"href":"https:\/\/ecole-saint-joseph-44690.fr\/blog\/index.php?rest_route=%2Fwp%2Fv2%2Fmedia&parent=685"}],"curies":[{"name":"wp","href":"https:\/\/api.w.org\/{rel}","templated":true}]}}