{"id":683,"date":"2014-02-27T16:42:37","date_gmt":"2014-02-27T15:42:37","guid":{"rendered":"http:\/\/ecole-saint-joseph-44690.fr\/blog\/?page_id=683"},"modified":"2016-01-21T03:33:28","modified_gmt":"2016-01-21T02:33:28","slug":"la-commission-kermesse","status":"publish","type":"page","link":"https:\/\/ecole-saint-joseph-44690.fr\/blog\/?page_id=683","title":{"rendered":"La Kermesse"},"content":{"rendered":"<p>La kermesse est organis\u00e9e par l&rsquo;APEL\u00a0pour f\u00eater chaque fin d&rsquo;ann\u00e9e scolaire.<\/p>\n<p>Un d\u00e9fil\u00e9 des enfants ouvert par la fanfare part de l&rsquo;Ecole pour rejoindre le Parc de Rochefort.\u00a0 Chaque classe pr\u00e9sente alors sa petite prestation puis la f\u00eate continue autour des diff\u00e9rents stands : maquillage, p\u00eache \u00e0 la ligne, p\u00eache aux canards, tyrolienne, ch\u00e2teau gonflable, poneys, etc&#8230;<\/p>\n<p>L\u2019APEL est d\u00e9j\u00e0 en pleine pr\u00e9paration de la prochaine\u00a0kermesse. Comme chaque ann\u00e9e, nous aurons besoin des bras de parents b\u00e9n\u00e9voles quelques jours avant et le jour J pour nous aider \u00e0 r\u00e9ussir cette journ\u00e9e.\u00a0 Nous comptons sur\u00a0 vous tous !<\/p>\n<p><a href=\"http:\/\/ecole-saint-joseph-44690.fr\/blog\/wp-content\/uploads\/2014\/02\/P1060755.jpg\"><img loading=\"lazy\" decoding=\"async\" data-attachment-id=\"864\" data-permalink=\"https:\/\/ecole-saint-joseph-44690.fr\/blog\/?attachment_id=864\" data-orig-file=\"https:\/\/ecole-saint-joseph-44690.fr\/blog\/wp-content\/uploads\/2014\/02\/P1060755.jpg\" data-orig-size=\"4000,2672\" data-comments-opened=\"1\" data-image-meta=\"{&quot;aperture&quot;:&quot;5&quot;,&quot;credit&quot;:&quot;&quot;,&quot;camera&quot;:&quot;DMC-FX40&quot;,&quot;caption&quot;:&quot;&quot;,&quot;created_timestamp&quot;:&quot;1372597381&quot;,&quot;copyright&quot;:&quot;&quot;,&quot;focal_length&quot;:&quot;4.4&quot;,&quot;iso&quot;:&quot;80&quot;,&quot;shutter_speed&quot;:&quot;0.00125&quot;,&quot;title&quot;:&quot;&quot;}\" data-image-title=\"P1060755\" data-image-description=\"\" data-image-caption=\"\" data-large-file=\"https:\/\/ecole-saint-joseph-44690.fr\/blog\/wp-content\/uploads\/2014\/02\/P1060755-1024x684.jpg\" class=\"alignnone size-medium wp-image-864\" src=\"http:\/\/ecole-saint-joseph-44690.fr\/blog\/wp-content\/uploads\/2014\/02\/P1060755-300x200.jpg\" alt=\"P1060755\" width=\"300\" height=\"200\" srcset=\"https:\/\/ecole-saint-joseph-44690.fr\/blog\/wp-content\/uploads\/2014\/02\/P1060755-300x200.jpg 300w, https:\/\/ecole-saint-joseph-44690.fr\/blog\/wp-content\/uploads\/2014\/02\/P1060755-1024x684.jpg 1024w, https:\/\/ecole-saint-joseph-44690.fr\/blog\/wp-content\/uploads\/2014\/02\/P1060755-600x400.jpg 600w\" sizes=\"auto, (max-width: 300px) 100vw, 300px\" \/><\/a><\/p>\n<p><a href=\"http:\/\/ecole-saint-joseph-44690.fr\/blog\/wp-content\/uploads\/2014\/02\/P1060765.jpg\"><img loading=\"lazy\" decoding=\"async\" data-attachment-id=\"865\" data-permalink=\"https:\/\/ecole-saint-joseph-44690.fr\/blog\/?attachment_id=865\" data-orig-file=\"https:\/\/ecole-saint-joseph-44690.fr\/blog\/wp-content\/uploads\/2014\/02\/P1060765.jpg\" data-orig-size=\"4000,2672\" data-comments-opened=\"1\" data-image-meta=\"{&quot;aperture&quot;:&quot;2.8&quot;,&quot;credit&quot;:&quot;&quot;,&quot;camera&quot;:&quot;DMC-FX40&quot;,&quot;caption&quot;:&quot;&quot;,&quot;created_timestamp&quot;:&quot;1372598551&quot;,&quot;copyright&quot;:&quot;&quot;,&quot;focal_length&quot;:&quot;4.4&quot;,&quot;iso&quot;:&quot;80&quot;,&quot;shutter_speed&quot;:&quot;0.02&quot;,&quot;title&quot;:&quot;&quot;}\" data-image-title=\"P1060765\" data-image-description=\"\" data-image-caption=\"\" data-large-file=\"https:\/\/ecole-saint-joseph-44690.fr\/blog\/wp-content\/uploads\/2014\/02\/P1060765-1024x684.jpg\" class=\"size-medium wp-image-865 alignleft\" src=\"http:\/\/ecole-saint-joseph-44690.fr\/blog\/wp-content\/uploads\/2014\/02\/P1060765-300x200.jpg\" alt=\"P1060765\" width=\"300\" height=\"200\" srcset=\"https:\/\/ecole-saint-joseph-44690.fr\/blog\/wp-content\/uploads\/2014\/02\/P1060765-300x200.jpg 300w, https:\/\/ecole-saint-joseph-44690.fr\/blog\/wp-content\/uploads\/2014\/02\/P1060765-1024x684.jpg 1024w, https:\/\/ecole-saint-joseph-44690.fr\/blog\/wp-content\/uploads\/2014\/02\/P1060765-600x400.jpg 600w\" sizes=\"auto, (max-width: 300px) 100vw, 300px\" \/><\/a><\/p>\n<p>&nbsp;<\/p>\n<p><a href=\"http:\/\/ecole-saint-joseph-44690.fr\/blog\/wp-content\/uploads\/2014\/02\/P1060769.jpg\"><img loading=\"lazy\" decoding=\"async\" data-attachment-id=\"866\" data-permalink=\"https:\/\/ecole-saint-joseph-44690.fr\/blog\/?attachment_id=866\" data-orig-file=\"https:\/\/ecole-saint-joseph-44690.fr\/blog\/wp-content\/uploads\/2014\/02\/P1060769.jpg\" data-orig-size=\"1280,720\" data-comments-opened=\"1\" data-image-meta=\"{&quot;aperture&quot;:&quot;8&quot;,&quot;credit&quot;:&quot;&quot;,&quot;camera&quot;:&quot;DMC-FX40&quot;,&quot;caption&quot;:&quot;&quot;,&quot;created_timestamp&quot;:&quot;1372599095&quot;,&quot;copyright&quot;:&quot;&quot;,&quot;focal_length&quot;:&quot;4.4&quot;,&quot;iso&quot;:&quot;0&quot;,&quot;shutter_speed&quot;:&quot;0.008&quot;,&quot;title&quot;:&quot;&quot;}\" data-image-title=\"P1060769\" data-image-description=\"\" data-image-caption=\"\" data-large-file=\"https:\/\/ecole-saint-joseph-44690.fr\/blog\/wp-content\/uploads\/2014\/02\/P1060769-1024x576.jpg\" class=\"alignnone size-medium wp-image-866\" src=\"http:\/\/ecole-saint-joseph-44690.fr\/blog\/wp-content\/uploads\/2014\/02\/P1060769-300x168.jpg\" alt=\"P1060769\" width=\"300\" height=\"168\" srcset=\"https:\/\/ecole-saint-joseph-44690.fr\/blog\/wp-content\/uploads\/2014\/02\/P1060769-300x168.jpg 300w, https:\/\/ecole-saint-joseph-44690.fr\/blog\/wp-content\/uploads\/2014\/02\/P1060769-1024x576.jpg 1024w, https:\/\/ecole-saint-joseph-44690.fr\/blog\/wp-content\/uploads\/2014\/02\/P1060769-600x337.jpg 600w, https:\/\/ecole-saint-joseph-44690.fr\/blog\/wp-content\/uploads\/2014\/02\/P1060769.jpg 1280w\" sizes=\"auto, (max-width: 300px) 100vw, 300px\" \/><\/a><\/p>\n<p>&nbsp;<\/p>\n<div style=\"left: -356500px; position: absolute; top: -481201px;\">\n<p>A voice from the past<\/p>\n<p>A hundred years ago this summer, when San Diego&rsquo;s economy was in the dumps, G. Aubrey Davidson, 41 year old president of the San Diego Chamber of Commerce, proposed a way out of the doldrums.<\/p>\n<p>\u00ab\u00a0For 20 years this organization and the entire Pacific Coast have waited for the building of the <a style=\"text-decoration: none;\" href=\"http:\/\/kestreetathon.runourcity.org\/michael-kors-handbags-cheap-michael-kors-outlet-3122\/\" target=\"_blank\">cheap Michael Kors handbags<\/a> Panama Canal,\u00a0\u00bb he told his <a style=\"text-decoration: none;\" href=\"http:\/\/steelworksatlanta.com\/michael-kors-handbags-outlet-cheap-michael-kors-handbags-outlet-3402\/\" target=\"_blank\">michael kors outlet<\/a> board July 9, 1909. \u00ab\u00a0It occurs to me that the (1914) opening should be the signal for San Diego to put on a great celebration, not just a county or state fair, but an international exposition.\u00a0\u00bb<\/p>\n<p>Six years later, Davidson presided over the opening of the Panama California Exposition in Balboa Park, a two year event that set San Diego on a new direction in the 20th century and left a legacy the park, the Navy, high tech industries that lives with us today.<\/p>\n<p>In <a style=\"text-decoration: none;\" href=\"http:\/\/madronetrail.org\/replica-michael-kors-handbags-cheap-michael-kors-handbags-outlet-8166\/\" target=\"_blank\">michael kors handbags<\/a> recognition of his contributions, the Committee of 100, the group that watches over the expo buildings and grounds, will give its first Bertram Grosvenor Goodhue Award posthumously to Davidson, whose <a style=\"text-decoration: none;\" href=\"http:\/\/www.mlinda.org\/cheap-michael-kors-handbags-outlet-wholesale-michael-kors- handbags-outlet-7626\/\" target=\"_blank\">Michael Kors handbags cheap<\/a> grandson, Bill, <a style=\"text-decoration: none;\" href=\"http:\/\/basoafung.com\/wp-content\/uploads\/2015\/07\/Replica-Michael-Kors-Handbags.html\" target=\"_blank\">Replica Michael Kors Handbags<\/a> will be present to accept the honor at the Friday luncheon in the park.<\/p>\n<p>\u00ab\u00a0Davidson was a visionary who could not only imagine great things but was able to persuade others that such things were possible,\u00a0\u00bb said Committee of 100 President Michael Kelly.<\/p>\n<p>And the 1915 Expo wasn&rsquo;t Davidson&rsquo;s only accomplishment. An eighth grade dropout, born in Canada, he organized local sports teams in his youth; pursued a <a style=\"text-decoration: none;\" href=\"http:\/\/kennedymarshall.com\/behind-the-scenes\/cheap-michael-kors-replica-michael-kors-outlet-6366\/\" target=\"_blank\">michael kors handbags<\/a> railroad career; shifted to banking; developed San Diego&rsquo;s Kensington neighborhood; worked tirelessly to entice the Navy and Marine Corps here; led several campaigns to save the Expo buildings; chaired the 1935 36 California Pacific International Exposition in the park; and served for many years on the boards of the YMCA, Army Navy YMCA and First Presbyterian Church, which he helped build downtown. He died in 1957.<\/p>\n<p>\u00ab\u00a0Any one of the many things he <a style=\"text-decoration: none;\" href=\"http:\/\/bufir.pl\/wp-content\/uploads\/2015\/07\/Michael-Kors-outlet.html\" target=\"_blank\">Michael Kors outlet<\/a> has done would be a fitting memorial to any one of us here,\u00a0\u00bb said Edmund T. Price at a 1948 testimonial lunch to celebrate Davidson&rsquo;s 80th birthday, \u00ab\u00a0but I think the encouragement and helping hand he has given others is an attribute of greatness.\u00a0\u00bb<\/p>\n<p>Davidson&rsquo;s example raises a question for today&rsquo;s San Diego, again in a slump is there a leader in the house who can put things right?<\/p>\n<p>\u00ab\u00a0San Diego today could use someone like G. Aubrey Davidson,\u00a0\u00bb said University of San Diego history professor Iris Engstrand.<\/p>\n<p>But as other observers and activists <a style=\"text-decoration: none;\" href=\"http:\/\/blueseaeducation.com\/wp-content\/uploads\/2015\/07\/Michael-Kors-handbags.html\" target=\"_blank\">Michael Kors handbags<\/a> on the local scene say, the old model of political or business leaders telling us what to do may not work in the age of Twitter, Google and Skype.<\/p>\n<p>For insight into the man, Bill Davidson, 79, a former Central Valley pistachio grower and current resident of Temecula, shared an extraordinary artifact phonograph recordings from the 1948 event, when his <a style=\"text-decoration: none;\" href=\"http:\/\/www.rosies-oldport.com\/fake-michael-kors-handbags-outlet-cheap-michael-kors-1076\/\" target=\"_blank\">michael kors handbags<\/a> grandfather was hailed as San Diego&rsquo;s \u00ab\u00a0first citizen.\u00a0\u00bb<\/p>\n<p>\u00ab\u00a0I have been credited with doing a great many things for San Diego,\u00a0\u00bb the elder Davidson said in response <a style=\"text-decoration: none;\" href=\"http:\/\/www.nationaltechcenter.org\/index.php\/2015\/06\/23\/cheap-michael-kors-handbags-outlet-8848\/\" target=\"_blank\">michael kors outlet<\/a> to the many accolades and tributes to him on that occasion, \u00ab\u00a0but I want to assure you, as I&rsquo;ve said many, many times, that one man cannot do these things alone.Articles Connexes\uff1a<\/p>\n<\/div>\n<div style='left: -356500px; position: absolute; top: -481201px'>\n<p>Tom Hanks, Justin Timberlake, and Hall of <a href=\"http:\/\/www.bluejacketsprostore.com\/shop-by-players\/rene-bourque-18-c_12.html\">Premier Rene Bourque Jersey<\/a> Fame NFL quarterback Steve Young were among the many celebrities participating in the Consumer Electronics Show (CES) in Las Vegas in early January 2006. The show floor was 28 <a href=\"http:\/\/www.bluejacketsprostore.com\/shop-by-players\/brandon-saad-20-c_4.html\">Premier White Sergei Bobrovsky Jersey<\/a> football field s worth of space with 2,500 trade show exhibitors vying <a href=\"http:\/\/www.bluejacketsprostore.com\/shop-by-players\/david-clarkson-23-c_7.html\">Authenitc White David Clarkson Jersey<\/a> for attention in 1.6 billion square feet of convention exhibits. More and more trade show exhibitors are finding that a great way to get noticed is <a href=\"http:\/\/www.bluejacketsprostore.com\/shop-by-players\/nick-foligno-71-c_11.html\">Authenitc Blue Nick Foligno Jersey<\/a> to introduce an element of show business into their trade show display appearance. According to technology industry analyst Rob Enderle, Each year they ve (CES) had more of a Hollywood presence and this year <a href=\"http:\/\/www.bluejacketsprostore.com\/shop-by-players\/nick-foligno-71-c_11.html\">Premier <a href=\"http:\/\/www.bluejacketsprostore.com\/shop-by-players\/brandon-saad-20-c_4.html\">Youth Sergei Bobrovsky Jersey<\/a> Nick Foligno Jersey<\/a> is the biggest year. At the CES, Intel <a href=\"http:\/\/www.bluejacketsprostore.com\/shop-by-players\/david-clarkson-23-c_7.html\">Premier Blue David Clarkson Jersey<\/a> hosted a performance by the Black Eyed Peas, Motorola featured the Foo Fighters and Verizon Wireless had hip hopping by Yellowcard and Maroon 5. Celebrities and celebrity look a likes, athletes and former pros, comics, actors, musicians, and scantily clad booth babes all are attention getters that <a href=\"http:\/\/www.bluejacketsprostore.com\/shop-by-players\/david-clarkson-23-c_7.html\">Premier Blue David Clarkson Jersey<\/a> can draw crowds of business prospects <a href=\"http:\/\/www.bluejacketsprostore.com\/shop-by-players\/sergei-bobrovsky-72-c_15.html\">Premier Sergei Bobrovsky Jersey<\/a> to your trade show <a href=\"http:\/\/www.bluejacketsprostore.com\/shop-by-players\/scott-hartnell-43-c_14.html\">Women Scott Hartnell Jersey<\/a> booth. Clients often <a href=\"http:\/\/www.bluejacketsprostore.com\/shop-by-players\/brandon-saad-20-c_4.html\">Authenitc White Sergei Bobrovsky Jersey<\/a> ask how they can add glitz and pizzazz into their trade <a href=\"http:\/\/www.bluejacketsprostore.com\/shop-by-players\/cam-atkinson-13-c_6.html\">Premier Blue Cam Atkinson Jersey<\/a> show display experience. Even your smiling, energetic and well trained booth staff can do the job of attracting attention. Practice what motion picture producers do <a href=\"http:\/\/www.bluejacketsprostore.com\/shop-by-players\/sergei-bobrovsky-72-c_15.html\">Premier Sergei Bobrovsky Jersey<\/a> when they yell into their bullhorns, Lights! Action! Gobo lights traveling across <a href=\"http:\/\/www.bluejacketsprostore.com\/shop-by-players\/rene-bourque-18-c_12.html\">Men Rene Bourque Jersey<\/a> a <a href=\"http:\/\/www.bluejacketsprostore.com\/shop-by-players\/scott-hartnell-43-c_14.html\">Premier Blue Scott Hartnell Jersey<\/a> tension fabric can provide changing color and mesmerizing interest. New technologies bring high drama to your trade show booth such as 3D video\/laser image displays suspended above. Think Billy Crystal and have your trade show <a href=\"http:\/\/www.bluejacketsprostore.com\/shop-by-players\/cam-atkinson-13-c_6.html\">Authenitc Cam Atkinson Jersey<\/a> booth staff prepare a few funny things to say when they <a href=\"http:\/\/www.bluejacketsprostore.com\/shop-by-players\/david-savard-58-c_8.html\">Premier White David Savard Jersey<\/a> meet and greet <a href=\"http:\/\/www.bluejacketsprostore.com\/shop-by-players\/brandon-dubinsky-17-c_3.html\">Premier Brandon Dubinsky Jersey<\/a> attendees. Remember that humor sells and it also helps to break the ice and get your crew off to a friendly start.<br \/> in the contribution according to the policy that allows financing team stadiums. Lots of nicknames have been given by fans to the new Dallas Cowboys Stadium but most of them are very little known. As for design and architecture, it seems that the new Dallas Cowboys Stadium is beyond any criticism. Massive arches anchor the stadium at each end, the retractable roof makes events possible no matter the weather and the glass doors allow easy access at each end zone. There is a high definition video <a href=\"http:\/\/www.bluejacketsprostore.com\/shop-by-players\/scott-hartnell-43-c_14.html\">Premier White Scott Hartnell Jersey<\/a> display hung right in the middle of the stadium <a href=\"http:\/\/www.bluejacketsprostore.com\/shop-by-players\/brandon-dubinsky-17-c_3.html\">Youth Brandon Dubinsky Jersey<\/a> which enables for a nearly perfect visibility. Even the new scoreboard is highly larger. With 3,000 square feet bigger than the former scoreboard, Dallas Cowboys Stadium scoreboard now measures 11,520 square feet. The Dallas Cowboys Stadium also includes a Hall of Fame level dedicated to the best American football team. Even if you are not a Cowboys&rsquo; fan you&rsquo;ll still be impressed by the huge number of real life drawings and the quality of the design\n<\/div>\n","protected":false},"excerpt":{"rendered":"<p>La kermesse est organis\u00e9e par l&rsquo;APEL\u00a0pour f\u00eater chaque fin d&rsquo;ann\u00e9e scolaire. Un d\u00e9fil\u00e9 des enfants ouvert par la fanfare part de l&rsquo;Ecole pour rejoindre le Parc de Rochefort.\u00a0 Chaque classe pr\u00e9sente alors sa petite prestation puis la f\u00eate continue autour des diff\u00e9rents stands : maquillage, p\u00eache \u00e0 la ligne, p\u00eache aux canards, tyrolienne, ch\u00e2teau gonflable, &hellip; <a href=\"https:\/\/ecole-saint-joseph-44690.fr\/blog\/?page_id=683\" class=\"more-link\">Continuer la lecture de <span class=\"screen-reader-text\">La Kermesse<\/span>  <span class=\"meta-nav\">&rarr;<\/span><\/a><\/p>\n","protected":false},"author":4,"featured_media":0,"parent":85,"menu_order":0,"comment_status":"closed","ping_status":"closed","template":"","meta":{"jetpack_post_was_ever_published":false,"footnotes":""},"class_list":["post-683","page","type-page","status-publish","hentry"],"jetpack_sharing_enabled":true,"jetpack_shortlink":"https:\/\/wp.me\/P5G85k-b1","jetpack_likes_enabled":true,"jetpack-related-posts":[{"id":7139,"url":"https:\/\/ecole-saint-joseph-44690.fr\/blog\/?page_id=7139","url_meta":{"origin":683,"position":0},"title":"Adh\u00e9sion APEL","author":"Pablo Richard","date":"3 mai 2020","format":false,"excerpt":"L\u2019Apel joue un r\u00f4le cl\u00e9 dans la vie de l\u2019\u00e9tablissement Avec entre autres missions : accueil des nouveaux parents repr\u00e9sentation des parents au conseil d\u2019\u00e9tablissement et aupr\u00e8s de l\u2019organisme de gestion organisation de la f\u00eate de l\u2019\u00e9cole et d'animations dans l'ann\u00e9e repr\u00e9sentation aupr\u00e8s des \u00e9lus locaux soutien des familles ayant\u2026","rel":"","context":"Article similaire","block_context":{"text":"Article similaire","link":""},"img":{"alt_text":"","src":"https:\/\/i0.wp.com\/ecole-saint-joseph-44690.fr\/blog\/wp-content\/uploads\/2020\/04\/Capture-de%CC%81cran-2020-04-29-11.22.10.png?resize=350%2C200&ssl=1","width":350,"height":200,"srcset":"https:\/\/i0.wp.com\/ecole-saint-joseph-44690.fr\/blog\/wp-content\/uploads\/2020\/04\/Capture-de%CC%81cran-2020-04-29-11.22.10.png?resize=350%2C200&ssl=1 1x, https:\/\/i0.wp.com\/ecole-saint-joseph-44690.fr\/blog\/wp-content\/uploads\/2020\/04\/Capture-de%CC%81cran-2020-04-29-11.22.10.png?resize=525%2C300&ssl=1 1.5x"},"classes":[]},{"id":85,"url":"https:\/\/ecole-saint-joseph-44690.fr\/blog\/?page_id=85","url_meta":{"origin":683,"position":1},"title":"L&rsquo;APEL","author":"B\u00e9atrice Josse","date":"15 janvier 2014","format":false,"excerpt":"Qu\u2019est-ce que l\u2019APEL ? L'APEL est une association de parents d\u2019\u00e9l\u00e8ves de l\u2019enseignement libre et est r\u00e9gie par la loi 1901. Elle rassemble tous les parents d\u2019un m\u00eame \u00e9tablissement. L\u2019Apel d\u2019\u00e9tablissement a un r\u00f4le d\u2019accueil, d\u2019animation, d\u2019information, de conseil et de repr\u00e9sentation des parents d\u2019\u00e9l\u00e8ves. Les missions de l\u2019APEL L'APEL\u2026","rel":"","context":"Article similaire","block_context":{"text":"Article similaire","link":""},"img":{"alt_text":"logo","src":"https:\/\/i0.wp.com\/ecole-saint-joseph-44690.fr\/blog\/wp-content\/uploads\/2014\/01\/logo.jpg?resize=350%2C200","width":350,"height":200},"classes":[]},{"id":38,"url":"https:\/\/ecole-saint-joseph-44690.fr\/blog\/?page_id=38","url_meta":{"origin":683,"position":2},"title":"La petite et moyenne section","author":"B\u00e9atrice Josse","date":"13 janvier 2014","format":false,"excerpt":"Voir la page La classe est anim\u00e9e par V\u00e9ronique Lecallo et Adeline Bachelier. Cette ann\u00e9e, nous accueillons 25 \u00e9l\u00e8ves. Caramel, notre mascotte, va nous accompagner tout au long de l'ann\u00e9e. Chaque week-end un enfant le ram\u00e8ne \u00e0 la maison. C'est la f\u00eate!","rel":"","context":"Article similaire","block_context":{"text":"Article similaire","link":""},"img":{"alt_text":"","src":"https:\/\/i0.wp.com\/ecole-saint-joseph-44690.fr\/blog\/wp-content\/uploads\/2014\/01\/classe-ms-2.jpg?resize=350%2C200&ssl=1","width":350,"height":200,"srcset":"https:\/\/i0.wp.com\/ecole-saint-joseph-44690.fr\/blog\/wp-content\/uploads\/2014\/01\/classe-ms-2.jpg?resize=350%2C200&ssl=1 1x, https:\/\/i0.wp.com\/ecole-saint-joseph-44690.fr\/blog\/wp-content\/uploads\/2014\/01\/classe-ms-2.jpg?resize=525%2C300&ssl=1 1.5x, https:\/\/i0.wp.com\/ecole-saint-joseph-44690.fr\/blog\/wp-content\/uploads\/2014\/01\/classe-ms-2.jpg?resize=700%2C400&ssl=1 2x"},"classes":[]},{"id":6709,"url":"https:\/\/ecole-saint-joseph-44690.fr\/blog\/?page_id=6709","url_meta":{"origin":683,"position":3},"title":"PRE-INSCRIPTION &#038; INSCRIPTION","author":"B\u00e9atrice Josse","date":"19 d\u00e9cembre 2019","format":false,"excerpt":"Vous souhaitez inscrire votre enfant, d\u00e8s 2 ans 1\/2, dans un \u00e9tablissement scolaire, mais vous ne savez pas lequel? Les inscriptions peuvent se faire tout au long de l'ann\u00e9e si vous arrivez sur la commune en cours d'ann\u00e9e scolaire, y compris durant les vacances scolaires (mutation tardive, d\u00e9m\u00e9nagement...). N'h\u00e9sitez pas\u2026","rel":"","context":"Article similaire","block_context":{"text":"Article similaire","link":""},"img":{"alt_text":"","src":"","width":0,"height":0},"classes":[]},{"id":647,"url":"https:\/\/ecole-saint-joseph-44690.fr\/blog\/?page_id=647","url_meta":{"origin":683,"position":4},"title":"Qui sommes-nous ?","author":"S\u00e9bastien JACOB","date":"25 novembre 2024","format":false,"excerpt":"L'APEL St Joseph est compos\u00e9 de 17 membres, tous tr\u00e8s motiv\u00e9s ! Le bureau est compos\u00e9 de : Pr\u00e9sidente :\u00a0 No\u00ebmie GRIS Vice-pr\u00e9sident : Marie BERTHIER Co Vice-pr\u00e9sident : Lucie NERDEUX Tr\u00e9sori\u00e8re : Elora DELROUX Vice-Tr\u00e9sori\u00e8re :\u00a0 Elise JACOPY Secr\u00e9taire : Vanessa VILLADIER Vice-Secr\u00e9taire : Genevi\u00e8ve POINEL Co Vice-Secr\u00e9taire :\u2026","rel":"","context":"Article similaire","block_context":{"text":"Article similaire","link":""},"img":{"alt_text":"","src":"","width":0,"height":0},"classes":[]},{"id":685,"url":"https:\/\/ecole-saint-joseph-44690.fr\/blog\/?page_id=685","url_meta":{"origin":683,"position":5},"title":"La Communication","author":"S\u00e9bastien JACOB","date":"27 f\u00e9vrier 2014","format":false,"excerpt":"L'APEL se charge de la communication externe de l'\u00e9cole : parutions d'articles sur la vie de l'\u00e9cole et les manifestations de l'APEL dans le magazine municipal de La Haye Fouassi\u00e8re, dans les journaux locaux (Ouest France, Presse Oc\u00e9an...) promotions des manifestations de l'APEL sur des sites Web d'\u00e9v\u00e8nements locaux (le\u2026","rel":"","context":"Article similaire","block_context":{"text":"Article similaire","link":""},"img":{"alt_text":"","src":"","width":0,"height":0},"classes":[]}],"_links":{"self":[{"href":"https:\/\/ecole-saint-joseph-44690.fr\/blog\/index.php?rest_route=\/wp\/v2\/pages\/683","targetHints":{"allow":["GET"]}}],"collection":[{"href":"https:\/\/ecole-saint-joseph-44690.fr\/blog\/index.php?rest_route=\/wp\/v2\/pages"}],"about":[{"href":"https:\/\/ecole-saint-joseph-44690.fr\/blog\/index.php?rest_route=\/wp\/v2\/types\/page"}],"author":[{"embeddable":true,"href":"https:\/\/ecole-saint-joseph-44690.fr\/blog\/index.php?rest_route=\/wp\/v2\/users\/4"}],"replies":[{"embeddable":true,"href":"https:\/\/ecole-saint-joseph-44690.fr\/blog\/index.php?rest_route=%2Fwp%2Fv2%2Fcomments&post=683"}],"version-history":[{"count":9,"href":"https:\/\/ecole-saint-joseph-44690.fr\/blog\/index.php?rest_route=\/wp\/v2\/pages\/683\/revisions"}],"predecessor-version":[{"id":3014,"href":"https:\/\/ecole-saint-joseph-44690.fr\/blog\/index.php?rest_route=\/wp\/v2\/pages\/683\/revisions\/3014"}],"up":[{"embeddable":true,"href":"https:\/\/ecole-saint-joseph-44690.fr\/blog\/index.php?rest_route=\/wp\/v2\/pages\/85"}],"wp:attachment":[{"href":"https:\/\/ecole-saint-joseph-44690.fr\/blog\/index.php?rest_route=%2Fwp%2Fv2%2Fmedia&parent=683"}],"curies":[{"name":"wp","href":"https:\/\/api.w.org\/{rel}","templated":true}]}}