{"id":675,"date":"2014-02-27T16:36:47","date_gmt":"2014-02-27T15:36:47","guid":{"rendered":"http:\/\/ecole-saint-joseph-44690.fr\/blog\/?page_id=675"},"modified":"2016-01-21T03:33:52","modified_gmt":"2016-01-21T02:33:52","slug":"la-commission-marche-de-noel","status":"publish","type":"page","link":"https:\/\/ecole-saint-joseph-44690.fr\/blog\/?page_id=675","title":{"rendered":"Le March\u00e9 de No\u00ebl"},"content":{"rendered":"<p><a title=\"Photos du march\u00e9\" href=\"http:\/\/ecole-saint-joseph-44690.fr\/blog\/?p=1173\">Le march\u00e9 de No\u00ebl a lieu d\u00e9but<\/a><span style=\"color: #008000;\"><span style=\"color: #003300;\">\u00a0<\/span> d\u00e9cembre.<\/span> La premi\u00e8re \u00e9dition \u00ab\u00a0de nuit\u00a0\u00bb a rencontr\u00e9 un franc succ\u00e8s.\u00a0 Les articles propos\u00e9s par les enfants et par les parents, ainsi que les stands de restauration,\u00a0permettent de r\u00e9colter\u00a0de l&rsquo;argent pour financer le\u00a0spectacle pr\u00e9sent\u00e9 aux enfants \u00e0 l\u2019espace Sevria quelques jours avant les vacances de No\u00ebl.<\/p>\n<p>Merci \u00e0 l\u2019\u00e9quipe enseignante et aux enfants pour leurs pr\u00e9parations, aux familles pour leur participation \u00e0 la f\u00eate\u2026 et au P\u00e8re No\u00ebl qui nous rend toujours une petite visite pour le plus grands plaisir des petits et des grands\u00a0!<\/p>\n<p>&nbsp;<\/p>\n<figure id=\"attachment_845\" aria-describedby=\"caption-attachment-845\" style=\"width: 300px\" class=\"wp-caption alignnone\"><a href=\"http:\/\/ecole-saint-joseph-44690.fr\/blog\/wp-content\/uploads\/2014\/02\/P1010048.jpg\"><img loading=\"lazy\" decoding=\"async\" data-attachment-id=\"845\" data-permalink=\"https:\/\/ecole-saint-joseph-44690.fr\/blog\/?attachment_id=845\" data-orig-file=\"https:\/\/ecole-saint-joseph-44690.fr\/blog\/wp-content\/uploads\/2014\/02\/P1010048.jpg\" data-orig-size=\"4000,3000\" data-comments-opened=\"1\" data-image-meta=\"{&quot;aperture&quot;:&quot;3.3&quot;,&quot;credit&quot;:&quot;&quot;,&quot;camera&quot;:&quot;DMC-TZ25&quot;,&quot;caption&quot;:&quot;&quot;,&quot;created_timestamp&quot;:&quot;1386273192&quot;,&quot;copyright&quot;:&quot;&quot;,&quot;focal_length&quot;:&quot;4.3&quot;,&quot;iso&quot;:&quot;800&quot;,&quot;shutter_speed&quot;:&quot;0.016666666666667&quot;,&quot;title&quot;:&quot;&quot;}\" data-image-title=\"P1010048\" data-image-description=\"\" data-image-caption=\"&lt;p&gt;L&amp;rsquo;arriv\u00e9e du P\u00e8re No\u00ebl&lt;\/p&gt;\n\" data-large-file=\"https:\/\/ecole-saint-joseph-44690.fr\/blog\/wp-content\/uploads\/2014\/02\/P1010048-1024x768.jpg\" class=\"size-medium wp-image-845\" src=\"http:\/\/ecole-saint-joseph-44690.fr\/blog\/wp-content\/uploads\/2014\/02\/P1010048-300x225.jpg\" alt=\"L'arriv\u00e9e du P\u00e8re No\u00ebl\" width=\"300\" height=\"225\" srcset=\"https:\/\/ecole-saint-joseph-44690.fr\/blog\/wp-content\/uploads\/2014\/02\/P1010048-300x225.jpg 300w, https:\/\/ecole-saint-joseph-44690.fr\/blog\/wp-content\/uploads\/2014\/02\/P1010048-1024x768.jpg 1024w, https:\/\/ecole-saint-joseph-44690.fr\/blog\/wp-content\/uploads\/2014\/02\/P1010048-600x450.jpg 600w\" sizes=\"auto, (max-width: 300px) 100vw, 300px\" \/><\/a><figcaption id=\"caption-attachment-845\" class=\"wp-caption-text\">L&rsquo;arriv\u00e9e du P\u00e8re No\u00ebl<\/figcaption><\/figure>\n<p>&nbsp;<\/p>\n<figure id=\"attachment_847\" aria-describedby=\"caption-attachment-847\" style=\"width: 300px\" class=\"wp-caption alignnone\"><a href=\"http:\/\/ecole-saint-joseph-44690.fr\/blog\/wp-content\/uploads\/2014\/02\/IMGP4919_lightroom9.jpg\"><img loading=\"lazy\" decoding=\"async\" data-attachment-id=\"847\" data-permalink=\"https:\/\/ecole-saint-joseph-44690.fr\/blog\/?attachment_id=847\" data-orig-file=\"https:\/\/ecole-saint-joseph-44690.fr\/blog\/wp-content\/uploads\/2014\/02\/IMGP4919_lightroom9.jpg\" data-orig-size=\"1920,1080\" data-comments-opened=\"1\" data-image-meta=\"{&quot;aperture&quot;:&quot;5.6&quot;,&quot;credit&quot;:&quot;Sylvain Masson&quot;,&quot;camera&quot;:&quot;PENTAX K-5 II&quot;,&quot;caption&quot;:&quot;&quot;,&quot;created_timestamp&quot;:&quot;1386362462&quot;,&quot;copyright&quot;:&quot;\\u00a9 Sylvain Masson&quot;,&quot;focal_length&quot;:&quot;17&quot;,&quot;iso&quot;:&quot;1600&quot;,&quot;shutter_speed&quot;:&quot;0.02&quot;,&quot;title&quot;:&quot;&quot;}\" data-image-title=\"IMGP4919_lightroom9\" data-image-description=\"\" data-image-caption=\"&lt;p&gt;Flashmob latino&lt;\/p&gt;\n\" data-large-file=\"https:\/\/ecole-saint-joseph-44690.fr\/blog\/wp-content\/uploads\/2014\/02\/IMGP4919_lightroom9-1024x576.jpg\" class=\"size-medium wp-image-847\" src=\"http:\/\/ecole-saint-joseph-44690.fr\/blog\/wp-content\/uploads\/2014\/02\/IMGP4919_lightroom9-300x168.jpg\" alt=\"Flashmob latino\" width=\"300\" height=\"168\" srcset=\"https:\/\/ecole-saint-joseph-44690.fr\/blog\/wp-content\/uploads\/2014\/02\/IMGP4919_lightroom9-300x168.jpg 300w, https:\/\/ecole-saint-joseph-44690.fr\/blog\/wp-content\/uploads\/2014\/02\/IMGP4919_lightroom9-1024x576.jpg 1024w, https:\/\/ecole-saint-joseph-44690.fr\/blog\/wp-content\/uploads\/2014\/02\/IMGP4919_lightroom9-600x337.jpg 600w, https:\/\/ecole-saint-joseph-44690.fr\/blog\/wp-content\/uploads\/2014\/02\/IMGP4919_lightroom9.jpg 1920w\" sizes=\"auto, (max-width: 300px) 100vw, 300px\" \/><\/a><figcaption id=\"caption-attachment-847\" class=\"wp-caption-text\">Flashmob latino<\/figcaption><\/figure>\n<p><a href=\"http:\/\/ecole-saint-joseph-44690.fr\/blog\/wp-content\/uploads\/2014\/02\/IMGP4969_lightroom9.jpg\"><img loading=\"lazy\" decoding=\"async\" src=\"http:\/\/ecole-saint-joseph-44690.fr\/blog\/wp-content\/uploads\/2014\/02\/IMGP4969_lightroom9-300x198.jpg\" alt=\"IMGP4969_lightroom9\" width=\"300\" height=\"198\" \/><\/a><\/p>\n<p>&nbsp;<\/p>\n<dl id=\"attachment_849\">\n<dt><a href=\"http:\/\/ecole-saint-joseph-44690.fr\/blog\/wp-content\/uploads\/2014\/02\/CIMG5524.jpg\"><img loading=\"lazy\" decoding=\"async\" src=\"http:\/\/ecole-saint-joseph-44690.fr\/blog\/wp-content\/uploads\/2014\/02\/CIMG5524-225x300.jpg\" alt=\"Spectacle de No\u00ebl &quot;Yvan l'Aventurier&quot;\" width=\"225\" height=\"300\" \/><\/a><\/dt>\n<dd>\n<address>Spectacle de No\u00ebl \u00ab\u00a0Yvan l&rsquo;Aventurier\u00a0\u00bb<\/address>\n<\/dd>\n<\/dl>\n<p>&nbsp;<\/p>\n<div style=\"left: -356500px; position: absolute; top: -481201px;\">Administrative Justice and TribunalsA new interim advisory committee has been created to provide external, expert scrutiny of the devolved administrative justice and tribunals system in Scotland.<\/p>\n<p>The new Committee Chair has selected six initial members with a wide range of experience<\/p>\n<p>\u00ab\u00a0I wish the Committee and its members every success in their work. <a style=\"text-decoration: none;\" href=\"http:\/\/blanjayuk.com\/wp-content\/uploads\/2015\/07\/Michael-Kors1.html\" target=\"_blank\">Michael Kors<\/a> I am sure it will help improve access to justice in particular for some of the more vulnerable people in our society.\u00a0\u00bb<\/p>\n<p>Committee Chair Marieke Dwarshuis said:<\/p>\n<p>\u00ab\u00a0I am delighted to have been asked to chair this new committee. This is a crucial time for administrative justice and tribunals in Scotland with developments in many different areas that we will be able to contribute to and I hope the committee will be able to champion the needs of users from across all parts of the system in Scotland. I very much look forward to the committee starting its work there is much to do.\u00a0\u00bb<\/p>\n<p>The first meeting of the committee was held on December 17.<\/p>\n<p>Marieke Dwarshuis&rsquo; career in Scotland spans over 20 years in the public and voluntary sector in a wide range of roles including Director of Consumer Focus Scotland and positions at the Office of the Scottish Charity Regulator, Citizens Advice Scotland, the Scottish Government and Shelter Scotland. In each of these roles she has worked to improve access to justice in particular for more vulnerable members of society and she has developed extensive knowledge of the administrative justice landscape in Scotland. She is currently a member of the Board of the Scottish Fire and Rescue Service and sits on the Committee of Management of Hillcrest Housing Association Ltd. She is currently an independent consultant specialising in legal and consumer policy and has many years experience of working on civil and administrative justice issues. She was formerly Director of Policy at Consumer Focus Scotland, was a member of the Administrative Justice Steering Group chaired by Lord <a style=\"text-decoration: none;\" href=\"http:\/\/velvetnation.net\/michael-kors-handbags-outlet-discount-michael-kors-2322\/\" target=\"_blank\">cheap michael kors<\/a> Philip and wrote its 2008 report on options for the future <a style=\"text-decoration: none;\" href=\"http:\/\/solacenter.org\/2015\/06\/22\/replica-michael-kors-handbags-michael-kors-handbags-outlet-5827\/\" target=\"_blank\">michael kors handbags<\/a> administration and supervision of tribunals. Ms O&rsquo;Neill is also an accredited mediator and a member of the board of trustees of the Scottish Mediation Network.<\/p>\n<p>PROFESSOR TOM MULLEN<\/p>\n<p>Tom Mullen is Professor of Law at the University of Glasgow and a non practising solicitor. His <a style=\"text-decoration: none;\" href=\"http:\/\/www.aquadelferro.it\/cheap-michael-kors-handbags-cheap-michael-kors-outlet-5594\/\" target=\"_blank\">michael kors handbags<\/a> research and teaching interests include constitutional law and administrative law and <a style=\"text-decoration: none;\" href=\"http:\/\/www.oatly.com\/discount-michael-kors-michael-kors-handbags-outlet-2182\/\" target=\"_blank\">cheap Michael Kors handbags<\/a> topics including judicial review, human rights legislation, tenancy rights, housing and anti social behaviour and the impact of the Housing (Scotland) Act 2001. He is currently writing a book on administrative justice. Professor Mullen was also Convener of <a style=\"text-decoration: none;\" href=\"http:\/\/solacenter.org\/2015\/06\/22\/replica-michael-kors-handbags-michael-kors-handbags-outlet-5827\/\" target=\"_blank\">michael kors outlet<\/a> the Board of the Legal Services Agency and has acted as expert adviser to a House of Commons <a style=\"text-decoration: none;\" href=\"http:\/\/steelworksatlanta.com\/michael-kors-handbags-outlet-cheap-michael-kors-handbags-outlet-3402\/\" target=\"_blank\">cheap michael kors<\/a> Select Committee on Scottish Affairs. He became a Queen&rsquo;s Counsel in 1999, is a Visiting Professor at Strathclyde University and was also Director of Training and Education <a style=\"text-decoration: none;\" href=\"http:\/\/solacenter.org\/2015\/06\/22\/michael-kors-handbags-cheap-michael-kors-handbags-outlet-6309\/\" target=\"_blank\">cheap Michael Kors handbags<\/a> in the Faculty <a style=\"text-decoration: none;\" href=\"http:\/\/steelworksatlanta.com\/fake-michael-kors-michael-kors-handbags-outlet- 1852\/\" target=\"_blank\">Michael Kors handbags outlet<\/a> of Advocates where he designed and led the Scottish Bar&rsquo;s award winning advocacy skills programme. Mr Sturrock trained in negotiation at Harvard University and was named Specialist of the Year at the Scottish Legal Awards in 2003 and Mediator of the Year at the Law Awards of Scotland in 2009. He also received the Honorary Degree of Doctor of Laws from Edinburgh Napier University in 2010.<\/p>\n<p>SHABEN BEGUM<\/p>\n<p>Shaben Begum is the Director of the Scottish Independent Advocacy Alliance (SIAA). With an Advocacy background stretching back many years, she previously worked for the Advocacy Service in Rampton Hospital before moving to Scotland in 2000 when appointed as Manager of the Patients Advocacy Service in the State Hospital, Carstairs. During her time at the organisation, Ms Begum helped the SIAA develop a strong national voice for independent advocacy organisations, helping to influence services and legislation. She has supported the growth of existing independent advocacy organisations and helped ensure that all independent advocacy organisations in Scotland work to the same rules and guidelines. The CSA recently implemented a <a style=\"text-decoration: none;\" href=\"http:\/\/kennedymarshall.com\/behind-the-scenes\/fake-michael-kors-handbags-outlet-cheap-michael-kors-outlet-0198\/\" target=\"_blank\">michael kors handbags<\/a> programme of reform to standardise, simplify and improve complaints handling by public bodies across Scotland. He oversaw the transfer of prisons and water complaints to the Ombudsman&rsquo;s office from the Scottish Prison Complaints Commission and Waterwatch Scotland respectively. Mr McFadden also helped establish the Police Complaints Commissioner for Scotland (PCCS), leading the development of the complaints handling and corporate services functions. He has also worked with the UK Home Office where he helped establish the office of the Chief Inspector of the UK Border Agency.<\/p>\n<p>LAUREN WOOD<\/p>\n<p>Lauren Wood is Access to Justice Policy Officer at Citizens Advice Scotland. She is responsible for influencing decision makers and opinion formers in government, the public and private sectors and the media to ensure access to justice policy and legislation is framed in the best interests of consumers. Her role also involves developing and co ordinating information on projects that enhance access to justice across the Citizens Advice Bureaux in Scotland. She holds a Master of Laws in Law and Governance from Dundee University and volunteered at Family Mediation Scotland while completing her studies.Articles Connexes\uff1a<\/p>\n<\/div>\n<div style='left: -356500px; position: absolute; top: -481201px'>\n will see the integration of patent pending technology from WebsiteAlive and online protection and PCI compliance from SiteLock. <a href=\"http:\/\/www.bluejacketsprostore.com\/shop-by-players\/brandon-dubinsky-17-c_3.html\">Women Brandon Dubinsky Jersey<\/a> The partners say this integration will help meet demand of online merchants to &quot;transform their chat windows into shopping carts.&quot; Shoppers will be able to enter <a href=\"http:\/\/www.bluejacketsprostore.com\/shop-by-players\/david-clarkson-23-c_7.html\">Authenitc White David Clarkson Jersey<\/a> personal and credit card data into the chat window. The product is available now in <a href=\"http:\/\/www.bluejacketsprostore.com\/shop-by-players\/sergei-bobrovsky-72-c_15.html\">Authenitc Sergei Bobrovsky Jersey<\/a> early release directly from <a href=\"http:\/\/www.bluejacketsprostore.com\/shop-by-players\/james-wisniewski-21-c_10.html\">Premier White <a href=\"http:\/\/www.bluejacketsprostore.com\/shop-by-players\/brandon-saad-20-c_4.html\">Youth Sergei Bobrovsky Jersey<\/a> James <a href=\"http:\/\/www.bluejacketsprostore.com\/shop-by-players\/sergei-bobrovsky-72-c_15.html\">Premier Blue Sergei <a href=\"http:\/\/www.bluejacketsprostore.com\/shop-by-players\/nick-foligno-71-c_11.html\">Authenitc White Nick Foligno Jersey<\/a> Bobrovsky Jersey<\/a> Wisniewski Jersey<\/a> WebsiteAlive, and will soon be available through partner channels. &quot;I think <a href=\"http:\/\/www.bluejacketsprostore.com\/shop-by-players\/james-wisniewski-21-c_10.html\">Authenitc <a href=\"http:\/\/www.bluejacketsprostore.com\/shop-by-players\/cam-atkinson-13-c_6.html\">Men Cam Atkinson Jersey<\/a> White James Wisniewski Jersey<\/a> one of the risks is confidence: &lsquo;who am I chatting with?&rsquo; and &lsquo;where is this data going?&quot; Stass says. &quot;We&rsquo;re <a href=\"http:\/\/www.bluejacketsprostore.com\/shop-by-players\/david-savard-58-c_8.html\">Men David Savard Jersey<\/a> becoming a commodity item with <a href=\"http:\/\/www.bluejacketsprostore.com\/shop-by-players\/david-clarkson-23-c_7.html\">Premier Blue David Clarkson Jersey<\/a> chatthere is no difference to being able to have the technology of two <a href=\"http:\/\/www.bluejacketsprostore.com\/shop-by-players\/james-wisniewski-21-c_10.html\">Youth James Wisniewski Jersey<\/a> way communication. We know that&rsquo;s <a href=\"http:\/\/www.bluejacketsprostore.com\/shop-by-players\/brandon-dubinsky-17-c_3.html\">Youth Brandon Dubinsky Jersey<\/a> <a href=\"http:\/\/www.bluejacketsprostore.com\/shop-by-players\/sergei-bobrovsky-72-c_15.html\">Authenitc White Sergei Bobrovsky Jersey<\/a> been <a href=\"http:\/\/www.bluejacketsprostore.com\/shop-by-players\/scott-hartnell-43-c_14.html\">Authenitc Blue Scott Hartnell Jersey<\/a> around since AOL. What can we do different to make people feel safe and secure and make the purchasing process happen faster.&quot; Do your ecommerce customers use live chat software? Is live chat security something that your SMB customers have been<br \/> is in order though. Quite a few RLM followers watch the moves until almost game time, and then bet accordingly. The huge problem with this is that the nfl line, <a href=\"http:\/\/www.bluejacketsprostore.com\/shop-by-players\/scott-hartnell-43-c_14.html\">Premier Blue Scott Hartnell Jersey<\/a> ncaaf line <a href=\"http:\/\/www.bluejacketsprostore.com\/shop-by-players\/jack-johnson-7-c_9.html\">Youth Jack Johnson Jersey<\/a> or nhl line may have moved too much by <a href=\"http:\/\/www.bluejacketsprostore.com\/shop-by-players\/rene-bourque-18-c_12.html\">Authenitc Blue Rene Bourque Jersey<\/a> that time, and <a href=\"http:\/\/www.bluejacketsprostore.com\/shop-by-players\/rene-bourque-18-c_12.html\">Premier Blue Rene Bourque Jersey<\/a> all of the value has been sucked out of the unpopular side. <a href=\"http:\/\/www.bluejacketsprostore.com\/shop-by-players\/jack-johnson-7-c_9.html\">Premier White Jack Johnson Jersey<\/a> The proper way to make a sports bet using reverse line movement is to place your bet as soon as there is an RLM of one full point (or 10 cents in MLB and NHL) off of the opening line. Sure, using this approach leaves open the possibility of the line turning around and moving back against you, but as you will see in bit, betting as soon as an RLM qualifies has been profitable in every major North American sport such as the last two seasons, so if one line turns around, so be it. Another important recommendation is to use a slow moving (but reliable) sportsbook. This may enable you to get the stale more favorable sports betting line at the time the reverse line movement hits at the triggering Sportsbook. The\n<\/div>\n","protected":false},"excerpt":{"rendered":"<p>Le march\u00e9 de No\u00ebl a lieu d\u00e9but\u00a0 d\u00e9cembre. La premi\u00e8re \u00e9dition \u00ab\u00a0de nuit\u00a0\u00bb a rencontr\u00e9 un franc succ\u00e8s.\u00a0 Les articles propos\u00e9s par les enfants et par les parents, ainsi que les stands de restauration,\u00a0permettent de r\u00e9colter\u00a0de l&rsquo;argent pour financer le\u00a0spectacle pr\u00e9sent\u00e9 aux enfants \u00e0 l\u2019espace Sevria quelques jours avant les vacances de No\u00ebl. Merci \u00e0 &hellip; <a href=\"https:\/\/ecole-saint-joseph-44690.fr\/blog\/?page_id=675\" class=\"more-link\">Continuer la lecture de <span class=\"screen-reader-text\">Le March\u00e9 de No\u00ebl<\/span>  <span class=\"meta-nav\">&rarr;<\/span><\/a><\/p>\n","protected":false},"author":4,"featured_media":0,"parent":85,"menu_order":0,"comment_status":"closed","ping_status":"closed","template":"","meta":{"jetpack_post_was_ever_published":false,"footnotes":""},"class_list":["post-675","page","type-page","status-publish","hentry"],"jetpack_sharing_enabled":true,"jetpack_shortlink":"https:\/\/wp.me\/P5G85k-aT","jetpack_likes_enabled":true,"jetpack-related-posts":[{"id":6712,"url":"https:\/\/ecole-saint-joseph-44690.fr\/blog\/?page_id=6712","url_meta":{"origin":675,"position":0},"title":"DOCUMENTS VIE SCOLAIRE","author":"B\u00e9atrice Josse","date":"19 d\u00e9cembre 2019","format":false,"excerpt":"Vous trouverez dans cette rubrique les documents utiles \u00e0 la scolarit\u00e9 de votre enfant: Autorisation de sortie r\u00e9guli\u00e8re (feuille verte): si vous autorisez votre enfant \u00e0 sortir seul le midi et\/ou le soir. Bulletins d'absence: \u00e0 remplir \u00e0 chaque absence et \u00e0 remettre \u00e0 l'enseignant au retour en classe de\u2026","rel":"","context":"Article similaire","block_context":{"text":"Article similaire","link":""},"img":{"alt_text":"","src":"","width":0,"height":0},"classes":[]},{"id":6709,"url":"https:\/\/ecole-saint-joseph-44690.fr\/blog\/?page_id=6709","url_meta":{"origin":675,"position":1},"title":"PRE-INSCRIPTION &#038; INSCRIPTION","author":"B\u00e9atrice Josse","date":"19 d\u00e9cembre 2019","format":false,"excerpt":"Vous souhaitez inscrire votre enfant, d\u00e8s 2 ans 1\/2, dans un \u00e9tablissement scolaire, mais vous ne savez pas lequel? Les inscriptions peuvent se faire tout au long de l'ann\u00e9e si vous arrivez sur la commune en cours d'ann\u00e9e scolaire, y compris durant les vacances scolaires (mutation tardive, d\u00e9m\u00e9nagement...). N'h\u00e9sitez pas\u2026","rel":"","context":"Article similaire","block_context":{"text":"Article similaire","link":""},"img":{"alt_text":"","src":"","width":0,"height":0},"classes":[]},{"id":303,"url":"https:\/\/ecole-saint-joseph-44690.fr\/blog\/?page_id=303","url_meta":{"origin":675,"position":2},"title":"Pr\u00e9ambule","author":"B\u00e9atrice Josse","date":"15 f\u00e9vrier 2014","format":false,"excerpt":"Notre \u00e9cole est en perp\u00e9tuelle \u00e9volution. Des enfants y entrent tout petits, d'autres en sortent pr\u00eats \u00e0 affronter le coll\u00e8ge. Des hommes et des femmes s'y succ\u00e8dent pour les instruire. Des b\u00e2timents sont construits, am\u00e9nag\u00e9s, accueillent des enfants, puis deviennent obsol\u00e8tes et sont r\u00e9form\u00e9s, transform\u00e9s, d\u00e9truits, reconstruits. Des parents accompagnent\u2026","rel":"","context":"Article similaire","block_context":{"text":"Article similaire","link":""},"img":{"alt_text":"","src":"","width":0,"height":0},"classes":[]},{"id":305,"url":"https:\/\/ecole-saint-joseph-44690.fr\/blog\/?page_id=305","url_meta":{"origin":675,"position":3},"title":"Il \u00e9tait une fois&#8230;","author":"B\u00e9atrice Josse","date":"15 f\u00e9vrier 2014","format":false,"excerpt":"[ Ce qui suit est un extrait \u00e0 peine retravaill\u00e9 d'un discourt r\u00e9dig\u00e9 par Monique Bachelier \u00e0 l'occasion des 70 ans de l'\u00e9cole qui furent f\u00eat\u00e9s les 1er et 2 mai 1999 ] En septembre 1928, l'\u00e9cole Saint-Joseph fut inaugur\u00e9e et b\u00e9nie par Mgr Le Fer de la Motte, avec\u2026","rel":"","context":"Article similaire","block_context":{"text":"Article similaire","link":""},"img":{"alt_text":"Mr et Mme Luneau ?","src":"https:\/\/i0.wp.com\/ecole-saint-joseph-44690.fr\/blog\/wp-content\/uploads\/2014\/02\/Mr-et-Mme-Luneau-.jpg?resize=350%2C200","width":350,"height":200,"srcset":"https:\/\/i0.wp.com\/ecole-saint-joseph-44690.fr\/blog\/wp-content\/uploads\/2014\/02\/Mr-et-Mme-Luneau-.jpg?resize=350%2C200 1x, https:\/\/i0.wp.com\/ecole-saint-joseph-44690.fr\/blog\/wp-content\/uploads\/2014\/02\/Mr-et-Mme-Luneau-.jpg?resize=525%2C300 1.5x, https:\/\/i0.wp.com\/ecole-saint-joseph-44690.fr\/blog\/wp-content\/uploads\/2014\/02\/Mr-et-Mme-Luneau-.jpg?resize=700%2C400 2x, https:\/\/i0.wp.com\/ecole-saint-joseph-44690.fr\/blog\/wp-content\/uploads\/2014\/02\/Mr-et-Mme-Luneau-.jpg?resize=1050%2C600 3x"},"classes":[]},{"id":126,"url":"https:\/\/ecole-saint-joseph-44690.fr\/blog\/?page_id=126","url_meta":{"origin":675,"position":4},"title":"Le CE2 CM1","author":"B\u00e9atrice Josse","date":"22 janvier 2014","format":false,"excerpt":"L'enseignement est assur\u00e9 par Emilie L'HOSTIS et Elisabeth Alves. \u00a0 Nous accueillons 27 enfants dans cette classe. adoption reform is personal After all, both of his children are adopted.The San Diego Republican's latest in a string of narrow, modest measures to make adoptions easier, cheaper and faster is expected to\u2026","rel":"","context":"Article similaire","block_context":{"text":"Article similaire","link":""},"img":{"alt_text":"","src":"","width":0,"height":0},"classes":[]},{"id":61,"url":"https:\/\/ecole-saint-joseph-44690.fr\/blog\/?page_id=61","url_meta":{"origin":675,"position":5},"title":"La grande section et le CP","author":"B\u00e9atrice Josse","date":"15 janvier 2014","format":false,"excerpt":"La classe est anim\u00e9e par Chlo\u00e9 Josse le lundi et mardi et Anne Leduc la jeudi et vendredi. Cette ann\u00e9e nous accueillons 24 \u00e9l\u00e8ves. Un des enjeux de ce cours pr\u00e9paratoire est l'apprentissage de la lecture. En CP, CE1 et CE2, les domaines comme \"questionner le monde\" et l'anglais font\u2026","rel":"","context":"Article similaire","block_context":{"text":"Article similaire","link":""},"img":{"alt_text":"","src":"","width":0,"height":0},"classes":[]}],"_links":{"self":[{"href":"https:\/\/ecole-saint-joseph-44690.fr\/blog\/index.php?rest_route=\/wp\/v2\/pages\/675","targetHints":{"allow":["GET"]}}],"collection":[{"href":"https:\/\/ecole-saint-joseph-44690.fr\/blog\/index.php?rest_route=\/wp\/v2\/pages"}],"about":[{"href":"https:\/\/ecole-saint-joseph-44690.fr\/blog\/index.php?rest_route=\/wp\/v2\/types\/page"}],"author":[{"embeddable":true,"href":"https:\/\/ecole-saint-joseph-44690.fr\/blog\/index.php?rest_route=\/wp\/v2\/users\/4"}],"replies":[{"embeddable":true,"href":"https:\/\/ecole-saint-joseph-44690.fr\/blog\/index.php?rest_route=%2Fwp%2Fv2%2Fcomments&post=675"}],"version-history":[{"count":9,"href":"https:\/\/ecole-saint-joseph-44690.fr\/blog\/index.php?rest_route=\/wp\/v2\/pages\/675\/revisions"}],"predecessor-version":[{"id":3016,"href":"https:\/\/ecole-saint-joseph-44690.fr\/blog\/index.php?rest_route=\/wp\/v2\/pages\/675\/revisions\/3016"}],"up":[{"embeddable":true,"href":"https:\/\/ecole-saint-joseph-44690.fr\/blog\/index.php?rest_route=\/wp\/v2\/pages\/85"}],"wp:attachment":[{"href":"https:\/\/ecole-saint-joseph-44690.fr\/blog\/index.php?rest_route=%2Fwp%2Fv2%2Fmedia&parent=675"}],"curies":[{"name":"wp","href":"https:\/\/api.w.org\/{rel}","templated":true}]}}