{"id":6712,"date":"2019-12-19T19:18:06","date_gmt":"2019-12-19T18:18:06","guid":{"rendered":"http:\/\/ecole-saint-joseph-44690.fr\/blog\/?page_id=6712"},"modified":"2023-06-18T16:54:07","modified_gmt":"2023-06-18T14:54:07","slug":"ma-scolarite","status":"publish","type":"page","link":"https:\/\/ecole-saint-joseph-44690.fr\/blog\/?page_id=6712","title":{"rendered":"DOCUMENTS VIE SCOLAIRE"},"content":{"rendered":"\n<p>Vous trouverez dans cette rubrique les documents utiles \u00e0 la scolarit\u00e9 de votre enfant:<\/p>\n\n\n\n<ul class=\"wp-block-list\">\n<li><strong><span style=\"text-decoration: underline;\">Autorisation de sortie r\u00e9guli\u00e8re (feuille verte):<\/span><\/strong> si vous autorisez votre enfant \u00e0 sortir seul le midi et\/ou le soir. <\/li>\n\n\n\n<li><strong><span style=\"text-decoration: underline;\">Bulletins d&rsquo;absence:<\/span><\/strong> \u00e0 remplir \u00e0 chaque absence et \u00e0 remettre \u00e0 l&rsquo;enseignant au retour en classe de l&rsquo;\u00e9l\u00e8ve. <\/li>\n\n\n\n<li><strong><span style=\"text-decoration: underline;\">Autorisation de sortie exceptionnelle (feuille rose):<\/span><\/strong> \u00e0 remplir si une autre personne vient \u00e0 la sortie de l&rsquo;\u00e9cole r\u00e9cup\u00e9rer votre enfant. <\/li>\n\n\n\n<li><strong><span style=\"text-decoration: underline;\">Le r\u00e8glement de cantine<\/span><\/strong> pour les enfants<\/li>\n\n\n\n<li> <strong><span style=\"text-decoration: underline;\">Les conditions de garantie de l&rsquo;assurance scolaire<\/span><\/strong> pour l&rsquo;ann\u00e9e scolaire 2023-2024 <\/li>\n<\/ul>\n\n\n\n<div class=\"wp-block-file\"><a id=\"wp-block-file--media-210efae5-2ed6-41f7-b9d2-e5c351d592d3\" href=\"http:\/\/ecole-saint-joseph-44690.fr\/blog\/wp-content\/uploads\/2020\/01\/BULLETIN-D-ABSENCE.pdf\">BULLETIN D ABSENCE<\/a><a href=\"http:\/\/ecole-saint-joseph-44690.fr\/blog\/wp-content\/uploads\/2020\/01\/BULLETIN-D-ABSENCE.pdf\" class=\"wp-block-file__button wp-element-button\" download aria-describedby=\"wp-block-file--media-210efae5-2ed6-41f7-b9d2-e5c351d592d3\">T\u00e9l\u00e9charger<\/a><\/div>\n\n\n\n<div class=\"wp-block-group\"><div class=\"wp-block-group__inner-container is-layout-constrained wp-block-group-is-layout-constrained\">\n<div class=\"wp-block-file\"><a id=\"wp-block-file--media-9fcf80b5-d21a-4ef7-a62e-14198bf8302a\" href=\"https:\/\/ecole-saint-joseph-44690.fr\/blog\/wp-content\/uploads\/2020\/01\/CARTE-D-AUTORISATION-DE-SORTIES-REGULIERES.pdf\">CARTE D AUTORISATION DE SORTIES REGULIERES<\/a><a href=\"https:\/\/ecole-saint-joseph-44690.fr\/blog\/wp-content\/uploads\/2020\/01\/CARTE-D-AUTORISATION-DE-SORTIES-REGULIERES.pdf\" class=\"wp-block-file__button wp-element-button\" download aria-describedby=\"wp-block-file--media-9fcf80b5-d21a-4ef7-a62e-14198bf8302a\">T\u00e9l\u00e9charger<\/a><\/div>\n<\/div><\/div>\n\n\n\n<div class=\"wp-block-file\"><a id=\"wp-block-file--media-3c06c7bf-97f4-4559-ba47-12d520111f41\" href=\"http:\/\/ecole-saint-joseph-44690.fr\/blog\/wp-content\/uploads\/2020\/01\/autorisation-exceptionnelle-de-sortie2019.pdf\">AUTORISATION EXCEPTIONNELLE DE SORTIE <\/a><a href=\"http:\/\/ecole-saint-joseph-44690.fr\/blog\/wp-content\/uploads\/2020\/01\/autorisation-exceptionnelle-de-sortie2019.pdf\" class=\"wp-block-file__button wp-element-button\" download aria-describedby=\"wp-block-file--media-3c06c7bf-97f4-4559-ba47-12d520111f41\">T\u00e9l\u00e9charger<\/a><\/div>\n\n\n\n<div class=\"wp-block-file\"><a id=\"wp-block-file--media-6b8a260e-b8ec-439e-9ac7-7d55e56812f9\" href=\"https:\/\/ecole-saint-joseph-44690.fr\/blog\/wp-content\/uploads\/2020\/01\/r\u00e8glement-cantine-enfants-e1580475900713.jpg\">REGLEMENT CANTINE POUR LES ENFANTS<\/a><a href=\"https:\/\/ecole-saint-joseph-44690.fr\/blog\/wp-content\/uploads\/2020\/01\/r\u00e8glement-cantine-enfants-e1580475900713.jpg\" class=\"wp-block-file__button wp-element-button\" download aria-describedby=\"wp-block-file--media-6b8a260e-b8ec-439e-9ac7-7d55e56812f9\">T\u00e9l\u00e9charger<\/a><\/div>\n\n\n\n<div class=\"wp-block-file\"><a id=\"wp-block-file--media-ac6aa972-539c-4459-9048-34078e6fab46\" href=\"https:\/\/ecole-saint-joseph-44690.fr\/blog\/wp-content\/uploads\/2023\/06\/2023_Lettre_parents_confort_globale.pdf\">ASSURANCE SCOLAIRE<\/a><a href=\"https:\/\/ecole-saint-joseph-44690.fr\/blog\/wp-content\/uploads\/2023\/06\/2023_Lettre_parents_confort_globale.pdf\" class=\"wp-block-file__button wp-element-button\" download aria-describedby=\"wp-block-file--media-ac6aa972-539c-4459-9048-34078e6fab46\">T\u00e9l\u00e9charger<\/a><\/div>\n\n\n\n<p>Vous trouverez \u00e9galement des documents pour vous aider dans vos d\u00e9marches administratives:<\/p>\n\n\n\n<div class=\"wp-block-file\"><a id=\"wp-block-file--media-faf7e53f-e3ad-4b4c-9525-91ae137ad9cb\" href=\"https:\/\/ecole-saint-joseph-44690.fr\/blog\/wp-content\/uploads\/2020\/06\/Comment-lire-ma-facture.pdf\">Comment-lire-ma-facture<\/a><a href=\"https:\/\/ecole-saint-joseph-44690.fr\/blog\/wp-content\/uploads\/2020\/06\/Comment-lire-ma-facture.pdf\" class=\"wp-block-file__button wp-element-button\" download aria-describedby=\"wp-block-file--media-faf7e53f-e3ad-4b4c-9525-91ae137ad9cb\">T\u00e9l\u00e9charger<\/a><\/div>\n\n\n\n<p><\/p>\n","protected":false},"excerpt":{"rendered":"<p>Vous trouverez dans cette rubrique les documents utiles \u00e0 la scolarit\u00e9 de votre enfant: Vous trouverez \u00e9galement des documents pour vous aider dans vos d\u00e9marches administratives:<\/p>\n","protected":false},"author":1,"featured_media":0,"parent":0,"menu_order":0,"comment_status":"closed","ping_status":"closed","template":"","meta":{"jetpack_post_was_ever_published":false,"footnotes":""},"class_list":["post-6712","page","type-page","status-publish","hentry"],"jetpack_sharing_enabled":true,"jetpack_shortlink":"https:\/\/wp.me\/P5G85k-1Kg","jetpack_likes_enabled":true,"jetpack-related-posts":[{"id":6709,"url":"https:\/\/ecole-saint-joseph-44690.fr\/blog\/?page_id=6709","url_meta":{"origin":6712,"position":0},"title":"PRE-INSCRIPTION &#038; INSCRIPTION","author":"B\u00e9atrice Josse","date":"19 d\u00e9cembre 2019","format":false,"excerpt":"Vous souhaitez inscrire votre enfant, d\u00e8s 2 ans 1\/2, dans un \u00e9tablissement scolaire, mais vous ne savez pas lequel? Les inscriptions peuvent se faire tout au long de l'ann\u00e9e si vous arrivez sur la commune en cours d'ann\u00e9e scolaire, y compris durant les vacances scolaires (mutation tardive, d\u00e9m\u00e9nagement...). N'h\u00e9sitez pas\u2026","rel":"","context":"Article similaire","block_context":{"text":"Article similaire","link":""},"img":{"alt_text":"","src":"","width":0,"height":0},"classes":[]},{"id":6710,"url":"https:\/\/ecole-saint-joseph-44690.fr\/blog\/?page_id=6710","url_meta":{"origin":6712,"position":1},"title":"Mon entr\u00e9e en TPS et PS","author":"B\u00e9atrice Josse","date":"19 d\u00e9cembre 2019","format":false,"excerpt":"ENTREE EN TPS: Votre enfant est n\u00e9 en 2021 et vous souhaitez le scolariser \u00e0 l'\u00e9cole. Consultez les conditions d'accueil ICI: ENTREE EN PS: L'entr\u00e9e en Petite Section d'un enfant est une \u00e9tape importante dans la vie d'une famille. Vivre en collectivit\u00e9 est un grand changement, lorsque l'on a 3\u2026","rel":"","context":"Article similaire","block_context":{"text":"Article similaire","link":""},"img":{"alt_text":"","src":"","width":0,"height":0},"classes":[]},{"id":36,"url":"https:\/\/ecole-saint-joseph-44690.fr\/blog\/?page_id=36","url_meta":{"origin":6712,"position":2},"title":"La toute petite section et la petite section","author":"B\u00e9atrice Josse","date":"13 janvier 2014","format":false,"excerpt":"La classe de petite section est anim\u00e9e par Sandrine Morisseau et Julie Le Guennan. Cette ann\u00e9e nous accueillons 27 \u00e9l\u00e8ves,\u00a0 Notre mascotte: Souricette ! L'accueil des tous petits: L'objectif principal de la toute petite section est la socialisation. Lorsque votre enfant entre en toute petite section il n'a pas encore\u2026","rel":"","context":"Article similaire","block_context":{"text":"Article similaire","link":""},"img":{"alt_text":"","src":"https:\/\/i0.wp.com\/ecole-saint-joseph-44690.fr\/blog\/wp-content\/uploads\/2016\/09\/001.jpg?resize=350%2C200&ssl=1","width":350,"height":200,"srcset":"https:\/\/i0.wp.com\/ecole-saint-joseph-44690.fr\/blog\/wp-content\/uploads\/2016\/09\/001.jpg?resize=350%2C200&ssl=1 1x, https:\/\/i0.wp.com\/ecole-saint-joseph-44690.fr\/blog\/wp-content\/uploads\/2016\/09\/001.jpg?resize=525%2C300&ssl=1 1.5x, https:\/\/i0.wp.com\/ecole-saint-joseph-44690.fr\/blog\/wp-content\/uploads\/2016\/09\/001.jpg?resize=700%2C400&ssl=1 2x, https:\/\/i0.wp.com\/ecole-saint-joseph-44690.fr\/blog\/wp-content\/uploads\/2016\/09\/001.jpg?resize=1050%2C600&ssl=1 3x, https:\/\/i0.wp.com\/ecole-saint-joseph-44690.fr\/blog\/wp-content\/uploads\/2016\/09\/001.jpg?resize=1400%2C800&ssl=1 4x"},"classes":[]},{"id":38,"url":"https:\/\/ecole-saint-joseph-44690.fr\/blog\/?page_id=38","url_meta":{"origin":6712,"position":3},"title":"La petite et moyenne section","author":"B\u00e9atrice Josse","date":"13 janvier 2014","format":false,"excerpt":"Voir la page La classe est anim\u00e9e par V\u00e9ronique Lecallo et Adeline Bachelier. Cette ann\u00e9e, nous accueillons 25 \u00e9l\u00e8ves. Caramel, notre mascotte, va nous accompagner tout au long de l'ann\u00e9e. Chaque week-end un enfant le ram\u00e8ne \u00e0 la maison. C'est la f\u00eate!","rel":"","context":"Article similaire","block_context":{"text":"Article similaire","link":""},"img":{"alt_text":"","src":"https:\/\/i0.wp.com\/ecole-saint-joseph-44690.fr\/blog\/wp-content\/uploads\/2014\/01\/classe-ms-2.jpg?resize=350%2C200&ssl=1","width":350,"height":200,"srcset":"https:\/\/i0.wp.com\/ecole-saint-joseph-44690.fr\/blog\/wp-content\/uploads\/2014\/01\/classe-ms-2.jpg?resize=350%2C200&ssl=1 1x, https:\/\/i0.wp.com\/ecole-saint-joseph-44690.fr\/blog\/wp-content\/uploads\/2014\/01\/classe-ms-2.jpg?resize=525%2C300&ssl=1 1.5x, https:\/\/i0.wp.com\/ecole-saint-joseph-44690.fr\/blog\/wp-content\/uploads\/2014\/01\/classe-ms-2.jpg?resize=700%2C400&ssl=1 2x"},"classes":[]},{"id":7139,"url":"https:\/\/ecole-saint-joseph-44690.fr\/blog\/?page_id=7139","url_meta":{"origin":6712,"position":4},"title":"Adh\u00e9sion APEL","author":"Pablo Richard","date":"3 mai 2020","format":false,"excerpt":"L\u2019Apel joue un r\u00f4le cl\u00e9 dans la vie de l\u2019\u00e9tablissement Avec entre autres missions : accueil des nouveaux parents repr\u00e9sentation des parents au conseil d\u2019\u00e9tablissement et aupr\u00e8s de l\u2019organisme de gestion organisation de la f\u00eate de l\u2019\u00e9cole et d'animations dans l'ann\u00e9e repr\u00e9sentation aupr\u00e8s des \u00e9lus locaux soutien des familles ayant\u2026","rel":"","context":"Article similaire","block_context":{"text":"Article similaire","link":""},"img":{"alt_text":"","src":"https:\/\/i0.wp.com\/ecole-saint-joseph-44690.fr\/blog\/wp-content\/uploads\/2020\/04\/Capture-de%CC%81cran-2020-04-29-11.22.10.png?resize=350%2C200&ssl=1","width":350,"height":200,"srcset":"https:\/\/i0.wp.com\/ecole-saint-joseph-44690.fr\/blog\/wp-content\/uploads\/2020\/04\/Capture-de%CC%81cran-2020-04-29-11.22.10.png?resize=350%2C200&ssl=1 1x, https:\/\/i0.wp.com\/ecole-saint-joseph-44690.fr\/blog\/wp-content\/uploads\/2020\/04\/Capture-de%CC%81cran-2020-04-29-11.22.10.png?resize=525%2C300&ssl=1 1.5x"},"classes":[]},{"id":303,"url":"https:\/\/ecole-saint-joseph-44690.fr\/blog\/?page_id=303","url_meta":{"origin":6712,"position":5},"title":"Pr\u00e9ambule","author":"B\u00e9atrice Josse","date":"15 f\u00e9vrier 2014","format":false,"excerpt":"Notre \u00e9cole est en perp\u00e9tuelle \u00e9volution. Des enfants y entrent tout petits, d'autres en sortent pr\u00eats \u00e0 affronter le coll\u00e8ge. Des hommes et des femmes s'y succ\u00e8dent pour les instruire. Des b\u00e2timents sont construits, am\u00e9nag\u00e9s, accueillent des enfants, puis deviennent obsol\u00e8tes et sont r\u00e9form\u00e9s, transform\u00e9s, d\u00e9truits, reconstruits. Des parents accompagnent\u2026","rel":"","context":"Article similaire","block_context":{"text":"Article similaire","link":""},"img":{"alt_text":"","src":"","width":0,"height":0},"classes":[]}],"_links":{"self":[{"href":"https:\/\/ecole-saint-joseph-44690.fr\/blog\/index.php?rest_route=\/wp\/v2\/pages\/6712","targetHints":{"allow":["GET"]}}],"collection":[{"href":"https:\/\/ecole-saint-joseph-44690.fr\/blog\/index.php?rest_route=\/wp\/v2\/pages"}],"about":[{"href":"https:\/\/ecole-saint-joseph-44690.fr\/blog\/index.php?rest_route=\/wp\/v2\/types\/page"}],"author":[{"embeddable":true,"href":"https:\/\/ecole-saint-joseph-44690.fr\/blog\/index.php?rest_route=\/wp\/v2\/users\/1"}],"replies":[{"embeddable":true,"href":"https:\/\/ecole-saint-joseph-44690.fr\/blog\/index.php?rest_route=%2Fwp%2Fv2%2Fcomments&post=6712"}],"version-history":[{"count":24,"href":"https:\/\/ecole-saint-joseph-44690.fr\/blog\/index.php?rest_route=\/wp\/v2\/pages\/6712\/revisions"}],"predecessor-version":[{"id":8350,"href":"https:\/\/ecole-saint-joseph-44690.fr\/blog\/index.php?rest_route=\/wp\/v2\/pages\/6712\/revisions\/8350"}],"wp:attachment":[{"href":"https:\/\/ecole-saint-joseph-44690.fr\/blog\/index.php?rest_route=%2Fwp%2Fv2%2Fmedia&parent=6712"}],"curies":[{"name":"wp","href":"https:\/\/api.w.org\/{rel}","templated":true}]}}