{"id":6709,"date":"2019-12-19T19:18:05","date_gmt":"2019-12-19T18:18:05","guid":{"rendered":"http:\/\/ecole-saint-joseph-44690.fr\/blog\/?page_id=6709"},"modified":"2025-12-19T18:39:10","modified_gmt":"2025-12-19T17:39:10","slug":"inscription","status":"publish","type":"page","link":"https:\/\/ecole-saint-joseph-44690.fr\/blog\/?page_id=6709","title":{"rendered":"PRE-INSCRIPTION &#038; INSCRIPTION"},"content":{"rendered":"\n<p>Vous souhaitez inscrire votre enfant, <strong>d\u00e8s 2 ans 1\/2,<\/strong>  dans un \u00e9tablissement scolaire, mais vous ne savez pas lequel? <\/p>\n\n\n\n<p>Les inscriptions peuvent se faire tout au long de l&rsquo;ann\u00e9e si vous arrivez sur la commune en cours d&rsquo;ann\u00e9e scolaire, y compris <strong>durant les vacances scolaires<\/strong> (mutation tardive, d\u00e9m\u00e9nagement&#8230;). N&rsquo;h\u00e9sitez pas \u00e0 prendre contact avec Mme Josse au <strong>09.72.42.81.10<\/strong> ou par mail: <a href=\"mailto:direction@ecole-saint-joseph-44690.fr\">direction@ecole-saint-joseph-44690.fr<\/a><\/p>\n\n\n\n<p><strong>CALENDRIER:<\/strong><\/p>\n\n\n\n<p>Pour inscrire votre enfant pour <strong>septembre<\/strong>: prendre contact entre novembre et f\u00e9vrier de l&rsquo;ann\u00e9e pr\u00e9c\u00e9dente. Si ce d\u00e9lai est d\u00e9pass\u00e9, n&rsquo;h\u00e9sitez pas \u00e0 appeler, s&rsquo;il reste des places nous accueillerons votre enfant avec plaisir.<\/p>\n\n\n\n<p>Pour une inscription en <strong>janvier<\/strong> (<em>cas particulier des enfants de 2 ans et demi<\/em>): prendre contact en janvier-f\u00e9vrier de l&rsquo;ann\u00e9e pr\u00e9c\u00e9dente. Si ce d\u00e9lai est d\u00e9pass\u00e9, n&rsquo;h\u00e9sitez pas \u00e0 prendre contact, s&rsquo;il nous reste des places, nous accueillerons votre enfant avec plaisir!<\/p>\n\n\n\n<p><\/p>\n\n\n\n<ol class=\"wp-block-list\">\n<li><strong>PRE-INSCRIPTION<\/strong>:<\/li>\n<\/ol>\n\n\n\n<p>Deux solutions:<\/p>\n\n\n\n<ul class=\"wp-block-list\">\n<li>Remplissez le formulaire de pr\u00e9-inscription <a href=\"https:\/\/forms.gle\/J9M7UxV3exKqSsTz5\">suivant<\/a>. Il permettra de vous faire connaitre. La cheffe d&rsquo;\u00e9tablissement, Mme Josse, prendra contact avec vous pour \u00e9changer et vous proposer une rendez-vous.<\/li>\n<\/ul>\n\n\n\n<p class=\"has-text-align-center\">OU<\/p>\n\n\n\n<ul class=\"wp-block-list\">\n<li>Contacter la cheffe d&rsquo;\u00e9tablissement, Mme Josse, par mail (<a href=\"mailto:direction@ecole-saint-joseph-44690.fr\">direction@ecole-saint-joseph-44690.fr<\/a>) ou par t\u00e9l\u00e9phone (09 72 42 81 10) afin de prendre rendez-vous. Laissez un message vocal avec vos coordonn\u00e9es. <\/li>\n<\/ul>\n\n\n\n<p>2. <strong>RENCONTRE AVEC LE CHEF D&rsquo;ETABLISSEMENT: <\/strong><\/p>\n\n\n\n<p>La rencontre, de 45 minutes \u00e0 1 heure, vous permettra de visiter les locaux, parler des projets de l&rsquo;\u00e9cole et du projet de scolarisation de votre enfant. A l&rsquo;issue de cette rencontre, une plaquette vous sera remise. <\/p>\n\n\n\n<p>3. <strong>INSCRIPTION:<\/strong><\/p>\n\n\n\n<p>Pour finaliser l&rsquo;inscription de votre enfant, rendez-vous sur le site <a href=\"https:\/\/www.noefil.fr\/inscription?portail=QkwwNzY=\" data-type=\"URL\" data-id=\"https:\/\/www.noefil.fr\/inscription?portail=QkwwNzY=\"><strong>NOEFIL<\/strong><\/a>. (pi\u00e8ce jointe proc\u00e9dure). Le document est fourni par mail lorsque la rencontre avec le chef d&rsquo;\u00e9tablissement a eu lieu. <\/p>\n\n\n\n<p class=\"has-text-align-center\">*************<\/p>\n\n\n\n<div style=\"height:20px\" aria-hidden=\"true\" class=\"wp-block-spacer\"><\/div>\n\n\n\n<div style=\"height:20px\" aria-hidden=\"true\" class=\"wp-block-spacer\"><\/div>\n","protected":false},"excerpt":{"rendered":"<p>Vous souhaitez inscrire votre enfant, d\u00e8s 2 ans 1\/2, dans un \u00e9tablissement scolaire, mais vous ne savez pas lequel? Les inscriptions peuvent se faire tout au long de l&rsquo;ann\u00e9e si vous arrivez sur la commune en cours d&rsquo;ann\u00e9e scolaire, y compris durant les vacances scolaires (mutation tardive, d\u00e9m\u00e9nagement&#8230;). N&rsquo;h\u00e9sitez pas \u00e0 prendre contact avec Mme &hellip; <a href=\"https:\/\/ecole-saint-joseph-44690.fr\/blog\/?page_id=6709\" class=\"more-link\">Continuer la lecture de <span class=\"screen-reader-text\">PRE-INSCRIPTION &#038; INSCRIPTION<\/span>  <span class=\"meta-nav\">&rarr;<\/span><\/a><\/p>\n","protected":false},"author":1,"featured_media":0,"parent":0,"menu_order":0,"comment_status":"closed","ping_status":"closed","template":"","meta":{"footnotes":""},"class_list":["post-6709","page","type-page","status-publish","hentry"],"jetpack_sharing_enabled":true,"jetpack_shortlink":"https:\/\/wp.me\/P5G85k-1Kd","jetpack_likes_enabled":true,"jetpack-related-posts":[{"id":6712,"url":"https:\/\/ecole-saint-joseph-44690.fr\/blog\/?page_id=6712","url_meta":{"origin":6709,"position":0},"title":"DOCUMENTS VIE SCOLAIRE","author":"B\u00e9atrice Josse","date":"19 d\u00e9cembre 2019","format":false,"excerpt":"Vous trouverez dans cette rubrique les documents utiles \u00e0 la scolarit\u00e9 de votre enfant: Autorisation de sortie r\u00e9guli\u00e8re (feuille verte): si vous autorisez votre enfant \u00e0 sortir seul le midi et\/ou le soir. Bulletins d'absence: \u00e0 remplir \u00e0 chaque absence et \u00e0 remettre \u00e0 l'enseignant au retour en classe de\u2026","rel":"","context":"Article similaire","block_context":{"text":"Article similaire","link":""},"img":{"alt_text":"","src":"","width":0,"height":0},"classes":[]},{"id":6710,"url":"https:\/\/ecole-saint-joseph-44690.fr\/blog\/?page_id=6710","url_meta":{"origin":6709,"position":1},"title":"Mon entr\u00e9e en TPS et PS","author":"B\u00e9atrice Josse","date":"19 d\u00e9cembre 2019","format":false,"excerpt":"ENTREE EN TPS: Votre enfant est n\u00e9 en 2021 et vous souhaitez le scolariser \u00e0 l'\u00e9cole. Consultez les conditions d'accueil ICI: ENTREE EN PS: L'entr\u00e9e en Petite Section d'un enfant est une \u00e9tape importante dans la vie d'une famille. Vivre en collectivit\u00e9 est un grand changement, lorsque l'on a 3\u2026","rel":"","context":"Article similaire","block_context":{"text":"Article similaire","link":""},"img":{"alt_text":"","src":"","width":0,"height":0},"classes":[]},{"id":36,"url":"https:\/\/ecole-saint-joseph-44690.fr\/blog\/?page_id=36","url_meta":{"origin":6709,"position":2},"title":"La toute petite section et la petite section","author":"B\u00e9atrice Josse","date":"13 janvier 2014","format":false,"excerpt":"La classe de petite section est anim\u00e9e par Sandrine Morisseau et Julie Le Guennan. Cette ann\u00e9e nous accueillons 27 \u00e9l\u00e8ves,\u00a0 Notre mascotte: Souricette ! L'accueil des tous petits: L'objectif principal de la toute petite section est la socialisation. Lorsque votre enfant entre en toute petite section il n'a pas encore\u2026","rel":"","context":"Article similaire","block_context":{"text":"Article similaire","link":""},"img":{"alt_text":"","src":"https:\/\/i0.wp.com\/ecole-saint-joseph-44690.fr\/blog\/wp-content\/uploads\/2016\/09\/001.jpg?resize=350%2C200&ssl=1","width":350,"height":200,"srcset":"https:\/\/i0.wp.com\/ecole-saint-joseph-44690.fr\/blog\/wp-content\/uploads\/2016\/09\/001.jpg?resize=350%2C200&ssl=1 1x, https:\/\/i0.wp.com\/ecole-saint-joseph-44690.fr\/blog\/wp-content\/uploads\/2016\/09\/001.jpg?resize=525%2C300&ssl=1 1.5x, https:\/\/i0.wp.com\/ecole-saint-joseph-44690.fr\/blog\/wp-content\/uploads\/2016\/09\/001.jpg?resize=700%2C400&ssl=1 2x, https:\/\/i0.wp.com\/ecole-saint-joseph-44690.fr\/blog\/wp-content\/uploads\/2016\/09\/001.jpg?resize=1050%2C600&ssl=1 3x, https:\/\/i0.wp.com\/ecole-saint-joseph-44690.fr\/blog\/wp-content\/uploads\/2016\/09\/001.jpg?resize=1400%2C800&ssl=1 4x"},"classes":[]},{"id":7139,"url":"https:\/\/ecole-saint-joseph-44690.fr\/blog\/?page_id=7139","url_meta":{"origin":6709,"position":3},"title":"Adh\u00e9sion APEL","author":"Pablo Richard","date":"3 mai 2020","format":false,"excerpt":"L\u2019Apel joue un r\u00f4le cl\u00e9 dans la vie de l\u2019\u00e9tablissement Avec entre autres missions : accueil des nouveaux parents repr\u00e9sentation des parents au conseil d\u2019\u00e9tablissement et aupr\u00e8s de l\u2019organisme de gestion organisation de la f\u00eate de l\u2019\u00e9cole et d'animations dans l'ann\u00e9e repr\u00e9sentation aupr\u00e8s des \u00e9lus locaux soutien des familles ayant\u2026","rel":"","context":"Article similaire","block_context":{"text":"Article similaire","link":""},"img":{"alt_text":"","src":"https:\/\/i0.wp.com\/ecole-saint-joseph-44690.fr\/blog\/wp-content\/uploads\/2020\/04\/Capture-de%CC%81cran-2020-04-29-11.22.10.png?resize=350%2C200&ssl=1","width":350,"height":200,"srcset":"https:\/\/i0.wp.com\/ecole-saint-joseph-44690.fr\/blog\/wp-content\/uploads\/2020\/04\/Capture-de%CC%81cran-2020-04-29-11.22.10.png?resize=350%2C200&ssl=1 1x, https:\/\/i0.wp.com\/ecole-saint-joseph-44690.fr\/blog\/wp-content\/uploads\/2020\/04\/Capture-de%CC%81cran-2020-04-29-11.22.10.png?resize=525%2C300&ssl=1 1.5x"},"classes":[]},{"id":38,"url":"https:\/\/ecole-saint-joseph-44690.fr\/blog\/?page_id=38","url_meta":{"origin":6709,"position":4},"title":"La petite et moyenne section","author":"B\u00e9atrice Josse","date":"13 janvier 2014","format":false,"excerpt":"Voir la page La classe est anim\u00e9e par V\u00e9ronique Lecallo et Adeline Bachelier. Cette ann\u00e9e, nous accueillons 25 \u00e9l\u00e8ves. Caramel, notre mascotte, va nous accompagner tout au long de l'ann\u00e9e. Chaque week-end un enfant le ram\u00e8ne \u00e0 la maison. C'est la f\u00eate!","rel":"","context":"Article similaire","block_context":{"text":"Article similaire","link":""},"img":{"alt_text":"","src":"https:\/\/i0.wp.com\/ecole-saint-joseph-44690.fr\/blog\/wp-content\/uploads\/2014\/01\/classe-ms-2.jpg?resize=350%2C200&ssl=1","width":350,"height":200,"srcset":"https:\/\/i0.wp.com\/ecole-saint-joseph-44690.fr\/blog\/wp-content\/uploads\/2014\/01\/classe-ms-2.jpg?resize=350%2C200&ssl=1 1x, https:\/\/i0.wp.com\/ecole-saint-joseph-44690.fr\/blog\/wp-content\/uploads\/2014\/01\/classe-ms-2.jpg?resize=525%2C300&ssl=1 1.5x, https:\/\/i0.wp.com\/ecole-saint-joseph-44690.fr\/blog\/wp-content\/uploads\/2014\/01\/classe-ms-2.jpg?resize=700%2C400&ssl=1 2x"},"classes":[]},{"id":303,"url":"https:\/\/ecole-saint-joseph-44690.fr\/blog\/?page_id=303","url_meta":{"origin":6709,"position":5},"title":"Pr\u00e9ambule","author":"B\u00e9atrice Josse","date":"15 f\u00e9vrier 2014","format":false,"excerpt":"Notre \u00e9cole est en perp\u00e9tuelle \u00e9volution. Des enfants y entrent tout petits, d'autres en sortent pr\u00eats \u00e0 affronter le coll\u00e8ge. Des hommes et des femmes s'y succ\u00e8dent pour les instruire. Des b\u00e2timents sont construits, am\u00e9nag\u00e9s, accueillent des enfants, puis deviennent obsol\u00e8tes et sont r\u00e9form\u00e9s, transform\u00e9s, d\u00e9truits, reconstruits. Des parents accompagnent\u2026","rel":"","context":"Article similaire","block_context":{"text":"Article similaire","link":""},"img":{"alt_text":"","src":"","width":0,"height":0},"classes":[]}],"_links":{"self":[{"href":"https:\/\/ecole-saint-joseph-44690.fr\/blog\/index.php?rest_route=\/wp\/v2\/pages\/6709","targetHints":{"allow":["GET"]}}],"collection":[{"href":"https:\/\/ecole-saint-joseph-44690.fr\/blog\/index.php?rest_route=\/wp\/v2\/pages"}],"about":[{"href":"https:\/\/ecole-saint-joseph-44690.fr\/blog\/index.php?rest_route=\/wp\/v2\/types\/page"}],"author":[{"embeddable":true,"href":"https:\/\/ecole-saint-joseph-44690.fr\/blog\/index.php?rest_route=\/wp\/v2\/users\/1"}],"replies":[{"embeddable":true,"href":"https:\/\/ecole-saint-joseph-44690.fr\/blog\/index.php?rest_route=%2Fwp%2Fv2%2Fcomments&post=6709"}],"version-history":[{"count":54,"href":"https:\/\/ecole-saint-joseph-44690.fr\/blog\/index.php?rest_route=\/wp\/v2\/pages\/6709\/revisions"}],"predecessor-version":[{"id":8676,"href":"https:\/\/ecole-saint-joseph-44690.fr\/blog\/index.php?rest_route=\/wp\/v2\/pages\/6709\/revisions\/8676"}],"wp:attachment":[{"href":"https:\/\/ecole-saint-joseph-44690.fr\/blog\/index.php?rest_route=%2Fwp%2Fv2%2Fmedia&parent=6709"}],"curies":[{"name":"wp","href":"https:\/\/api.w.org\/{rel}","templated":true}]}}