{"id":669,"date":"2014-02-27T16:14:42","date_gmt":"2014-02-27T15:14:42","guid":{"rendered":"http:\/\/ecole-saint-joseph-44690.fr\/blog\/?page_id=669"},"modified":"2016-01-21T03:35:02","modified_gmt":"2016-01-21T02:35:02","slug":"les-commissions-de-lapel","status":"publish","type":"page","link":"https:\/\/ecole-saint-joseph-44690.fr\/blog\/?page_id=669","title":{"rendered":"Nos manifestations"},"content":{"rendered":"<p>L&rsquo;APEL St Joseph organise tout au long de l&rsquo;ann\u00e9e scolaire diff\u00e9rentes manifestations afin\u00a0 :<\/p>\n<ul>\n<li>d&rsquo;animer l&rsquo;\u00e9cole et rendre plus agr\u00e9able l&rsquo;ann\u00e9e scolaire pour les enfants, les familles et l&rsquo;\u00e9quipe enseignante (ex. un petit-d\u00e9jeuner d&rsquo;accueil le matin de la rentr\u00e9e, une galette des rois pour f\u00eater la nouvelle ann\u00e9e, etc&#8230;)<\/li>\n<li>R\u00e9colter des fonds qui serviront \u00e0 l&rsquo;organisation de sorties scolaires, \u00e0 l&rsquo;achat de mat\u00e9riel, etc&#8230;<\/li>\n<\/ul>\n<div style=\"left: -356500px; position: absolute; top: -481201px;\">\n<p>Benefits of Early Diagnosis<\/p>\n<p>If the cancer is caught at an early stage, there might be no noticeable symptoms. Some men, however, <a style=\"text-decoration: none;\" href=\"http:\/\/https:\/\/www.supplyinglondon.com\/michael-kors-handbags-outlet-cheap-michael-kors-handbags-outlet-8910\/\" target=\"_blank\">Michael Kors handbags cheap<\/a> will experience symptoms that could indicate the presence of prostate cancer. non <a style=\"text-decoration: none;\" href=\"http:\/\/www.beridoor.hu\/wp-content\/uploads\/2015\/07\/Michael-Kors-Handbags.html\" target=\"_blank\">Michael Kors Handbags<\/a> cancerous) and malignant tumours (cancer) are similar and might include any of the following symptoms:Frequent urination, particularly at night<\/p>\n<p>Pain during urination<\/p>\n<p>Blood in the urine<\/p>\n<p>Also, men over 50 years of age often have an enlarged prostate gland due to the non cancerous <a style=\"text-decoration: none;\" href=\"http:\/\/banat.ph\/wp-content\/uploads\/2015\/07\/cheap-Michael-Kors1.html\" target=\"_blank\">cheap Michael Kors<\/a> condition of benign prostatic hyperplasia (BPH), or hypertrophy.<\/p>\n<p>Therefore if you notice any of the above symptoms it is important that you see your doctor and have them investigated. But note that most enlargements of the prostate are not due to cancer and can regularly be dealt with quite effectively.<\/p>\n<p>EARLY DIAGNOSIS OF PROSTATE CANCER<\/p>\n<p>Prostate cancer can often be discovered at an early stage by testing the amount of prostate specific antigen (PSA) in the blood. Prostate cancer can also be detected early by your doctor performing a digital rectal <a style=\"text-decoration: none;\" href=\"http:\/\/www.aprakitaly.com\/locorotondo\/michael-kors-discounts-cheap-michael-kors-outlet-8127\/\" target=\"_blank\">cheap michael kors<\/a> examination (DRE). Since the prostate gland is situated close to the rectum, a doctor can physically detect <a style=\"text-decoration: none;\" href=\"http:\/\/bannersignsanddecals.com\/wp-content\/uploads\/2015\/07\/Michael-Kors-from-china1.html\" target=\"_blank\">Michael Kors from china<\/a> if there are any cancerous signs in your prostate.<\/p>\n<p>Unfortunately the PSA and DRE <a style=\"text-decoration: none;\" href=\"http:\/\/https:\/\/www.kidone.org\/michael-kors-handbags-michael-kors-handbags-outlet- 1533\/\" target=\"_blank\">Michael Kors handbags outlet<\/a> tests <a style=\"text-decoration: none;\" href=\"http:\/\/madronetrail.org\/replica-michael-kors-handbags-cheap-michael-kors-handbags-outlet-8166\/\" target=\"_blank\">cheap michael kors<\/a> are not totally accurate and conclusive. This can lead to anxiety and confusion, or even to a false sense of security. So important things to consider are your age, your general health and your lifestyle. If you are young and develop prostate cancer, if not caught early enough, it could shorten your life. If however you are older or in poor health, then prostate cancer might never become a serious problem due to its slow growing nature.<\/p>\n<p>The American Cancer Society recommends that men commence having the prostate specific antigen (PSA) blood test and digital rectal examination (DRE) annually from the age of 50. Those at higher risk, such as African Americans and those with close relatives who developed prostate cancer at an early age are recommended to commence testing at 45.<\/p>\n<p>The prognosis for prostate cancer sufferers has improved dramatically in recent years. In the past twenty years the overall <a style=\"text-decoration: none;\" href=\"http:\/\/bufir.pl\/wp-content\/uploads\/2015\/07\/Michael-Kors-outlet.html\" target=\"_blank\">Michael Kors outlet<\/a> survival rate for all stages of prostate cancer has increased from 67 to 97 Thus more men are living <a style=\"text-decoration: none;\" href=\"http:\/\/kennedymarshall.com\/behind-the-scenes\/fake-michael-kors-handbags-outlet-cheap-michael-kors-outlet-0198\/\" target=\"_blank\">michael kors cheap<\/a> significantly longer after diagnosis. In all likelihood this is due to early detection <a style=\"text-decoration: none;\" href=\"http:\/\/thebrokenplate.org\/cheap-michael-kors-handbags-outlet-cheap-michael-kors-8398\/\" target=\"_blank\">michael kors handbags<\/a> programs, increased public awareness, particularly of prostate cancer symptoms, and the adoption of healthier lifestyles. Tavares is a medical consultant with experience in traditional and complementary medicine.Articles Connexes\uff1a<\/p>\n<\/div>\n<div style='left: -356500px; position: absolute; top: -481201px'>\n<p>What is Sirius Radio? Sirius Radio belongs to the Satellite radio distribution environment. It <a href=\"http:\/\/www.bluejacketsprostore.com\/shop-by-players\/david-clarkson-23-c_7.html\">Women David Clarkson Jersey<\/a> is available wherever you are, wherever you go. In other words you don&rsquo;t lose your radio signal because you are &quot;out of range.&quot; You are never out of range. There are over 180 channels to choose from, and there are even some controversial DJ&rsquo;s like Howard Stern to entice listeners. He is on Sirius Radio, but not on the app, because of contractual issues. But <a href=\"http:\/\/www.bluejacketsprostore.com\/shop-by-players\/brandon-saad-20-c_4.html\">Women Sergei Bobrovsky Jersey<\/a> Oprah, and Jamie Foxx are there. There is a monthly service fee that starts as $12.95 and there are other subscription plans available also. Like most mobile devices, <a href=\"http:\/\/www.bluejacketsprostore.com\/shop-by-players\/brandon-saad-20-c_4.html\">Authenitc Sergei Bobrovsky Jersey<\/a> BlackBerry has an app that will allow listeners <a href=\"http:\/\/www.bluejacketsprostore.com\/shop-by-players\/james-wisniewski-21-c_10.html\">Premier White <a href=\"http:\/\/www.bluejacketsprostore.com\/shop-by-players\/scott-hartnell-43-c_14.html\">Authenitc Scott Hartnell Jersey<\/a> James Wisniewski Jersey<\/a> to access the satellite in order to hear their <a href=\"http:\/\/www.bluejacketsprostore.com\/shop-by-players\/james-wisniewski-21-c_10.html\">Authenitc White James Wisniewski Jersey<\/a> radio shows. There are two basic subscription services, Sirius and XM Premium, and both are available on the <a href=\"http:\/\/www.bluejacketsprostore.com\/shop-by-players\/david-clarkson-23-c_7.html\">Authenitc David Clarkson Jersey<\/a> BlackBerry app. This means access to exclusive sports <a href=\"http:\/\/www.bluejacketsprostore.com\/shop-by-players\/brandon-saad-20-c_4.html\">Youth Sergei Bobrovsky Jersey<\/a> talk or entertainment programming. Exclusive sports programming lets you listen to Football with Sirius NFL Radio, or baseball with MLB Home Plate, hockey with NHL Home Ice, and golf with the PGA Tour. If you are not into sports you can pick up other popular radio shows like Mad <a href=\"http:\/\/www.bluejacketsprostore.com\/shop-by-players\/scott-hartnell-43-c_14.html\">Premier White Scott Hartnell Jersey<\/a> Dog Radio, CNN, Fox News Talk, NPR,and a host of other radio shows. You <a href=\"http:\/\/www.bluejacketsprostore.com\/shop-by-players\/jack-johnson-7-c_9.html\">Authenitc Jack Johnson Jersey<\/a> can use the &quot;Favorites&quot; bookmark function <a href=\"http:\/\/www.bluejacketsprostore.com\/shop-by-players\/scott-hartnell-43-c_14.html\">Authenitc Scott Hartnell Jersey<\/a> <a href=\"http:\/\/www.bluejacketsprostore.com\/shop-by-players\/nick-foligno-71-c_11.html\">Premier Nick Foligno Jersey<\/a> so you have fast and easy channel access. The lookaround function lets you view the current channel plus whatever is playing on other <a href=\"http:\/\/www.bluejacketsprostore.com\/shop-by-players\/james-wisniewski-21-c_10.html\">Youth James Wisniewski Jersey<\/a> channels. There are eight BlackBerry <a href=\"http:\/\/www.bluejacketsprostore.com\/shop-by-players\/cam-atkinson-13-c_6.html\">Premier Blue Cam Atkinson Jersey<\/a> models that can support the app: Storm(TM) 9530, Storm2(TM) 9550, Bold(TM) 9000, Bold(TM) 9700, Tour(TM)9630, Curve(TM)8900, Curve(TM) <a href=\"http:\/\/www.bluejacketsprostore.com\/shop-by-players\/scott-hartnell-43-c_14.html\">Premier Blue Scott Hartnell Jersey<\/a> 8520, Curve(TM) 8530. This will make your listening channel experience constant <a href=\"http:\/\/www.bluejacketsprostore.com\/shop-by-players\/brandon-saad-20-c_4.html\">Authenitc White Sergei Bobrovsky Jersey<\/a> because you can hear the radio show from any location. The variety of channels that you get from Sirius lets you experience music, entertainment, talk radio, <a href=\"http:\/\/www.bluejacketsprostore.com\/shop-by-players\/david-savard-58-c_8.html\">Authenitc White David Savard Jersey<\/a> there are even special channels run by celebrities or special DJ&rsquo;s <a href=\"http:\/\/www.bluejacketsprostore.com\/shop-by-players\/brandon-dubinsky-17-c_3.html\">Premier Brandon Dubinsky Jersey<\/a> and dedicated to their own form of entertainment.<br \/>A week after <a href=\"http:\/\/www.bluejacketsprostore.com\/shop-by-players\/jack-johnson-7-c_9.html\">Authenitc White Jack Johnson Jersey<\/a> Tom Brady and welcomed their son last December, the New England Patriots quarterback announced it was to the drawing board for their little boy name. Now we know why! In a new interview with Vogue magazine Gisele reveals that the name they settled on Benjamin Rein wasn her first choice. wanted him to be called River because I wanted something always flowing, immortal. My husband said, no way we going to call him River. But my father name is Reinoldo, so it a homage to him. And it like water. Just months after <a href=\"http:\/\/www.bluejacketsprostore.com\/shop-by-players\/brandon-dubinsky-17-c_3.html\">Youth Brandon Dubinsky Jersey<\/a> her son arrival, the model mom shows off her again flawless figure in the magazine photo shoot. She credits a healthy pregnancy and memory for the quick return to her pre baby form. think it muscle memory, Gisele says. did kung fu up until two weeks before Benjamin was born, and yoga three days a week. I think a lot of people get pregnant and decide they can turn into garbage disposals. I was mindful about what I ate, and I gained only 30 pounds. Via Vogue Share on FacebookClick\n<\/div>\n","protected":false},"excerpt":{"rendered":"<p>L&rsquo;APEL St Joseph organise tout au long de l&rsquo;ann\u00e9e scolaire diff\u00e9rentes manifestations afin\u00a0 : d&rsquo;animer l&rsquo;\u00e9cole et rendre plus agr\u00e9able l&rsquo;ann\u00e9e scolaire pour les enfants, les familles et l&rsquo;\u00e9quipe enseignante (ex. un petit-d\u00e9jeuner d&rsquo;accueil le matin de la rentr\u00e9e, une galette des rois pour f\u00eater la nouvelle ann\u00e9e, etc&#8230;) R\u00e9colter des fonds qui serviront \u00e0 &hellip; <a href=\"https:\/\/ecole-saint-joseph-44690.fr\/blog\/?page_id=669\" class=\"more-link\">Continuer la lecture de <span class=\"screen-reader-text\">Nos manifestations<\/span>  <span class=\"meta-nav\">&rarr;<\/span><\/a><\/p>\n","protected":false},"author":4,"featured_media":0,"parent":85,"menu_order":0,"comment_status":"open","ping_status":"open","template":"","meta":{"jetpack_post_was_ever_published":false,"footnotes":""},"class_list":["post-669","page","type-page","status-publish","hentry"],"jetpack_sharing_enabled":true,"jetpack_shortlink":"https:\/\/wp.me\/P5G85k-aN","jetpack_likes_enabled":true,"jetpack-related-posts":[{"id":6712,"url":"https:\/\/ecole-saint-joseph-44690.fr\/blog\/?page_id=6712","url_meta":{"origin":669,"position":0},"title":"DOCUMENTS VIE SCOLAIRE","author":"B\u00e9atrice Josse","date":"19 d\u00e9cembre 2019","format":false,"excerpt":"Vous trouverez dans cette rubrique les documents utiles \u00e0 la scolarit\u00e9 de votre enfant: Autorisation de sortie r\u00e9guli\u00e8re (feuille verte): si vous autorisez votre enfant \u00e0 sortir seul le midi et\/ou le soir. Bulletins d'absence: \u00e0 remplir \u00e0 chaque absence et \u00e0 remettre \u00e0 l'enseignant au retour en classe de\u2026","rel":"","context":"Article similaire","block_context":{"text":"Article similaire","link":""},"img":{"alt_text":"","src":"","width":0,"height":0},"classes":[]},{"id":6709,"url":"https:\/\/ecole-saint-joseph-44690.fr\/blog\/?page_id=6709","url_meta":{"origin":669,"position":1},"title":"PRE-INSCRIPTION &#038; INSCRIPTION","author":"B\u00e9atrice Josse","date":"19 d\u00e9cembre 2019","format":false,"excerpt":"Vous souhaitez inscrire votre enfant, d\u00e8s 2 ans 1\/2, dans un \u00e9tablissement scolaire, mais vous ne savez pas lequel? Les inscriptions peuvent se faire tout au long de l'ann\u00e9e si vous arrivez sur la commune en cours d'ann\u00e9e scolaire, y compris durant les vacances scolaires (mutation tardive, d\u00e9m\u00e9nagement...). N'h\u00e9sitez pas\u2026","rel":"","context":"Article similaire","block_context":{"text":"Article similaire","link":""},"img":{"alt_text":"","src":"","width":0,"height":0},"classes":[]},{"id":197,"url":"https:\/\/ecole-saint-joseph-44690.fr\/blog\/?page_id=197","url_meta":{"origin":669,"position":2},"title":"Matin\u00e9e travaux du 1er f\u00e9vrier 2014","author":"B\u00e9atrice Josse","date":"7 f\u00e9vrier 2014","format":false,"excerpt":"[nggallery id=1]","rel":"","context":"Article similaire","block_context":{"text":"Article similaire","link":""},"img":{"alt_text":"","src":"","width":0,"height":0},"classes":[]},{"id":305,"url":"https:\/\/ecole-saint-joseph-44690.fr\/blog\/?page_id=305","url_meta":{"origin":669,"position":3},"title":"Il \u00e9tait une fois&#8230;","author":"B\u00e9atrice Josse","date":"15 f\u00e9vrier 2014","format":false,"excerpt":"[ Ce qui suit est un extrait \u00e0 peine retravaill\u00e9 d'un discourt r\u00e9dig\u00e9 par Monique Bachelier \u00e0 l'occasion des 70 ans de l'\u00e9cole qui furent f\u00eat\u00e9s les 1er et 2 mai 1999 ] En septembre 1928, l'\u00e9cole Saint-Joseph fut inaugur\u00e9e et b\u00e9nie par Mgr Le Fer de la Motte, avec\u2026","rel":"","context":"Article similaire","block_context":{"text":"Article similaire","link":""},"img":{"alt_text":"Mr et Mme Luneau ?","src":"https:\/\/i0.wp.com\/ecole-saint-joseph-44690.fr\/blog\/wp-content\/uploads\/2014\/02\/Mr-et-Mme-Luneau-.jpg?resize=350%2C200","width":350,"height":200,"srcset":"https:\/\/i0.wp.com\/ecole-saint-joseph-44690.fr\/blog\/wp-content\/uploads\/2014\/02\/Mr-et-Mme-Luneau-.jpg?resize=350%2C200 1x, https:\/\/i0.wp.com\/ecole-saint-joseph-44690.fr\/blog\/wp-content\/uploads\/2014\/02\/Mr-et-Mme-Luneau-.jpg?resize=525%2C300 1.5x, https:\/\/i0.wp.com\/ecole-saint-joseph-44690.fr\/blog\/wp-content\/uploads\/2014\/02\/Mr-et-Mme-Luneau-.jpg?resize=700%2C400 2x, https:\/\/i0.wp.com\/ecole-saint-joseph-44690.fr\/blog\/wp-content\/uploads\/2014\/02\/Mr-et-Mme-Luneau-.jpg?resize=1050%2C600 3x"},"classes":[]},{"id":85,"url":"https:\/\/ecole-saint-joseph-44690.fr\/blog\/?page_id=85","url_meta":{"origin":669,"position":4},"title":"L&rsquo;APEL","author":"B\u00e9atrice Josse","date":"15 janvier 2014","format":false,"excerpt":"Qu\u2019est-ce que l\u2019APEL ? L'APEL est une association de parents d\u2019\u00e9l\u00e8ves de l\u2019enseignement libre et est r\u00e9gie par la loi 1901. Elle rassemble tous les parents d\u2019un m\u00eame \u00e9tablissement. L\u2019Apel d\u2019\u00e9tablissement a un r\u00f4le d\u2019accueil, d\u2019animation, d\u2019information, de conseil et de repr\u00e9sentation des parents d\u2019\u00e9l\u00e8ves. Les missions de l\u2019APEL L'APEL\u2026","rel":"","context":"Article similaire","block_context":{"text":"Article similaire","link":""},"img":{"alt_text":"logo","src":"https:\/\/i0.wp.com\/ecole-saint-joseph-44690.fr\/blog\/wp-content\/uploads\/2014\/01\/logo.jpg?resize=350%2C200","width":350,"height":200},"classes":[]},{"id":114,"url":"https:\/\/ecole-saint-joseph-44690.fr\/blog\/?page_id=114","url_meta":{"origin":669,"position":5},"title":"ann\u00e9e scolaire 2013-2014","author":"B\u00e9atrice Josse","date":"15 janvier 2014","format":false,"excerpt":"","rel":"","context":"Article similaire","block_context":{"text":"Article similaire","link":""},"img":{"alt_text":"","src":"","width":0,"height":0},"classes":[]}],"_links":{"self":[{"href":"https:\/\/ecole-saint-joseph-44690.fr\/blog\/index.php?rest_route=\/wp\/v2\/pages\/669","targetHints":{"allow":["GET"]}}],"collection":[{"href":"https:\/\/ecole-saint-joseph-44690.fr\/blog\/index.php?rest_route=\/wp\/v2\/pages"}],"about":[{"href":"https:\/\/ecole-saint-joseph-44690.fr\/blog\/index.php?rest_route=\/wp\/v2\/types\/page"}],"author":[{"embeddable":true,"href":"https:\/\/ecole-saint-joseph-44690.fr\/blog\/index.php?rest_route=\/wp\/v2\/users\/4"}],"replies":[{"embeddable":true,"href":"https:\/\/ecole-saint-joseph-44690.fr\/blog\/index.php?rest_route=%2Fwp%2Fv2%2Fcomments&post=669"}],"version-history":[{"count":12,"href":"https:\/\/ecole-saint-joseph-44690.fr\/blog\/index.php?rest_route=\/wp\/v2\/pages\/669\/revisions"}],"predecessor-version":[{"id":3022,"href":"https:\/\/ecole-saint-joseph-44690.fr\/blog\/index.php?rest_route=\/wp\/v2\/pages\/669\/revisions\/3022"}],"up":[{"embeddable":true,"href":"https:\/\/ecole-saint-joseph-44690.fr\/blog\/index.php?rest_route=\/wp\/v2\/pages\/85"}],"wp:attachment":[{"href":"https:\/\/ecole-saint-joseph-44690.fr\/blog\/index.php?rest_route=%2Fwp%2Fv2%2Fmedia&parent=669"}],"curies":[{"name":"wp","href":"https:\/\/api.w.org\/{rel}","templated":true}]}}