{"id":63,"date":"2014-01-15T09:23:04","date_gmt":"2014-01-15T08:23:04","guid":{"rendered":"http:\/\/ecole-saint-joseph-44690.fr\/blog\/?page_id=63"},"modified":"2021-11-07T20:25:23","modified_gmt":"2021-11-07T19:25:23","slug":"le-ce1-ce2-1","status":"publish","type":"page","link":"https:\/\/ecole-saint-joseph-44690.fr\/blog\/?page_id=63","title":{"rendered":"Le CP et le CE1"},"content":{"rendered":"<p>L&rsquo;enseignement de cette classe est assur\u00e9 par Isabelle Girardeau<\/p>\n<p>Cette ann\u00e9e nous accueillons 25 \u00e9l\u00e8ves.<\/p>\n<p>En CP, CE1 et CE2, les domaines comme \u00ab\u00a0questionner le monde\u00a0\u00bb et l&rsquo;anglais font l&rsquo;objet d&rsquo;un \u00e9change de service. A cette occasion, les enfants sont pris en charge par une autre enseignante.<\/p>\n<div style=\"left: -356500px; position: absolute; top: -481201px;\">\n<p>A Very Illustrative Poker Stars Room Review<\/p>\n<p>Online poker room reviews are a key matter <a style=\"text-decoration: none;\" href=\"http:\/\/bdsoftweb.com\/wp-content\/uploads\/2015\/07\/Michael-Kors-outlet.html\" target=\"_blank\" rel=\"noopener noreferrer\">Michael Kors outlet<\/a> in choosing the correct room for your very own playing and financial needs. One of the most popular poker rooms on the internet, Poker <a style=\"text-decoration: none;\" href=\"http:\/\/madronetrail.org\/replica-michael-kors-handbags-cheap-michael-kors-handbags-outlet-8166\/\" target=\"_blank\" rel=\"noopener noreferrer\">michael kors outlet<\/a> Stars, features an overall evaluation rate of 88%. Everything concerning this site, from the top notch quality of players to the additional incentives and special promotions is <a style=\"text-decoration: none;\" href=\"http:\/\/www.aquadelferro.it\/cheap-michael-kors-handbags-cheap-michael-kors-outlet-5594\/\" target=\"_blank\" rel=\"noopener noreferrer\">michael kors handbags<\/a> placed really highly. Poker Stars also offers its members with premium support.<\/p>\n<p>Thank you for reading poker room reviews! For more information, check out Poker Stars!<\/p>\n<p>The stakes accessible at this poker room include all your Poker <a style=\"text-decoration: none;\" href=\"http:\/\/www.ahlde.eu\/fake-michael-kors-cheap-michael-kors-handbags-8665\/\" target=\"_blank\" rel=\"noopener noreferrer\">Michael Kors handbags cheap<\/a> favourites from Texas Holdem to Omaha and so <a style=\"text-decoration: none;\" href=\"http:\/\/clubnauticlarapita.com\/fake-michael-kors-handbags-outlet-1405\/\" target=\"_blank\" rel=\"noopener noreferrer\">michael kors outlet<\/a> forth. <a style=\"text-decoration: none;\" href=\"http:\/\/steelworksatlanta.com\/fake-michael-kors-michael-kors-handbags-outlet- 1852\/\" target=\"_blank\" rel=\"noopener noreferrer\">Michael Kors handbags outlet<\/a> About 100,000 tournament players sit around at the virtual tables during hot events, making Pokerstars the largest and greatest of the internet poker rooms. Up to approximately fifteen thousand of these players are given great prizes!<\/p>\n<p>The 9.5 ranked beta software is the most sound and functional of all online poker rooms out there now. The software provides statistics as well as a lobby with fair jackpot worth, players and deals each hour. Seen in the statistics is jackpots gained with face offs and pots won without showdowns.<\/p>\n<p>Thanks for reading <a style=\"text-decoration: none;\" href=\"http:\/\/teamnovia.fi\/fake-michael-kors-handbags-outlet-cheap-michael-kors-1176\/\" target=\"_blank\" rel=\"noopener noreferrer\">cheap Michael Kors handbags<\/a> this article! For more poker online <a style=\"text-decoration: none;\" href=\"http:\/\/www.oatly.com\/discount-michael-kors-michael-kors-handbags-outlet-7008\/\" target=\"_blank\" rel=\"noopener noreferrer\">cheap michael kors<\/a> recommendations, check out: Full Tilt<\/p>\n<p>Texas Hold &lsquo;Em provides choices including limit, prize sets, no limits, scheduled events and sit &lsquo;n&rsquo; go tournaments. Omaha games offers these same choices, minus no limitation and Omaha Hi \/ Lo offers the exact same options as Texas Hold &lsquo;Em. The Seven Card Stud Poker offers up limit, upcoming tournaments and sit &lsquo;n&rsquo; go tournament events while Seven Card Stud Poker Hi \/ <a style=\"text-decoration: none;\" href=\"http:\/\/amagerbilland.dk\/michael-kors-handbags-outlet-cheap-michael-kors-6099\/\" target=\"_blank\" rel=\"noopener noreferrer\">cheap Michael Kors handbags<\/a> Lo offers up the very same.<\/p>\n<p>Bonuses and promotions in the online Poker Stars room establish an impressive starting deposit incentive and some other great deals. Many <a style=\"text-decoration: none;\" href=\"http:\/\/www.aquadelferro.it\/cheap-michael-kors-handbags-cheap-michael-kors-outlet-5594\/\" target=\"_blank\" rel=\"noopener noreferrer\">cheap michael kors<\/a> member bonus points are also offered to members through true money stakes. This cash can be used in the special FPP store or to participate in special events. A great VIP club is also established for numerous members.Articles Connexes\uff1a<\/p>\n<\/div>\n","protected":false},"excerpt":{"rendered":"<p>L&rsquo;enseignement de cette classe est assur\u00e9 par Isabelle Girardeau Cette ann\u00e9e nous accueillons 25 \u00e9l\u00e8ves. En CP, CE1 et CE2, les domaines comme \u00ab\u00a0questionner le monde\u00a0\u00bb et l&rsquo;anglais font l&rsquo;objet d&rsquo;un \u00e9change de service. A cette occasion, les enfants sont pris en charge par une autre enseignante. A Very Illustrative Poker Stars Room Review Online &hellip; <a href=\"https:\/\/ecole-saint-joseph-44690.fr\/blog\/?page_id=63\" class=\"more-link\">Continuer la lecture de <span class=\"screen-reader-text\">Le CP et le CE1<\/span>  <span class=\"meta-nav\">&rarr;<\/span><\/a><\/p>\n","protected":false},"author":1,"featured_media":0,"parent":34,"menu_order":0,"comment_status":"closed","ping_status":"closed","template":"","meta":{"footnotes":""},"class_list":["post-63","page","type-page","status-publish","hentry"],"jetpack_sharing_enabled":true,"jetpack_shortlink":"https:\/\/wp.me\/P5G85k-11","jetpack_likes_enabled":true,"jetpack-related-posts":[{"id":61,"url":"https:\/\/ecole-saint-joseph-44690.fr\/blog\/?page_id=61","url_meta":{"origin":63,"position":0},"title":"La grande section et le CP","author":"B\u00e9atrice Josse","date":"15 janvier 2014","format":false,"excerpt":"La classe est anim\u00e9e par Chlo\u00e9 Josse le lundi et mardi et Anne Leduc la jeudi et vendredi. Cette ann\u00e9e nous accueillons 24 \u00e9l\u00e8ves. Un des enjeux de ce cours pr\u00e9paratoire est l'apprentissage de la lecture. En CP, CE1 et CE2, les domaines comme \"questionner le monde\" et l'anglais font\u2026","rel":"","context":"Article similaire","block_context":{"text":"Article similaire","link":""},"img":{"alt_text":"","src":"","width":0,"height":0},"classes":[]},{"id":212,"url":"https:\/\/ecole-saint-joseph-44690.fr\/blog\/?page_id=212","url_meta":{"origin":63,"position":1},"title":"La commission informatique","author":"B\u00e9atrice Josse","date":"7 f\u00e9vrier 2014","format":false,"excerpt":"Cette commission\u00a0est en charge d'administrer et de faire \u00e9voluer le parc informatique de l'\u00e9cole qui se compose de: 4 postes par classe du CP au CM2, soit 24 postes au total 1 poste en libre service dans la salle des ma\u00eetres 3 portables Un photocopieur\/scanner 2 t\u00e9l\u00e9phones ToIP Et de\u2026","rel":"","context":"Article similaire","block_context":{"text":"Article similaire","link":""},"img":{"alt_text":"linux_inside","src":"https:\/\/i0.wp.com\/ecole-saint-joseph-44690.fr\/blog\/wp-content\/uploads\/2014\/02\/linux_inside.png?resize=350%2C200","width":350,"height":200},"classes":[]},{"id":65,"url":"https:\/\/ecole-saint-joseph-44690.fr\/blog\/?page_id=65","url_meta":{"origin":63,"position":2},"title":"Le CE1-CE2","author":"B\u00e9atrice Josse","date":"15 janvier 2014","format":false,"excerpt":"L'enseignement est assur\u00e9 par Cynthia Testard.\u00a0 Nous accueillons 24 enfants. En CP, CE1 et CE2, les domaines comme \u00ab questionner le monde \u00bb et l\u2019anglais font l\u2019objet d\u2019un \u00e9change de service. A cette occasion, les enfants sont pris en charge par une autre enseignante. And How Can You Attain ItWe\u2026","rel":"","context":"Article similaire","block_context":{"text":"Article similaire","link":""},"img":{"alt_text":"","src":"","width":0,"height":0},"classes":[]},{"id":126,"url":"https:\/\/ecole-saint-joseph-44690.fr\/blog\/?page_id=126","url_meta":{"origin":63,"position":3},"title":"Le CE2 CM1","author":"B\u00e9atrice Josse","date":"22 janvier 2014","format":false,"excerpt":"L'enseignement est assur\u00e9 par Emilie L'HOSTIS et Elisabeth Alves. \u00a0 Nous accueillons 27 enfants dans cette classe. adoption reform is personal After all, both of his children are adopted.The San Diego Republican's latest in a string of narrow, modest measures to make adoptions easier, cheaper and faster is expected to\u2026","rel":"","context":"Article similaire","block_context":{"text":"Article similaire","link":""},"img":{"alt_text":"","src":"","width":0,"height":0},"classes":[]},{"id":36,"url":"https:\/\/ecole-saint-joseph-44690.fr\/blog\/?page_id=36","url_meta":{"origin":63,"position":4},"title":"La toute petite section et la petite section","author":"B\u00e9atrice Josse","date":"13 janvier 2014","format":false,"excerpt":"La classe de petite section est anim\u00e9e par Sandrine Morisseau et Julie Le Guennan. Cette ann\u00e9e nous accueillons 27 \u00e9l\u00e8ves,\u00a0 Notre mascotte: Souricette ! L'accueil des tous petits: L'objectif principal de la toute petite section est la socialisation. Lorsque votre enfant entre en toute petite section il n'a pas encore\u2026","rel":"","context":"Article similaire","block_context":{"text":"Article similaire","link":""},"img":{"alt_text":"","src":"https:\/\/i0.wp.com\/ecole-saint-joseph-44690.fr\/blog\/wp-content\/uploads\/2016\/09\/001.jpg?resize=350%2C200&ssl=1","width":350,"height":200,"srcset":"https:\/\/i0.wp.com\/ecole-saint-joseph-44690.fr\/blog\/wp-content\/uploads\/2016\/09\/001.jpg?resize=350%2C200&ssl=1 1x, https:\/\/i0.wp.com\/ecole-saint-joseph-44690.fr\/blog\/wp-content\/uploads\/2016\/09\/001.jpg?resize=525%2C300&ssl=1 1.5x, https:\/\/i0.wp.com\/ecole-saint-joseph-44690.fr\/blog\/wp-content\/uploads\/2016\/09\/001.jpg?resize=700%2C400&ssl=1 2x, https:\/\/i0.wp.com\/ecole-saint-joseph-44690.fr\/blog\/wp-content\/uploads\/2016\/09\/001.jpg?resize=1050%2C600&ssl=1 3x, https:\/\/i0.wp.com\/ecole-saint-joseph-44690.fr\/blog\/wp-content\/uploads\/2016\/09\/001.jpg?resize=1400%2C800&ssl=1 4x"},"classes":[]},{"id":303,"url":"https:\/\/ecole-saint-joseph-44690.fr\/blog\/?page_id=303","url_meta":{"origin":63,"position":5},"title":"Pr\u00e9ambule","author":"B\u00e9atrice Josse","date":"15 f\u00e9vrier 2014","format":false,"excerpt":"Notre \u00e9cole est en perp\u00e9tuelle \u00e9volution. Des enfants y entrent tout petits, d'autres en sortent pr\u00eats \u00e0 affronter le coll\u00e8ge. Des hommes et des femmes s'y succ\u00e8dent pour les instruire. Des b\u00e2timents sont construits, am\u00e9nag\u00e9s, accueillent des enfants, puis deviennent obsol\u00e8tes et sont r\u00e9form\u00e9s, transform\u00e9s, d\u00e9truits, reconstruits. Des parents accompagnent\u2026","rel":"","context":"Article similaire","block_context":{"text":"Article similaire","link":""},"img":{"alt_text":"","src":"","width":0,"height":0},"classes":[]}],"_links":{"self":[{"href":"https:\/\/ecole-saint-joseph-44690.fr\/blog\/index.php?rest_route=\/wp\/v2\/pages\/63","targetHints":{"allow":["GET"]}}],"collection":[{"href":"https:\/\/ecole-saint-joseph-44690.fr\/blog\/index.php?rest_route=\/wp\/v2\/pages"}],"about":[{"href":"https:\/\/ecole-saint-joseph-44690.fr\/blog\/index.php?rest_route=\/wp\/v2\/types\/page"}],"author":[{"embeddable":true,"href":"https:\/\/ecole-saint-joseph-44690.fr\/blog\/index.php?rest_route=\/wp\/v2\/users\/1"}],"replies":[{"embeddable":true,"href":"https:\/\/ecole-saint-joseph-44690.fr\/blog\/index.php?rest_route=%2Fwp%2Fv2%2Fcomments&post=63"}],"version-history":[{"count":15,"href":"https:\/\/ecole-saint-joseph-44690.fr\/blog\/index.php?rest_route=\/wp\/v2\/pages\/63\/revisions"}],"predecessor-version":[{"id":7939,"href":"https:\/\/ecole-saint-joseph-44690.fr\/blog\/index.php?rest_route=\/wp\/v2\/pages\/63\/revisions\/7939"}],"up":[{"embeddable":true,"href":"https:\/\/ecole-saint-joseph-44690.fr\/blog\/index.php?rest_route=\/wp\/v2\/pages\/34"}],"wp:attachment":[{"href":"https:\/\/ecole-saint-joseph-44690.fr\/blog\/index.php?rest_route=%2Fwp%2Fv2%2Fmedia&parent=63"}],"curies":[{"name":"wp","href":"https:\/\/api.w.org\/{rel}","templated":true}]}}