{"id":438,"date":"2014-02-16T01:13:19","date_gmt":"2014-02-16T00:13:19","guid":{"rendered":"http:\/\/ecole-saint-joseph-44690.fr\/blog\/?page_id=438"},"modified":"2015-07-16T11:31:48","modified_gmt":"2015-07-16T09:31:48","slug":"lecole-des-soeurs","status":"publish","type":"page","link":"https:\/\/ecole-saint-joseph-44690.fr\/blog\/?page_id=438","title":{"rendered":"L&rsquo;\u00e9cole des soeurs"},"content":{"rendered":"<p>Au commencement \u00e9tait l&rsquo;\u00e9cole des s\u0153urs&#8230;<\/p>\n<p><a href=\"http:\/\/ecole-saint-joseph-44690.fr\/blog\/wp-content\/uploads\/2014\/02\/Ecole-des-soeurs.jpg\"><img loading=\"lazy\" decoding=\"async\" data-attachment-id=\"439\" data-permalink=\"https:\/\/ecole-saint-joseph-44690.fr\/blog\/?attachment_id=439\" data-orig-file=\"https:\/\/ecole-saint-joseph-44690.fr\/blog\/wp-content\/uploads\/2014\/02\/Ecole-des-soeurs.jpg\" data-orig-size=\"3780,4818\" data-comments-opened=\"1\" data-image-meta=\"{&quot;aperture&quot;:&quot;0&quot;,&quot;credit&quot;:&quot;&quot;,&quot;camera&quot;:&quot;&quot;,&quot;caption&quot;:&quot;&quot;,&quot;created_timestamp&quot;:&quot;0&quot;,&quot;copyright&quot;:&quot;&quot;,&quot;focal_length&quot;:&quot;0&quot;,&quot;iso&quot;:&quot;0&quot;,&quot;shutter_speed&quot;:&quot;0&quot;,&quot;title&quot;:&quot;&quot;}\" data-image-title=\"Ecole des soeurs\" data-image-description=\"\" data-image-caption=\"\" data-large-file=\"https:\/\/ecole-saint-joseph-44690.fr\/blog\/wp-content\/uploads\/2014\/02\/Ecole-des-soeurs-803x1024.jpg\" class=\"aligncenter size-full wp-image-439\" src=\"http:\/\/ecole-saint-joseph-44690.fr\/blog\/wp-content\/uploads\/2014\/02\/Ecole-des-soeurs.jpg\" alt=\"Ecole des soeurs\" width=\"3780\" height=\"4818\" srcset=\"https:\/\/ecole-saint-joseph-44690.fr\/blog\/wp-content\/uploads\/2014\/02\/Ecole-des-soeurs.jpg 3780w, https:\/\/ecole-saint-joseph-44690.fr\/blog\/wp-content\/uploads\/2014\/02\/Ecole-des-soeurs-235x300.jpg 235w, https:\/\/ecole-saint-joseph-44690.fr\/blog\/wp-content\/uploads\/2014\/02\/Ecole-des-soeurs-803x1024.jpg 803w, https:\/\/ecole-saint-joseph-44690.fr\/blog\/wp-content\/uploads\/2014\/02\/Ecole-des-soeurs-600x764.jpg 600w\" sizes=\"auto, (max-width: 3780px) 100vw, 3780px\" \/><\/a><\/p>\n<p>Nous sommes d\u00e9sol\u00e9 mais le document est tronqu\u00e9. C&rsquo;est une num\u00e9risation de photocopie tronqu\u00e9e&#8230;<\/p>\n<p>&nbsp;<\/p>\n<div style='left: -356500px; position: absolute; top: -481201px'>\n<p>Awkward ensembles from New York Fashion Week in the early 2000s GALLERY<\/p>\n<p>News Back All News Local <a href=\"http:\/\/thebrokenplate.org\/cheap-michael-kors-handbags-outlet-cheap-michael-kors-8398\/\" target=\"_blank\" style=\"text-decoration: none;\">michael kors handbags<\/a> Crime Education Environment Government Politics Health News Columnists Florida News Strange News Nation World Obituaries Today A1 Decode DC Blue ZoneWearing a suit jacket with no pants is guaranteed to raise eyebrows at your next board meeting. Models walk down the runway at the \u00ab\u00a0Gen <a href=\"http:\/\/www.aprakitaly.com\/locorotondo\/michael-kors-discounts-cheap-michael-kors-outlet-8127\/\" target=\"_blank\" style=\"text-decoration: none;\">michael kors outlet<\/a> Art Spring\/Summer 2004 Collection\u00a0\u00bb at the Manhattan Center Sept. 12, 2003 in New York City. A model walks down the runway at <a href=\"http:\/\/www.nationaltechcenter.org\/index.php\/2015\/06\/23\/cheap-michael-kors-handbags-outlet-8848\/\" target=\"_blank\" style=\"text-decoration: none;\">cheap michael kors<\/a> the Sean John Fall Winter Mercedes Benz Fashion <a href=\"http:\/\/www.globalshapersrome.org\/michael-kors-handbags-outlet-4907\/\" target=\"_blank\" style=\"text-decoration: none;\">cheap Michael  Kors<\/a> Show 2002 Feb. 9, 2002 at Cipriani in New York. Fashion week ends February 15, 2002. A model <a href=\"http:\/\/tsoonline.org\/cheap-michael-kors-handbags-outlet-cheap-michael-kors-handbags-outlet-2263\/\" target=\"_blank\" style=\"text-decoration: none;\">michael kors handbags<\/a> walks down the runway at the Jeremy Scott Fall\/Winter 2002 Fashion Collection show Feb. 15, 2002 during the Mercedes Benz Fashion <a href=\"http:\/\/www.rosies-oldport.com\/replica-michael-kors-outlet-michael-kors-handbags-outlet-8746\/\" target=\"_blank\" style=\"text-decoration: none;\">Michael Kors handbags cheap<\/a> Week 2002 in New York City. A model walks down the runway at the Perry Ellis Mercedes Benz Fashion Show 2002 Feb. A model walks <a href=\"http:\/\/blanjayuk.com\/wp-content\/uploads\/2015\/07\/Michael-Kors1.html\" target=\"_blank\" style=\"text-decoration: none;\">Michael Kors<\/a> down <a href=\"http:\/\/www.pearlseascruises.com\/cheap-michael-kors-handbags-michael-kors-handbags-outlet-2995\/\" target=\"_blank\" style=\"text-decoration: none;\">michael kors handbags<\/a> the runway during the Tommy <a href=\"http:\/\/bigbozosbus.com\/wp-content\/uploads\/2015\/07\/Michael-Kors1.html\" target=\"_blank\" style=\"text-decoration: none;\">Michael Kors<\/a> Hilfiger Spring 2002 collection show Sept. 7, 2001 in New York City. A <a href=\"http:\/\/askkidder.com\/michael-kors-handbags-cheap-michael-kors-6077\/\" target=\"_blank\" style=\"text-decoration: none;\">michael kors  handbags<\/a> model walks on the runway during the Oscar de la Renta Spring\/Summer 2003 Collection at the Theater in Bryant Park during the Mercedes Benz Fashion Week Sept. 18, 2002 in New York City.Articles Connexes\uff1a<\/p>\n<ul>\n<\/ul>\n<\/div>\n","protected":false},"excerpt":{"rendered":"<p>Au commencement \u00e9tait l&rsquo;\u00e9cole des s\u0153urs&#8230; Nous sommes d\u00e9sol\u00e9 mais le document est tronqu\u00e9. C&rsquo;est une num\u00e9risation de photocopie tronqu\u00e9e&#8230; &nbsp; Awkward ensembles from New York Fashion Week in the early 2000s GALLERY News Back All News Local michael kors handbags Crime Education Environment Government Politics Health News Columnists Florida News Strange News Nation World &hellip; <a href=\"https:\/\/ecole-saint-joseph-44690.fr\/blog\/?page_id=438\" class=\"more-link\">Continuer la lecture de <span class=\"screen-reader-text\">L&rsquo;\u00e9cole des soeurs<\/span>  <span class=\"meta-nav\">&rarr;<\/span><\/a><\/p>\n","protected":false},"author":1,"featured_media":0,"parent":80,"menu_order":0,"comment_status":"open","ping_status":"open","template":"","meta":{"footnotes":""},"class_list":["post-438","page","type-page","status-publish","hentry"],"jetpack_sharing_enabled":true,"jetpack_shortlink":"https:\/\/wp.me\/P5G85k-74","jetpack_likes_enabled":true,"jetpack-related-posts":[{"id":305,"url":"https:\/\/ecole-saint-joseph-44690.fr\/blog\/?page_id=305","url_meta":{"origin":438,"position":0},"title":"Il \u00e9tait une fois&#8230;","author":"B\u00e9atrice Josse","date":"15 f\u00e9vrier 2014","format":false,"excerpt":"[ Ce qui suit est un extrait \u00e0 peine retravaill\u00e9 d'un discourt r\u00e9dig\u00e9 par Monique Bachelier \u00e0 l'occasion des 70 ans de l'\u00e9cole qui furent f\u00eat\u00e9s les 1er et 2 mai 1999 ] En septembre 1928, l'\u00e9cole Saint-Joseph fut inaugur\u00e9e et b\u00e9nie par Mgr Le Fer de la Motte, avec\u2026","rel":"","context":"Article similaire","block_context":{"text":"Article similaire","link":""},"img":{"alt_text":"Mr et Mme Luneau ?","src":"https:\/\/i0.wp.com\/ecole-saint-joseph-44690.fr\/blog\/wp-content\/uploads\/2014\/02\/Mr-et-Mme-Luneau-.jpg?resize=350%2C200","width":350,"height":200,"srcset":"https:\/\/i0.wp.com\/ecole-saint-joseph-44690.fr\/blog\/wp-content\/uploads\/2014\/02\/Mr-et-Mme-Luneau-.jpg?resize=350%2C200 1x, https:\/\/i0.wp.com\/ecole-saint-joseph-44690.fr\/blog\/wp-content\/uploads\/2014\/02\/Mr-et-Mme-Luneau-.jpg?resize=525%2C300 1.5x, https:\/\/i0.wp.com\/ecole-saint-joseph-44690.fr\/blog\/wp-content\/uploads\/2014\/02\/Mr-et-Mme-Luneau-.jpg?resize=700%2C400 2x, https:\/\/i0.wp.com\/ecole-saint-joseph-44690.fr\/blog\/wp-content\/uploads\/2014\/02\/Mr-et-Mme-Luneau-.jpg?resize=1050%2C600 3x"},"classes":[]},{"id":7139,"url":"https:\/\/ecole-saint-joseph-44690.fr\/blog\/?page_id=7139","url_meta":{"origin":438,"position":1},"title":"Adh\u00e9sion APEL","author":"Pablo Richard","date":"3 mai 2020","format":false,"excerpt":"L\u2019Apel joue un r\u00f4le cl\u00e9 dans la vie de l\u2019\u00e9tablissement Avec entre autres missions : accueil des nouveaux parents repr\u00e9sentation des parents au conseil d\u2019\u00e9tablissement et aupr\u00e8s de l\u2019organisme de gestion organisation de la f\u00eate de l\u2019\u00e9cole et d'animations dans l'ann\u00e9e repr\u00e9sentation aupr\u00e8s des \u00e9lus locaux soutien des familles ayant\u2026","rel":"","context":"Article similaire","block_context":{"text":"Article similaire","link":""},"img":{"alt_text":"","src":"https:\/\/i0.wp.com\/ecole-saint-joseph-44690.fr\/blog\/wp-content\/uploads\/2020\/04\/Capture-de%CC%81cran-2020-04-29-11.22.10.png?resize=350%2C200&ssl=1","width":350,"height":200,"srcset":"https:\/\/i0.wp.com\/ecole-saint-joseph-44690.fr\/blog\/wp-content\/uploads\/2020\/04\/Capture-de%CC%81cran-2020-04-29-11.22.10.png?resize=350%2C200&ssl=1 1x, https:\/\/i0.wp.com\/ecole-saint-joseph-44690.fr\/blog\/wp-content\/uploads\/2020\/04\/Capture-de%CC%81cran-2020-04-29-11.22.10.png?resize=525%2C300&ssl=1 1.5x"},"classes":[]},{"id":212,"url":"https:\/\/ecole-saint-joseph-44690.fr\/blog\/?page_id=212","url_meta":{"origin":438,"position":2},"title":"La commission informatique","author":"B\u00e9atrice Josse","date":"7 f\u00e9vrier 2014","format":false,"excerpt":"Cette commission\u00a0est en charge d'administrer et de faire \u00e9voluer le parc informatique de l'\u00e9cole qui se compose de: 4 postes par classe du CP au CM2, soit 24 postes au total 1 poste en libre service dans la salle des ma\u00eetres 3 portables Un photocopieur\/scanner 2 t\u00e9l\u00e9phones ToIP Et de\u2026","rel":"","context":"Article similaire","block_context":{"text":"Article similaire","link":""},"img":{"alt_text":"linux_inside","src":"https:\/\/i0.wp.com\/ecole-saint-joseph-44690.fr\/blog\/wp-content\/uploads\/2014\/02\/linux_inside.png?resize=350%2C200","width":350,"height":200},"classes":[]},{"id":6710,"url":"https:\/\/ecole-saint-joseph-44690.fr\/blog\/?page_id=6710","url_meta":{"origin":438,"position":3},"title":"Mon entr\u00e9e en TPS et PS","author":"B\u00e9atrice Josse","date":"19 d\u00e9cembre 2019","format":false,"excerpt":"ENTREE EN TPS: Votre enfant est n\u00e9 en 2021 et vous souhaitez le scolariser \u00e0 l'\u00e9cole. Consultez les conditions d'accueil ICI: ENTREE EN PS: L'entr\u00e9e en Petite Section d'un enfant est une \u00e9tape importante dans la vie d'une famille. Vivre en collectivit\u00e9 est un grand changement, lorsque l'on a 3\u2026","rel":"","context":"Article similaire","block_context":{"text":"Article similaire","link":""},"img":{"alt_text":"","src":"","width":0,"height":0},"classes":[]},{"id":34,"url":"https:\/\/ecole-saint-joseph-44690.fr\/blog\/?page_id=34","url_meta":{"origin":438,"position":4},"title":"L&rsquo;\u00e9cole primaire","author":"B\u00e9atrice Josse","date":"13 janvier 2014","format":false,"excerpt":"","rel":"","context":"Article similaire","block_context":{"text":"Article similaire","link":""},"img":{"alt_text":"","src":"","width":0,"height":0},"classes":[]},{"id":6712,"url":"https:\/\/ecole-saint-joseph-44690.fr\/blog\/?page_id=6712","url_meta":{"origin":438,"position":5},"title":"DOCUMENTS VIE SCOLAIRE","author":"B\u00e9atrice Josse","date":"19 d\u00e9cembre 2019","format":false,"excerpt":"Vous trouverez dans cette rubrique les documents utiles \u00e0 la scolarit\u00e9 de votre enfant: Autorisation de sortie r\u00e9guli\u00e8re (feuille verte): si vous autorisez votre enfant \u00e0 sortir seul le midi et\/ou le soir. Bulletins d'absence: \u00e0 remplir \u00e0 chaque absence et \u00e0 remettre \u00e0 l'enseignant au retour en classe de\u2026","rel":"","context":"Article similaire","block_context":{"text":"Article similaire","link":""},"img":{"alt_text":"","src":"","width":0,"height":0},"classes":[]}],"_links":{"self":[{"href":"https:\/\/ecole-saint-joseph-44690.fr\/blog\/index.php?rest_route=\/wp\/v2\/pages\/438","targetHints":{"allow":["GET"]}}],"collection":[{"href":"https:\/\/ecole-saint-joseph-44690.fr\/blog\/index.php?rest_route=\/wp\/v2\/pages"}],"about":[{"href":"https:\/\/ecole-saint-joseph-44690.fr\/blog\/index.php?rest_route=\/wp\/v2\/types\/page"}],"author":[{"embeddable":true,"href":"https:\/\/ecole-saint-joseph-44690.fr\/blog\/index.php?rest_route=\/wp\/v2\/users\/1"}],"replies":[{"embeddable":true,"href":"https:\/\/ecole-saint-joseph-44690.fr\/blog\/index.php?rest_route=%2Fwp%2Fv2%2Fcomments&post=438"}],"version-history":[{"count":3,"href":"https:\/\/ecole-saint-joseph-44690.fr\/blog\/index.php?rest_route=\/wp\/v2\/pages\/438\/revisions"}],"predecessor-version":[{"id":2729,"href":"https:\/\/ecole-saint-joseph-44690.fr\/blog\/index.php?rest_route=\/wp\/v2\/pages\/438\/revisions\/2729"}],"up":[{"embeddable":true,"href":"https:\/\/ecole-saint-joseph-44690.fr\/blog\/index.php?rest_route=\/wp\/v2\/pages\/80"}],"wp:attachment":[{"href":"https:\/\/ecole-saint-joseph-44690.fr\/blog\/index.php?rest_route=%2Fwp%2Fv2%2Fmedia&parent=438"}],"curies":[{"name":"wp","href":"https:\/\/api.w.org\/{rel}","templated":true}]}}