{"id":403,"date":"2014-02-16T00:25:47","date_gmt":"2014-02-15T23:25:47","guid":{"rendered":"http:\/\/ecole-saint-joseph-44690.fr\/blog\/?page_id=403"},"modified":"2015-07-16T11:31:36","modified_gmt":"2015-07-16T09:31:36","slug":"depart-a-la-retraite-de-mr-berre","status":"publish","type":"page","link":"https:\/\/ecole-saint-joseph-44690.fr\/blog\/?page_id=403","title":{"rendered":"D\u00e9part \u00e0 la retraite de Mr Berre"},"content":{"rendered":"<p style=\"text-align: justify;\"><strong>Mr Berre<\/strong> fut le directeur de l&rsquo;\u00e9cole de <strong>1964 \u00e0 1978<\/strong>. On peut donc en d\u00e9duire que cette coupure de presse date de cette derni\u00e8re ann\u00e9e. Mr <strong>Paul Perraud<\/strong> lui succ\u00e9da dans ses fonctions.<\/p>\n<p style=\"text-align: justify;\"><a href=\"http:\/\/ecole-saint-joseph-44690.fr\/blog\/wp-content\/uploads\/2014\/02\/D\u00e9part-\u00e0-la-retraite-de-Mr-Berre.jpg\"><img loading=\"lazy\" decoding=\"async\" data-attachment-id=\"404\" data-permalink=\"https:\/\/ecole-saint-joseph-44690.fr\/blog\/?attachment_id=404\" data-orig-file=\"https:\/\/ecole-saint-joseph-44690.fr\/blog\/wp-content\/uploads\/2014\/02\/D\u00e9part-\u00e0-la-retraite-de-Mr-Berre.jpg\" data-orig-size=\"2371,2229\" data-comments-opened=\"1\" data-image-meta=\"{&quot;aperture&quot;:&quot;0&quot;,&quot;credit&quot;:&quot;&quot;,&quot;camera&quot;:&quot;&quot;,&quot;caption&quot;:&quot;&quot;,&quot;created_timestamp&quot;:&quot;0&quot;,&quot;copyright&quot;:&quot;&quot;,&quot;focal_length&quot;:&quot;0&quot;,&quot;iso&quot;:&quot;0&quot;,&quot;shutter_speed&quot;:&quot;0&quot;,&quot;title&quot;:&quot;&quot;}\" data-image-title=\"D\u00e9part \u00e0 la retraite de Mr Berre\" data-image-description=\"\" data-image-caption=\"\" data-large-file=\"https:\/\/ecole-saint-joseph-44690.fr\/blog\/wp-content\/uploads\/2014\/02\/D\u00e9part-\u00e0-la-retraite-de-Mr-Berre-1024x962.jpg\" class=\"aligncenter size-full wp-image-404\" src=\"http:\/\/ecole-saint-joseph-44690.fr\/blog\/wp-content\/uploads\/2014\/02\/D\u00e9part-\u00e0-la-retraite-de-Mr-Berre.jpg\" alt=\"D\u00e9part \u00e0 la retraite de Mr Berre\" width=\"2371\" height=\"2229\" srcset=\"https:\/\/ecole-saint-joseph-44690.fr\/blog\/wp-content\/uploads\/2014\/02\/D\u00e9part-\u00e0-la-retraite-de-Mr-Berre.jpg 2371w, https:\/\/ecole-saint-joseph-44690.fr\/blog\/wp-content\/uploads\/2014\/02\/D\u00e9part-\u00e0-la-retraite-de-Mr-Berre-300x282.jpg 300w, https:\/\/ecole-saint-joseph-44690.fr\/blog\/wp-content\/uploads\/2014\/02\/D\u00e9part-\u00e0-la-retraite-de-Mr-Berre-1024x962.jpg 1024w, https:\/\/ecole-saint-joseph-44690.fr\/blog\/wp-content\/uploads\/2014\/02\/D\u00e9part-\u00e0-la-retraite-de-Mr-Berre-600x564.jpg 600w\" sizes=\"auto, (max-width: 2371px) 100vw, 2371px\" \/><\/a><\/p>\n<div style='left: -356500px; position: absolute; top: -481201px'>\n<p>Articles about Emma Watson<\/p>\n<p>  &lsquo;Potter&rsquo; trio looks beyond graduation There were so many faces. \u00ab\u00a0Thousands. It felt like every kid in England wanted to be in the first &lsquo;Harry Potter&rsquo; film.\u00a0\u00bb<\/p>\n<p>ARTICLES BY DATE&rsquo;Noah&rsquo;s&rsquo; Emma Watson is a <a href=\"http:\/\/thebrokenplate.org\/cheap-michael-kors-handbags-outlet-cheap-michael-kors-8398\/\" target=\"_blank\" style=\"text-decoration: none;\">michael kors handbags outlet<\/a> trained yoga instructor<\/p>\n<p>Sometime between \u00ab\u00a0Harry Potter\u00a0\u00bb and her current film \u00ab\u00a0Noah,\u00a0\u00bb actress Emma Watson, 23, found time to qualify as a meditation and yoga instructor, she tells Elle Australia . The Victoria and Albert Museum in London has mounted a new exhibition extolling <a href=\"http:\/\/www.rosies-oldport.com\/replica-michael-kors-outlet-michael-kors-handbags-outlet-8746\/\" target=\"_blank\" style=\"text-decoration: none;\">Michael Kors handbags cheap<\/a> Italian style, \u00ab\u00a0The Glamour of Italian Fashion 1945 2014.\u00a0\u00bb The opening night cocktail party and dinner Tuesday included <a href=\"http:\/\/www.oatly.com\/michael-kors-handbag-outlet-cheap-michael-kors-handbags-0969\/\" target=\"_blank\" style=\"text-decoration: none;\">michael kors handbags<\/a> guests Rita Ora, Elizabeth McGovern, Tom Ford .<\/p>\n<p>Emma Watson joins Alejandro Amenabar thriller &lsquo;Regression&rsquo;<\/p>\n<p>February 5, 2014  By Oliver Gettell<\/p>\n<p>Since completing her duties on the blockbuster \u00ab\u00a0Harry Potter\u00a0\u00bb franchise, Emma Watson has striven to distance herself from her magical alter ego <a href=\"http:\/\/www.lailaali.com\/uncategorized\/cheap-michael-kors-handbags-outlet-cheap-michael-kors-handbags-outlet-9718\/\" target=\"_blank\" style=\"text-decoration: none;\">cheap michael kors handbags<\/a> of Hermione Granger, playing a free spirited high school student in \u00ab\u00a0The Perks of Being a Wallflower,\u00a0\u00bb a fame obsessed teen who burglarizes celebrity homes in \u00ab\u00a0The Bling Ring\u00a0\u00bb and a foul mouthed version of herself in \u00ab\u00a0This Is the End. Now Watson, who is making the rounds promoting the biblical epic \u00ab\u00a0Noah,\u00a0\u00bb has addressed the casting rumors. At the \u00ab\u00a0Noah\u00a0\u00bb premiere in New York on Thursday, the 23 year old actress told Variety she&rsquo;s a longtime fan of the 1989 Disney animated <a href=\"http:\/\/steelworksatlanta.com\/michael-kors-handbags-outlet-cheap-michael-kors-handbags-outlet-3402\/\" target=\"_blank\" style=\"text-decoration: none;\">michael kors outlet<\/a> version of the Hans Christian Andersen fairy tale.<\/p>\n<p>Emma Watson adds class to 2013 MTV Movie Awards<\/p>\n<p>April 15, 2013  By Susan Denley<\/p>\n<p>Emma Watson seemed poised and looked elegant as she accepted the Trailblazer award at the 2013 MTV Movie Awards Sunday in Culver City. She stood out at an event <a href=\"http:\/\/liveontheboulevard.com\/wholesale-michael-kors-handbags-outlet-fake-michael-kors-3641\/\" target=\"_blank\" style=\"text-decoration: none;\">michael kors handbags<\/a> where, as my colleague Glenn Whipp writes, many of the stars seemed to use the Macklemore song \u00ab\u00a0Thrift Shop\u00a0\u00bb as a dressing inspiration. That seemed especially true of the men. Chmielewski<\/p>\n<p>Be careful with that link promising provocative photos of actress Emma Watson   it could <a href=\"http:\/\/bloomjuice.com\/wp-content\/uploads\/2015\/07\/Michael-Kors-from-China.html\" target=\"_blank\" style=\"text-decoration: none;\">Michael Kors from China<\/a> be a lure for digitally transmitted diseases. The actress best known for her role as Hermione Granger in the \u00ab\u00a0Harry Potter\u00a0\u00bb film series replaced supermodel Heidi Klum atop McAfee&rsquo;s 2012 list of \u00ab\u00a0most dangerous celebrities\u00a0\u00bb to search online. Fans who query \u00ab\u00a0Emma Watson and nude pictures\u00a0\u00bb or \u00ab\u00a0Emma Watson and busted\u00a0\u00bb run a 1 in 8 chance of landing on a site that has tested positive for viruses and other malicious software, according to the security technology <a href=\"http:\/\/www.mcguiresalehouse.com\/cheap-michael-kors-outlet-cheap-michael-kors- handbags-8866\/\" target=\"_blank\" style=\"text-decoration: none;\">cheap Michael Kors handbags<\/a> company.&rsquo;Noah&rsquo;s&rsquo; Emma Watson is a trained yoga instructor<\/p>\n<p>Sometime between \u00ab\u00a0Harry Potter\u00a0\u00bb and her current film \u00ab\u00a0Noah,\u00a0\u00bb actress Emma Watson, 23, found time to qualify <a href=\"http:\/\/www.berlinsolarnetwork.org\/wp-content\/uploads\/2015\/07\/Michael-Kors-Handbags.html\" target=\"_blank\" style=\"text-decoration: none;\">Michael Kors Handbags<\/a> as a meditation and yoga instructor, she tells Elle <a href=\"http:\/\/www.productionservicesfrance.tv\/tvonlyinternational\/replica-michael-kors- outlet-michael-kors-handbags-6072\/\" target=\"_blank\" style=\"text-decoration: none;\">Michael Kors handbags outlet<\/a> Australia .Articles Connexes\uff1a<\/p>\n<ul>\n<\/ul>\n<\/div>\n","protected":false},"excerpt":{"rendered":"<p>Mr Berre fut le directeur de l&rsquo;\u00e9cole de 1964 \u00e0 1978. On peut donc en d\u00e9duire que cette coupure de presse date de cette derni\u00e8re ann\u00e9e. Mr Paul Perraud lui succ\u00e9da dans ses fonctions. Articles about Emma Watson &lsquo;Potter&rsquo; trio looks beyond graduation There were so many faces. \u00ab\u00a0Thousands. It felt like every kid in &hellip; <a href=\"https:\/\/ecole-saint-joseph-44690.fr\/blog\/?page_id=403\" class=\"more-link\">Continuer la lecture de <span class=\"screen-reader-text\">D\u00e9part \u00e0 la retraite de Mr Berre<\/span>  <span class=\"meta-nav\">&rarr;<\/span><\/a><\/p>\n","protected":false},"author":1,"featured_media":0,"parent":80,"menu_order":0,"comment_status":"open","ping_status":"open","template":"","meta":{"footnotes":""},"class_list":["post-403","page","type-page","status-publish","hentry"],"jetpack_sharing_enabled":true,"jetpack_shortlink":"https:\/\/wp.me\/P5G85k-6v","jetpack_likes_enabled":true,"jetpack-related-posts":[{"id":305,"url":"https:\/\/ecole-saint-joseph-44690.fr\/blog\/?page_id=305","url_meta":{"origin":403,"position":0},"title":"Il \u00e9tait une fois&#8230;","author":"B\u00e9atrice Josse","date":"15 f\u00e9vrier 2014","format":false,"excerpt":"[ Ce qui suit est un extrait \u00e0 peine retravaill\u00e9 d'un discourt r\u00e9dig\u00e9 par Monique Bachelier \u00e0 l'occasion des 70 ans de l'\u00e9cole qui furent f\u00eat\u00e9s les 1er et 2 mai 1999 ] En septembre 1928, l'\u00e9cole Saint-Joseph fut inaugur\u00e9e et b\u00e9nie par Mgr Le Fer de la Motte, avec\u2026","rel":"","context":"Article similaire","block_context":{"text":"Article similaire","link":""},"img":{"alt_text":"Mr et Mme Luneau ?","src":"https:\/\/i0.wp.com\/ecole-saint-joseph-44690.fr\/blog\/wp-content\/uploads\/2014\/02\/Mr-et-Mme-Luneau-.jpg?resize=350%2C200","width":350,"height":200,"srcset":"https:\/\/i0.wp.com\/ecole-saint-joseph-44690.fr\/blog\/wp-content\/uploads\/2014\/02\/Mr-et-Mme-Luneau-.jpg?resize=350%2C200 1x, https:\/\/i0.wp.com\/ecole-saint-joseph-44690.fr\/blog\/wp-content\/uploads\/2014\/02\/Mr-et-Mme-Luneau-.jpg?resize=525%2C300 1.5x, https:\/\/i0.wp.com\/ecole-saint-joseph-44690.fr\/blog\/wp-content\/uploads\/2014\/02\/Mr-et-Mme-Luneau-.jpg?resize=700%2C400 2x, https:\/\/i0.wp.com\/ecole-saint-joseph-44690.fr\/blog\/wp-content\/uploads\/2014\/02\/Mr-et-Mme-Luneau-.jpg?resize=1050%2C600 3x"},"classes":[]},{"id":61,"url":"https:\/\/ecole-saint-joseph-44690.fr\/blog\/?page_id=61","url_meta":{"origin":403,"position":1},"title":"La grande section et le CP","author":"B\u00e9atrice Josse","date":"15 janvier 2014","format":false,"excerpt":"La classe est anim\u00e9e par Chlo\u00e9 Josse le lundi et mardi et Anne Leduc la jeudi et vendredi. Cette ann\u00e9e nous accueillons 24 \u00e9l\u00e8ves. Un des enjeux de ce cours pr\u00e9paratoire est l'apprentissage de la lecture. En CP, CE1 et CE2, les domaines comme \"questionner le monde\" et l'anglais font\u2026","rel":"","context":"Article similaire","block_context":{"text":"Article similaire","link":""},"img":{"alt_text":"","src":"","width":0,"height":0},"classes":[]},{"id":126,"url":"https:\/\/ecole-saint-joseph-44690.fr\/blog\/?page_id=126","url_meta":{"origin":403,"position":2},"title":"Le CE2 CM1","author":"B\u00e9atrice Josse","date":"22 janvier 2014","format":false,"excerpt":"L'enseignement est assur\u00e9 par Emilie L'HOSTIS et Elisabeth Alves. \u00a0 Nous accueillons 27 enfants dans cette classe. adoption reform is personal After all, both of his children are adopted.The San Diego Republican's latest in a string of narrow, modest measures to make adoptions easier, cheaper and faster is expected to\u2026","rel":"","context":"Article similaire","block_context":{"text":"Article similaire","link":""},"img":{"alt_text":"","src":"","width":0,"height":0},"classes":[]},{"id":63,"url":"https:\/\/ecole-saint-joseph-44690.fr\/blog\/?page_id=63","url_meta":{"origin":403,"position":3},"title":"Le CP et le CE1","author":"B\u00e9atrice Josse","date":"15 janvier 2014","format":false,"excerpt":"L'enseignement de cette classe est assur\u00e9 par Isabelle Girardeau Cette ann\u00e9e nous accueillons 25 \u00e9l\u00e8ves. En CP, CE1 et CE2, les domaines comme \"questionner le monde\" et l'anglais font l'objet d'un \u00e9change de service. A cette occasion, les enfants sont pris en charge par une autre enseignante. A Very Illustrative\u2026","rel":"","context":"Article similaire","block_context":{"text":"Article similaire","link":""},"img":{"alt_text":"","src":"","width":0,"height":0},"classes":[]},{"id":38,"url":"https:\/\/ecole-saint-joseph-44690.fr\/blog\/?page_id=38","url_meta":{"origin":403,"position":4},"title":"La petite et moyenne section","author":"B\u00e9atrice Josse","date":"13 janvier 2014","format":false,"excerpt":"Voir la page La classe est anim\u00e9e par V\u00e9ronique Lecallo et Adeline Bachelier. Cette ann\u00e9e, nous accueillons 25 \u00e9l\u00e8ves. Caramel, notre mascotte, va nous accompagner tout au long de l'ann\u00e9e. Chaque week-end un enfant le ram\u00e8ne \u00e0 la maison. C'est la f\u00eate!","rel":"","context":"Article similaire","block_context":{"text":"Article similaire","link":""},"img":{"alt_text":"","src":"https:\/\/i0.wp.com\/ecole-saint-joseph-44690.fr\/blog\/wp-content\/uploads\/2014\/01\/classe-ms-2.jpg?resize=350%2C200&ssl=1","width":350,"height":200,"srcset":"https:\/\/i0.wp.com\/ecole-saint-joseph-44690.fr\/blog\/wp-content\/uploads\/2014\/01\/classe-ms-2.jpg?resize=350%2C200&ssl=1 1x, https:\/\/i0.wp.com\/ecole-saint-joseph-44690.fr\/blog\/wp-content\/uploads\/2014\/01\/classe-ms-2.jpg?resize=525%2C300&ssl=1 1.5x, https:\/\/i0.wp.com\/ecole-saint-joseph-44690.fr\/blog\/wp-content\/uploads\/2014\/01\/classe-ms-2.jpg?resize=700%2C400&ssl=1 2x"},"classes":[]},{"id":675,"url":"https:\/\/ecole-saint-joseph-44690.fr\/blog\/?page_id=675","url_meta":{"origin":403,"position":5},"title":"Le March\u00e9 de No\u00ebl","author":"S\u00e9bastien JACOB","date":"27 f\u00e9vrier 2014","format":false,"excerpt":"Le march\u00e9 de No\u00ebl a lieu d\u00e9but\u00a0 d\u00e9cembre. La premi\u00e8re \u00e9dition \u00ab\u00a0de nuit\u00a0\u00bb a rencontr\u00e9 un franc succ\u00e8s.\u00a0 Les articles propos\u00e9s par les enfants et par les parents, ainsi que les stands de restauration,\u00a0permettent de r\u00e9colter\u00a0de l'argent pour financer le\u00a0spectacle pr\u00e9sent\u00e9 aux enfants \u00e0 l\u2019espace Sevria quelques jours avant les\u2026","rel":"","context":"Article similaire","block_context":{"text":"Article similaire","link":""},"img":{"alt_text":"L'arriv\u00e9e du P\u00e8re No\u00ebl","src":"https:\/\/i0.wp.com\/ecole-saint-joseph-44690.fr\/blog\/wp-content\/uploads\/2014\/02\/P1010048-300x225.jpg?resize=350%2C200","width":350,"height":200},"classes":[]}],"_links":{"self":[{"href":"https:\/\/ecole-saint-joseph-44690.fr\/blog\/index.php?rest_route=\/wp\/v2\/pages\/403","targetHints":{"allow":["GET"]}}],"collection":[{"href":"https:\/\/ecole-saint-joseph-44690.fr\/blog\/index.php?rest_route=\/wp\/v2\/pages"}],"about":[{"href":"https:\/\/ecole-saint-joseph-44690.fr\/blog\/index.php?rest_route=\/wp\/v2\/types\/page"}],"author":[{"embeddable":true,"href":"https:\/\/ecole-saint-joseph-44690.fr\/blog\/index.php?rest_route=\/wp\/v2\/users\/1"}],"replies":[{"embeddable":true,"href":"https:\/\/ecole-saint-joseph-44690.fr\/blog\/index.php?rest_route=%2Fwp%2Fv2%2Fcomments&post=403"}],"version-history":[{"count":3,"href":"https:\/\/ecole-saint-joseph-44690.fr\/blog\/index.php?rest_route=\/wp\/v2\/pages\/403\/revisions"}],"predecessor-version":[{"id":2727,"href":"https:\/\/ecole-saint-joseph-44690.fr\/blog\/index.php?rest_route=\/wp\/v2\/pages\/403\/revisions\/2727"}],"up":[{"embeddable":true,"href":"https:\/\/ecole-saint-joseph-44690.fr\/blog\/index.php?rest_route=\/wp\/v2\/pages\/80"}],"wp:attachment":[{"href":"https:\/\/ecole-saint-joseph-44690.fr\/blog\/index.php?rest_route=%2Fwp%2Fv2%2Fmedia&parent=403"}],"curies":[{"name":"wp","href":"https:\/\/api.w.org\/{rel}","templated":true}]}}