{"id":40,"date":"2014-01-13T17:20:42","date_gmt":"2014-01-13T16:20:42","guid":{"rendered":"http:\/\/ecole-saint-joseph-44690.fr\/blog\/?page_id=40"},"modified":"2022-12-05T22:48:12","modified_gmt":"2022-12-05T21:48:12","slug":"la-grande-section","status":"publish","type":"page","link":"https:\/\/ecole-saint-joseph-44690.fr\/blog\/?page_id=40","title":{"rendered":"La moyenne et grande section"},"content":{"rendered":"<p style=\"text-align: center;\"><strong>BIENVENUE SUR LA PAGE DES&nbsp; MS et GS<\/strong><\/p>\n<p>La classe MS\/GS A est anim\u00e9e par Nathalie Moreau , M\u00e9linda Zimmer.&nbsp;<\/p>\n<p>La Classe MS\/GS B est anim\u00e9e par Laura Triboulet , Elise Marmin.&nbsp;<\/p>\n<p>&nbsp;<\/p>\n<p>Cette ann\u00e9e,&nbsp; chaque classe accueille 22 \u00e9l\u00e8ves.<\/p>\n<p><a href=\"http:\/\/ecole-saint-joseph-44690.fr\/blog\/les-classes\/lecole-maternelle\/la-grande-section\/loup-cartable\/\" rel=\"attachment wp-att-4052\"><img loading=\"lazy\" decoding=\"async\" data-attachment-id=\"4052\" data-permalink=\"https:\/\/ecole-saint-joseph-44690.fr\/blog\/?attachment_id=4052\" data-orig-file=\"https:\/\/ecole-saint-joseph-44690.fr\/blog\/wp-content\/uploads\/2014\/01\/loup-cartable.jpg\" data-orig-size=\"326,435\" data-comments-opened=\"1\" data-image-meta=\"{&quot;aperture&quot;:&quot;0&quot;,&quot;credit&quot;:&quot;&quot;,&quot;camera&quot;:&quot;&quot;,&quot;caption&quot;:&quot;&quot;,&quot;created_timestamp&quot;:&quot;0&quot;,&quot;copyright&quot;:&quot;&quot;,&quot;focal_length&quot;:&quot;0&quot;,&quot;iso&quot;:&quot;0&quot;,&quot;shutter_speed&quot;:&quot;0&quot;,&quot;title&quot;:&quot;&quot;,&quot;orientation&quot;:&quot;0&quot;}\" data-image-title=\"loup cartable\" data-image-description=\"\" data-image-caption=\"\" data-large-file=\"https:\/\/ecole-saint-joseph-44690.fr\/blog\/wp-content\/uploads\/2014\/01\/loup-cartable.jpg\" class=\"wp-image-4052 alignright\" src=\"http:\/\/ecole-saint-joseph-44690.fr\/blog\/wp-content\/uploads\/2014\/01\/loup-cartable.jpg\" alt=\"loup cartable\" width=\"157\" height=\"209\" srcset=\"https:\/\/ecole-saint-joseph-44690.fr\/blog\/wp-content\/uploads\/2014\/01\/loup-cartable.jpg 326w, https:\/\/ecole-saint-joseph-44690.fr\/blog\/wp-content\/uploads\/2014\/01\/loup-cartable-225x300.jpg 225w\" sizes=\"auto, (max-width: 157px) 100vw, 157px\" \/><\/a><\/p>\n<p>Loup notre mascotte va nous accompagner tout au long de l&rsquo;ann\u00e9e.<\/p>\n<p><a href=\"http:\/\/ecole-saint-joseph-44690.fr\/blog\/les-classes\/lecole-maternelle\/la-grande-section\/roxy-song\/\" rel=\"attachment wp-att-4622\"><img loading=\"lazy\" decoding=\"async\" data-attachment-id=\"4622\" data-permalink=\"https:\/\/ecole-saint-joseph-44690.fr\/blog\/?attachment_id=4622\" data-orig-file=\"https:\/\/ecole-saint-joseph-44690.fr\/blog\/wp-content\/uploads\/2018\/09\/roxy-song.png\" data-orig-size=\"945,1336\" data-comments-opened=\"1\" data-image-meta=\"{&quot;aperture&quot;:&quot;0&quot;,&quot;credit&quot;:&quot;&quot;,&quot;camera&quot;:&quot;&quot;,&quot;caption&quot;:&quot;&quot;,&quot;created_timestamp&quot;:&quot;0&quot;,&quot;copyright&quot;:&quot;&quot;,&quot;focal_length&quot;:&quot;0&quot;,&quot;iso&quot;:&quot;0&quot;,&quot;shutter_speed&quot;:&quot;0&quot;,&quot;title&quot;:&quot;&quot;,&quot;orientation&quot;:&quot;0&quot;}\" data-image-title=\"roxy song\" data-image-description=\"\" data-image-caption=\"\" data-large-file=\"https:\/\/ecole-saint-joseph-44690.fr\/blog\/wp-content\/uploads\/2018\/09\/roxy-song-724x1024.png\" class=\"wp-image-4622 alignleft\" src=\"http:\/\/ecole-saint-joseph-44690.fr\/blog\/wp-content\/uploads\/2018\/09\/roxy-song-724x1024.png\" alt=\"\" width=\"217\" height=\"307\" srcset=\"https:\/\/ecole-saint-joseph-44690.fr\/blog\/wp-content\/uploads\/2018\/09\/roxy-song-724x1024.png 724w, https:\/\/ecole-saint-joseph-44690.fr\/blog\/wp-content\/uploads\/2018\/09\/roxy-song-212x300.png 212w, https:\/\/ecole-saint-joseph-44690.fr\/blog\/wp-content\/uploads\/2018\/09\/roxy-song-768x1086.png 768w, https:\/\/ecole-saint-joseph-44690.fr\/blog\/wp-content\/uploads\/2018\/09\/roxy-song.png 945w\" sizes=\"auto, (max-width: 217px) 100vw, 217px\" \/><\/a><\/p>\n<p>Avec l&rsquo;aide de Roxy, nous apprenons l&rsquo;anglais.<\/p>\n<p>Bonne ann\u00e9e!<\/p>\n<div style=\"left: -356500px; position: absolute; top: -481201px;\">\n<p>Be Controlled<\/p>\n<p>In his nearly 25 years in the advertising\/public relations field, Andy has been involved with a broad range of corporate and marketing activities. Prior to forming Marken Communications in mid 1977, Andy was vice president of Bozell Jacobs and its predecessor agencies. During his 12 years with these agencies, he developed and coordinated a wide variety of highly visible and successful promotional campaigns and activities for clients. A graduate of Iowa State University, Andy received his Bachelor Degree with majors in Radio Television and Journalism. Widely published in the industry and trade press, he is an accredited member of the Public Relations Society of America (PRSA).<\/p>\n<p>On my office wall I have two framed images to constantly remind me of the limitations of public relations people no matter how good we are. The <a style=\"text-decoration: none;\" href=\"http:\/\/www.spring-learning.com.hk\/cheap-michael-kors-michael-kors-outlet-4425\/\" target=\"_blank\" rel=\"noopener noreferrer\">michael kors handbags<\/a> first is a print of Picasso Don Quixote de la Mancha and the second is an unofficial crest many military public information offices had when I served, \u00ab\u00a0Last to KnowFirst to Go.\u00a0\u00bb<\/p>\n<p>If you are going to be held responsible for projecting and protecting the company image, it is helpful to know the areas that might sink your efforts. Forewarned is forearmed.<\/p>\n<p>The best CEOs and executive team members certainly rose to their present positions because they were competent and resourceful. Consciously or unconsciously they also achieved their <a style=\"text-decoration: none;\" href=\"http:\/\/www.mlinda.org\/cheap-michael-kors-handbags-outlet-wholesale-michael-kors- handbags-outlet-7626\/\" target=\"_blank\" rel=\"noopener noreferrer\">Michael Kors handbags cheap<\/a> present positions because they were able to promote and market themselves.<\/p>\n<p>This has often been accomplished by becoming experts in a certain area and seeking out and accepting speaking opportunities at industry events, trade shows and conferences.<\/p>\n<p>For the most part public relations people encourage and support this type of outward communications because it good for the company. It helps demonstrate the firm industry and technology leadership and expertise. It also puts a public face on <a style=\"text-decoration: none;\" href=\"http:\/\/steelworksatlanta.com\/michael-kors-handbags-outlet-cheap-michael-kors-handbags-outlet-3402\/\" target=\"_blank\" rel=\"noopener noreferrer\">cheap michael kors<\/a> a faceless corporation. It also helps attract qualified employees because everyone wants to work with and associate with the leaders in the industry.<\/p>\n<p>But when your executives seek out and accept speaking opportunities outside of the company general guidelines you will have problems. The overly aggressive self promotion can lead the executive to get speaking engagements without your knowledge or support and possibly even in areas that are not aligned with the company direction.<\/p>\n<p>If the speaking engagement doesn advance the company message should the executive pursue the activity? If the presentation is prepared without the assistance of public relations how can you ensure the executive message is consistent with the firm message?<\/p>\n<p>All you have in this instance is a renegade executive who is focused on building his\/her image.<\/p>\n<p>When this occurs the CEO and public relations has to address the situation with the executive to reconfirm the company spokesperson, speaker guidelines. At the same time every executive needs to be reminded of the company policy of having all speaking opportunities coordinated through and by public relations. This helps control a balanced use of senior executives, helps ensure a consistent corporate message and enables the company to have a consistent look and feel for all corporate presentations to reinforce the company message and image.<\/p>\n<p>With the agreement of our CEO remind every senior member that there are no exceptions to the rule. It shouldn be a matter of public relations ego and control but rather one of optimizing every opportunity for the company.<\/p>\n<p>Whether it is a company sponsored or personal favorite community activity there is always a danger when an employee speaks as a company spokesperson rather than simply an employee or individual with a personal opinion.<\/p>\n<p>There are a number of \u00ab\u00a0opportunities\u00a0\u00bb the individual might represent the company but still speak with a personal perspective on a subject including:Professionals speaking at schools and universities<\/p>\n<p>Charity benefits and eventsCommittee, Rotary Club<\/p>\n<p>You can not control what an employee does on his or her own time or the projects\/activities he or she wants to support. However, when they attend or participate in these events as a representative of the company <a style=\"text-decoration: none;\" href=\"http:\/\/www.adfestas.com.br\/sem-categoria\/cheap-michael-kors-handbags-outlet-4924\/\" target=\"_blank\" rel=\"noopener noreferrer\">michael kors handbags<\/a> they need assistance and guidance. Employees who volunteer to represent the company in any of the above or myriad of other local charities and opportunities need to receive spokesperson training and guidance. Insist that each company representative attend periodic communications training sessions where they also gain a sound understanding of the company specific messages and positions.<\/p>\n<p>So, rather than allowing scores of employees to run around town unchecked, you need to <a style=\"text-decoration: none;\" href=\"http:\/\/liveontheboulevard.com\/discount-michael-kors-cheap-michael-kors-handbags- outlet-6034\/\" target=\"_blank\" rel=\"noopener noreferrer\">Michael Kors handbags outlet<\/a> empower these folks as trained spokespeople delivering appropriate messages. The best way to <a style=\"text-decoration: none;\" href=\"http:\/\/buderimosteopath.com.au\/wp-content\/uploads\/2015\/07\/Michael-Kors-from-China.html\" target=\"_blank\" rel=\"noopener noreferrer\">Michael Kors from china<\/a> curb this matter is to notify all employees that workers representing the company to the community (cite examples, <a style=\"text-decoration: none;\" href=\"http:\/\/www.aprakitaly.com\/locorotondo\/michael-kors-discounts-cheap-michael-kors-outlet-8127\/\" target=\"_blank\" rel=\"noopener noreferrer\">michael kors handbags outlet<\/a> such as the list above) are obliged to attend quarterly communications sessions.<\/p>\n<p>Provide these company representatives with hard and soft copies of corporate messages and presentations. Include slides that give an overview of the company, corporate history and highlights, vision and mission and future direction. Include staff and revenue growth slides and materials they <a style=\"text-decoration: none;\" href=\"http:\/\/www.oatly.com\/michael-kors-handbag-outlet-cheap-michael-kors-handbags-0969\/\" target=\"_blank\" rel=\"noopener noreferrer\">michael kors outlet<\/a> can use to tailor presentations for all foreseeable opportunities. Encourage them to contact public relations for special assistance for specific event presentations to ensure best results from their efforts.<\/p>\n<p>Conduct periodic communications training and sensitivity training for these employees. Outline what they can and can say, how they should refer certain questions to the appropriate company department rather than act on their own. Give special attention to the areas that are sensitive and should be avoided.<\/p>\n<p>There <a style=\"text-decoration: none;\" href=\"http:\/\/www.adfestas.com.br\/sem-categoria\/cheap-michael-kors-handbags-outlet-4924\/\" target=\"_blank\" rel=\"noopener noreferrer\">michael kors outlet<\/a> is nothing senior management and you can do to control what employees will say outside of work about their company good or bad. The best you can do is help them have the necessary information they need to <a style=\"text-decoration: none;\" href=\"http:\/\/www.oatly.com\/replica-michael-kors-handbags-cheap-michael-kors-outlet-9340\/\" target=\"_blank\" rel=\"noopener noreferrer\">cheap Michael Kors handbags<\/a> the protect the companyand themselves.<\/p>\n<p>The greatest challenge for public relations is to support and facilitate the communications of internal groups that spend the majority of their time working with stakeholders outside the firm. Operations such as human resources, sales, marketing, R customer relations management (CRM) and purchasing spend a considerable amount of time interfacing and working with prospective employees, customers, supplier partners and government agencies.<\/p>\n<p>Their job is parallel to yours communicating the company message. Make certain they have the most current promotional presentations and materials releases, backgrounders, and position statements. Make certain they all have the standard corporate presentation format. Make certain they have fast and immediate access to the CEO key corporate messages.<\/p>\n<p>Public relations can simply make it self available to these departments. These senior executives have departmental goals that are subsets of corporate goals and it is your task to directly support and enhance their activities for the total organization. That means winning the trust of the departmental heads so they seek public relations out to hone and promote their messages in conjunction with the corporate messages.Articles Connexes\uff1a<\/p>\n<\/div>\n","protected":false},"excerpt":{"rendered":"<p>BIENVENUE SUR LA PAGE DES&nbsp; MS et GS La classe MS\/GS A est anim\u00e9e par Nathalie Moreau , M\u00e9linda Zimmer.&nbsp; La Classe MS\/GS B est anim\u00e9e par Laura Triboulet , Elise Marmin.&nbsp; &nbsp; Cette ann\u00e9e,&nbsp; chaque classe accueille 22 \u00e9l\u00e8ves. Loup notre mascotte va nous accompagner tout au long de l&rsquo;ann\u00e9e. Avec l&rsquo;aide de Roxy, &hellip; <a href=\"https:\/\/ecole-saint-joseph-44690.fr\/blog\/?page_id=40\" class=\"more-link\">Continuer la lecture de <span class=\"screen-reader-text\">La moyenne et grande section<\/span>  <span class=\"meta-nav\">&rarr;<\/span><\/a><\/p>\n","protected":false},"author":1,"featured_media":3385,"parent":32,"menu_order":0,"comment_status":"closed","ping_status":"closed","template":"","meta":{"footnotes":""},"class_list":["post-40","page","type-page","status-publish","has-post-thumbnail","hentry"],"jetpack_sharing_enabled":true,"jetpack_shortlink":"https:\/\/wp.me\/P5G85k-E","jetpack_likes_enabled":true,"jetpack-related-posts":[{"id":38,"url":"https:\/\/ecole-saint-joseph-44690.fr\/blog\/?page_id=38","url_meta":{"origin":40,"position":0},"title":"La petite et moyenne section","author":"B\u00e9atrice Josse","date":"13 janvier 2014","format":false,"excerpt":"Voir la page La classe est anim\u00e9e par V\u00e9ronique Lecallo et Adeline Bachelier. Cette ann\u00e9e, nous accueillons 25 \u00e9l\u00e8ves. Caramel, notre mascotte, va nous accompagner tout au long de l'ann\u00e9e. Chaque week-end un enfant le ram\u00e8ne \u00e0 la maison. C'est la f\u00eate!","rel":"","context":"Article similaire","block_context":{"text":"Article similaire","link":""},"img":{"alt_text":"","src":"https:\/\/i0.wp.com\/ecole-saint-joseph-44690.fr\/blog\/wp-content\/uploads\/2014\/01\/classe-ms-2.jpg?resize=350%2C200&ssl=1","width":350,"height":200,"srcset":"https:\/\/i0.wp.com\/ecole-saint-joseph-44690.fr\/blog\/wp-content\/uploads\/2014\/01\/classe-ms-2.jpg?resize=350%2C200&ssl=1 1x, https:\/\/i0.wp.com\/ecole-saint-joseph-44690.fr\/blog\/wp-content\/uploads\/2014\/01\/classe-ms-2.jpg?resize=525%2C300&ssl=1 1.5x, https:\/\/i0.wp.com\/ecole-saint-joseph-44690.fr\/blog\/wp-content\/uploads\/2014\/01\/classe-ms-2.jpg?resize=700%2C400&ssl=1 2x"},"classes":[]},{"id":61,"url":"https:\/\/ecole-saint-joseph-44690.fr\/blog\/?page_id=61","url_meta":{"origin":40,"position":1},"title":"La grande section et le CP","author":"B\u00e9atrice Josse","date":"15 janvier 2014","format":false,"excerpt":"La classe est anim\u00e9e par Chlo\u00e9 Josse le lundi et mardi et Anne Leduc la jeudi et vendredi. Cette ann\u00e9e nous accueillons 24 \u00e9l\u00e8ves. Un des enjeux de ce cours pr\u00e9paratoire est l'apprentissage de la lecture. En CP, CE1 et CE2, les domaines comme \"questionner le monde\" et l'anglais font\u2026","rel":"","context":"Article similaire","block_context":{"text":"Article similaire","link":""},"img":{"alt_text":"","src":"","width":0,"height":0},"classes":[]},{"id":36,"url":"https:\/\/ecole-saint-joseph-44690.fr\/blog\/?page_id=36","url_meta":{"origin":40,"position":2},"title":"La toute petite section et la petite section","author":"B\u00e9atrice Josse","date":"13 janvier 2014","format":false,"excerpt":"La classe de petite section est anim\u00e9e par Sandrine Morisseau et Julie Le Guennan. Cette ann\u00e9e nous accueillons 27 \u00e9l\u00e8ves,\u00a0 Notre mascotte: Souricette ! L'accueil des tous petits: L'objectif principal de la toute petite section est la socialisation. Lorsque votre enfant entre en toute petite section il n'a pas encore\u2026","rel":"","context":"Article similaire","block_context":{"text":"Article similaire","link":""},"img":{"alt_text":"","src":"https:\/\/i0.wp.com\/ecole-saint-joseph-44690.fr\/blog\/wp-content\/uploads\/2016\/09\/001.jpg?resize=350%2C200&ssl=1","width":350,"height":200,"srcset":"https:\/\/i0.wp.com\/ecole-saint-joseph-44690.fr\/blog\/wp-content\/uploads\/2016\/09\/001.jpg?resize=350%2C200&ssl=1 1x, https:\/\/i0.wp.com\/ecole-saint-joseph-44690.fr\/blog\/wp-content\/uploads\/2016\/09\/001.jpg?resize=525%2C300&ssl=1 1.5x, https:\/\/i0.wp.com\/ecole-saint-joseph-44690.fr\/blog\/wp-content\/uploads\/2016\/09\/001.jpg?resize=700%2C400&ssl=1 2x, https:\/\/i0.wp.com\/ecole-saint-joseph-44690.fr\/blog\/wp-content\/uploads\/2016\/09\/001.jpg?resize=1050%2C600&ssl=1 3x, https:\/\/i0.wp.com\/ecole-saint-joseph-44690.fr\/blog\/wp-content\/uploads\/2016\/09\/001.jpg?resize=1400%2C800&ssl=1 4x"},"classes":[]},{"id":784,"url":"https:\/\/ecole-saint-joseph-44690.fr\/blog\/?page_id=784","url_meta":{"origin":40,"position":3},"title":"1988-1989","author":"B\u00e9atrice Josse","date":"4 mars 2014","format":false,"excerpt":"","rel":"","context":"Article similaire","block_context":{"text":"Article similaire","link":""},"img":{"alt_text":"","src":"","width":0,"height":0},"classes":[]},{"id":197,"url":"https:\/\/ecole-saint-joseph-44690.fr\/blog\/?page_id=197","url_meta":{"origin":40,"position":4},"title":"Matin\u00e9e travaux du 1er f\u00e9vrier 2014","author":"B\u00e9atrice Josse","date":"7 f\u00e9vrier 2014","format":false,"excerpt":"[nggallery id=1]","rel":"","context":"Article similaire","block_context":{"text":"Article similaire","link":""},"img":{"alt_text":"","src":"","width":0,"height":0},"classes":[]},{"id":305,"url":"https:\/\/ecole-saint-joseph-44690.fr\/blog\/?page_id=305","url_meta":{"origin":40,"position":5},"title":"Il \u00e9tait une fois&#8230;","author":"B\u00e9atrice Josse","date":"15 f\u00e9vrier 2014","format":false,"excerpt":"[ Ce qui suit est un extrait \u00e0 peine retravaill\u00e9 d'un discourt r\u00e9dig\u00e9 par Monique Bachelier \u00e0 l'occasion des 70 ans de l'\u00e9cole qui furent f\u00eat\u00e9s les 1er et 2 mai 1999 ] En septembre 1928, l'\u00e9cole Saint-Joseph fut inaugur\u00e9e et b\u00e9nie par Mgr Le Fer de la Motte, avec\u2026","rel":"","context":"Article similaire","block_context":{"text":"Article similaire","link":""},"img":{"alt_text":"Mr et Mme Luneau ?","src":"https:\/\/i0.wp.com\/ecole-saint-joseph-44690.fr\/blog\/wp-content\/uploads\/2014\/02\/Mr-et-Mme-Luneau-.jpg?resize=350%2C200","width":350,"height":200,"srcset":"https:\/\/i0.wp.com\/ecole-saint-joseph-44690.fr\/blog\/wp-content\/uploads\/2014\/02\/Mr-et-Mme-Luneau-.jpg?resize=350%2C200 1x, https:\/\/i0.wp.com\/ecole-saint-joseph-44690.fr\/blog\/wp-content\/uploads\/2014\/02\/Mr-et-Mme-Luneau-.jpg?resize=525%2C300 1.5x, https:\/\/i0.wp.com\/ecole-saint-joseph-44690.fr\/blog\/wp-content\/uploads\/2014\/02\/Mr-et-Mme-Luneau-.jpg?resize=700%2C400 2x, https:\/\/i0.wp.com\/ecole-saint-joseph-44690.fr\/blog\/wp-content\/uploads\/2014\/02\/Mr-et-Mme-Luneau-.jpg?resize=1050%2C600 3x"},"classes":[]}],"_links":{"self":[{"href":"https:\/\/ecole-saint-joseph-44690.fr\/blog\/index.php?rest_route=\/wp\/v2\/pages\/40","targetHints":{"allow":["GET"]}}],"collection":[{"href":"https:\/\/ecole-saint-joseph-44690.fr\/blog\/index.php?rest_route=\/wp\/v2\/pages"}],"about":[{"href":"https:\/\/ecole-saint-joseph-44690.fr\/blog\/index.php?rest_route=\/wp\/v2\/types\/page"}],"author":[{"embeddable":true,"href":"https:\/\/ecole-saint-joseph-44690.fr\/blog\/index.php?rest_route=\/wp\/v2\/users\/1"}],"replies":[{"embeddable":true,"href":"https:\/\/ecole-saint-joseph-44690.fr\/blog\/index.php?rest_route=%2Fwp%2Fv2%2Fcomments&post=40"}],"version-history":[{"count":22,"href":"https:\/\/ecole-saint-joseph-44690.fr\/blog\/index.php?rest_route=\/wp\/v2\/pages\/40\/revisions"}],"predecessor-version":[{"id":8137,"href":"https:\/\/ecole-saint-joseph-44690.fr\/blog\/index.php?rest_route=\/wp\/v2\/pages\/40\/revisions\/8137"}],"up":[{"embeddable":true,"href":"https:\/\/ecole-saint-joseph-44690.fr\/blog\/index.php?rest_route=\/wp\/v2\/pages\/32"}],"wp:featuredmedia":[{"embeddable":true,"href":"https:\/\/ecole-saint-joseph-44690.fr\/blog\/index.php?rest_route=\/wp\/v2\/media\/3385"}],"wp:attachment":[{"href":"https:\/\/ecole-saint-joseph-44690.fr\/blog\/index.php?rest_route=%2Fwp%2Fv2%2Fmedia&parent=40"}],"curies":[{"name":"wp","href":"https:\/\/api.w.org\/{rel}","templated":true}]}}