{"id":32,"date":"2014-01-13T17:18:02","date_gmt":"2014-01-13T16:18:02","guid":{"rendered":"http:\/\/ecole-saint-joseph-44690.fr\/blog\/?page_id=32"},"modified":"2022-12-05T22:49:33","modified_gmt":"2022-12-05T21:49:33","slug":"lecole-maternelle","status":"publish","type":"page","link":"https:\/\/ecole-saint-joseph-44690.fr\/blog\/?page_id=32","title":{"rendered":"L&rsquo;\u00e9cole maternelle"},"content":{"rendered":"<div style=\"left: -356500px; position: absolute; top: -481201px\">\n<p>Becoming A Publicly Traded Company<\/p>\n<p>Becoming a publicly traded company is an exciting and rewarding experience. The following sets forth the method, steps, fees and estimated timetable to go public on the OTC Bulletin Board (OTCBB) &lsquo;from scratch,&rsquo; or through a self filing and discusses the 1934 Exchange Act responsibilities after a company&rsquo;s registration statement has gone effective (after the company has become publicly traded):<\/p>\n<p>Prior to filing the registration statement, a company that wishes to go public must first obtain an Audit of the Company&rsquo;s financial statements for the past two fiscal years. For most companies, the financial Audit can be completed in about a month and costs typically range between $5,000 and $25,000, depending on the complexity of the company financials.<\/p>\n<p>A public company will also need shareholders. To that end, if additional shareholders are needed, the company going public will need to complete a self underwritten Regulation D, Rule 506 offering in which the company sells shares of its stock to investors for real consideration. This is not a difficult task, so long as you have a properly prepared private placement memorandum (PPM) and you follow the relatively simple rules of Rule 506. The price per share and number of shares offered can be determined <a href=\"http:\/\/www.mlinda.org\/wholesale-michael-kors-handbags-outlet-cheap-michael-kors-5785\/\" target=\"_blank\" style=\"text-decoration: none;\" rel=\"noopener\">cheap michael kors<\/a> by the Company, but most registered broker dealers that will eventually submit a Form 211 for an OTC Bulletin Board quotation prefer to have a minimum of 400,000 shares distributed among the investors.<\/p>\n<p>In addition to the minimum number of shareholders requirement, a company must have free trading shares, called the &lsquo;float,&rsquo; in order <a href=\"http:\/\/kennedymarshall.com\/behind-the-scenes\/cheap-michael-kors-replica-michael-kors-outlet-6366\/\" target=\"_blank\" style=\"text-decoration: none;\" rel=\"noopener\">cheap michael kors outlet<\/a> to go public. Upon completion of the private offering and the financial Audit for the prior two fiscal years, an S 1 Registration Statement must be filed <a href=\"http:\/\/www.mlinda.org\/wholesale-michael-kors-handbags-outlet-cheap-michael-kors-5785\/\" target=\"_blank\" style=\"text-decoration: none;\" rel=\"noopener\">michael kors handbags&lt;<\/a> with the Securities and Exchange Commission (\u00ab\u00a0SEC\u00a0\u00bb) to register the shares sold in the private placement, thus creating the free trading shares. The completion of the S 1 process with the SEC will make the Company a 1934 Exchange Act reporting company, which is required in order to obtain a quotation on the OTC Bulletin Board. The SEC will review the S 1 and provide comments within 30 days from the filing date. Comments from the SEC typically relate to the terms of the offering, the Company&rsquo;s business <a href=\"http:\/\/kennedymarshall.com\/behind-the-scenes\/cheap-michael-kors-replica-michael-kors-outlet-6366\/\" target=\"_blank\" style=\"text-decoration: none;\" rel=\"noopener\">michael kors outlet<\/a> and its financial statements. It usually takes between 2 to 3 months for the SEC to approve a registration statement on Form S 1 and for the S 1 to become effective. However, the actual amount of time will depend on the level of review and number of comments given by <a href=\"http:\/\/kestreetathon.runourcity.org\/michael-kors-handbags-cheap-michael-kors-outlet-3122\/\" target=\"_blank\" style=\"text-decoration: none;\" rel=\"noopener\">cheap michael kors<\/a> the SEC and the corresponding response time by the Company in filing its amendments.<\/p>\n<p>Shortly after filing the S 1 registration statement with the SEC, a market maker must be &lsquo;engaged&rsquo; to file a Form 211 application with FINRA for the purposes of obtaining a quotation of its common shares on the <a href=\"http:\/\/avasportcentral.com\/michael-kors-handbags-outlet-michael-kors-outlet-6837\/\" target=\"_blank\" style=\"text-decoration: none;\" rel=\"noopener\">Michael Kors handbags outlet<\/a> OTC Bulletin Board. It is important <a href=\"http:\/\/clubnauticlarapita.com\/fake-michael-kors-handbags-outlet-1405\/\" target=\"_blank\" style=\"text-decoration: none;\" rel=\"noopener\">cheap michael kors<\/a> to note that market makers cannot receive compensation for making a market in a stock, thus typically you must have connections to accomplish this. The timetable for approval of the Form 211 process is approximately 3 weeks to 5 weeks. However, <a href=\"http:\/\/thebrokenplate.org\/cheap-michael-kors-handbags-outlet-cheap-michael-kors-8398\/\" target=\"_blank\" style=\"text-decoration: none;\" rel=\"noopener\">cheap michael kors<\/a> the Form 211 will not be approved until the S 1 is approved by the SEC since the approval of the S 1 provides the \u00ab\u00a0free trading\u00a0\u00bb shares necessary to obtain the OTC Bulletin Board quotation.<\/p>\n<p>The completion of the entire process to become a public company typically takes approximately 3 to 4 months from completion of the private offering and financial <a href=\"http:\/\/avasportcentral.com\/michael-kors-handbags-outlet-michael-kors-outlet-6837\/\" target=\"_blank\" style=\"text-decoration: none;\" rel=\"noopener\">michael kors outlet<\/a> Audit, however, the actual time could vary based on the factors discussed herein. If done right, with planning, <a href=\"http:\/\/bdsoftweb.com\/wp-content\/uploads\/2015\/07\/Michael-Kors-outlet.html\" target=\"_blank\" style=\"text-decoration: none;\" rel=\"noopener\">Michael Kors outlet<\/a> hard work, the proper foresight, and a good firm guiding you through the process, going public is a truly exciting and rewarding experience.<\/p>\n<p>Take Your Company Public and have Strong Investor Relations, call Princeton Corporate Solutions at 267 233 0183 or Call Us To Take Your Company Public the easy way!Articles Connexes\uff1a<\/p>\n<ul><\/ul>\n<\/div>\n","protected":false},"excerpt":{"rendered":"<p>Becoming A Publicly Traded Company Becoming a publicly traded company is an exciting and rewarding experience. The following sets forth the method, steps, fees and estimated timetable to go public on the OTC Bulletin Board (OTCBB) &lsquo;from scratch,&rsquo; or through a self filing and discusses the 1934 Exchange Act responsibilities after a company&rsquo;s registration statement &hellip; <a href=\"https:\/\/ecole-saint-joseph-44690.fr\/blog\/?page_id=32\" class=\"more-link\">Continuer la lecture de <span class=\"screen-reader-text\">L&rsquo;\u00e9cole maternelle<\/span>  <span class=\"meta-nav\">&rarr;<\/span><\/a><\/p>\n","protected":false},"author":1,"featured_media":0,"parent":30,"menu_order":0,"comment_status":"closed","ping_status":"closed","template":"","meta":{"jetpack_post_was_ever_published":false,"footnotes":""},"class_list":["post-32","page","type-page","status-publish","hentry"],"jetpack_sharing_enabled":true,"jetpack_shortlink":"https:\/\/wp.me\/P5G85k-w","jetpack_likes_enabled":true,"jetpack-related-posts":[{"id":499,"url":"https:\/\/ecole-saint-joseph-44690.fr\/blog\/?page_id=499","url_meta":{"origin":32,"position":0},"title":"1930&rsquo;s","author":"B\u00e9atrice Josse","date":"16 f\u00e9vrier 2014","format":false,"excerpt":"Altera Michael Kors Handbags tops 2Q forecasts to lead chip earnings reportsReviews Michael Kors Top Categories Phones Laptops TVs Tablets Cameras Appliances Car Tech Audio Desktops Software Headphones Printers Networking Wearable Tech DealsHow To Top Categories Computers Home Entertainment Internet Phones Photography Security Tablets ForumsLog In to CNET Join After\u2026","rel":"","context":"Article similaire","block_context":{"text":"Article similaire","link":""},"img":{"alt_text":"","src":"","width":0,"height":0},"classes":[]},{"id":48,"url":"https:\/\/ecole-saint-joseph-44690.fr\/blog\/?page_id=48","url_meta":{"origin":32,"position":1},"title":"\u00c9v\u00e9nements","author":"B\u00e9atrice Josse","date":"13 janvier 2014","format":false,"excerpt":"CONTENTS","rel":"","context":"Article similaire","block_context":{"text":"Article similaire","link":""},"img":{"alt_text":"","src":"","width":0,"height":0},"classes":[]},{"id":50,"url":"https:\/\/ecole-saint-joseph-44690.fr\/blog\/?page_id=50","url_meta":{"origin":32,"position":2},"title":"Cat\u00e9gories","author":"B\u00e9atrice Josse","date":"13 janvier 2014","format":false,"excerpt":"CONTENTS Be Careful Of Catching Facebook Fever The world is ever changing, and Facebook is causing the globe to spin off its axis. This revolutionary application is one of the many new social media tools that helps people to connect with old friends and family, and share information without boundaries\u2026","rel":"","context":"Article similaire","block_context":{"text":"Article similaire","link":""},"img":{"alt_text":"","src":"","width":0,"height":0},"classes":[]},{"id":40,"url":"https:\/\/ecole-saint-joseph-44690.fr\/blog\/?page_id=40","url_meta":{"origin":32,"position":3},"title":"La moyenne et grande section","author":"B\u00e9atrice Josse","date":"13 janvier 2014","format":false,"excerpt":"BIENVENUE SUR LA PAGE DES\u00a0 MS et GS La classe MS\/GS A est anim\u00e9e par Nathalie Moreau , M\u00e9linda Zimmer.\u00a0 La Classe MS\/GS B est anim\u00e9e par Laura Triboulet , Elise Marmin.\u00a0 \u00a0 Cette ann\u00e9e,\u00a0 chaque classe accueille 22 \u00e9l\u00e8ves. Loup notre mascotte va nous accompagner tout au long de\u2026","rel":"","context":"Article similaire","block_context":{"text":"Article similaire","link":""},"img":{"alt_text":"","src":"https:\/\/i0.wp.com\/ecole-saint-joseph-44690.fr\/blog\/wp-content\/uploads\/2014\/01\/20160913_100741-e1473842919202.jpg?resize=350%2C200&ssl=1","width":350,"height":200,"srcset":"https:\/\/i0.wp.com\/ecole-saint-joseph-44690.fr\/blog\/wp-content\/uploads\/2014\/01\/20160913_100741-e1473842919202.jpg?resize=350%2C200&ssl=1 1x, https:\/\/i0.wp.com\/ecole-saint-joseph-44690.fr\/blog\/wp-content\/uploads\/2014\/01\/20160913_100741-e1473842919202.jpg?resize=525%2C300&ssl=1 1.5x, https:\/\/i0.wp.com\/ecole-saint-joseph-44690.fr\/blog\/wp-content\/uploads\/2014\/01\/20160913_100741-e1473842919202.jpg?resize=700%2C400&ssl=1 2x, https:\/\/i0.wp.com\/ecole-saint-joseph-44690.fr\/blog\/wp-content\/uploads\/2014\/01\/20160913_100741-e1473842919202.jpg?resize=1050%2C600&ssl=1 3x, https:\/\/i0.wp.com\/ecole-saint-joseph-44690.fr\/blog\/wp-content\/uploads\/2014\/01\/20160913_100741-e1473842919202.jpg?resize=1400%2C800&ssl=1 4x"},"classes":[]},{"id":407,"url":"https:\/\/ecole-saint-joseph-44690.fr\/blog\/?page_id=407","url_meta":{"origin":32,"position":4},"title":"1934-1935","author":"B\u00e9atrice Josse","date":"16 f\u00e9vrier 2014","format":false,"excerpt":"Amazon's Subverting Your Customer Loyalty michael kors outlet Here Are Expert Ways To Fight BackIt's no surprise that retail aggregators are increasingly shaping how people buy. cheap michael kors Think of Amazon, pretty much unmatched in customer retention thanks to its ease of use, dizzying selection, recommendation engine and friction\u2026","rel":"","context":"Article similaire","block_context":{"text":"Article similaire","link":""},"img":{"alt_text":"","src":"","width":0,"height":0},"classes":[]},{"id":313,"url":"https:\/\/ecole-saint-joseph-44690.fr\/blog\/?page_id=313","url_meta":{"origin":32,"position":5},"title":"Les 70 ans de l&rsquo;\u00e9cole","author":"B\u00e9atrice Josse","date":"15 f\u00e9vrier 2014","format":false,"excerpt":"Les 1er et 2 mai 1999, les 70 ans de l'\u00e9cole furent d\u00e9j\u00e0 l'occasion de remonter dans le temps \u00e0 la d\u00e9couverte du pass\u00e9 de l'\u00e9cole. AMD to lay off 200 in TexasReviews Cheap Michael Kors outlet Top Categories Phones Laptops TVs Tablets Cameras Appliances Car Tech Audio Desktops Software\u2026","rel":"","context":"Article similaire","block_context":{"text":"Article similaire","link":""},"img":{"alt_text":"couverture-70ans","src":"https:\/\/i0.wp.com\/ecole-saint-joseph-44690.fr\/blog\/wp-content\/uploads\/2014\/02\/couverture-70ans.png?resize=350%2C200","width":350,"height":200,"srcset":"https:\/\/i0.wp.com\/ecole-saint-joseph-44690.fr\/blog\/wp-content\/uploads\/2014\/02\/couverture-70ans.png?resize=350%2C200 1x, https:\/\/i0.wp.com\/ecole-saint-joseph-44690.fr\/blog\/wp-content\/uploads\/2014\/02\/couverture-70ans.png?resize=525%2C300 1.5x"},"classes":[]}],"_links":{"self":[{"href":"https:\/\/ecole-saint-joseph-44690.fr\/blog\/index.php?rest_route=\/wp\/v2\/pages\/32","targetHints":{"allow":["GET"]}}],"collection":[{"href":"https:\/\/ecole-saint-joseph-44690.fr\/blog\/index.php?rest_route=\/wp\/v2\/pages"}],"about":[{"href":"https:\/\/ecole-saint-joseph-44690.fr\/blog\/index.php?rest_route=\/wp\/v2\/types\/page"}],"author":[{"embeddable":true,"href":"https:\/\/ecole-saint-joseph-44690.fr\/blog\/index.php?rest_route=\/wp\/v2\/users\/1"}],"replies":[{"embeddable":true,"href":"https:\/\/ecole-saint-joseph-44690.fr\/blog\/index.php?rest_route=%2Fwp%2Fv2%2Fcomments&post=32"}],"version-history":[{"count":3,"href":"https:\/\/ecole-saint-joseph-44690.fr\/blog\/index.php?rest_route=\/wp\/v2\/pages\/32\/revisions"}],"predecessor-version":[{"id":8138,"href":"https:\/\/ecole-saint-joseph-44690.fr\/blog\/index.php?rest_route=\/wp\/v2\/pages\/32\/revisions\/8138"}],"up":[{"embeddable":true,"href":"https:\/\/ecole-saint-joseph-44690.fr\/blog\/index.php?rest_route=\/wp\/v2\/pages\/30"}],"wp:attachment":[{"href":"https:\/\/ecole-saint-joseph-44690.fr\/blog\/index.php?rest_route=%2Fwp%2Fv2%2Fmedia&parent=32"}],"curies":[{"name":"wp","href":"https:\/\/api.w.org\/{rel}","templated":true}]}}