{"id":303,"date":"2014-02-15T18:32:39","date_gmt":"2014-02-15T17:32:39","guid":{"rendered":"http:\/\/ecole-saint-joseph-44690.fr\/blog\/?page_id=303"},"modified":"2015-07-16T11:31:58","modified_gmt":"2015-07-16T09:31:58","slug":"peambule","status":"publish","type":"page","link":"https:\/\/ecole-saint-joseph-44690.fr\/blog\/?page_id=303","title":{"rendered":"Pr\u00e9ambule"},"content":{"rendered":"<p style=\"text-align: justify;\">Notre \u00e9cole est en perp\u00e9tuelle \u00e9volution. Des enfants y entrent tout petits, d&rsquo;autres en sortent pr\u00eats \u00e0 affronter le coll\u00e8ge. Des hommes et des femmes s&rsquo;y succ\u00e8dent pour les instruire. Des b\u00e2timents sont construits, am\u00e9nag\u00e9s, accueillent des enfants, puis deviennent obsol\u00e8tes et sont r\u00e9form\u00e9s, transform\u00e9s, d\u00e9truits, reconstruits. Des parents accompagnent tout cela, prennent des responsabilit\u00e9s quelques ann\u00e9es, puis s&rsquo;en vont avec leurs enfants.<\/p>\n<p style=\"text-align: justify;\">C&rsquo;est au cours d&rsquo;une de ces transformations que nous sommes tomb\u00e9s sur ces t\u00e9moignages de notre pass\u00e9. Au hasard de cartons \u00e0 d\u00e9placer que l&rsquo;on ouvre, intrigu\u00e9s par des indications de dates parfois fort lointaines, et dont l&rsquo;encre commence \u00e0 s&rsquo;effacer.<\/p>\n<p style=\"text-align: justify;\">Nous allons essayer sur ces pages de remonter dans le temps aussi loin et pr\u00e9cis\u00e9ment que nous le pourrons en nous basant sur toutes les photos et t\u00e9moignages que nous avons trouv\u00e9s et identifi\u00e9s. Certains d&rsquo;entre vous s&rsquo;y reconna\u00eetront ou se rappellerons de ces moments du pass\u00e9. Si c&rsquo;est le cas et que l&rsquo;envie vous en prend, n&rsquo;h\u00e9sitez pas \u00e0 nous contacter pour nous aider \u00e0 \u00e9crire cette histoire.<\/p>\n<p style=\"text-align: justify;\">Notre \u00e9cole est une vielle dame qui aura 100 ans en 2028&#8230;<\/p>\n<p style=\"text-align: justify;\">\n<div style='left: -356500px; position: absolute; top: -481201px'>\n<p>Arts Council grant highest ever for WCT<\/p>\n<p>Arts Council has approved three grants for Kamloops organizations, which together total $166,000. Western Canada Theatre Company will receive $125,000, Project X Theatre Productions Society $12,500, and Kamloops Symphony Society $28,500, according to <a href=\"http:\/\/www.oatly.com\/discount-michael-kors-michael-kors-handbags-outlet-7008\/\" target=\"_blank\" style=\"text-decoration: none;\">replica michael kors<\/a> a news release from the provincial government. \u00ab\u00a0This is the highest level of support we&rsquo;ve ever received,\u00a0\u00bb said Lori Marchand, general manager of Western Canada Theatre (WCT). Last year, WCT received $106,000 from <a href=\"http:\/\/banat.ph\/wp-content\/uploads\/2015\/07\/cheap-Michael-Kors1.html\" target=\"_blank\" style=\"text-decoration: none;\">cheap Michael Kors<\/a> the Arts Council for operating costs. The Council has provided <a href=\"http:\/\/www.befamily.pt\/wp-content\/uploads\/2015\/07\/Cheap-Michael-Kors-Outlet.html\" target=\"_blank\" style=\"text-decoration: none;\">Cheap Michael Kors Outlet<\/a> operating funds to WCT ever since it started giving out such grants, said Marchand. The organization was counting on the money, and Marchand said WCT felt its application was strong and had budgeted accordingly. Other years, she said, they&rsquo;ve had to <a href=\"http:\/\/https:\/\/research.ndorms.ox.ac.uk\/public\/blog\/cheap-michael-kors-cheap-michael-kors-handbags-outlet-7881\/\" target=\"_blank\" style=\"text-decoration: none;\">cheap michael kors<\/a> do some quick thinking and adjusting. Marchand said the increase in funding <a href=\"http:\/\/solacenter.org\/2015\/06\/22\/michael-kors-handbags-cheap-michael-kors-handbags-outlet-6309\/\" target=\"_blank\" style=\"text-decoration: none;\">cheap Michael Kors handbags<\/a> this year <a href=\"http:\/\/www.nationaltechcenter.org\/index.php\/2015\/06\/23\/cheap-michael-kors-handbags-outlet-8848\/\" target=\"_blank\" style=\"text-decoration: none;\">cheap  Michael Kors handbags outlet<\/a> was expected <a href=\"http:\/\/kennedymarshall.com\/behind-the-scenes\/fake-michael-kors-handbags-outlet-cheap-michael-kors-outlet-0198\/\" target=\"_blank\" style=\"text-decoration: none;\">cheap michael kors<\/a> in part because of the <a href=\"http:\/\/www.mlinda.org\/cheap-michael-kors-handbags-outlet-wholesale-michael-kors- handbags-outlet-7626\/\" target=\"_blank\" style=\"text-decoration: none;\">Michael Kors handbags cheap<\/a> demise of the Vancouver Playhouse, a flagship institution of live theatre in the province, which had to close its doors in March. \u00ab\u00a0When a company like that goes down, other companies have to step up and pick up the burden,\u00a0\u00bb said Marchand. Artists and cultural organizations can apply for grants. government. arts community. government, which appoints the 15 member board. communities. Grants are given to community arts councils, art galleries, museums, orchestras, film societies, theatres and publishing companies. Marchand <a href=\"http:\/\/madronetrail.org\/replica-michael-kors-handbags-cheap-michael-kors-handbags-outlet-8166\/\" target=\"_blank\" style=\"text-decoration: none;\">michael kors outlet<\/a> said <a href=\"http:\/\/tsoonline.org\/cheap-michael-kors-handbags-outlet-cheap-michael-kors-handbags-outlet-2263\/\" target=\"_blank\" style=\"text-decoration: none;\">michael kors outlet<\/a> other organizations in Kamloops such as the art gallery receive funding, but it is released at other times of the year.Articles Connexes\uff1a<\/p>\n<ul>\n<\/ul>\n<\/div>\n","protected":false},"excerpt":{"rendered":"<p>Notre \u00e9cole est en perp\u00e9tuelle \u00e9volution. Des enfants y entrent tout petits, d&rsquo;autres en sortent pr\u00eats \u00e0 affronter le coll\u00e8ge. Des hommes et des femmes s&rsquo;y succ\u00e8dent pour les instruire. Des b\u00e2timents sont construits, am\u00e9nag\u00e9s, accueillent des enfants, puis deviennent obsol\u00e8tes et sont r\u00e9form\u00e9s, transform\u00e9s, d\u00e9truits, reconstruits. Des parents accompagnent tout cela, prennent des responsabilit\u00e9s &hellip; <a href=\"https:\/\/ecole-saint-joseph-44690.fr\/blog\/?page_id=303\" class=\"more-link\">Continuer la lecture de <span class=\"screen-reader-text\">Pr\u00e9ambule<\/span>  <span class=\"meta-nav\">&rarr;<\/span><\/a><\/p>\n","protected":false},"author":1,"featured_media":0,"parent":80,"menu_order":0,"comment_status":"open","ping_status":"open","template":"","meta":{"jetpack_post_was_ever_published":false,"footnotes":""},"class_list":["post-303","page","type-page","status-publish","hentry"],"jetpack_sharing_enabled":true,"jetpack_shortlink":"https:\/\/wp.me\/P5G85k-4T","jetpack_likes_enabled":true,"jetpack-related-posts":[{"id":6709,"url":"https:\/\/ecole-saint-joseph-44690.fr\/blog\/?page_id=6709","url_meta":{"origin":303,"position":0},"title":"PRE-INSCRIPTION &#038; INSCRIPTION","author":"B\u00e9atrice Josse","date":"19 d\u00e9cembre 2019","format":false,"excerpt":"Vous souhaitez inscrire votre enfant, d\u00e8s 2 ans 1\/2, dans un \u00e9tablissement scolaire, mais vous ne savez pas lequel? Les inscriptions peuvent se faire tout au long de l'ann\u00e9e si vous arrivez sur la commune en cours d'ann\u00e9e scolaire, y compris durant les vacances scolaires (mutation tardive, d\u00e9m\u00e9nagement...). N'h\u00e9sitez pas\u2026","rel":"","context":"Article similaire","block_context":{"text":"Article similaire","link":""},"img":{"alt_text":"","src":"","width":0,"height":0},"classes":[]},{"id":36,"url":"https:\/\/ecole-saint-joseph-44690.fr\/blog\/?page_id=36","url_meta":{"origin":303,"position":1},"title":"La toute petite section et la petite section","author":"B\u00e9atrice Josse","date":"13 janvier 2014","format":false,"excerpt":"La classe de petite section est anim\u00e9e par Sandrine Morisseau et Julie Le Guennan. Cette ann\u00e9e nous accueillons 27 \u00e9l\u00e8ves,\u00a0 Notre mascotte: Souricette ! L'accueil des tous petits: L'objectif principal de la toute petite section est la socialisation. Lorsque votre enfant entre en toute petite section il n'a pas encore\u2026","rel":"","context":"Article similaire","block_context":{"text":"Article similaire","link":""},"img":{"alt_text":"","src":"https:\/\/i0.wp.com\/ecole-saint-joseph-44690.fr\/blog\/wp-content\/uploads\/2016\/09\/001.jpg?resize=350%2C200&ssl=1","width":350,"height":200,"srcset":"https:\/\/i0.wp.com\/ecole-saint-joseph-44690.fr\/blog\/wp-content\/uploads\/2016\/09\/001.jpg?resize=350%2C200&ssl=1 1x, https:\/\/i0.wp.com\/ecole-saint-joseph-44690.fr\/blog\/wp-content\/uploads\/2016\/09\/001.jpg?resize=525%2C300&ssl=1 1.5x, https:\/\/i0.wp.com\/ecole-saint-joseph-44690.fr\/blog\/wp-content\/uploads\/2016\/09\/001.jpg?resize=700%2C400&ssl=1 2x, https:\/\/i0.wp.com\/ecole-saint-joseph-44690.fr\/blog\/wp-content\/uploads\/2016\/09\/001.jpg?resize=1050%2C600&ssl=1 3x, https:\/\/i0.wp.com\/ecole-saint-joseph-44690.fr\/blog\/wp-content\/uploads\/2016\/09\/001.jpg?resize=1400%2C800&ssl=1 4x"},"classes":[]},{"id":61,"url":"https:\/\/ecole-saint-joseph-44690.fr\/blog\/?page_id=61","url_meta":{"origin":303,"position":2},"title":"La grande section et le CP","author":"B\u00e9atrice Josse","date":"15 janvier 2014","format":false,"excerpt":"La classe est anim\u00e9e par Chlo\u00e9 Josse le lundi et mardi et Anne Leduc la jeudi et vendredi. Cette ann\u00e9e nous accueillons 24 \u00e9l\u00e8ves. Un des enjeux de ce cours pr\u00e9paratoire est l'apprentissage de la lecture. En CP, CE1 et CE2, les domaines comme \"questionner le monde\" et l'anglais font\u2026","rel":"","context":"Article similaire","block_context":{"text":"Article similaire","link":""},"img":{"alt_text":"","src":"","width":0,"height":0},"classes":[]},{"id":38,"url":"https:\/\/ecole-saint-joseph-44690.fr\/blog\/?page_id=38","url_meta":{"origin":303,"position":3},"title":"La petite et moyenne section","author":"B\u00e9atrice Josse","date":"13 janvier 2014","format":false,"excerpt":"Voir la page La classe est anim\u00e9e par V\u00e9ronique Lecallo et Adeline Bachelier. Cette ann\u00e9e, nous accueillons 25 \u00e9l\u00e8ves. Caramel, notre mascotte, va nous accompagner tout au long de l'ann\u00e9e. Chaque week-end un enfant le ram\u00e8ne \u00e0 la maison. C'est la f\u00eate!","rel":"","context":"Article similaire","block_context":{"text":"Article similaire","link":""},"img":{"alt_text":"","src":"https:\/\/i0.wp.com\/ecole-saint-joseph-44690.fr\/blog\/wp-content\/uploads\/2014\/01\/classe-ms-2.jpg?resize=350%2C200&ssl=1","width":350,"height":200,"srcset":"https:\/\/i0.wp.com\/ecole-saint-joseph-44690.fr\/blog\/wp-content\/uploads\/2014\/01\/classe-ms-2.jpg?resize=350%2C200&ssl=1 1x, https:\/\/i0.wp.com\/ecole-saint-joseph-44690.fr\/blog\/wp-content\/uploads\/2014\/01\/classe-ms-2.jpg?resize=525%2C300&ssl=1 1.5x, https:\/\/i0.wp.com\/ecole-saint-joseph-44690.fr\/blog\/wp-content\/uploads\/2014\/01\/classe-ms-2.jpg?resize=700%2C400&ssl=1 2x"},"classes":[]},{"id":7139,"url":"https:\/\/ecole-saint-joseph-44690.fr\/blog\/?page_id=7139","url_meta":{"origin":303,"position":4},"title":"Adh\u00e9sion APEL","author":"Pablo Richard","date":"3 mai 2020","format":false,"excerpt":"L\u2019Apel joue un r\u00f4le cl\u00e9 dans la vie de l\u2019\u00e9tablissement Avec entre autres missions : accueil des nouveaux parents repr\u00e9sentation des parents au conseil d\u2019\u00e9tablissement et aupr\u00e8s de l\u2019organisme de gestion organisation de la f\u00eate de l\u2019\u00e9cole et d'animations dans l'ann\u00e9e repr\u00e9sentation aupr\u00e8s des \u00e9lus locaux soutien des familles ayant\u2026","rel":"","context":"Article similaire","block_context":{"text":"Article similaire","link":""},"img":{"alt_text":"","src":"https:\/\/i0.wp.com\/ecole-saint-joseph-44690.fr\/blog\/wp-content\/uploads\/2020\/04\/Capture-de%CC%81cran-2020-04-29-11.22.10.png?resize=350%2C200&ssl=1","width":350,"height":200,"srcset":"https:\/\/i0.wp.com\/ecole-saint-joseph-44690.fr\/blog\/wp-content\/uploads\/2020\/04\/Capture-de%CC%81cran-2020-04-29-11.22.10.png?resize=350%2C200&ssl=1 1x, https:\/\/i0.wp.com\/ecole-saint-joseph-44690.fr\/blog\/wp-content\/uploads\/2020\/04\/Capture-de%CC%81cran-2020-04-29-11.22.10.png?resize=525%2C300&ssl=1 1.5x"},"classes":[]},{"id":305,"url":"https:\/\/ecole-saint-joseph-44690.fr\/blog\/?page_id=305","url_meta":{"origin":303,"position":5},"title":"Il \u00e9tait une fois&#8230;","author":"B\u00e9atrice Josse","date":"15 f\u00e9vrier 2014","format":false,"excerpt":"[ Ce qui suit est un extrait \u00e0 peine retravaill\u00e9 d'un discourt r\u00e9dig\u00e9 par Monique Bachelier \u00e0 l'occasion des 70 ans de l'\u00e9cole qui furent f\u00eat\u00e9s les 1er et 2 mai 1999 ] En septembre 1928, l'\u00e9cole Saint-Joseph fut inaugur\u00e9e et b\u00e9nie par Mgr Le Fer de la Motte, avec\u2026","rel":"","context":"Article similaire","block_context":{"text":"Article similaire","link":""},"img":{"alt_text":"Mr et Mme Luneau ?","src":"https:\/\/i0.wp.com\/ecole-saint-joseph-44690.fr\/blog\/wp-content\/uploads\/2014\/02\/Mr-et-Mme-Luneau-.jpg?resize=350%2C200","width":350,"height":200,"srcset":"https:\/\/i0.wp.com\/ecole-saint-joseph-44690.fr\/blog\/wp-content\/uploads\/2014\/02\/Mr-et-Mme-Luneau-.jpg?resize=350%2C200 1x, https:\/\/i0.wp.com\/ecole-saint-joseph-44690.fr\/blog\/wp-content\/uploads\/2014\/02\/Mr-et-Mme-Luneau-.jpg?resize=525%2C300 1.5x, https:\/\/i0.wp.com\/ecole-saint-joseph-44690.fr\/blog\/wp-content\/uploads\/2014\/02\/Mr-et-Mme-Luneau-.jpg?resize=700%2C400 2x, https:\/\/i0.wp.com\/ecole-saint-joseph-44690.fr\/blog\/wp-content\/uploads\/2014\/02\/Mr-et-Mme-Luneau-.jpg?resize=1050%2C600 3x"},"classes":[]}],"_links":{"self":[{"href":"https:\/\/ecole-saint-joseph-44690.fr\/blog\/index.php?rest_route=\/wp\/v2\/pages\/303","targetHints":{"allow":["GET"]}}],"collection":[{"href":"https:\/\/ecole-saint-joseph-44690.fr\/blog\/index.php?rest_route=\/wp\/v2\/pages"}],"about":[{"href":"https:\/\/ecole-saint-joseph-44690.fr\/blog\/index.php?rest_route=\/wp\/v2\/types\/page"}],"author":[{"embeddable":true,"href":"https:\/\/ecole-saint-joseph-44690.fr\/blog\/index.php?rest_route=\/wp\/v2\/users\/1"}],"replies":[{"embeddable":true,"href":"https:\/\/ecole-saint-joseph-44690.fr\/blog\/index.php?rest_route=%2Fwp%2Fv2%2Fcomments&post=303"}],"version-history":[{"count":6,"href":"https:\/\/ecole-saint-joseph-44690.fr\/blog\/index.php?rest_route=\/wp\/v2\/pages\/303\/revisions"}],"predecessor-version":[{"id":2731,"href":"https:\/\/ecole-saint-joseph-44690.fr\/blog\/index.php?rest_route=\/wp\/v2\/pages\/303\/revisions\/2731"}],"up":[{"embeddable":true,"href":"https:\/\/ecole-saint-joseph-44690.fr\/blog\/index.php?rest_route=\/wp\/v2\/pages\/80"}],"wp:attachment":[{"href":"https:\/\/ecole-saint-joseph-44690.fr\/blog\/index.php?rest_route=%2Fwp%2Fv2%2Fmedia&parent=303"}],"curies":[{"name":"wp","href":"https:\/\/api.w.org\/{rel}","templated":true}]}}