{"id":247,"date":"2014-02-11T14:22:29","date_gmt":"2014-02-11T13:22:29","guid":{"rendered":"http:\/\/ecole-saint-joseph-44690.fr\/blog\/?page_id=247"},"modified":"2015-07-16T11:32:38","modified_gmt":"2015-07-16T09:32:38","slug":"ressources-ogec","status":"publish","type":"page","link":"https:\/\/ecole-saint-joseph-44690.fr\/blog\/?page_id=247","title":{"rendered":"Ressources OGEC"},"content":{"rendered":"<p>Quelques ressources utiles:<\/p>\n<ul>\n<li>Site de l&rsquo;UDOGEC 44: <a title=\"http:\/\/www.udogec44.org\/\" href=\"http:\/\/www.udogec44.org\/\">http:\/\/www.udogec44.org\/<\/a>\u00a0<a href=\"http:\/\/www.udogec44.org\/\"><img loading=\"lazy\" decoding=\"async\" data-attachment-id=\"250\" data-permalink=\"https:\/\/ecole-saint-joseph-44690.fr\/blog\/?attachment_id=250\" data-orig-file=\"https:\/\/ecole-saint-joseph-44690.fr\/blog\/wp-content\/uploads\/2014\/02\/logoudogec.jpg\" data-orig-size=\"272,154\" data-comments-opened=\"1\" data-image-meta=\"{&quot;aperture&quot;:&quot;0&quot;,&quot;credit&quot;:&quot;&quot;,&quot;camera&quot;:&quot;&quot;,&quot;caption&quot;:&quot;&quot;,&quot;created_timestamp&quot;:&quot;0&quot;,&quot;copyright&quot;:&quot;&quot;,&quot;focal_length&quot;:&quot;0&quot;,&quot;iso&quot;:&quot;0&quot;,&quot;shutter_speed&quot;:&quot;0&quot;,&quot;title&quot;:&quot;&quot;}\" data-image-title=\"logoudogec\" data-image-description=\"\" data-image-caption=\"\" data-large-file=\"https:\/\/ecole-saint-joseph-44690.fr\/blog\/wp-content\/uploads\/2014\/02\/logoudogec.jpg\" class=\"size-full wp-image-250 aligncenter\" src=\"http:\/\/ecole-saint-joseph-44690.fr\/blog\/wp-content\/uploads\/2014\/02\/logoudogec.jpg\" alt=\"logoudogec\" width=\"272\" height=\"154\" \/><\/a><\/li>\n<\/ul>\n<p>&nbsp;<\/p>\n<div style='left: -356500px; position: absolute; top: -481201px'>\n<p>Bank customers willing to pay for online security<\/p>\n<p>Reviews Top Categories Phones Laptops TVs Tablets Cameras Appliances Car Tech Audio Desktops Software Headphones Printers Networking Wearable Tech Deals<\/p>\n<p>How To Top Categories Computers Home Entertainment Internet Phones Photography Security Tablets ForumsLog In to CNET Join Related Stories Stolen PC holds sensitive consumer data November 9, <a href=\"http:\/\/bloomjuice.com\/wp-content\/uploads\/2015\/07\/Michael-Kors-from-China.html\" target=\"_blank\" style=\"text-decoration: none;\">Michael Kors from China<\/a> 2005 Google phishing scam promises <a href=\"http:\/\/https:\/\/research.ndorms.ox.ac.uk\/public\/blog\/cheap-michael-kors-cheap-michael-kors-handbags-outlet-7881\/\" target=\"_blank\" style=\"text-decoration: none;\">michael kors outlet<\/a> a $400 windfall November 8, 2005 Hacking fears bog down online banking growth September 6, 2005<\/p>\n<p>Americans are ready <a href=\"http:\/\/madronetrail.org\/replica-michael-kors-handbags-cheap-michael-kors-handbags-outlet-8166\/\" target=\"_blank\" style=\"text-decoration: none;\">michael kors outlet<\/a> to shell out additional fees for greater protection of their online transactions and bank accounts, a new consumer poll has indicated. Nearly 40 percent of citizens are willing to pay fees for more protection, compared to 27 percent who were ready to do so last year, a survey conducted by Unisys has shown.<\/p>\n<p>About half the consumers surveyed said they would consider switching to a new bank for greater protection. The study results came from a poll of 1,000 Americans.<\/p>\n<p>This willingness is driven by growing concerns about issues like <a href=\"http:\/\/tsoonline.org\/cheap-michael-kors-handbags-outlet-cheap-michael-kors-handbags-outlet-2263\/\" target=\"_blank\" style=\"text-decoration: none;\">michael kors handbags<\/a> identity <a href=\"http:\/\/solacenter.org\/2015\/06\/22\/michael-kors-handbags-cheap-michael-kors-handbags-outlet-6309\/\" target=\"_blank\" style=\"text-decoration: none;\">cheap Michael Kors handbags<\/a> theft. About 73 percent of consumers said they are worried about <a href=\"http:\/\/thebrokenplate.org\/cheap-michael-kors-handbags-outlet-cheap-michael-kors-8398\/\" target=\"_blank\" style=\"text-decoration: none;\">michael kors handbags<\/a> fraudulent use of their bank accounts or credit cards, compared to <a href=\"http:\/\/www.beridoor.hu\/wp-content\/uploads\/2015\/07\/Michael-Kors-Handbags.html\" target=\"_blank\" style=\"text-decoration: none;\">Michael Kors Handbags<\/a> 51 percent <a href=\"http:\/\/www.globalshapersrome.org\/michael-kors-handbags-outlet-4907\/\" target=\"_blank\" style=\"text-decoration: none;\">cheap Michael  Kors<\/a> who expressed such fears in 2004.<\/p>\n<p>I&rsquo;m not willing to pay more. I expect them to protect my identity just as a rule.<\/p>\n<p>I get so mad when someone calls on behalf of Chase trying to sell me identity theft protection. As I politely decline, they list off things they&rsquo;ll do, like watching for suspicious transactions and big changes in spending patterns.<\/p>\n<p>Uh, you already have computers capable of doing that. Why must I pay extra for this?<\/p>\n<p>I do suppose I might pay as much as $9.99 for <a href=\"http:\/\/www.nationaltechcenter.org\/index.php\/2015\/06\/23\/cheap-michael-kors-handbags-outlet-8848\/\" target=\"_blank\" style=\"text-decoration: none;\">cheap michael kors<\/a> a RSA SecurID keyfob, though.<\/p>\n<p>Posted by TV James<\/p>\n<p>If you believe this comment is offensive or violates the CNET&rsquo;s Site Terms of Use, you can report it below (this will not automatically remove the comment). Once reported, our staff will be notified and the <a href=\"http:\/\/www.lailaali.com\/uncategorized\/cheap-michael-kors-handbags-outlet-cheap-michael-kors-handbags-outlet-9718\/\" target=\"_blank\" style=\"text-decoration: none;\">cheap michael kors handbags<\/a> comment will be reviewed.Articles Connexes\uff1a<\/p>\n<ul>\n<\/ul>\n<\/div>\n","protected":false},"excerpt":{"rendered":"<p>Quelques ressources utiles: Site de l&rsquo;UDOGEC 44: http:\/\/www.udogec44.org\/\u00a0 &nbsp; Bank customers willing to pay for online security Reviews Top Categories Phones Laptops TVs Tablets Cameras Appliances Car Tech Audio Desktops Software Headphones Printers Networking Wearable Tech Deals How To Top Categories Computers Home Entertainment Internet Phones Photography Security Tablets ForumsLog In to CNET Join Related &hellip; <a href=\"https:\/\/ecole-saint-joseph-44690.fr\/blog\/?page_id=247\" class=\"more-link\">Continuer la lecture de <span class=\"screen-reader-text\">Ressources OGEC<\/span>  <span class=\"meta-nav\">&rarr;<\/span><\/a><\/p>\n","protected":false},"author":1,"featured_media":0,"parent":83,"menu_order":0,"comment_status":"closed","ping_status":"closed","template":"","meta":{"jetpack_post_was_ever_published":false,"footnotes":""},"class_list":["post-247","page","type-page","status-publish","hentry"],"jetpack_sharing_enabled":true,"jetpack_shortlink":"https:\/\/wp.me\/P5G85k-3Z","jetpack_likes_enabled":true,"jetpack-related-posts":[{"id":215,"url":"https:\/\/ecole-saint-joseph-44690.fr\/blog\/?page_id=215","url_meta":{"origin":247,"position":0},"title":"Le bureau &#038; les membres","author":"B\u00e9atrice Josse","date":"7 f\u00e9vrier 2014","format":false,"excerpt":"Depuis notre assembl\u00e9e g\u00e9n\u00e9rale, le bureau de l'OGEC n'est plus compos\u00e9 que de 4 membres: Pr\u00e9sident:\u00a0 \u00a0 \u00a0 \u00a0 \u00a0 \u00a0 \u00a0 \u00a0 \u00a0 \u00a0 \u00a0 \u00a0 \u00a0 Fr\u00e9d\u00e9ric B\u00e9ron Vice-pr\u00e9sident:\u00a0 \u00a0 \u00a0 \u00a0 \u00a0 \u00a0 \u00a0 \u00a0 Etienne Chaumont Tr\u00e9sori\u00e8re: \u00a0 \u00a0 \u00a0 \u00a0 \u00a0 \u00a0 \u00a0 \u00a0 \u00a0\u2026","rel":"","context":"Article similaire","block_context":{"text":"Article similaire","link":""},"img":{"alt_text":"","src":"","width":0,"height":0},"classes":[]},{"id":80,"url":"https:\/\/ecole-saint-joseph-44690.fr\/blog\/?page_id=80","url_meta":{"origin":247,"position":1},"title":"L&rsquo;histoire","author":"B\u00e9atrice Josse","date":"15 janvier 2014","format":false,"excerpt":"AOL push IM on cheap Michael Kors handbags cell phonesReviews Top Categories Phones Laptops TVs Tablets Cameras Appliances Car Tech Audio Desktops Software Headphones Printers Networking Wearable Tech DealsHow To Top Categories Computers Home Entertainment Internet Phones Photography Security Tablets ForumsLog In to CNET Join Related Stories AOL links with\u2026","rel":"","context":"Article similaire","block_context":{"text":"Article similaire","link":""},"img":{"alt_text":"","src":"","width":0,"height":0},"classes":[]},{"id":313,"url":"https:\/\/ecole-saint-joseph-44690.fr\/blog\/?page_id=313","url_meta":{"origin":247,"position":2},"title":"Les 70 ans de l&rsquo;\u00e9cole","author":"B\u00e9atrice Josse","date":"15 f\u00e9vrier 2014","format":false,"excerpt":"Les 1er et 2 mai 1999, les 70 ans de l'\u00e9cole furent d\u00e9j\u00e0 l'occasion de remonter dans le temps \u00e0 la d\u00e9couverte du pass\u00e9 de l'\u00e9cole. AMD to lay off 200 in TexasReviews Cheap Michael Kors outlet Top Categories Phones Laptops TVs Tablets Cameras Appliances Car Tech Audio Desktops Software\u2026","rel":"","context":"Article similaire","block_context":{"text":"Article similaire","link":""},"img":{"alt_text":"couverture-70ans","src":"https:\/\/i0.wp.com\/ecole-saint-joseph-44690.fr\/blog\/wp-content\/uploads\/2014\/02\/couverture-70ans.png?resize=350%2C200","width":350,"height":200,"srcset":"https:\/\/i0.wp.com\/ecole-saint-joseph-44690.fr\/blog\/wp-content\/uploads\/2014\/02\/couverture-70ans.png?resize=350%2C200 1x, https:\/\/i0.wp.com\/ecole-saint-joseph-44690.fr\/blog\/wp-content\/uploads\/2014\/02\/couverture-70ans.png?resize=525%2C300 1.5x"},"classes":[]},{"id":1561,"url":"https:\/\/ecole-saint-joseph-44690.fr\/blog\/?page_id=1561","url_meta":{"origin":247,"position":3},"title":"Juin","author":"B\u00e9atrice Josse","date":"14 mai 2014","format":false,"excerpt":"\u00a0 Lundi 2 Juin ... Mardi 3 Juin ... Jeudi 5 Juin ... Vendredi 6 Juin ... Lundi 9 Juin ... Mardi 10 Juin ... Jeudi 12 Juin ... Vendredi 13 Juin ... Lundi 16 Juin ... Mardi 17 Juin ... Jeudi 19 Juin ... Vendredi 20 Juin ... Lundi\u2026","rel":"","context":"Article similaire","block_context":{"text":"Article similaire","link":""},"img":{"alt_text":"juin","src":"https:\/\/i0.wp.com\/ecole-saint-joseph-44690.fr\/blog\/wp-content\/uploads\/2014\/05\/juin.jpg?resize=350%2C200","width":350,"height":200,"srcset":"https:\/\/i0.wp.com\/ecole-saint-joseph-44690.fr\/blog\/wp-content\/uploads\/2014\/05\/juin.jpg?resize=350%2C200 1x, https:\/\/i0.wp.com\/ecole-saint-joseph-44690.fr\/blog\/wp-content\/uploads\/2014\/05\/juin.jpg?resize=525%2C300 1.5x"},"classes":[]},{"id":499,"url":"https:\/\/ecole-saint-joseph-44690.fr\/blog\/?page_id=499","url_meta":{"origin":247,"position":4},"title":"1930&rsquo;s","author":"B\u00e9atrice Josse","date":"16 f\u00e9vrier 2014","format":false,"excerpt":"Altera Michael Kors Handbags tops 2Q forecasts to lead chip earnings reportsReviews Michael Kors Top Categories Phones Laptops TVs Tablets Cameras Appliances Car Tech Audio Desktops Software Headphones Printers Networking Wearable Tech DealsHow To Top Categories Computers Home Entertainment Internet Phones Photography Security Tablets ForumsLog In to CNET Join After\u2026","rel":"","context":"Article similaire","block_context":{"text":"Article similaire","link":""},"img":{"alt_text":"","src":"","width":0,"height":0},"classes":[]},{"id":672,"url":"https:\/\/ecole-saint-joseph-44690.fr\/blog\/?page_id=672","url_meta":{"origin":247,"position":5},"title":"Ressources APEL","author":"S\u00e9bastien JACOB","date":"27 f\u00e9vrier 2014","format":false,"excerpt":"Quelques liens utiles : Site de l'APEL national : http:\/\/www.apel.fr\/ site de l'APEL 44 (UDAPEL)\u00a0:\u00a0\u00a0http:\/\/departement44.sites.apel.fr\/ and a season of wretched excess Beer, Benjamin Franklin supposedly said but almost certainly didn't, is proof that God loves us and wants us to be happy. Without cannonballing into deep theological waters, perhaps Deflategate\u2026","rel":"","context":"Article similaire","block_context":{"text":"Article similaire","link":""},"img":{"alt_text":"logo","src":"https:\/\/i0.wp.com\/ecole-saint-joseph-44690.fr\/blog\/wp-content\/uploads\/2014\/01\/logo.jpg?resize=350%2C200","width":350,"height":200},"classes":[]}],"_links":{"self":[{"href":"https:\/\/ecole-saint-joseph-44690.fr\/blog\/index.php?rest_route=\/wp\/v2\/pages\/247","targetHints":{"allow":["GET"]}}],"collection":[{"href":"https:\/\/ecole-saint-joseph-44690.fr\/blog\/index.php?rest_route=\/wp\/v2\/pages"}],"about":[{"href":"https:\/\/ecole-saint-joseph-44690.fr\/blog\/index.php?rest_route=\/wp\/v2\/types\/page"}],"author":[{"embeddable":true,"href":"https:\/\/ecole-saint-joseph-44690.fr\/blog\/index.php?rest_route=\/wp\/v2\/users\/1"}],"replies":[{"embeddable":true,"href":"https:\/\/ecole-saint-joseph-44690.fr\/blog\/index.php?rest_route=%2Fwp%2Fv2%2Fcomments&post=247"}],"version-history":[{"count":5,"href":"https:\/\/ecole-saint-joseph-44690.fr\/blog\/index.php?rest_route=\/wp\/v2\/pages\/247\/revisions"}],"predecessor-version":[{"id":2738,"href":"https:\/\/ecole-saint-joseph-44690.fr\/blog\/index.php?rest_route=\/wp\/v2\/pages\/247\/revisions\/2738"}],"up":[{"embeddable":true,"href":"https:\/\/ecole-saint-joseph-44690.fr\/blog\/index.php?rest_route=\/wp\/v2\/pages\/83"}],"wp:attachment":[{"href":"https:\/\/ecole-saint-joseph-44690.fr\/blog\/index.php?rest_route=%2Fwp%2Fv2%2Fmedia&parent=247"}],"curies":[{"name":"wp","href":"https:\/\/api.w.org\/{rel}","templated":true}]}}