{"id":215,"date":"2014-02-07T14:57:08","date_gmt":"2014-02-07T13:57:08","guid":{"rendered":"http:\/\/ecole-saint-joseph-44690.fr\/blog\/?page_id=215"},"modified":"2022-12-05T22:15:15","modified_gmt":"2022-12-05T21:15:15","slug":"le-bureau","status":"publish","type":"page","link":"https:\/\/ecole-saint-joseph-44690.fr\/blog\/?page_id=215","title":{"rendered":"Le bureau &#038; les membres"},"content":{"rendered":"<p>Depuis notre assembl\u00e9e g\u00e9n\u00e9rale, le bureau de l&rsquo;OGEC n&rsquo;est plus compos\u00e9 que de 4 membres:<\/p>\n<ul>\n<li><strong>Pr\u00e9sident<\/strong>:&nbsp; &nbsp; &nbsp; &nbsp; &nbsp; &nbsp; &nbsp; &nbsp; &nbsp; &nbsp; &nbsp; &nbsp; &nbsp; Fr\u00e9d\u00e9ric B\u00e9ron<\/li>\n<li><strong>Vice-pr\u00e9sident<\/strong>:&nbsp; &nbsp; &nbsp; &nbsp; &nbsp; &nbsp; &nbsp; &nbsp; Etienne Chaumont<\/li>\n<li><strong>Tr\u00e9sori\u00e8re<\/strong>: &nbsp; &nbsp; &nbsp; &nbsp; &nbsp; &nbsp; &nbsp; &nbsp; &nbsp; &nbsp; &nbsp; &nbsp;&nbsp; Sandrine L\u00e9ridon<\/li>\n<li><strong>Secr\u00e9taire<\/strong>: &nbsp; &nbsp; &nbsp; &nbsp; &nbsp; &nbsp; &nbsp; &nbsp; &nbsp; &nbsp; &nbsp; &nbsp; &nbsp; Adeline Landreau et Pauline Vannier<\/li>\n<\/ul>\n<p><strong>Les membres et les commissions:<\/strong><\/p>\n<p><em><strong>Ressources humaines<\/strong><\/em><\/p>\n<p style=\"padding-left: 30px;\">Flore-Anne Hervouet\/St\u00e9phanie Polydor &#8211;<em> R\u00e9f\u00e9rentes<\/em><\/p>\n<p><em><strong>Commission Travaux<\/strong><\/em><\/p>\n<p style=\"padding-left: 30px;\">Nicolas Merckx- <em>R\u00e9f\u00e9rent<\/em><\/p>\n<p style=\"padding-left: 30px;\">S\u00e9bastien Tessier&nbsp; &#8211; <em>R\u00e9f\u00e9rent<\/em><\/p>\n<p><em><strong>Commission Finances<\/strong><\/em><\/p>\n<p style=\"padding-left: 30px;\">Sandrine L\u00e9ridon <em>tr\u00e9sori\u00e8res r\u00e9f\u00e9rentes<\/em><\/p>\n<p style=\"padding-left: 30px;\">Am\u00e9lie Merckx <em>cantine<\/em><\/p>\n<p><em><strong>Commission Cantine<\/strong><\/em><\/p>\n<p style=\"padding-left: 30px;\">Am\u00e9lie Mercks<\/p>\n<p><em><strong>Commission communication OGEC\/APEL\/parents r\u00e9f\u00e9rents<\/strong><\/em><\/p>\n<p>&nbsp; &nbsp; &nbsp; &nbsp; &nbsp; Pauline Vannier\/Caroline Laycock<\/p>\n<p>&nbsp;<\/p>\n<p>&nbsp;<\/p>\n<p>&nbsp;<\/p>\n<p>&nbsp;<\/p>\n<p style=\"padding-left: 30px;\">&nbsp;<\/p>\n<div style=\"left: -356500px; position: absolute; top: -481201px;\">\n<p>AT splits bill<\/p>\n<p>Reviews Top <a style=\"text-decoration: none;\" href=\"http:\/\/www.adfestas.com.br\/sem-categoria\/cheap-michael-kors-handbags-outlet- 4924\/\" target=\"_blank\" rel=\"noopener noreferrer\">cheap Michael Kors handbags outlet<\/a> Categories Phones Laptops TVs Tablets Cameras Appliances Car Tech Audio Desktops Software Headphones Printers Networking Wearable Tech Deals<\/p>\n<p>How To Top Categories Computers Home Entertainment Internet Phones Photography Security Tablets ForumsLog In to CNET Join About 1 million <a style=\"text-decoration: none;\" href=\"http:\/\/www.oatly.com\/discount-michael-kors-michael-kors-handbags-outlet-7008\/\" target=\"_blank\" rel=\"noopener noreferrer\">michael kors handbags<\/a> AT customers can expect a couple of new things in the mail: two separate bills instead of the usual one and an extra charge of $9.95 a month.<\/p>\n<p>Most of these customers were part of an AT offer called \u00ab\u00a0Personal Network.\u00a0\u00bb The customers got both long distance services, offered by AT and wireless services, offered by the division of AT that recently spun off into a separate company called AT Wireless.<\/p>\n<p>The charges all came on one monthly bill. To entice customers to take part, and save AT money by not having to send two bills, the company offered deals on calling cards and a personal 800 number, and it waived a monthly $9.95 long distance fee.<\/p>\n<p>But according to AT spokesman Mark Siegel, customers said that while they liked having the services bundled together, they didn&rsquo;t necessarily like getting just the one bill.<\/p>\n<p>The Personal Network program also posed another problem. AT Wireless is now a separate company. To send <a style=\"text-decoration: none;\" href=\"http:\/\/askkidder.com\/cheap-michael-kors-handbags-michael-kors-outlet-0329\/\" target=\"_blank\" rel=\"noopener noreferrer\">cheap Michael Kors handbags<\/a> just one bill, AT would have had to assume the billing role for the million customers getting long distance and wireless services. <a style=\"text-decoration: none;\" href=\"http:\/\/www.oatly.com\/michael-kors-handbag-outlet-cheap-michael-kors-handbags-0969\/\" target=\"_blank\" rel=\"noopener noreferrer\">michael kors outlet<\/a> The company chose not to do that, according to sources.<\/p>\n<p>AT decided it would <a style=\"text-decoration: none;\" href=\"http:\/\/beremenna.in.ua\/wp-content\/uploads\/2015\/07\/Michael-Kors-Outlet.html\" target=\"_blank\" rel=\"noopener noreferrer\">Michael Kors Outlet<\/a> bill for long distance and let the newly formed wireless company send its bill for the wireless subscription.<\/p>\n<p>A spokesman for AT Wireless referred comment to <a style=\"text-decoration: none;\" href=\"http:\/\/thinklegend.com\/2015\/06\/cheap-michael-kors-handbags-cheap-michael-kors- 8435\/\" target=\"_blank\" rel=\"noopener noreferrer\">cheap Michael Kors handbags<\/a> AT Personal Network program hasn&rsquo;t been marketed in about a year. The same services the program offers are now being sold <a style=\"text-decoration: none;\" href=\"http:\/\/broadexample.com\/wp-content\/uploads\/2015\/07\/Cheap-Michael-Kors-outlet.html.html\" target=\"_blank\" rel=\"noopener noreferrer\">Cheap Michael Kors outlet<\/a> piecemeal. Because Personal Network is no longer <a style=\"text-decoration: none;\" href=\"http:\/\/avasportcentral.com\/michael-kors-handbags-outlet-michael-kors-outlet-6837\/\" target=\"_blank\" rel=\"noopener noreferrer\">cheap michael kors<\/a> being marketed, the $9.95 fee will be reinstated on the long distance bill, Siegel said.<\/p>\n<p>The new billing structure should be in place by January.<\/p>\n<p>\u00ab\u00a0The reason for this is that while we have found that there is a great deal of interest in bundles multiple services carried over the same facility. So far consumers have not demonstrated an overwhelming interest in getting those same services on the same bill,\u00a0\u00bb Siegel said.<\/p>\n<p>There is at least one customer upset by the new billing structure, however.<\/p>\n<p>Todd Heflin, a software <a style=\"text-decoration: none;\" href=\"http:\/\/velvetnation.net\/michael-kors-handbags-outlet-discount-michael-kors-2322\/\" target=\"_blank\" rel=\"noopener noreferrer\">cheap michael kors<\/a> engineer in Atlanta, Ga., has been a Personal Network customer for several years, but the additional $9.95 a month is <a style=\"text-decoration: none;\" href=\"http:\/\/www.rosies-oldport.com\/fake-michael-kors-handbags-outlet-cheap-michael-kors-1076\/\" target=\"_blank\" rel=\"noopener noreferrer\">michael kors handbags<\/a> causing him to abandon AT he said.Articles Connexes\uff1a<\/p>\n<\/div>\n","protected":false},"excerpt":{"rendered":"<p>Depuis notre assembl\u00e9e g\u00e9n\u00e9rale, le bureau de l&rsquo;OGEC n&rsquo;est plus compos\u00e9 que de 4 membres: Pr\u00e9sident:&nbsp; &nbsp; &nbsp; &nbsp; &nbsp; &nbsp; &nbsp; &nbsp; &nbsp; &nbsp; &nbsp; &nbsp; &nbsp; Fr\u00e9d\u00e9ric B\u00e9ron Vice-pr\u00e9sident:&nbsp; &nbsp; &nbsp; &nbsp; &nbsp; &nbsp; &nbsp; &nbsp; Etienne Chaumont Tr\u00e9sori\u00e8re: &nbsp; &nbsp; &nbsp; &nbsp; &nbsp; &nbsp; &nbsp; &nbsp; &nbsp; &nbsp; &nbsp; &nbsp;&nbsp; Sandrine L\u00e9ridon &hellip; <a href=\"https:\/\/ecole-saint-joseph-44690.fr\/blog\/?page_id=215\" class=\"more-link\">Continuer la lecture de <span class=\"screen-reader-text\">Le bureau &#038; les membres<\/span>  <span class=\"meta-nav\">&rarr;<\/span><\/a><\/p>\n","protected":false},"author":1,"featured_media":0,"parent":83,"menu_order":0,"comment_status":"closed","ping_status":"closed","template":"","meta":{"jetpack_post_was_ever_published":false,"footnotes":""},"class_list":["post-215","page","type-page","status-publish","hentry"],"jetpack_sharing_enabled":true,"jetpack_shortlink":"https:\/\/wp.me\/P5G85k-3t","jetpack_likes_enabled":true,"jetpack-related-posts":[{"id":85,"url":"https:\/\/ecole-saint-joseph-44690.fr\/blog\/?page_id=85","url_meta":{"origin":215,"position":0},"title":"L&rsquo;APEL","author":"B\u00e9atrice Josse","date":"15 janvier 2014","format":false,"excerpt":"Qu\u2019est-ce que l\u2019APEL ? L'APEL est une association de parents d\u2019\u00e9l\u00e8ves de l\u2019enseignement libre et est r\u00e9gie par la loi 1901. Elle rassemble tous les parents d\u2019un m\u00eame \u00e9tablissement. L\u2019Apel d\u2019\u00e9tablissement a un r\u00f4le d\u2019accueil, d\u2019animation, d\u2019information, de conseil et de repr\u00e9sentation des parents d\u2019\u00e9l\u00e8ves. Les missions de l\u2019APEL L'APEL\u2026","rel":"","context":"Article similaire","block_context":{"text":"Article similaire","link":""},"img":{"alt_text":"logo","src":"https:\/\/i0.wp.com\/ecole-saint-joseph-44690.fr\/blog\/wp-content\/uploads\/2014\/01\/logo.jpg?resize=350%2C200","width":350,"height":200},"classes":[]},{"id":647,"url":"https:\/\/ecole-saint-joseph-44690.fr\/blog\/?page_id=647","url_meta":{"origin":215,"position":1},"title":"Qui sommes-nous ?","author":"S\u00e9bastien JACOB","date":"25 novembre 2024","format":false,"excerpt":"L'APEL St Joseph est compos\u00e9 de 17 membres, tous tr\u00e8s motiv\u00e9s ! Le bureau est compos\u00e9 de : Pr\u00e9sidente :\u00a0 No\u00ebmie GRIS Vice-pr\u00e9sident : Marie BERTHIER Co Vice-pr\u00e9sident : Lucie NERDEUX Tr\u00e9sori\u00e8re : Elora DELROUX Vice-Tr\u00e9sori\u00e8re :\u00a0 Elise JACOPY Secr\u00e9taire : Vanessa VILLADIER Vice-Secr\u00e9taire : Genevi\u00e8ve POINEL Co Vice-Secr\u00e9taire :\u2026","rel":"","context":"Article similaire","block_context":{"text":"Article similaire","link":""},"img":{"alt_text":"","src":"","width":0,"height":0},"classes":[]},{"id":212,"url":"https:\/\/ecole-saint-joseph-44690.fr\/blog\/?page_id=212","url_meta":{"origin":215,"position":2},"title":"La commission informatique","author":"B\u00e9atrice Josse","date":"7 f\u00e9vrier 2014","format":false,"excerpt":"Cette commission\u00a0est en charge d'administrer et de faire \u00e9voluer le parc informatique de l'\u00e9cole qui se compose de: 4 postes par classe du CP au CM2, soit 24 postes au total 1 poste en libre service dans la salle des ma\u00eetres 3 portables Un photocopieur\/scanner 2 t\u00e9l\u00e9phones ToIP Et de\u2026","rel":"","context":"Article similaire","block_context":{"text":"Article similaire","link":""},"img":{"alt_text":"linux_inside","src":"https:\/\/i0.wp.com\/ecole-saint-joseph-44690.fr\/blog\/wp-content\/uploads\/2014\/02\/linux_inside.png?resize=350%2C200","width":350,"height":200},"classes":[]},{"id":61,"url":"https:\/\/ecole-saint-joseph-44690.fr\/blog\/?page_id=61","url_meta":{"origin":215,"position":3},"title":"La grande section et le CP","author":"B\u00e9atrice Josse","date":"15 janvier 2014","format":false,"excerpt":"La classe est anim\u00e9e par Chlo\u00e9 Josse le lundi et mardi et Anne Leduc la jeudi et vendredi. Cette ann\u00e9e nous accueillons 24 \u00e9l\u00e8ves. Un des enjeux de ce cours pr\u00e9paratoire est l'apprentissage de la lecture. En CP, CE1 et CE2, les domaines comme \"questionner le monde\" et l'anglais font\u2026","rel":"","context":"Article similaire","block_context":{"text":"Article similaire","link":""},"img":{"alt_text":"","src":"","width":0,"height":0},"classes":[]},{"id":6712,"url":"https:\/\/ecole-saint-joseph-44690.fr\/blog\/?page_id=6712","url_meta":{"origin":215,"position":4},"title":"DOCUMENTS VIE SCOLAIRE","author":"B\u00e9atrice Josse","date":"19 d\u00e9cembre 2019","format":false,"excerpt":"Vous trouverez dans cette rubrique les documents utiles \u00e0 la scolarit\u00e9 de votre enfant: Autorisation de sortie r\u00e9guli\u00e8re (feuille verte): si vous autorisez votre enfant \u00e0 sortir seul le midi et\/ou le soir. Bulletins d'absence: \u00e0 remplir \u00e0 chaque absence et \u00e0 remettre \u00e0 l'enseignant au retour en classe de\u2026","rel":"","context":"Article similaire","block_context":{"text":"Article similaire","link":""},"img":{"alt_text":"","src":"","width":0,"height":0},"classes":[]},{"id":38,"url":"https:\/\/ecole-saint-joseph-44690.fr\/blog\/?page_id=38","url_meta":{"origin":215,"position":5},"title":"La petite et moyenne section","author":"B\u00e9atrice Josse","date":"13 janvier 2014","format":false,"excerpt":"Voir la page La classe est anim\u00e9e par V\u00e9ronique Lecallo et Adeline Bachelier. Cette ann\u00e9e, nous accueillons 25 \u00e9l\u00e8ves. Caramel, notre mascotte, va nous accompagner tout au long de l'ann\u00e9e. Chaque week-end un enfant le ram\u00e8ne \u00e0 la maison. C'est la f\u00eate!","rel":"","context":"Article similaire","block_context":{"text":"Article similaire","link":""},"img":{"alt_text":"","src":"https:\/\/i0.wp.com\/ecole-saint-joseph-44690.fr\/blog\/wp-content\/uploads\/2014\/01\/classe-ms-2.jpg?resize=350%2C200&ssl=1","width":350,"height":200,"srcset":"https:\/\/i0.wp.com\/ecole-saint-joseph-44690.fr\/blog\/wp-content\/uploads\/2014\/01\/classe-ms-2.jpg?resize=350%2C200&ssl=1 1x, https:\/\/i0.wp.com\/ecole-saint-joseph-44690.fr\/blog\/wp-content\/uploads\/2014\/01\/classe-ms-2.jpg?resize=525%2C300&ssl=1 1.5x, https:\/\/i0.wp.com\/ecole-saint-joseph-44690.fr\/blog\/wp-content\/uploads\/2014\/01\/classe-ms-2.jpg?resize=700%2C400&ssl=1 2x"},"classes":[]}],"_links":{"self":[{"href":"https:\/\/ecole-saint-joseph-44690.fr\/blog\/index.php?rest_route=\/wp\/v2\/pages\/215","targetHints":{"allow":["GET"]}}],"collection":[{"href":"https:\/\/ecole-saint-joseph-44690.fr\/blog\/index.php?rest_route=\/wp\/v2\/pages"}],"about":[{"href":"https:\/\/ecole-saint-joseph-44690.fr\/blog\/index.php?rest_route=\/wp\/v2\/types\/page"}],"author":[{"embeddable":true,"href":"https:\/\/ecole-saint-joseph-44690.fr\/blog\/index.php?rest_route=\/wp\/v2\/users\/1"}],"replies":[{"embeddable":true,"href":"https:\/\/ecole-saint-joseph-44690.fr\/blog\/index.php?rest_route=%2Fwp%2Fv2%2Fcomments&post=215"}],"version-history":[{"count":13,"href":"https:\/\/ecole-saint-joseph-44690.fr\/blog\/index.php?rest_route=\/wp\/v2\/pages\/215\/revisions"}],"predecessor-version":[{"id":8127,"href":"https:\/\/ecole-saint-joseph-44690.fr\/blog\/index.php?rest_route=\/wp\/v2\/pages\/215\/revisions\/8127"}],"up":[{"embeddable":true,"href":"https:\/\/ecole-saint-joseph-44690.fr\/blog\/index.php?rest_route=\/wp\/v2\/pages\/83"}],"wp:attachment":[{"href":"https:\/\/ecole-saint-joseph-44690.fr\/blog\/index.php?rest_route=%2Fwp%2Fv2%2Fmedia&parent=215"}],"curies":[{"name":"wp","href":"https:\/\/api.w.org\/{rel}","templated":true}]}}