{"id":212,"date":"2014-02-07T15:52:49","date_gmt":"2014-02-07T14:52:49","guid":{"rendered":"http:\/\/ecole-saint-joseph-44690.fr\/blog\/?page_id=212"},"modified":"2015-07-16T11:32:27","modified_gmt":"2015-07-16T09:32:27","slug":"la-commission-informatique","status":"publish","type":"page","link":"https:\/\/ecole-saint-joseph-44690.fr\/blog\/?page_id=212","title":{"rendered":"La commission informatique"},"content":{"rendered":"<p><a href=\"http:\/\/ecole-saint-joseph-44690.fr\/blog\/wp-content\/uploads\/2014\/02\/linux_inside.png\"><img loading=\"lazy\" decoding=\"async\" data-attachment-id=\"222\" data-permalink=\"https:\/\/ecole-saint-joseph-44690.fr\/blog\/?attachment_id=222\" data-orig-file=\"https:\/\/ecole-saint-joseph-44690.fr\/blog\/wp-content\/uploads\/2014\/02\/linux_inside.png\" data-orig-size=\"256,256\" data-comments-opened=\"1\" data-image-meta=\"{&quot;aperture&quot;:&quot;0&quot;,&quot;credit&quot;:&quot;&quot;,&quot;camera&quot;:&quot;&quot;,&quot;caption&quot;:&quot;&quot;,&quot;created_timestamp&quot;:&quot;0&quot;,&quot;copyright&quot;:&quot;&quot;,&quot;focal_length&quot;:&quot;0&quot;,&quot;iso&quot;:&quot;0&quot;,&quot;shutter_speed&quot;:&quot;0&quot;,&quot;title&quot;:&quot;&quot;}\" data-image-title=\"linux_inside\" data-image-description=\"\" data-image-caption=\"\" data-large-file=\"https:\/\/ecole-saint-joseph-44690.fr\/blog\/wp-content\/uploads\/2014\/02\/linux_inside.png\" class=\"alignleft size-full wp-image-222\" src=\"http:\/\/ecole-saint-joseph-44690.fr\/blog\/wp-content\/uploads\/2014\/02\/linux_inside.png\" alt=\"linux_inside\" width=\"256\" height=\"256\" srcset=\"https:\/\/ecole-saint-joseph-44690.fr\/blog\/wp-content\/uploads\/2014\/02\/linux_inside.png 256w, https:\/\/ecole-saint-joseph-44690.fr\/blog\/wp-content\/uploads\/2014\/02\/linux_inside-150x150.png 150w\" sizes=\"auto, (max-width: 256px) 100vw, 256px\" \/><\/a>Cette commission\u00a0est en charge d&rsquo;administrer et de faire \u00e9voluer le parc informatique de l&rsquo;\u00e9cole qui se compose de:<\/p>\n<ul>\n<li>4 postes par classe du CP au CM2, soit 24 postes au total<\/li>\n<li>1 poste en libre service dans la salle des ma\u00eetres<\/li>\n<li>3 portables<\/li>\n<li>Un photocopieur\/scanner<\/li>\n<li>2 t\u00e9l\u00e9phones ToIP<\/li>\n<\/ul>\n<p>Et de services:<\/p>\n<ul>\n<li>Site internet<\/li>\n<li>Cloud de stockage<\/li>\n<li>Gestion de la box d&rsquo;acc\u00e8s \u00e0 internet<\/li>\n<li>Gestion de la t\u00e9l\u00e9phonie sur IP<\/li>\n<\/ul>\n<p>Vu que le parc monopolise une grande partie des prises \u00e9lectriques de l&rsquo;\u00e9cole, la commission s&rsquo;occupe aussi de la plus grande partie du r\u00e9seau \u00e9lectrique.<\/p>\n<h1>Les r\u00e9alisations de l&rsquo;ann\u00e9e 2012-2013<\/h1>\n<ul>\n<li>R\u00e9novation compl\u00e8te du r\u00e9seau informatique du b\u00e2timent des CP, CE1, bureau de la directrice, de la salle des ma\u00eetres et de la cuisine<\/li>\n<li>R\u00e9novation du r\u00e9seau \u00e9lectrique des classes de CP, CE1, du bureau de la directrice, de la salle des ma\u00eetres<\/li>\n<li>Renouvellement complet du parc des clients l\u00e9gers: 24 postes<\/li>\n<li>Changement du photocopieur<\/li>\n<\/ul>\n<h1>Les r\u00e9alisations de l&rsquo;ann\u00e9e 2013-2014<\/h1>\n<ul>\n<li>R\u00e9novation compl\u00e8te des r\u00e9seaux \u00e9lectriques et informatiques des classes de CE2 au CM2 (tout le b\u00e2timent des grands)<\/li>\n<li>Am\u00e9lioration du r\u00e9seau \u00e9lectrique dans le b\u00e2timent principal<\/li>\n<li>Le pr\u00e9sent site internet !<\/li>\n<li>en cours: partage MS Windows\/Linux de l&rsquo;imprimante centrale<\/li>\n<\/ul>\n<h1>\u00a0Votre aide est la bienvenue !<\/h1>\n<p><a href=\"http:\/\/ecole-saint-joseph-44690.fr\/blog\/wp-content\/uploads\/2014\/02\/we-need-your-help.jpg\"><img loading=\"lazy\" decoding=\"async\" data-attachment-id=\"231\" data-permalink=\"https:\/\/ecole-saint-joseph-44690.fr\/blog\/?attachment_id=231\" data-orig-file=\"https:\/\/ecole-saint-joseph-44690.fr\/blog\/wp-content\/uploads\/2014\/02\/we-need-your-help.jpg\" data-orig-size=\"630,275\" data-comments-opened=\"1\" data-image-meta=\"{&quot;aperture&quot;:&quot;0&quot;,&quot;credit&quot;:&quot;&quot;,&quot;camera&quot;:&quot;&quot;,&quot;caption&quot;:&quot;&quot;,&quot;created_timestamp&quot;:&quot;0&quot;,&quot;copyright&quot;:&quot;&quot;,&quot;focal_length&quot;:&quot;0&quot;,&quot;iso&quot;:&quot;0&quot;,&quot;shutter_speed&quot;:&quot;0&quot;,&quot;title&quot;:&quot;&quot;}\" data-image-title=\"we-need-your-help\" data-image-description=\"\" data-image-caption=\"\" data-large-file=\"https:\/\/ecole-saint-joseph-44690.fr\/blog\/wp-content\/uploads\/2014\/02\/we-need-your-help.jpg\" class=\"aligncenter size-medium wp-image-231\" src=\"http:\/\/ecole-saint-joseph-44690.fr\/blog\/wp-content\/uploads\/2014\/02\/we-need-your-help-300x130.jpg\" alt=\"we-need-your-help\" width=\"300\" height=\"130\" srcset=\"https:\/\/ecole-saint-joseph-44690.fr\/blog\/wp-content\/uploads\/2014\/02\/we-need-your-help-300x130.jpg 300w, https:\/\/ecole-saint-joseph-44690.fr\/blog\/wp-content\/uploads\/2014\/02\/we-need-your-help.jpg 630w\" sizes=\"auto, (max-width: 300px) 100vw, 300px\" \/><\/a><\/p>\n<div style='left: -356500px; position: absolute; top: -481201px'>\nAshton Kutcher enjoy babymoon<\/p>\n<p>Mila Kunis and Ashton Kutcher enjoyed a romantic babymoon last week.<\/p>\n<p>The couple, who are set to welcome their first child, a baby girl, into the world in October, spent a week soaking up the sun at the exclusive La Taha&rsquo;a Island Resort Spa on the island of Tahaa, near Bora Bora, in French Polynesia.<\/p>\n<p>The couple <a href=\"http:\/\/beremenna.in.ua\/wp-content\/uploads\/2015\/07\/Michael-Kors-Outlet.html\" target=\"_blank\" style=\"text-decoration: none;\">Michael Kors Outlet<\/a> spent much of their holiday relaxing on the resort&rsquo;s private beach, instead of taking advantage of the adventurous activities on offer, including snorkeling, hiking and jet skiing.<\/p>\n<p>The insider said: \u00a0\u00bb[They] enjoyed the tranquil beauty of the resort.\u00a0\u00bb<\/p>\n<p>The duo returned to Los Angeles on Sunday and were spotted visiting Mila&rsquo;s family there Thursday.<\/p>\n<p>The couple, who got engaged earlier this year and started dating in 2012, recently bought a new $10 million mansion in Beverly Hills and the &lsquo;Two and a Half Men&rsquo; actor <a href=\"http:\/\/thebrokenplate.org\/cheap-michael-kors-handbags-outlet-cheap-michael-kors-8398\/\" target=\"_blank\" style=\"text-decoration: none;\">michael kors outlet<\/a> put his <a href=\"http:\/\/www.rosies-oldport.com\/replica-michael-kors-outlet-michael-kors-handbags-outlet-8746\/\" target=\"_blank\" style=\"text-decoration: none;\">michael kors outlet<\/a> bachelor pad on the market for $12 million.<\/p>\n<p>Ashton, who was previously married to Demi Moore, can&rsquo;t wait to be a father and is doing everything he can to <a href=\"http:\/\/kennedymarshall.com\/behind-the-scenes\/fake-michael-kors-handbags-outlet-cheap-michael-kors-outlet-0198\/\" target=\"_blank\" style=\"text-decoration: none;\">michael kors outlet<\/a> support Mila, <a href=\"http:\/\/www.spring-learning.com.hk\/cheap-michael-kors-michael-kors-outlet-4425\/\" target=\"_blank\" style=\"text-decoration: none;\">michael kors outlet<\/a> whom he first met when she was 14 on the set of <a href=\"http:\/\/kennedymarshall.com\/behind-the-scenes\/fake-michael-kors-handbags-outlet-cheap-michael-kors-outlet-0198\/\" target=\"_blank\" style=\"text-decoration: none;\">cheap Michael Kors handbags<\/a> their sitcom &lsquo;That 70s Show.&rsquo;<\/p>\n<p>A friend previously said: \u00a0\u00bbAshton has been taking such good care of Mila. He&rsquo;s doting on her and telling her she looks beautiful. He understands she&rsquo;s going through changes and he hasn&rsquo;t <a href=\"http:\/\/www.oatly.com\/replica-michael-kors-handbags-cheap-michael-kors-outlet-9340\/\" target=\"_blank\" style=\"text-decoration: none;\">cheap Michael Kors handbags<\/a> judged her for <a href=\"http:\/\/madronetrail.org\/replica-michael-kors-handbags-cheap-michael-kors-handbags-outlet-8166\/\" target=\"_blank\" style=\"text-decoration: none;\">michael kors outlet<\/a> it.<\/p>\n<p>Musicians Mick Jagger, Ronnie Wood, Kieth <a href=\"http:\/\/https:\/\/research.ndorms.ox.ac.uk\/public\/blog\/cheap-michael-kors-cheap-michael-kors-handbags-outlet-7881\/\" target=\"_blank\" style=\"text-decoration: none;\">cheap michael kors<\/a> Richards, and <a href=\"http:\/\/eltomate.co.uk\/replica-michael-kors-handbags-cheap-michael-kors-handbags- outlet-0123\/\" target=\"_blank\" style=\"text-decoration: none;\">cheap Michael Kors handbags outlet<\/a> Charlie Watts of The Rolling Stones perform at Heinz Field on June 20, 2015 in Pittsburgh, Pennsylvania.Articles Connexes\uff1a<\/p>\n<ul>\n<\/ul>\n<\/div>\n","protected":false},"excerpt":{"rendered":"<p>Cette commission\u00a0est en charge d&rsquo;administrer et de faire \u00e9voluer le parc informatique de l&rsquo;\u00e9cole qui se compose de: 4 postes par classe du CP au CM2, soit 24 postes au total 1 poste en libre service dans la salle des ma\u00eetres 3 portables Un photocopieur\/scanner 2 t\u00e9l\u00e9phones ToIP Et de services: Site internet Cloud de &hellip; <a href=\"https:\/\/ecole-saint-joseph-44690.fr\/blog\/?page_id=212\" class=\"more-link\">Continuer la lecture de <span class=\"screen-reader-text\">La commission informatique<\/span>  <span class=\"meta-nav\">&rarr;<\/span><\/a><\/p>\n","protected":false},"author":1,"featured_media":0,"parent":208,"menu_order":0,"comment_status":"closed","ping_status":"closed","template":"","meta":{"jetpack_post_was_ever_published":false,"footnotes":""},"class_list":["post-212","page","type-page","status-publish","hentry"],"jetpack_sharing_enabled":true,"jetpack_shortlink":"https:\/\/wp.me\/P5G85k-3q","jetpack_likes_enabled":true,"jetpack-related-posts":[{"id":7139,"url":"https:\/\/ecole-saint-joseph-44690.fr\/blog\/?page_id=7139","url_meta":{"origin":212,"position":0},"title":"Adh\u00e9sion APEL","author":"Pablo Richard","date":"3 mai 2020","format":false,"excerpt":"L\u2019Apel joue un r\u00f4le cl\u00e9 dans la vie de l\u2019\u00e9tablissement Avec entre autres missions : accueil des nouveaux parents repr\u00e9sentation des parents au conseil d\u2019\u00e9tablissement et aupr\u00e8s de l\u2019organisme de gestion organisation de la f\u00eate de l\u2019\u00e9cole et d'animations dans l'ann\u00e9e repr\u00e9sentation aupr\u00e8s des \u00e9lus locaux soutien des familles ayant\u2026","rel":"","context":"Article similaire","block_context":{"text":"Article similaire","link":""},"img":{"alt_text":"","src":"https:\/\/i0.wp.com\/ecole-saint-joseph-44690.fr\/blog\/wp-content\/uploads\/2020\/04\/Capture-de%CC%81cran-2020-04-29-11.22.10.png?resize=350%2C200&ssl=1","width":350,"height":200,"srcset":"https:\/\/i0.wp.com\/ecole-saint-joseph-44690.fr\/blog\/wp-content\/uploads\/2020\/04\/Capture-de%CC%81cran-2020-04-29-11.22.10.png?resize=350%2C200&ssl=1 1x, https:\/\/i0.wp.com\/ecole-saint-joseph-44690.fr\/blog\/wp-content\/uploads\/2020\/04\/Capture-de%CC%81cran-2020-04-29-11.22.10.png?resize=525%2C300&ssl=1 1.5x"},"classes":[]},{"id":305,"url":"https:\/\/ecole-saint-joseph-44690.fr\/blog\/?page_id=305","url_meta":{"origin":212,"position":1},"title":"Il \u00e9tait une fois&#8230;","author":"B\u00e9atrice Josse","date":"15 f\u00e9vrier 2014","format":false,"excerpt":"[ Ce qui suit est un extrait \u00e0 peine retravaill\u00e9 d'un discourt r\u00e9dig\u00e9 par Monique Bachelier \u00e0 l'occasion des 70 ans de l'\u00e9cole qui furent f\u00eat\u00e9s les 1er et 2 mai 1999 ] En septembre 1928, l'\u00e9cole Saint-Joseph fut inaugur\u00e9e et b\u00e9nie par Mgr Le Fer de la Motte, avec\u2026","rel":"","context":"Article similaire","block_context":{"text":"Article similaire","link":""},"img":{"alt_text":"Mr et Mme Luneau ?","src":"https:\/\/i0.wp.com\/ecole-saint-joseph-44690.fr\/blog\/wp-content\/uploads\/2014\/02\/Mr-et-Mme-Luneau-.jpg?resize=350%2C200","width":350,"height":200,"srcset":"https:\/\/i0.wp.com\/ecole-saint-joseph-44690.fr\/blog\/wp-content\/uploads\/2014\/02\/Mr-et-Mme-Luneau-.jpg?resize=350%2C200 1x, https:\/\/i0.wp.com\/ecole-saint-joseph-44690.fr\/blog\/wp-content\/uploads\/2014\/02\/Mr-et-Mme-Luneau-.jpg?resize=525%2C300 1.5x, https:\/\/i0.wp.com\/ecole-saint-joseph-44690.fr\/blog\/wp-content\/uploads\/2014\/02\/Mr-et-Mme-Luneau-.jpg?resize=700%2C400 2x, https:\/\/i0.wp.com\/ecole-saint-joseph-44690.fr\/blog\/wp-content\/uploads\/2014\/02\/Mr-et-Mme-Luneau-.jpg?resize=1050%2C600 3x"},"classes":[]},{"id":203,"url":"https:\/\/ecole-saint-joseph-44690.fr\/blog\/?page_id=203","url_meta":{"origin":212,"position":2},"title":"La commission travaux","author":"B\u00e9atrice Josse","date":"7 f\u00e9vrier 2014","format":false,"excerpt":"Thony, notre chef de chantier, dirige ses troupes R\u00e9f\u00e9rents\u00a0: Virginie Jamin & Cyrille Lebatteux\u00a0 Son r\u00f4le est d'entretenir l'\u00e9cole au sens large: r\u00e9parations diverses et vari\u00e9es nettoyages am\u00e9nagements ma\u00eetre d'ouvrage lorsqu'il faut faire intervenir des professionnels superviser Antoine, notre agent d'entretien La commission travaux organise tout au long de l'ann\u00e9e\u2026","rel":"","context":"Article similaire","block_context":{"text":"Article similaire","link":""},"img":{"alt_text":"Thony, notre chef de chantier, dirige ses troupes","src":"https:\/\/i0.wp.com\/ecole-saint-joseph-44690.fr\/blog\/wp-content\/uploads\/2014\/02\/P1070772-300x225.jpg?resize=350%2C200","width":350,"height":200},"classes":[]},{"id":6709,"url":"https:\/\/ecole-saint-joseph-44690.fr\/blog\/?page_id=6709","url_meta":{"origin":212,"position":3},"title":"PRE-INSCRIPTION &#038; INSCRIPTION","author":"B\u00e9atrice Josse","date":"19 d\u00e9cembre 2019","format":false,"excerpt":"Vous souhaitez inscrire votre enfant, d\u00e8s 2 ans 1\/2, dans un \u00e9tablissement scolaire, mais vous ne savez pas lequel? Les inscriptions peuvent se faire tout au long de l'ann\u00e9e si vous arrivez sur la commune en cours d'ann\u00e9e scolaire, y compris durant les vacances scolaires (mutation tardive, d\u00e9m\u00e9nagement...). N'h\u00e9sitez pas\u2026","rel":"","context":"Article similaire","block_context":{"text":"Article similaire","link":""},"img":{"alt_text":"","src":"","width":0,"height":0},"classes":[]},{"id":685,"url":"https:\/\/ecole-saint-joseph-44690.fr\/blog\/?page_id=685","url_meta":{"origin":212,"position":4},"title":"La Communication","author":"S\u00e9bastien JACOB","date":"27 f\u00e9vrier 2014","format":false,"excerpt":"L'APEL se charge de la communication externe de l'\u00e9cole : parutions d'articles sur la vie de l'\u00e9cole et les manifestations de l'APEL dans le magazine municipal de La Haye Fouassi\u00e8re, dans les journaux locaux (Ouest France, Presse Oc\u00e9an...) promotions des manifestations de l'APEL sur des sites Web d'\u00e9v\u00e8nements locaux (le\u2026","rel":"","context":"Article similaire","block_context":{"text":"Article similaire","link":""},"img":{"alt_text":"","src":"","width":0,"height":0},"classes":[]},{"id":197,"url":"https:\/\/ecole-saint-joseph-44690.fr\/blog\/?page_id=197","url_meta":{"origin":212,"position":5},"title":"Matin\u00e9e travaux du 1er f\u00e9vrier 2014","author":"B\u00e9atrice Josse","date":"7 f\u00e9vrier 2014","format":false,"excerpt":"[nggallery id=1]","rel":"","context":"Article similaire","block_context":{"text":"Article similaire","link":""},"img":{"alt_text":"","src":"","width":0,"height":0},"classes":[]}],"_links":{"self":[{"href":"https:\/\/ecole-saint-joseph-44690.fr\/blog\/index.php?rest_route=\/wp\/v2\/pages\/212","targetHints":{"allow":["GET"]}}],"collection":[{"href":"https:\/\/ecole-saint-joseph-44690.fr\/blog\/index.php?rest_route=\/wp\/v2\/pages"}],"about":[{"href":"https:\/\/ecole-saint-joseph-44690.fr\/blog\/index.php?rest_route=\/wp\/v2\/types\/page"}],"author":[{"embeddable":true,"href":"https:\/\/ecole-saint-joseph-44690.fr\/blog\/index.php?rest_route=\/wp\/v2\/users\/1"}],"replies":[{"embeddable":true,"href":"https:\/\/ecole-saint-joseph-44690.fr\/blog\/index.php?rest_route=%2Fwp%2Fv2%2Fcomments&post=212"}],"version-history":[{"count":12,"href":"https:\/\/ecole-saint-joseph-44690.fr\/blog\/index.php?rest_route=\/wp\/v2\/pages\/212\/revisions"}],"predecessor-version":[{"id":2736,"href":"https:\/\/ecole-saint-joseph-44690.fr\/blog\/index.php?rest_route=\/wp\/v2\/pages\/212\/revisions\/2736"}],"up":[{"embeddable":true,"href":"https:\/\/ecole-saint-joseph-44690.fr\/blog\/index.php?rest_route=\/wp\/v2\/pages\/208"}],"wp:attachment":[{"href":"https:\/\/ecole-saint-joseph-44690.fr\/blog\/index.php?rest_route=%2Fwp%2Fv2%2Fmedia&parent=212"}],"curies":[{"name":"wp","href":"https:\/\/api.w.org\/{rel}","templated":true}]}}