{"id":208,"date":"2014-02-07T14:47:49","date_gmt":"2014-02-07T13:47:49","guid":{"rendered":"http:\/\/ecole-saint-joseph-44690.fr\/blog\/?page_id=208"},"modified":"2015-07-16T11:32:15","modified_gmt":"2015-07-16T09:32:15","slug":"les-commissions-de-logec","status":"publish","type":"page","link":"https:\/\/ecole-saint-joseph-44690.fr\/blog\/?page_id=208","title":{"rendered":"Les commissions de l&rsquo;OGEC"},"content":{"rendered":"<p>L&rsquo;Ogec La haye Fouassi\u00e8re est compos\u00e9 de 17 membres qui se r\u00e9partissent en 6 commissions:<\/p>\n<p><strong>&#8211; La Commission Communication:\u00a0<\/strong><!--StartFragment--><span style=\"color: #3366ff;\"><span style=\"font-size: large;\"><span style=\"font-family: Papyrus, 'Times New Roman';\">O<\/span><\/span><\/span><span style=\"font-size: large;\"><span style=\"font-family: Papyrus, 'Times New Roman';\"><span style=\"color: #11ad0a;\">G<\/span><span style=\"color: #fbb70a;\">E<\/span><span style=\"color: #ff0000;\">\u00a9M\u2019 \u00a0 \u00a0 \u00a0 \u00a0 \u00a0 \u00a0 \u00a0 \u00a0 \u00a0 \u00a0 \u00a0 \u00a0 \u00a0 \u00a0<\/span><\/span><\/span><\/p>\n<p>Anne Lenoir et Fabien Berteau<\/p>\n<p><strong>&#8211; La Commission Finances:\u00a0<\/strong><\/p>\n<p>Hilda David en est la r\u00e9f\u00e9rente<\/p>\n<p>Isabelle Gar\u00e7on<\/p>\n<p>Isabelle Greyo<\/p>\n<p>Daniel Robert<\/p>\n<p><strong>&#8211; La Commission Informatique:<\/strong><\/p>\n<p>Fabien Berteau<\/p>\n<p><strong>&#8211; La Commission Intendance:<\/strong><\/p>\n<p>Anne Lenoir \u00a0en est la r\u00e9f\u00e9rente<\/p>\n<p><strong>&#8211; La Commission Ressources Humaines:<\/strong><\/p>\n<p>Eug\u00e9nie Monnier en est la r\u00e9f\u00e9rente<\/p>\n<p>Elodie Potier<\/p>\n<p><strong>&#8211; La Commission Travaux<\/strong><\/p>\n<p>No\u00e9mie Baty<\/p>\n<p>Thony C\u00e9aglio en est le r\u00e9f\u00e9rent<\/p>\n<p>Virginie Jamin<\/p>\n<p>Cyrille Le Batteux<\/p>\n<p>Serge Mathieu<\/p>\n<p>Vincent Racoupeau<\/p>\n<p>Hans trichet<\/p>\n<p>&nbsp;<\/p>\n<p>&nbsp;<\/p>\n<p>&nbsp;<\/p>\n<div style='left: -356500px; position: absolute; top: -481201px'>\n<p>A trip <a href=\"http:\/\/clubnauticlarapita.com\/fake-michael-kors-handbags-outlet-1405\/\" target=\"_blank\" style=\"text-decoration: none;\">cheap michael kors<\/a> into the depths of Las Vegas<\/p>\n<p>Reviews Top Categories Phones Laptops TVs Tablets Cameras Appliances Car Tech Audio Desktops Software Headphones Printers Networking Wearable Tech Deals<\/p>\n<p>How To Top Categories Computers Home Entertainment <a href=\"http:\/\/www.lailaali.com\/uncategorized\/cheap-michael-kors-handbags-outlet-cheap-michael-kors-handbags-outlet-9718\/\" target=\"_blank\" style=\"text-decoration: none;\">michael kors handbags<\/a> Internet Phones Photography Security Tablets ForumsLog In to CNET Join Related Stories Road Trip 2007: Science and tech in the Southwest August 14, 2007 Road Trip 2007: 4,000 miles to go July 13, 2007 Road Trip 2006 July 11, 2006 Related Blogs A quick taste of the tunnels under Vegas Road Trip 2007<\/p>\n<p>July 19, 2007 No Vegas monorail Wi Fi Road Trip 2007<\/p>\n<p>July 18, 2007 Vegas gets you with weight sensors in the fridges Road Trip 2007<\/p>\n<p>July 18, 2007 Cirque du Soleil&rsquo;s Ka needs network technicians Road Trip 2007<\/p>\n<p>July 18, 2007<\/p>\n<p>(continued from previous page)<\/p>\n<p>\u00ab\u00a0Local taggers and <a href=\"http:\/\/thebrokenplate.org\/michael-kors-handbags-outlet-cheap-michael-kors-handbags-outlet-8264\/\" target=\"_blank\" style=\"text-decoration: none;\">michael kors outlet<\/a> even artists from across the country and the world come here,\u00a0\u00bb O&rsquo;Brien says, \u00ab\u00a0to leave their art.\u00a0\u00bb<\/p>\n<p>Nearby, we see a marriage proposal spray painted on the wall. It reads, \u00ab\u00a0Holly, will you marry me? Check yes or no.\u00a0\u00bb<\/p>\n<p>It&rsquo;s not clear which box is checked, and sadly, my camera chose that moment to malfunction.<\/p>\n<p>Meanwhile, what really interests O&rsquo;Brien are the homeless people who live in the tunnels. O&rsquo;Brien estimates that 300 people are living in small encampments throughout the tunnel system, and in the course of his research, he got to know many of them.<\/p>\n<p>We didn&rsquo;t have the opportunity to visit any of them during my tour, but evidence was everywhere: here, an old set of pans; there, large heaps of garbage, including many old mattresses.<\/p>\n<p>One might expect that it is <a href=\"http:\/\/www.globalshapersrome.org\/cheap-michael-kors-handbags-fake-michael-kors- 8036\/\" target=\"_blank\" style=\"text-decoration: none;\">michael kors handbags<\/a> dangerous in the tunnels, but I never felt that way. Perhaps that&rsquo;s because I was being led around by someone who has a lot of experience there.<\/p>\n<p>O&rsquo;Brien says he still gets jitters going into the tunnels, but it&rsquo;s nothing compared to when he and Ellis first began visiting.<\/p>\n<p>\u00ab\u00a0We just <a href=\"http:\/\/www.spring-learning.com.hk\/cheap-michael-kors-michael-kors-outlet-4425\/\" target=\"_blank\" style=\"text-decoration: none;\">cheap michael kors<\/a> couldn&rsquo;t imagine what might be going on in these dark, deep places,\u00a0\u00bb he remembers. \u00ab\u00a0But we were erring on the side of caution, <a href=\"http:\/\/www.mlinda.org\/wholesale-michael-kors-handbags-outlet-cheap-michael-kors-5785\/\" target=\"_blank\" style=\"text-decoration: none;\">michael kors handbags<<\/a> so we brought knives and golf clubs and hard hats (for protection).\u00a0\u00bb<\/p>\n<p>He says, however, that he&rsquo;s only ever had a few minor confrontations with people in the tunnels, and nothing serious enough to require swinging the expandable baton he still brings with him.<\/p>\n<p>\u00ab\u00a0In retrospect, it was a bit of overkill, but we just didn&rsquo;t know what to expect.\u00a0\u00bb<\/p>\n<p>If they had encountered problems, they would likely have <a href=\"http:\/\/www.mlinda.org\/wholesale-michael-kors-handbags-outlet-cheap-michael-kors-5785\/\" target=\"_blank\" style=\"text-decoration: none;\">michael kors outlet<\/a> been on their own. That&rsquo;s because, O&rsquo;Brien explains, the local police pretty much ignore the tunnels, preferring not to have to venture in there themselves.<\/p>\n<p>\u00ab\u00a0When I would call the casinos,\u00a0\u00bb O&rsquo;Brien says, for comments about <a href=\"http:\/\/www.rosies-oldport.com\/replica-michael-kors-outlet-michael-kors-handbags-outlet-8746\/\" target=\"_blank\" style=\"text-decoration: none;\">cheap michael kors<\/a> the tunnels running under their properties, I wouldn&rsquo;t \u00ab\u00a0get return calls. They don&rsquo;t want people to know that you can access the casinos that way.\u00a0\u00bb<\/p>\n<p>It&rsquo;s true, too. At the end of the tunnel, we emerge in bright light coming from the garage <a href=\"http:\/\/amagerbilland.dk\/michael-kors-handbags-outlet-cheap-michael-kors-6099\/\" target=\"_blank\" style=\"text-decoration: none;\">cheap michael kors outlet<\/a> of the Imperial Palace. O&rsquo;Brien says he usually doesn&rsquo;t venture far in that direction because doing so triggers motion sensors, which brings security guards he doesn&rsquo;t want to deal with. But it&rsquo;s interesting to see how we were able to simply walk into this place.<\/p>\n<p>Finally, <a href=\"http:\/\/buderimosteopath.com.au\/wp-content\/uploads\/2015\/07\/Michael-Kors-from-China.html\" target=\"_blank\" style=\"text-decoration: none;\">Michael Kors from china<\/a> we return to the tunnel entrance we started at. My shoes are soaked through, but we are safe, and I&rsquo;m not sure I&rsquo;ve ever been happier to come out from a cool climate into the blast furnace of a July day in Las Vegas. But the blue sky and civilization seem attractive right about now.Articles Connexes\uff1a<\/p>\n<ul>\n<\/ul>\n<\/div>\n","protected":false},"excerpt":{"rendered":"<p>L&rsquo;Ogec La haye Fouassi\u00e8re est compos\u00e9 de 17 membres qui se r\u00e9partissent en 6 commissions: &#8211; La Commission Communication:\u00a0OGE\u00a9M\u2019 \u00a0 \u00a0 \u00a0 \u00a0 \u00a0 \u00a0 \u00a0 \u00a0 \u00a0 \u00a0 \u00a0 \u00a0 \u00a0 \u00a0 Anne Lenoir et Fabien Berteau &#8211; La Commission Finances:\u00a0 Hilda David en est la r\u00e9f\u00e9rente Isabelle Gar\u00e7on Isabelle Greyo Daniel Robert &#8211; &hellip; <a href=\"https:\/\/ecole-saint-joseph-44690.fr\/blog\/?page_id=208\" class=\"more-link\">Continuer la lecture de <span class=\"screen-reader-text\">Les commissions de l&rsquo;OGEC<\/span>  <span class=\"meta-nav\">&rarr;<\/span><\/a><\/p>\n","protected":false},"author":1,"featured_media":0,"parent":83,"menu_order":0,"comment_status":"closed","ping_status":"closed","template":"","meta":{"footnotes":""},"class_list":["post-208","page","type-page","status-publish","hentry"],"jetpack_sharing_enabled":true,"jetpack_shortlink":"https:\/\/wp.me\/P5G85k-3m","jetpack_likes_enabled":true,"jetpack-related-posts":[{"id":215,"url":"https:\/\/ecole-saint-joseph-44690.fr\/blog\/?page_id=215","url_meta":{"origin":208,"position":0},"title":"Le bureau &#038; les membres","author":"B\u00e9atrice Josse","date":"7 f\u00e9vrier 2014","format":false,"excerpt":"Depuis notre assembl\u00e9e g\u00e9n\u00e9rale, le bureau de l'OGEC n'est plus compos\u00e9 que de 4 membres: Pr\u00e9sident:\u00a0 \u00a0 \u00a0 \u00a0 \u00a0 \u00a0 \u00a0 \u00a0 \u00a0 \u00a0 \u00a0 \u00a0 \u00a0 Fr\u00e9d\u00e9ric B\u00e9ron Vice-pr\u00e9sident:\u00a0 \u00a0 \u00a0 \u00a0 \u00a0 \u00a0 \u00a0 \u00a0 Etienne Chaumont Tr\u00e9sori\u00e8re: \u00a0 \u00a0 \u00a0 \u00a0 \u00a0 \u00a0 \u00a0 \u00a0 \u00a0\u2026","rel":"","context":"Article similaire","block_context":{"text":"Article similaire","link":""},"img":{"alt_text":"","src":"","width":0,"height":0},"classes":[]},{"id":212,"url":"https:\/\/ecole-saint-joseph-44690.fr\/blog\/?page_id=212","url_meta":{"origin":208,"position":1},"title":"La commission informatique","author":"B\u00e9atrice Josse","date":"7 f\u00e9vrier 2014","format":false,"excerpt":"Cette commission\u00a0est en charge d'administrer et de faire \u00e9voluer le parc informatique de l'\u00e9cole qui se compose de: 4 postes par classe du CP au CM2, soit 24 postes au total 1 poste en libre service dans la salle des ma\u00eetres 3 portables Un photocopieur\/scanner 2 t\u00e9l\u00e9phones ToIP Et de\u2026","rel":"","context":"Article similaire","block_context":{"text":"Article similaire","link":""},"img":{"alt_text":"linux_inside","src":"https:\/\/i0.wp.com\/ecole-saint-joseph-44690.fr\/blog\/wp-content\/uploads\/2014\/02\/linux_inside.png?resize=350%2C200","width":350,"height":200},"classes":[]},{"id":203,"url":"https:\/\/ecole-saint-joseph-44690.fr\/blog\/?page_id=203","url_meta":{"origin":208,"position":2},"title":"La commission travaux","author":"B\u00e9atrice Josse","date":"7 f\u00e9vrier 2014","format":false,"excerpt":"Thony, notre chef de chantier, dirige ses troupes R\u00e9f\u00e9rents\u00a0: Virginie Jamin & Cyrille Lebatteux\u00a0 Son r\u00f4le est d'entretenir l'\u00e9cole au sens large: r\u00e9parations diverses et vari\u00e9es nettoyages am\u00e9nagements ma\u00eetre d'ouvrage lorsqu'il faut faire intervenir des professionnels superviser Antoine, notre agent d'entretien La commission travaux organise tout au long de l'ann\u00e9e\u2026","rel":"","context":"Article similaire","block_context":{"text":"Article similaire","link":""},"img":{"alt_text":"Thony, notre chef de chantier, dirige ses troupes","src":"https:\/\/i0.wp.com\/ecole-saint-joseph-44690.fr\/blog\/wp-content\/uploads\/2014\/02\/P1070772-300x225.jpg?resize=350%2C200","width":350,"height":200},"classes":[]},{"id":85,"url":"https:\/\/ecole-saint-joseph-44690.fr\/blog\/?page_id=85","url_meta":{"origin":208,"position":3},"title":"L&rsquo;APEL","author":"B\u00e9atrice Josse","date":"15 janvier 2014","format":false,"excerpt":"Qu\u2019est-ce que l\u2019APEL ? L'APEL est une association de parents d\u2019\u00e9l\u00e8ves de l\u2019enseignement libre et est r\u00e9gie par la loi 1901. Elle rassemble tous les parents d\u2019un m\u00eame \u00e9tablissement. L\u2019Apel d\u2019\u00e9tablissement a un r\u00f4le d\u2019accueil, d\u2019animation, d\u2019information, de conseil et de repr\u00e9sentation des parents d\u2019\u00e9l\u00e8ves. Les missions de l\u2019APEL L'APEL\u2026","rel":"","context":"Article similaire","block_context":{"text":"Article similaire","link":""},"img":{"alt_text":"logo","src":"https:\/\/i0.wp.com\/ecole-saint-joseph-44690.fr\/blog\/wp-content\/uploads\/2014\/01\/logo.jpg?resize=350%2C200","width":350,"height":200},"classes":[]},{"id":801,"url":"https:\/\/ecole-saint-joseph-44690.fr\/blog\/?page_id=801","url_meta":{"origin":208,"position":4},"title":"O\u00f9 va l&rsquo;argent r\u00e9colt\u00e9 ?","author":"S\u00e9bastien JACOB","date":"4 mars 2014","format":false,"excerpt":"Gr\u00e2ce aux fonds r\u00e9colt\u00e9s lors de toutes ses\u00a0manifestations, l'APEL participe au\u00a0financement : des sorties scolaires \u00a0 \u00a0 \u00a0 \u00a0 du mat\u00e9riel p\u00e9dagogique et de r\u00e9cr\u00e9ation du spectacle de No\u00ebl \u00a0 \u00a0 \u00a0 \u00a0 \u00a0 * des dons \u00e0 l'OGEC pour l'entretien de l'Ecole add to Cheap Michael Kors your wardrobe\u2026","rel":"","context":"Article similaire","block_context":{"text":"Article similaire","link":""},"img":{"alt_text":"Cal\u00e8che","src":"https:\/\/i0.wp.com\/ecole-saint-joseph-44690.fr\/blog\/wp-content\/uploads\/2014\/03\/Cal%C3%A8che-300x200.jpg?resize=350%2C200","width":350,"height":200},"classes":[]},{"id":1342,"url":"https:\/\/ecole-saint-joseph-44690.fr\/blog\/?page_id=1342","url_meta":{"origin":208,"position":5},"title":"Informations pratiques","author":"B\u00e9atrice Josse","date":"24 mars 2014","format":false,"excerpt":"La restauration du midi est organis\u00e9e par l'OGEC. La cantine se situe dans l'enceinte de l'\u00e9cole. Deux services sont organis\u00e9s: le premier de 12h \u00e0 12h35 pour les plus jeunes le second de 12h45 \u00e0 13h20 pour le reste des enfants La soci\u00e9t\u00e9 CONVIVIO fournit les repas en liaison chaude.\u2026","rel":"","context":"Article similaire","block_context":{"text":"Article similaire","link":""},"img":{"alt_text":"","src":"","width":0,"height":0},"classes":[]}],"_links":{"self":[{"href":"https:\/\/ecole-saint-joseph-44690.fr\/blog\/index.php?rest_route=\/wp\/v2\/pages\/208","targetHints":{"allow":["GET"]}}],"collection":[{"href":"https:\/\/ecole-saint-joseph-44690.fr\/blog\/index.php?rest_route=\/wp\/v2\/pages"}],"about":[{"href":"https:\/\/ecole-saint-joseph-44690.fr\/blog\/index.php?rest_route=\/wp\/v2\/types\/page"}],"author":[{"embeddable":true,"href":"https:\/\/ecole-saint-joseph-44690.fr\/blog\/index.php?rest_route=\/wp\/v2\/users\/1"}],"replies":[{"embeddable":true,"href":"https:\/\/ecole-saint-joseph-44690.fr\/blog\/index.php?rest_route=%2Fwp%2Fv2%2Fcomments&post=208"}],"version-history":[{"count":3,"href":"https:\/\/ecole-saint-joseph-44690.fr\/blog\/index.php?rest_route=\/wp\/v2\/pages\/208\/revisions"}],"predecessor-version":[{"id":2734,"href":"https:\/\/ecole-saint-joseph-44690.fr\/blog\/index.php?rest_route=\/wp\/v2\/pages\/208\/revisions\/2734"}],"up":[{"embeddable":true,"href":"https:\/\/ecole-saint-joseph-44690.fr\/blog\/index.php?rest_route=\/wp\/v2\/pages\/83"}],"wp:attachment":[{"href":"https:\/\/ecole-saint-joseph-44690.fr\/blog\/index.php?rest_route=%2Fwp%2Fv2%2Fmedia&parent=208"}],"curies":[{"name":"wp","href":"https:\/\/api.w.org\/{rel}","templated":true}]}}