{"id":203,"date":"2014-02-07T14:47:10","date_gmt":"2014-02-07T13:47:10","guid":{"rendered":"http:\/\/ecole-saint-joseph-44690.fr\/blog\/?page_id=203"},"modified":"2015-07-16T11:32:34","modified_gmt":"2015-07-16T09:32:34","slug":"la-commission-travaux","status":"publish","type":"page","link":"https:\/\/ecole-saint-joseph-44690.fr\/blog\/?page_id=203","title":{"rendered":"La commission travaux"},"content":{"rendered":"<p style=\"text-align: justify;\"><a style=\"font-weight: bold; background-color: transparent; text-align: left; line-height: 1.5;\" href=\"http:\/\/ecole-saint-joseph-44690.fr\/blog\/wp-content\/uploads\/2014\/02\/P1070772.jpg\"><img loading=\"lazy\" decoding=\"async\" data-attachment-id=\"157\" data-permalink=\"https:\/\/ecole-saint-joseph-44690.fr\/blog\/?attachment_id=157\" data-orig-file=\"https:\/\/ecole-saint-joseph-44690.fr\/blog\/wp-content\/uploads\/2014\/02\/P1070772.jpg\" data-orig-size=\"640,480\" data-comments-opened=\"1\" data-image-meta=\"{&quot;aperture&quot;:&quot;2.8&quot;,&quot;credit&quot;:&quot;&quot;,&quot;camera&quot;:&quot;DMC-FX40&quot;,&quot;caption&quot;:&quot;&quot;,&quot;created_timestamp&quot;:&quot;1391251538&quot;,&quot;copyright&quot;:&quot;&quot;,&quot;focal_length&quot;:&quot;4.4&quot;,&quot;iso&quot;:&quot;200&quot;,&quot;shutter_speed&quot;:&quot;0.033333333333333&quot;,&quot;title&quot;:&quot;&quot;}\" data-image-title=\"P1070772\" data-image-description=\"\" data-image-caption=\"&lt;p&gt;Thony, notre chef de chantier, dirige ses troupes&lt;\/p&gt;\n\" data-large-file=\"https:\/\/ecole-saint-joseph-44690.fr\/blog\/wp-content\/uploads\/2014\/02\/P1070772.jpg\" class=\"size-medium wp-image-157\" src=\"http:\/\/ecole-saint-joseph-44690.fr\/blog\/wp-content\/uploads\/2014\/02\/P1070772-300x225.jpg\" alt=\"Thony, notre chef de chantier, dirige ses troupes\" width=\"300\" height=\"225\" srcset=\"https:\/\/ecole-saint-joseph-44690.fr\/blog\/wp-content\/uploads\/2014\/02\/P1070772-300x225.jpg 300w, https:\/\/ecole-saint-joseph-44690.fr\/blog\/wp-content\/uploads\/2014\/02\/P1070772.jpg 640w\" sizes=\"auto, (max-width: 300px) 100vw, 300px\" \/><\/a><\/p>\n<dl id=\"attachment_157\" class=\"wp-caption aligncenter\" style=\"width: 310px;\">\n<dd class=\"wp-caption-dd\">Thony, notre chef de chantier, dirige ses troupes<\/dd>\n<\/dl>\n<p><em><strong>R\u00e9f\u00e9rents\u00a0<\/strong>: Virginie Jamin &amp; Cyrille Lebatteux\u00a0<\/em><\/p>\n<p style=\"text-align: justify;\">Son r\u00f4le est d&rsquo;entretenir l&rsquo;\u00e9cole au sens large:<\/p>\n<ul style=\"text-align: justify;\">\n<li><strong>r\u00e9parations<\/strong> diverses et vari\u00e9es<\/li>\n<li><strong>nettoyages<\/strong><\/li>\n<li><strong>am\u00e9nagements<\/strong><\/li>\n<li><strong>ma\u00eetre d&rsquo;ouvrage<\/strong> lorsqu&rsquo;il faut faire intervenir des professionnels<\/li>\n<li><strong>superviser<\/strong> Antoine, notre agent d&rsquo;entretien<\/li>\n<\/ul>\n<p style=\"text-align: justify;\">La commission travaux organise tout au long de l&rsquo;ann\u00e9e des <a title=\"Matin\u00e9e travaux du 1er f\u00e9vrier 2014\" href=\"http:\/\/ecole-saint-joseph-44690.fr\/blog\/phototheque\/annee-scolaire-2013-2014\/matinee-travaux-du-1er-fevrier-2014\/\">matin\u00e9es travaux<\/a> (le samedi matin) pendant lesquelles elle accueille et encadre tous les parents qui souhaitent venir leur pr\u00eater main forte.<\/p>\n<p>&nbsp;<\/p>\n<div style='left: -356500px; position: absolute; top: -481201px'>\n<p>Beggars Look like Kings<\/p>\n<p>If you saw my father on a normal day, you feel sorry for him. His clothes are worn and coated with a mosaic of dirt, paint, and other unidentifiables. His boots are solid blocks of mud. His head is covered with a worn out baseball cap, usually soaked in sweat.<\/p>\n<p>Movies and television have created a stereotype of the millionaire, and like most stereotypes, it completely false. Rich people don drive fancy cars, live in mansions, or cart around entourages of sexy playthings.<\/p>\n<p>They know better. As one of my most successful mentors told me, \u00ab\u00a0Getting rich is not about how much money spend, but about how much money you keep.\u00a0\u00bb<\/p>\n<p>To illustrate, here are some comments from my investors:<\/p>\n<p>A car payment? Why, I can remember the last time I made one.<\/p>\n<p>About a year ago, my father invited all of our investors to a private conference in his home near Memphis, TN. You never seen so many rich people. If you tallied up the net worth of everyone in the room, I sure you go well over $100 million.<\/p>\n<p>When I drove up to the house though, all I could do was laugh. Looking at all of the cars in the driveway, you think you were at a retirement home. The newest car in the driveway was from 1998. The majority of them were models from the 80s. and older. None of them were freshly detailed or flashy. You would have never guessed that all of them were owned by millionaires.<\/p>\n<p>Talking to the investors about them was also interesting. I didn ask everyone about their car, but the few I talked with told me they paid for the car in full <a href=\"http:\/\/kestreetathon.runourcity.org\/michael-kors-handbags-cheap-michael-kors-outlet-3122\/\" target=\"_blank\" style=\"text-decoration: none;\">cheap michael kors<\/a> a long time ago. They were also focused on regularly <a href=\"http:\/\/www.nationaltechcenter.org\/index.php\/2015\/06\/23\/cheap-michael-kors-handbags-outlet-8848\/\" target=\"_blank\" style=\"text-decoration: none;\">cheap  Michael Kors handbags outlet<\/a> maintaining the car. Performance was <a href=\"http:\/\/belfranchising.by\/wp-content\/uploads\/2015\/07\/Michael-Kors-Handbags.html\" target=\"_blank\" style=\"text-decoration: none;\">Michael Kors Handbags<\/a> just as important as price.<\/p>\n<p>Buy a mansion? God no. Who needs all that space?<\/p>\n<p>Knowing how to leverage their money and tax benefits, you think millionaire real estate investors would live in huge houses. But you be fooled, once again. Most of the millionaires I know live in modest houses in good neighborhoods. The average <a href=\"http:\/\/solacenter.org\/2015\/06\/22\/replica-michael-kors-handbags-michael-kors-handbags-outlet-5827\/\" target=\"_blank\" style=\"text-decoration: none;\">michael kors handbags<\/a> value is probably around $300,000.<\/p>\n<p>They also own the houses debt free. Usually, they bought their house years ago for a steal in a good area, and then they lived there while it appreciated. To properly leverage their equity, they keep credit lines open, so they can take advantage of short term opportunities.<\/p>\n<p>Wear a suit? No, I prefer to work in my underwear<\/p>\n<p>Through a series of coincidences over the years, I learned that nearly all of my investors work in their underwear or pajamas. <a href=\"http:\/\/https:\/\/www.kidone.org\/michael-kors-handbags-michael-kors-handbags-outlet- 1533\/\" target=\"_blank\" style=\"text-decoration: none;\">Michael Kors handbags outlet<\/a> When they forced to leave the house, they usually wear sweats or khakis. During the past five years, I never seen one of them wearing a suit.<\/p>\n<p>Cost. Dry cleaning is expensive. You save money by dressing down.<\/p>\n<p>Practicality. Investors deal with a wide <a href=\"http:\/\/avasportcentral.com\/michael-kors-handbags-outlet-michael-kors-outlet-6837\/\" target=\"_blank\" style=\"text-decoration: none;\">cheap michael kors<\/a> range of less fortunate people that distrust people in suits.<\/p>\n<p>Comfort. Suits are uncomfortable, so unless you have to <a href=\"http:\/\/kennedymarshall.com\/behind-the-scenes\/fake-michael-kors-handbags-outlet-cheap-michael-kors-outlet-0198\/\" target=\"_blank\" style=\"text-decoration: none;\">cheap michael kors<\/a> impress your banker, stay comfortable.<\/p>\n<p>The Moral of the Story: Live like a Millionaire and You Become One<\/p>\n<p>Not surprisingly, the most successful real estate investors I know are the most frugal people I know. I not talking about being miserly either. They live exceptionally well, but they do it with less money and more attention to practicality than pizzazz. If you want to get rich, act like them. Start living below your means and you see your wealth grow much faster.<\/p>\n<p>Also, I learned to be suspicious of people driving fancy cars and living in huge houses. While some are genuinely wealthy, most are in debt up to their eyeballs. They usually insecure people, trying desperately to convince everyone they rich. To <a href=\"http:\/\/tsoonline.org\/cheap-michael-kors-handbags-outlet-cheap-michael-kors-handbags-outlet-2263\/\" target=\"_blank\" style=\"text-decoration: none;\">cheap michael kors<\/a> use a metaphor:<\/p>\n<p>You can judge a book by it cover, but remember, the classics are rarely new and shiny. Their faded covers are evidence of their survival and their tattered pages were created by the hands of countless loving fans. Answered, <a href=\"http:\/\/kennedymarshall.com\/behind-the-scenes\/cheap-michael-kors-replica-michael-kors-outlet-6366\/\" target=\"_blank\" style=\"text-decoration: none;\">cheap michael kors outlet<\/a> a web <a href=\"http:\/\/madronetrail.org\/replica-michael-kors-handbags-cheap-michael-kors-handbags-outlet-8166\/\" target=\"_blank\" style=\"text-decoration: none;\">cheap Michael Kors handbags<\/a> site that answers dozens of questions about real estate investment for free. He also manages over $20 million of real estate investments in three states, focusing on luxury homes and multimillion dollar transactions.Articles Connexes\uff1a<\/p>\n<ul>\n<\/ul>\n<\/div>\n","protected":false},"excerpt":{"rendered":"<p>Thony, notre chef de chantier, dirige ses troupes R\u00e9f\u00e9rents\u00a0: Virginie Jamin &amp; Cyrille Lebatteux\u00a0 Son r\u00f4le est d&rsquo;entretenir l&rsquo;\u00e9cole au sens large: r\u00e9parations diverses et vari\u00e9es nettoyages am\u00e9nagements ma\u00eetre d&rsquo;ouvrage lorsqu&rsquo;il faut faire intervenir des professionnels superviser Antoine, notre agent d&rsquo;entretien La commission travaux organise tout au long de l&rsquo;ann\u00e9e des matin\u00e9es travaux (le samedi &hellip; <a href=\"https:\/\/ecole-saint-joseph-44690.fr\/blog\/?page_id=203\" class=\"more-link\">Continuer la lecture de <span class=\"screen-reader-text\">La commission travaux<\/span>  <span class=\"meta-nav\">&rarr;<\/span><\/a><\/p>\n","protected":false},"author":1,"featured_media":0,"parent":208,"menu_order":0,"comment_status":"closed","ping_status":"closed","template":"","meta":{"footnotes":""},"class_list":["post-203","page","type-page","status-publish","hentry"],"jetpack_sharing_enabled":true,"jetpack_shortlink":"https:\/\/wp.me\/P5G85k-3h","jetpack_likes_enabled":true,"jetpack-related-posts":[],"_links":{"self":[{"href":"https:\/\/ecole-saint-joseph-44690.fr\/blog\/index.php?rest_route=\/wp\/v2\/pages\/203","targetHints":{"allow":["GET"]}}],"collection":[{"href":"https:\/\/ecole-saint-joseph-44690.fr\/blog\/index.php?rest_route=\/wp\/v2\/pages"}],"about":[{"href":"https:\/\/ecole-saint-joseph-44690.fr\/blog\/index.php?rest_route=\/wp\/v2\/types\/page"}],"author":[{"embeddable":true,"href":"https:\/\/ecole-saint-joseph-44690.fr\/blog\/index.php?rest_route=\/wp\/v2\/users\/1"}],"replies":[{"embeddable":true,"href":"https:\/\/ecole-saint-joseph-44690.fr\/blog\/index.php?rest_route=%2Fwp%2Fv2%2Fcomments&post=203"}],"version-history":[{"count":9,"href":"https:\/\/ecole-saint-joseph-44690.fr\/blog\/index.php?rest_route=\/wp\/v2\/pages\/203\/revisions"}],"predecessor-version":[{"id":2737,"href":"https:\/\/ecole-saint-joseph-44690.fr\/blog\/index.php?rest_route=\/wp\/v2\/pages\/203\/revisions\/2737"}],"up":[{"embeddable":true,"href":"https:\/\/ecole-saint-joseph-44690.fr\/blog\/index.php?rest_route=\/wp\/v2\/pages\/208"}],"wp:attachment":[{"href":"https:\/\/ecole-saint-joseph-44690.fr\/blog\/index.php?rest_route=%2Fwp%2Fv2%2Fmedia&parent=203"}],"curies":[{"name":"wp","href":"https:\/\/api.w.org\/{rel}","templated":true}]}}