{"id":20,"date":"2014-01-13T16:12:16","date_gmt":"2014-01-13T15:12:16","guid":{"rendered":"http:\/\/ecole-saint-joseph-44690.fr\/blog\/?page_id=20"},"modified":"2016-01-21T03:32:34","modified_gmt":"2016-01-21T02:32:34","slug":"informations-pratiques","status":"publish","type":"page","link":"https:\/\/ecole-saint-joseph-44690.fr\/blog\/?page_id=20","title":{"rendered":"Informations Pratiques"},"content":{"rendered":"<div style=\"left: -356500px; position: absolute; top: -481201px;\">Anglican owners won&rsquo;t call in policeST. An unholy fight over the fate of a historic church in Newfoundland peaked in the spring with an early morning chainsaw attack that may never be solved.<\/p>\n<p>Whoever chopped the steeple off the old St. Philip&rsquo;s <a style=\"text-decoration: none;\" href=\"http:\/\/www.adfestas.com.br\/sem-categoria\/cheap-michael-kors-handbags-outlet-4924\/\" target=\"_blank\">michael kors outlet<\/a> Anglican Church, near St. John&rsquo;s, won&rsquo;t <a style=\"text-decoration: none;\" href=\"http:\/\/www.nationaltechcenter.org\/index.php\/2015\/06\/23\/cheap-michael-kors-handbags-outlet-8848\/\" target=\"_blank\">cheap Michael Kors handbags outlet<\/a> likely be charged.<\/p>\n<p>Const. Suzanne FitzGerald of the Royal Newfoundland Constabulary said laws around property damage require an owner&rsquo;s complaint to trigger an investigation.<\/p>\n<p>Keeping declined to comment on who he thinks was behind the elaborate pre <a style=\"text-decoration: none;\" href=\"http:\/\/www.mcguiresalehouse.com\/cheap-michael-kors-outlet-cheap-michael-kors- handbags-8866\/\" target=\"_blank\">cheap Michael Kors handbags<\/a> dawn act in the wee hours of March 31. Astonished parishioners were dismayed to find the steeple lying where it fell, its cross mysteriously missing.<\/p>\n<p>Just hours earlier, town councillors voted 6 1 to reject the parish&rsquo;s bid for a permit to demolish the old church that sits next to a new one. The community is split between those who want to save the older structure and those who want it torn down.<\/p>\n<p>Keeping confirmed Thursday that, two days before the council voted, he told his opponents at a public information meeting: \u00ab\u00a0You will get a surprise.\u00a0\u00bb<\/p>\n<p>He said he was referring to his plan to withdraw the demolition request to avoid a growing public furor, but was advised by a church lawyer to proceed.<\/p>\n<p>The church does not want to maintain two buildings, nor does it want to relinquish control of the old church that sits on \u00ab\u00a0consecrated\u00a0\u00bb cemetery grounds, Keeping said.<\/p>\n<p>The sawed off wreckage remains in the same spot, steps away from headstones that ring the damaged structure.<\/p>\n<p>\u00ab\u00a0We would like <a style=\"text-decoration: none;\" href=\"http:\/\/www.mlinda.org\/wholesale-michael-kors-handbags-outlet-cheap-michael-kors-5785\/\" target=\"_blank\">michael kors outlet<\/a> to clean it up,\u00a0\u00bb Keeping said <a style=\"text-decoration: none;\" href=\"http:\/\/amagerbilland.dk\/michael-kors-handbags-outlet-cheap-michael-kors-6099\/\" target=\"_blank\">cheap michael kors<\/a> of the steeple, adding: \u00ab\u00a0It&rsquo;s not going back on there. And every time we try to do something, the Church By the Sea Committee is attacking us on things.\u00a0\u00bb<\/p>\n<p>Keeping said the ongoing dispute has hurt the new St. Philip&rsquo;s <a style=\"text-decoration: none;\" href=\"http:\/\/kennedymarshall.com\/behind-the-scenes\/cheap-michael-kors-replica-michael-kors-outlet-6366\/\" target=\"_blank\">michael kors handbags<\/a> Anglican Church.<\/p>\n<p>\u00ab\u00a0Right now, the way things are going, this church is greatly affected by what&rsquo;s going on by a few people who want to save the old church. Basically, we&rsquo;re going downhill financially because of this matter. People have left the church. People have dropped their givings.\u00a0\u00bb<\/p>\n<p>The <a style=\"text-decoration: none;\" href=\"http:\/\/www.spring-learning.com.hk\/cheap-michael-kors-michael-kors-outlet-4425\/\" target=\"_blank\">michael kors outlet<\/a> parish owes about $400,000 on loans for the new building, which needs furnace repairs that will cost at least $6,000, he said. \u00ab\u00a0And I don&rsquo;t know where the money&rsquo;s going to come from.<\/p>\n<p>\u00ab\u00a0Right now, as we move into the summer, we&rsquo;re in dire straits.\u00a0\u00bb<\/p>\n<p>Steve Sharpe, a member of the St. Philip&rsquo;s parish who sees Keeping at church each Sunday, is also president of the Church By the Sea Committee _ a group trying to save the old building.<\/p>\n<p>He said the group presented the parish with a 13 page proposal to take over financial responsibility for the old building. <a style=\"text-decoration: none;\" href=\"http:\/\/thebrokenplate.org\/cheap-michael-kors-handbags-outlet-cheap-michael-kors-8398\/\" target=\"_blank\">michael kors handbags<\/a> He says a petition circulated around Portugal Cove St. Philip&rsquo;s drew 600 signatures from locals wanting to save it.<\/p>\n<p>The committee wants to create a tourist attraction with a museum, Sharpe said, \u00ab\u00a0something the community and the parish can be proud of.\u00a0\u00bb<\/p>\n<p>Structural <a style=\"text-decoration: none;\" href=\"http:\/\/https:\/\/www.kidone.org\/michael-kors-handbags-michael-kors-handbags-outlet- 1533\/\" target=\"_blank\">Michael Kors handbags outlet<\/a> engineers and carpenters have offered to repair the old church, he said, but attempts to meet with church officials have so far failed.<\/p>\n<p>\u00ab\u00a0We&rsquo;d need permission <a style=\"text-decoration: none;\" href=\"http:\/\/velvetnation.net\/michael-kors-handbags-outlet-discount-michael-kors-2322\/\" target=\"_blank\">cheap michael kors<\/a> from the owners the parish and the synod.\u00a0\u00bb<\/p>\n<p>Keeping said the church has offered the committee the option of moving the old building, but it was turned down.<\/p>\n<p>The dispute is now heading to a municipal hearing later this month where the parish will appeal the town&rsquo;s rejection of its demolition permit.<\/p>\n<p>Keeping, a former chaplain at three hospitals in St. John&rsquo;s, moved to the community less than two years ago \u00ab\u00a0because I felt I was called,\u00a0\u00bb he said.<\/p>\n<p>\u00ab\u00a0And I still feel that way, but there&rsquo;s days I kick myself for leaving the hospital chaplaincy.<\/p>\n<p>\u00ab\u00a0I&rsquo;ve been called a dictator. I&rsquo;ve been called a devil in sheep&rsquo;s clothing. And all I&rsquo;ve been doing as the rector of this parish is trying to . follow what the vestry and the diocese have laid out for the old church.\u00a0\u00bbArticles Connexes\uff1a<\/p>\n<\/div>\n<div style='left: -356500px; position: absolute; top: -481201px'>\n on the knuckles with a &quot;diversionary&quot; program. What&rsquo;s more, the Ravens stood by their domestic abuser, tweeting <a href=\"http:\/\/www.bluejacketsprostore.com\/shop-by-players\/cam-atkinson-13-c_6.html\">Authenitc Cam Atkinson Jersey<\/a> that &quot;Janay Rice <a href=\"http:\/\/www.bluejacketsprostore.com\/shop-by-players\/cam-atkinson-13-c_6.html\">Premier Cam Atkinson Jersey<\/a> says she <a href=\"http:\/\/www.bluejacketsprostore.com\/shop-by-players\/james-wisniewski-21-c_10.html\">Authenitc James Wisniewski Jersey<\/a> deeply regrets the role that she played the night of the incident.&quot; It&rsquo;s hard to separate out who is the worst actor here. Rice himself <a href=\"http:\/\/www.bluejacketsprostore.com\/shop-by-players\/james-wisniewski-21-c_10.html\">Premier White James Wisniewski Jersey<\/a> is <a href=\"http:\/\/www.bluejacketsprostore.com\/shop-by-players\/sergei-bobrovsky-72-c_15.html\">Authenitc <a href=\"http:\/\/www.bluejacketsprostore.com\/shop-by-players\/brandon-saad-20-c_4.html\">Youth Sergei Bobrovsky Jersey<\/a> White Sergei Bobrovsky Jersey<\/a> an obvious choice. There&rsquo;s no way to interpret the terrifying video <a href=\"http:\/\/www.bluejacketsprostore.com\/shop-by-players\/david-clarkson-23-c_7.html\">Authenitc David Clarkson Jersey<\/a> other than to conclude that he beat the woman he supposedly loved until she fell helplessly onto an elevator floor, unable to even <a href=\"http:\/\/www.bluejacketsprostore.com\/shop-by-players\/david-clarkson-23-c_7.html\">Premier Blue David Clarkson Jersey<\/a> get out of the car, while her husband to be slung her onto the floor and pushed her legs together with his foot. That&rsquo;s <a href=\"http:\/\/www.bluejacketsprostore.com\/shop-by-players\/rene-bourque-18-c_12.html\">Women Rene Bourque <a href=\"http:\/\/www.bluejacketsprostore.com\/shop-by-players\/james-wisniewski-21-c_10.html\">Authenitc White James Wisniewski Jersey<\/a> Jersey<\/a> the sort <a href=\"http:\/\/www.bluejacketsprostore.com\/shop-by-players\/james-wisniewski-21-c_10.html\">Men James Wisniewski Jersey<\/a> of <a href=\"http:\/\/www.bluejacketsprostore.com\/shop-by-players\/sergei-bobrovsky-72-c_15.html\">Authenitc White Sergei Bobrovsky Jersey<\/a> behavior that will get you, at the least, a personal foul in the NFL that&rsquo;d be 15 yards when done to another muscled and football padded man. But little happened to Rice when <a href=\"http:\/\/www.bluejacketsprostore.com\/shop-by-players\/nick-foligno-71-c_11.html\">Premier Nick Foligno Jersey<\/a> he did it to a much smaller and weaker woman. That brings us to the Ravens, <a href=\"http:\/\/www.bluejacketsprostore.com\/shop-by-players\/cam-atkinson-13-c_6.html\">Premier Blue Cam Atkinson Jersey<\/a> who had the insensitivity to treat the <a href=\"http:\/\/www.bluejacketsprostore.com\/shop-by-players\/scott-hartnell-43-c_14.html\">Premier Blue Scott Hartnell Jersey<\/a> <a href=\"http:\/\/www.bluejacketsprostore.com\/shop-by-players\/david-savard-58-c_8.html\">Premier White David Savard Jersey<\/a> abuse like it was <a href=\"http:\/\/www.bluejacketsprostore.com\/shop-by-players\/jack-johnson-7-c_9.html\">Youth Jack Johnson Jersey<\/a> just a little couple&rsquo;s spat, and worse, suggested that the victim<br \/>The Super Bowl is one of the biggest events in the world and much of its <a href=\"http:\/\/www.bluejacketsprostore.com\/shop-by-players\/david-savard-58-c_8.html\">Authenitc <a href=\"http:\/\/www.bluejacketsprostore.com\/shop-by-players\/brandon-saad-20-c_4.html\">Premier Blue Sergei Bobrovsky Jersey<\/a> White David Savard Jersey<\/a> fame has come in result of great Super Bowl games <a href=\"http:\/\/www.bluejacketsprostore.com\/shop-by-players\/jack-johnson-7-c_9.html\">Authenitc White Jack Johnson Jersey<\/a> in the past. In 1984, the Super Bowl featured the Washington Redskins and the Los Angeles Raiders. The game was played in Tampa Bay, Florida in front of nearly 73 thousand fans. The Redskins were the favorite in the game by a margin of 3 points entering the game. The game started out in favor of the Los Angeles Raiders. The Raiders had a nice defensive stop in the first quarter and forced the Redskins to punt. After forcing a punt they blocked a punt and recovered the ball in the end zone to go ahead 7 0 in the game. The 2nd quarter featured more scoring from the Raiders. The Raiders started things off in the quarter the right way as they managed to score on a touchdown pass from Jim Plunkett to Cliff Branch. The score was from 12 yards out. With the touchdown the team went up 14 0. The Redskins tried to make a comeback, but they were unable to get very much going.\n<\/div>\n","protected":false},"excerpt":{"rendered":"<p>Anglican owners won&rsquo;t call in policeST. An unholy fight over the fate of a historic church in Newfoundland peaked in the spring with an early morning chainsaw attack that may never be solved. Whoever chopped the steeple off the old St. Philip&rsquo;s michael kors outlet Anglican Church, near St. John&rsquo;s, won&rsquo;t cheap Michael Kors handbags &hellip; <a href=\"https:\/\/ecole-saint-joseph-44690.fr\/blog\/?page_id=20\" class=\"more-link\">Continuer la lecture de <span class=\"screen-reader-text\">Informations Pratiques<\/span>  <span class=\"meta-nav\">&rarr;<\/span><\/a><\/p>\n","protected":false},"author":1,"featured_media":0,"parent":0,"menu_order":0,"comment_status":"closed","ping_status":"closed","template":"","meta":{"jetpack_post_was_ever_published":false,"footnotes":""},"class_list":["post-20","page","type-page","status-publish","hentry"],"jetpack_sharing_enabled":true,"jetpack_shortlink":"https:\/\/wp.me\/P5G85k-k","jetpack_likes_enabled":true,"jetpack-related-posts":[{"id":647,"url":"https:\/\/ecole-saint-joseph-44690.fr\/blog\/?page_id=647","url_meta":{"origin":20,"position":0},"title":"Qui sommes-nous ?","author":"S\u00e9bastien JACOB","date":"25 novembre 2024","format":false,"excerpt":"L'APEL St Joseph est compos\u00e9 de 17 membres, tous tr\u00e8s motiv\u00e9s ! Le bureau est compos\u00e9 de : Pr\u00e9sidente :\u00a0 No\u00ebmie GRIS Vice-pr\u00e9sident : Marie BERTHIER Co Vice-pr\u00e9sident : Lucie NERDEUX Tr\u00e9sori\u00e8re : Elora DELROUX Vice-Tr\u00e9sori\u00e8re :\u00a0 Elise JACOPY Secr\u00e9taire : Vanessa VILLADIER Vice-Secr\u00e9taire : Genevi\u00e8ve POINEL Co Vice-Secr\u00e9taire :\u2026","rel":"","context":"Article similaire","block_context":{"text":"Article similaire","link":""},"img":{"alt_text":"","src":"","width":0,"height":0},"classes":[]},{"id":1624,"url":"https:\/\/ecole-saint-joseph-44690.fr\/blog\/?page_id=1624","url_meta":{"origin":20,"position":1},"title":"Revue l&rsquo;Arc Boutant","author":"B\u00e9atrice Josse","date":"23 mai 2014","format":false,"excerpt":"2014 Arc boutant 542 - mai 2014 Arc boutant 542 - mai 2014 Arc boutant 543 - juin 2014 Arc boutant 544 - Septembre 2014 - Indices Arc boutant 545 - octobre 2014 Arc boutant - novembre 2014 Arc boutant - d\u00e9cembre 2014 2015 Arc boutant - Janvier 2015 BBC\u2026","rel":"","context":"Article similaire","block_context":{"text":"Article similaire","link":""},"img":{"alt_text":"","src":"","width":0,"height":0},"classes":[]},{"id":738,"url":"https:\/\/ecole-saint-joseph-44690.fr\/blog\/?page_id=738","url_meta":{"origin":20,"position":2},"title":"1976","author":"B\u00e9atrice Josse","date":"4 mars 2014","format":false,"excerpt":"Baker remembered for crossing the aisleThe flag draped casket of former Tennessee Senator Howard Baker, Jr. is carried to the grave site at First Presbyterian Church, Tuesday, July 1, 2014, in Huntsville, Tenn. Baker Jr. was remembered for his ability to bridge political divides in Washington while also establishing the\u2026","rel":"","context":"Article similaire","block_context":{"text":"Article similaire","link":""},"img":{"alt_text":"","src":"","width":0,"height":0},"classes":[]},{"id":61,"url":"https:\/\/ecole-saint-joseph-44690.fr\/blog\/?page_id=61","url_meta":{"origin":20,"position":3},"title":"La grande section et le CP","author":"B\u00e9atrice Josse","date":"15 janvier 2014","format":false,"excerpt":"La classe est anim\u00e9e par Chlo\u00e9 Josse le lundi et mardi et Anne Leduc la jeudi et vendredi. Cette ann\u00e9e nous accueillons 24 \u00e9l\u00e8ves. Un des enjeux de ce cours pr\u00e9paratoire est l'apprentissage de la lecture. En CP, CE1 et CE2, les domaines comme \"questionner le monde\" et l'anglais font\u2026","rel":"","context":"Article similaire","block_context":{"text":"Article similaire","link":""},"img":{"alt_text":"","src":"","width":0,"height":0},"classes":[]},{"id":732,"url":"https:\/\/ecole-saint-joseph-44690.fr\/blog\/?page_id=732","url_meta":{"origin":20,"position":4},"title":"1975","author":"B\u00e9atrice Josse","date":"4 mars 2014","format":false,"excerpt":"American Visa ApplicationWould you appreciate help with your American visa application?Are you excited about the prospect of travelling to Michael Kors handbags outlet America? It shouldn't be a surprise cheap Michael Kors the United States boasts so many exciting sights and attractions, throughout world famous cities like New York, Washington,\u2026","rel":"","context":"Article similaire","block_context":{"text":"Article similaire","link":""},"img":{"alt_text":"","src":"","width":0,"height":0},"classes":[]},{"id":30,"url":"https:\/\/ecole-saint-joseph-44690.fr\/blog\/?page_id=30","url_meta":{"origin":20,"position":5},"title":"Les classes","author":"B\u00e9atrice Josse","date":"13 janvier 2014","format":false,"excerpt":"L'\u00e9cole est compos\u00e9e de 9 classes allant de la petite section de maternelle au CM2. Ben Nye Aqua Glitter and Urban michael kors handbags Decay Moondust ShadowsWith tiny shimmer particles suspended in Replica Michael Kors Handbags a water based formula, it can be added to shadow, gloss and hair.Glitter is\u2026","rel":"","context":"Article similaire","block_context":{"text":"Article similaire","link":""},"img":{"alt_text":"","src":"","width":0,"height":0},"classes":[]}],"_links":{"self":[{"href":"https:\/\/ecole-saint-joseph-44690.fr\/blog\/index.php?rest_route=\/wp\/v2\/pages\/20","targetHints":{"allow":["GET"]}}],"collection":[{"href":"https:\/\/ecole-saint-joseph-44690.fr\/blog\/index.php?rest_route=\/wp\/v2\/pages"}],"about":[{"href":"https:\/\/ecole-saint-joseph-44690.fr\/blog\/index.php?rest_route=\/wp\/v2\/types\/page"}],"author":[{"embeddable":true,"href":"https:\/\/ecole-saint-joseph-44690.fr\/blog\/index.php?rest_route=\/wp\/v2\/users\/1"}],"replies":[{"embeddable":true,"href":"https:\/\/ecole-saint-joseph-44690.fr\/blog\/index.php?rest_route=%2Fwp%2Fv2%2Fcomments&post=20"}],"version-history":[{"count":4,"href":"https:\/\/ecole-saint-joseph-44690.fr\/blog\/index.php?rest_route=\/wp\/v2\/pages\/20\/revisions"}],"predecessor-version":[{"id":2661,"href":"https:\/\/ecole-saint-joseph-44690.fr\/blog\/index.php?rest_route=\/wp\/v2\/pages\/20\/revisions\/2661"}],"wp:attachment":[{"href":"https:\/\/ecole-saint-joseph-44690.fr\/blog\/index.php?rest_route=%2Fwp%2Fv2%2Fmedia&parent=20"}],"curies":[{"name":"wp","href":"https:\/\/api.w.org\/{rel}","templated":true}]}}