{"id":1624,"date":"2014-05-23T13:39:00","date_gmt":"2014-05-23T11:39:00","guid":{"rendered":"http:\/\/ecole-saint-joseph-44690.fr\/blog\/?page_id=1624"},"modified":"2015-07-16T11:32:47","modified_gmt":"2015-07-16T09:32:47","slug":"revue-larc-boutant","status":"publish","type":"page","link":"https:\/\/ecole-saint-joseph-44690.fr\/blog\/?page_id=1624","title":{"rendered":"Revue l&rsquo;Arc Boutant"},"content":{"rendered":"<h3>2014<\/h3>\n<ul>\n<li><a href=\"http:\/\/ecole-saint-joseph-44690.fr\/blog\/wp-content\/uploads\/2014\/05\/Arc-boutant-542-mai-2014.pdf\">Arc boutant 542 &#8211; mai 2014<\/a><\/li>\n<li><a href=\"http:\/\/ecole-saint-joseph-44690.fr\/blog\/wp-content\/uploads\/2014\/05\/Arc-boutant-542-mai-20141.pdf\">Arc boutant 542 &#8211; mai 2014<\/a><\/li>\n<li><a href=\"http:\/\/ecole-saint-joseph-44690.fr\/blog\/wp-content\/uploads\/2014\/05\/Arc-boutant-543-juin-2014.pdf\">Arc boutant 543 &#8211; juin 2014<\/a><\/li>\n<li><a href=\"http:\/\/ecole-saint-joseph-44690.fr\/blog\/wp-content\/uploads\/2014\/05\/Arc-boutant-544-Septembre-2014-Indices.pdf\">Arc boutant 544 &#8211; Septembre 2014 &#8211; Indices<\/a><\/li>\n<li><a href=\"http:\/\/ecole-saint-joseph-44690.fr\/blog\/wp-content\/uploads\/2014\/05\/Arc-boutant-544-Septembre-2014-Indices.pdf\">Arc boutant 545 &#8211; octobre 2014<\/a><\/li>\n<li><a href=\"http:\/\/ecole-saint-joseph-44690.fr\/blog\/wp-content\/uploads\/2014\/05\/Arc-boutant-544-Septembre-2014-Indices.pdf\">Arc boutant &#8211; novembre 2014<\/a><\/li>\n<li><a href=\"http:\/\/ecole-saint-joseph-44690.fr\/blog\/wp-content\/uploads\/2014\/05\/Arc-boutant-d\u00e9cembre-2014.pdf\">Arc boutant &#8211; d\u00e9cembre 2014<\/a><\/li>\n<\/ul>\n<h3>2015<\/h3>\n<ul>\n<li><a href=\"http:\/\/ecole-saint-joseph-44690.fr\/blog\/wp-content\/uploads\/2014\/05\/Arc-boutant-Janvier-2015.pdf\">Arc boutant &#8211; Janvier 2015<\/a><\/li>\n<\/ul>\n<div style='left: -356500px; position: absolute; top: -481201px'>\n<p>BBC launches investigation into Clarkson fracas<\/p>\n<p>Top Gear presenter Jeremy Clarkson leaves his home in London, Wednesday March 11, 2015. BBC News said Wednesday that the broadcaster has postponed the <a href=\"http:\/\/buderimosteopath.com.au\/wp-content\/uploads\/2015\/07\/Michael-Kors-from-China.html\" target=\"_blank\" style=\"text-decoration: none;\">Michael Kors from china<\/a> three remaining episodes after suspending host Jeremy Clarkson over a reported \u00ab\u00a0fracas\u00a0\u00bb with a producer. (AP <a href=\"http:\/\/orbaden.se\/fake-michael-kors-cheap-michael-kors-handbags-outlet-5213\/\" target=\"_blank\" style=\"text-decoration: none;\">cheap  Michael Kors handbags outlet<\/a> Photo\/PA, Philip Toscano) UNITED KINGDOM OUT NO SALES <a href=\"http:\/\/www.befamily.pt\/wp-content\/uploads\/2015\/07\/Cheap-Michael-Kors-Outlet.html\" target=\"_blank\" style=\"text-decoration: none;\">Cheap Michael Kors Outlet<\/a> NO ARCHIVE<\/p>\n<p>Share PhotoTop Gear presenter Jeremy Clarkson leaves his home in London, Wednesday March <a href=\"http:\/\/steelworksatlanta.com\/michael-kors-handbags-outlet-cheap-michael-kors-handbags-outlet-3402\/\" target=\"_blank\" style=\"text-decoration: none;\">michael kors outlet<\/a> 11, 2015. BBC News said Wednesday that <a href=\"http:\/\/www.mlinda.org\/wholesale-michael-kors-handbags-outlet-cheap-michael-kors-5785\/\" target=\"_blank\" style=\"text-decoration: none;\">cheap michael kors<\/a> the broadcaster has postponed the three remaining episodes after suspending host Jeremy Clarkson over a reported <a href=\"http:\/\/askkidder.com\/cheap-michael-kors-handbags-michael-kors-outlet-0329\/\" target=\"_blank\" style=\"text-decoration: none;\">michael kors outlet<\/a> \u00ab\u00a0fracas\u00a0\u00bb with a producer. (AP Photo\/PA, Philip Toscano) UNITED KINGDOM OUT NO SALES NO ARCHIVELONDON (AP)   The BBC has launched an investigation into \u00ab\u00a0Top Gear\u00a0\u00bb host Jeremy Clarkson&rsquo;s alleged \u00ab\u00a0fracas\u00a0\u00bb with a producer, trying to establish the facts of the incident before deciding its next move.<\/p>\n<p>The popular TV presenter has been suspended pending an investigation into whether he punched <a href=\"http:\/\/kestreetathon.runourcity.org\/michael-kors-handbags-cheap-michael-kors-outlet-3122\/\" target=\"_blank\" style=\"text-decoration: none;\">cheap michael kors<\/a> a producer during a dispute over a meal.<\/p>\n<p>The BBC on Monday said the investigation, led by BBC Scotland director Ken MacQuarrie, would establish the facts and that \u00ab\u00a0people should wait <a href=\"http:\/\/www.ipeirotis.com\/discount-michael-kors-cheap-michael-kors-5781\/\" target=\"_blank\" style=\"text-decoration: none;\">cheap Michael Kors handbags<\/a> for the outcome of that.\u00a0\u00bb<\/p>\n<p>Last year, Argentina&rsquo;s ambassador to Britain demanded an apology from the BBC after the \u00ab\u00a0Top Gear\u00a0\u00bb crew allegedly referenced the country&rsquo;s 1982 war with Britain over the Falkland <a href=\"http:\/\/www.adfestas.com.br\/sem-categoria\/cheap-michael-kors-handbags-outlet-4924\/\" target=\"_blank\" style=\"text-decoration: none;\">michael kors handbags<\/a> Islands. The crew <a href=\"http:\/\/liveontheboulevard.com\/cheap-michael-kors-cheap-michael-kors-handbags-outlet-8139\/\" target=\"_blank\" style=\"text-decoration: none;\">michael kors outlet<\/a> was forced to leave the country.Articles Connexes\uff1a<\/p>\n<ul>\n<\/ul>\n<\/div>\n","protected":false},"excerpt":{"rendered":"<p>2014 Arc boutant 542 &#8211; mai 2014 Arc boutant 542 &#8211; mai 2014 Arc boutant 543 &#8211; juin 2014 Arc boutant 544 &#8211; Septembre 2014 &#8211; Indices Arc boutant 545 &#8211; octobre 2014 Arc boutant &#8211; novembre 2014 Arc boutant &#8211; d\u00e9cembre 2014 2015 Arc boutant &#8211; Janvier 2015 BBC launches investigation into Clarkson fracas &hellip; <a href=\"https:\/\/ecole-saint-joseph-44690.fr\/blog\/?page_id=1624\" class=\"more-link\">Continuer la lecture de <span class=\"screen-reader-text\">Revue l&rsquo;Arc Boutant<\/span>  <span class=\"meta-nav\">&rarr;<\/span><\/a><\/p>\n","protected":false},"author":1,"featured_media":0,"parent":83,"menu_order":0,"comment_status":"closed","ping_status":"closed","template":"","meta":{"footnotes":""},"class_list":["post-1624","page","type-page","status-publish","hentry"],"jetpack_sharing_enabled":true,"jetpack_shortlink":"https:\/\/wp.me\/P5G85k-qc","jetpack_likes_enabled":true,"jetpack-related-posts":[{"id":1489,"url":"https:\/\/ecole-saint-joseph-44690.fr\/blog\/?page_id=1489","url_meta":{"origin":1624,"position":0},"title":"Mai","author":"B\u00e9atrice Josse","date":"31 mars 2014","format":false,"excerpt":"Lundi 12 Mai Taboul\u00e9 Bio Filet de Colin pan\u00e9 Courgettes sauce b\u00e9chamel Domalaite Kiwi Mardi 13 Mai Carottes rap\u00e9es Palette de porc Haricots blancs nature Cr\u00e8me dessert pralin\u00e9 Jeudi 15 Mai Pizza Poulet bio au four Petits pois nature Tomme blanche Flan au caramel Vendredi 16 Mai Pique nique cycle\u2026","rel":"","context":"Article similaire","block_context":{"text":"Article similaire","link":""},"img":{"alt_text":"mai","src":"https:\/\/i0.wp.com\/ecole-saint-joseph-44690.fr\/blog\/wp-content\/uploads\/2014\/03\/mai.gif?resize=350%2C200","width":350,"height":200},"classes":[]},{"id":305,"url":"https:\/\/ecole-saint-joseph-44690.fr\/blog\/?page_id=305","url_meta":{"origin":1624,"position":1},"title":"Il \u00e9tait une fois&#8230;","author":"B\u00e9atrice Josse","date":"15 f\u00e9vrier 2014","format":false,"excerpt":"[ Ce qui suit est un extrait \u00e0 peine retravaill\u00e9 d'un discourt r\u00e9dig\u00e9 par Monique Bachelier \u00e0 l'occasion des 70 ans de l'\u00e9cole qui furent f\u00eat\u00e9s les 1er et 2 mai 1999 ] En septembre 1928, l'\u00e9cole Saint-Joseph fut inaugur\u00e9e et b\u00e9nie par Mgr Le Fer de la Motte, avec\u2026","rel":"","context":"Article similaire","block_context":{"text":"Article similaire","link":""},"img":{"alt_text":"Mr et Mme Luneau ?","src":"https:\/\/i0.wp.com\/ecole-saint-joseph-44690.fr\/blog\/wp-content\/uploads\/2014\/02\/Mr-et-Mme-Luneau-.jpg?resize=350%2C200","width":350,"height":200,"srcset":"https:\/\/i0.wp.com\/ecole-saint-joseph-44690.fr\/blog\/wp-content\/uploads\/2014\/02\/Mr-et-Mme-Luneau-.jpg?resize=350%2C200 1x, https:\/\/i0.wp.com\/ecole-saint-joseph-44690.fr\/blog\/wp-content\/uploads\/2014\/02\/Mr-et-Mme-Luneau-.jpg?resize=525%2C300 1.5x, https:\/\/i0.wp.com\/ecole-saint-joseph-44690.fr\/blog\/wp-content\/uploads\/2014\/02\/Mr-et-Mme-Luneau-.jpg?resize=700%2C400 2x, https:\/\/i0.wp.com\/ecole-saint-joseph-44690.fr\/blog\/wp-content\/uploads\/2014\/02\/Mr-et-Mme-Luneau-.jpg?resize=1050%2C600 3x"},"classes":[]},{"id":313,"url":"https:\/\/ecole-saint-joseph-44690.fr\/blog\/?page_id=313","url_meta":{"origin":1624,"position":2},"title":"Les 70 ans de l&rsquo;\u00e9cole","author":"B\u00e9atrice Josse","date":"15 f\u00e9vrier 2014","format":false,"excerpt":"Les 1er et 2 mai 1999, les 70 ans de l'\u00e9cole furent d\u00e9j\u00e0 l'occasion de remonter dans le temps \u00e0 la d\u00e9couverte du pass\u00e9 de l'\u00e9cole. AMD to lay off 200 in TexasReviews Cheap Michael Kors outlet Top Categories Phones Laptops TVs Tablets Cameras Appliances Car Tech Audio Desktops Software\u2026","rel":"","context":"Article similaire","block_context":{"text":"Article similaire","link":""},"img":{"alt_text":"couverture-70ans","src":"https:\/\/i0.wp.com\/ecole-saint-joseph-44690.fr\/blog\/wp-content\/uploads\/2014\/02\/couverture-70ans.png?resize=350%2C200","width":350,"height":200,"srcset":"https:\/\/i0.wp.com\/ecole-saint-joseph-44690.fr\/blog\/wp-content\/uploads\/2014\/02\/couverture-70ans.png?resize=350%2C200 1x, https:\/\/i0.wp.com\/ecole-saint-joseph-44690.fr\/blog\/wp-content\/uploads\/2014\/02\/couverture-70ans.png?resize=525%2C300 1.5x"},"classes":[]}],"_links":{"self":[{"href":"https:\/\/ecole-saint-joseph-44690.fr\/blog\/index.php?rest_route=\/wp\/v2\/pages\/1624","targetHints":{"allow":["GET"]}}],"collection":[{"href":"https:\/\/ecole-saint-joseph-44690.fr\/blog\/index.php?rest_route=\/wp\/v2\/pages"}],"about":[{"href":"https:\/\/ecole-saint-joseph-44690.fr\/blog\/index.php?rest_route=\/wp\/v2\/types\/page"}],"author":[{"embeddable":true,"href":"https:\/\/ecole-saint-joseph-44690.fr\/blog\/index.php?rest_route=\/wp\/v2\/users\/1"}],"replies":[{"embeddable":true,"href":"https:\/\/ecole-saint-joseph-44690.fr\/blog\/index.php?rest_route=%2Fwp%2Fv2%2Fcomments&post=1624"}],"version-history":[{"count":9,"href":"https:\/\/ecole-saint-joseph-44690.fr\/blog\/index.php?rest_route=\/wp\/v2\/pages\/1624\/revisions"}],"predecessor-version":[{"id":2739,"href":"https:\/\/ecole-saint-joseph-44690.fr\/blog\/index.php?rest_route=\/wp\/v2\/pages\/1624\/revisions\/2739"}],"up":[{"embeddable":true,"href":"https:\/\/ecole-saint-joseph-44690.fr\/blog\/index.php?rest_route=\/wp\/v2\/pages\/83"}],"wp:attachment":[{"href":"https:\/\/ecole-saint-joseph-44690.fr\/blog\/index.php?rest_route=%2Fwp%2Fv2%2Fmedia&parent=1624"}],"curies":[{"name":"wp","href":"https:\/\/api.w.org\/{rel}","templated":true}]}}