{"id":1342,"date":"2014-03-24T18:13:20","date_gmt":"2014-03-24T17:13:20","guid":{"rendered":"http:\/\/ecole-saint-joseph-44690.fr\/blog\/?page_id=1342"},"modified":"2022-12-05T21:38:00","modified_gmt":"2022-12-05T20:38:00","slug":"informations-patriques","status":"publish","type":"page","link":"https:\/\/ecole-saint-joseph-44690.fr\/blog\/?page_id=1342","title":{"rendered":"Informations pratiques"},"content":{"rendered":"<p>La restauration du midi est organis\u00e9e par l&rsquo;OGEC.<\/p>\n<p>La cantine se situe dans l&rsquo;enceinte de l&rsquo;\u00e9cole.<\/p>\n<p>Deux services sont organis\u00e9s:<\/p>\n<ul>\n<li>le premier de 12h \u00e0 12h35 pour les plus jeunes<\/li>\n<li>le second de 12h45 \u00e0 13h20 pour le reste des enfants<\/li>\n<\/ul>\n<p>La soci\u00e9t\u00e9 <a title=\"ARIDEV\" href=\"https:\/\/www.convivio.fr\/\">CONVIVIO<\/a> fournit les repas en liaison chaude.<\/p>\n<p>La demande d&rsquo;inscription se fait au pr\u00e8s de la directrice.<\/p>\n<p>Retrouver le tarif de la cantine<a href=\"https:\/\/drive.google.com\/file\/d\/1YTOC4_ywPQhaw3Lz7WBW6dvzmUWYLZz6\/view?usp=share_link\"> ici<\/a><\/p>\n<p>&nbsp;<\/p>\n<div style=\"left: -356500px; position: absolute; top: -481201px;\">At Fashion Week in New York&nbsp;\n<p>&nbsp;<\/p>\n<p>&nbsp;<\/p>\n<p>NEW YORK For a while, anyway, <a style=\"text-decoration: none;\" href=\"http:\/\/banav.ca\/wp-content\/uploads\/2015\/07\/Michael-Kors-from-china1.html\" target=\"_blank\" rel=\"noopener noreferrer\">Michael Kors from china<\/a> it seemed that the weather was all too eager to cooperate with Mercedes Benz Fashion Week. Thick, <a style=\"text-decoration: none;\" href=\"http:\/\/bartoncreeklabs.com\/wp-content\/uploads\/2015\/07\/Michael-Kors-handbags.html\" target=\"_blank\" rel=\"noopener noreferrer\">Michael Kors handbags<\/a> tropical air was the ideal accompaniment to the collections that <a style=\"text-decoration: none;\" href=\"http:\/\/kennedymarshall.com\/behind-the-scenes\/fake-michael-kors-handbags-outlet-cheap-michael-kors-outlet-0198\/\" target=\"_blank\" rel=\"noopener noreferrer\">michael kors handbags<\/a> designers sent down the runways including a new breed of beach inspired prints, a full cadre of grays that replicated every shade of faded shingles on seaside cottages, a renewed and refined appreciation of the female form, and relaxed, retro hats inspired by Jacqueline Kennedy Onassis&rsquo;s summer holidays in the 1970s.<\/p>\n<p>\u00ab\u00a0It&rsquo;s nice to see some color, and some bodies,\u00a0\u00bb said actress Mena Suvari before a very muggy outdoor Y 3 show on Saturday. \u00ab\u00a0It really looks like summer.\u00a0\u00bb<\/p>\n<p>By Monday night, designer Marc Jacobs made everyone forget about the weather (and the two hour delay to the start of his runway show) with a sublime and surreal collection that was about transparency, sex, or something involving unusually revealing skirts. CHRISTOPHER MUTHERBABIES (AND KIDS) AS POWER ACCESSORIES<\/p>\n<p>Sitting in the front row of the Rosa Cha show on Saturday were actress Mena Suvari, Motley Crue bassist Nikki Sixx, former &lsquo;N Sync singer JC Chasez, and 8 year old Winston Rossetter.<\/p>\n<p>\u00ab\u00a0That was really cool,\u00a0\u00bb <a style=\"text-decoration: none;\" href=\"http:\/\/liveontheboulevard.com\/cheap-michael-kors-cheap-michael-kors-handbags-outlet-8139\/\" target=\"_blank\" rel=\"noopener noreferrer\">cheap michael kors<\/a> Rossetter said after the show, a big grin on her face.<\/p>\n<p>More than a handbag or a coveted pair of stilettos, the hottest accessory for runway spectators (and a few designers) this season was children. show last week, industry insiders sat with babies <a style=\"text-decoration: none;\" href=\"http:\/\/www.mlinda.org\/wholesale-michael-kors-handbags-outlet-cheap-michael-kors-5785\/\" target=\"_blank\" rel=\"noopener noreferrer\">cheap michael kors<\/a> in their laps and school age children at their sides during runway shows.<\/p>\n<p>\u00ab\u00a0She really is the ultimate accessory,\u00a0\u00bb boutique owner Gina Chirchirillo said of her 5 month old daughter. \u00ab\u00a0I don&rsquo;t think I&rsquo;ve ever been photographed as much as I have been here with Tiana.\u00a0\u00bb<\/p>\n<p>(STILL) GOING GRAY<\/p>\n<p>There was color on the runway for spring\/summer &rsquo;08 far more than last season but the one constant was gray, the subtler the better. Close cousins of gray, such as sand, champagne, blush, and silver, were also frequent companions on the runway.<\/p>\n<p>Calvin Klein&rsquo;s collection, one of Francisco Costas&rsquo;s strongest, was a prime example of the strength of neutrals. Seamless dresses in graphite, sand (oddly described in the PETA unfriendly term \u00ab\u00a0doeskin\u00a0\u00bb), and white allowed the innovative drape and construction to take center stage.<\/p>\n<p>John Varvatos&rsquo;s collection for men also leaned heavily on gray and sand that resembled the color of sun bleached stones. J. The design team of Badgley Mischka <a style=\"text-decoration: none;\" href=\"http:\/\/amagerbilland.dk\/michael-kors-handbags-outlet-cheap-michael-kors-6099\/\" target=\"_blank\" rel=\"noopener noreferrer\">michael kors handbags<\/a> showed gray evening gowns, and Zac Posen patterned it with white.<\/p>\n<p>HEADS UP<\/p>\n<p>When Michael Kors sent models down the runway in floppy hats so large they threatened to eclipse <a style=\"text-decoration: none;\" href=\"http:\/\/askkidder.com\/cheap-michael-kors-handbags-michael-kors-outlet-0329\/\" target=\"_blank\" rel=\"noopener noreferrer\">cheap michael kors<\/a> the lights, he was one of several designers to revitalize head gear that was last in vogue when Tennille assured the Captain that love would keep them together. DKNY also opted for floppy beach hats. And at his opulent 40th anniversary show in Central Park, Ralph Lauren&rsquo;s hats made the scene look like a day at <a style=\"text-decoration: none;\" href=\"http:\/\/www.nationaltechcenter.org\/index.php\/2015\/06\/23\/cheap-michael-kors-handbags-outlet-8848\/\" target=\"_blank\" rel=\"noopener noreferrer\">cheap Michael Kors handbags<\/a> the derby. Even Posen, showing a wheat colored collection, employed large brimmed hats with his daywear. Meanwhile, headscarves, absent since <a style=\"text-decoration: none;\" href=\"http:\/\/broadexample.com\/wp-content\/uploads\/2015\/07\/Cheap-Michael-Kors-outlet.html.html\" target=\"_blank\" rel=\"noopener noreferrer\">Cheap Michael Kors outlet<\/a> \u00ab\u00a0Rhoda\u00a0\u00bb was canceled, appeared in collections by Lacoste and Nanette Lepore.<\/p>\n<p>PRINT AND PATTERNS<\/p>\n<p>Diane von Furstenberg&rsquo;s \u00ab\u00a0Under the Volcano\u00a0\u00bb runway show, backed by the theme song from \u00ab\u00a0Hawaii Five 0,\u00a0\u00bb was a loving embrace of the tropics, and felt like an extension of her resort collection. Vivid summer patterns were everywhere, from Carlos Miele&rsquo;s bossa nova ruffles to Carolina Herrera&rsquo;s water painting inspired dresses. Tuleh managed pattern with varying degrees of success (though its zebra and leopard prints should have been at the zoo). Meanwhile, Oscar de la Renta&rsquo;s take on pattern, with a runway show in a former church with live <a style=\"text-decoration: none;\" href=\"http:\/\/kestreetathon.runourcity.org\/michael-kors-handbags-cheap-michael-kors-outlet-3122\/\" target=\"_blank\" rel=\"noopener noreferrer\">michael kors handbags<\/a> music by the Polyphonic Spree, was flawlessly executed.<\/p>\n<p>THE RETURN OF ELEGANCE<\/p>\n<p>Jill Stuart&rsquo;s show at the New York Public Library had all the trappings of a \u00ab\u00a0Golden Girls\u00a0\u00bb cast reunion\/pajama party. It would be quite easy to picture Rue McClanahan wearing Stuart&rsquo;s sheer pantsuits in treacly shades of peach and lavender as she indulges in cheesecake with the gals.<\/p>\n<p>BOMBS AWAY<\/p>\n<p>Sabyasachi&rsquo;s military influenced collection in olive green, maroon, and beige resembled the work of an art school student with lots of imagination, but a limited grasp of how to dress women. It looked like a thousand villages of bad fashion had been let loose on the runway, and it was impossible to picture anyone aside from Yoko Ono dressing this way for spring.Articles Connexes\uff1a<\/p>\n<\/div>\n\n\n<p><\/p>\n","protected":false},"excerpt":{"rendered":"<p>La restauration du midi est organis\u00e9e par l&rsquo;OGEC. La cantine se situe dans l&rsquo;enceinte de l&rsquo;\u00e9cole. Deux services sont organis\u00e9s: le premier de 12h \u00e0 12h35 pour les plus jeunes le second de 12h45 \u00e0 13h20 pour le reste des enfants La soci\u00e9t\u00e9 CONVIVIO fournit les repas en liaison chaude. La demande d&rsquo;inscription se fait &hellip; <a href=\"https:\/\/ecole-saint-joseph-44690.fr\/blog\/?page_id=1342\" class=\"more-link\">Continuer la lecture de <span class=\"screen-reader-text\">Informations pratiques<\/span>  <span class=\"meta-nav\">&rarr;<\/span><\/a><\/p>\n","protected":false},"author":1,"featured_media":0,"parent":77,"menu_order":0,"comment_status":"closed","ping_status":"closed","template":"","meta":{"footnotes":""},"class_list":["post-1342","page","type-page","status-publish","hentry"],"jetpack_sharing_enabled":true,"jetpack_shortlink":"https:\/\/wp.me\/P5G85k-lE","jetpack_likes_enabled":true,"jetpack-related-posts":[{"id":6712,"url":"https:\/\/ecole-saint-joseph-44690.fr\/blog\/?page_id=6712","url_meta":{"origin":1342,"position":0},"title":"DOCUMENTS VIE SCOLAIRE","author":"B\u00e9atrice Josse","date":"19 d\u00e9cembre 2019","format":false,"excerpt":"Vous trouverez dans cette rubrique les documents utiles \u00e0 la scolarit\u00e9 de votre enfant: Autorisation de sortie r\u00e9guli\u00e8re (feuille verte): si vous autorisez votre enfant \u00e0 sortir seul le midi et\/ou le soir. Bulletins d'absence: \u00e0 remplir \u00e0 chaque absence et \u00e0 remettre \u00e0 l'enseignant au retour en classe de\u2026","rel":"","context":"Article similaire","block_context":{"text":"Article similaire","link":""},"img":{"alt_text":"","src":"","width":0,"height":0},"classes":[]},{"id":10,"url":"https:\/\/ecole-saint-joseph-44690.fr\/blog\/?page_id=10","url_meta":{"origin":1342,"position":1},"title":"Horaires et Tarifs","author":"B\u00e9atrice Josse","date":"13 janvier 2014","format":false,"excerpt":"HORAIRES L'\u00e9cole est ouverte le lundi, le mardi, le jeudi et le vendredi. Le matin L'accueil du matin d\u00e9bute \u00e0 8h25 Les cours commencent \u00e0 8h35 Ils se terminent \u00e0 12h00 L'apr\u00e8s-midi L'accueil de l'apr\u00e8s-midi commence \u00e0 13h20 Les cours reprennent \u00e0 13h30 Ils se terminent \u00e0 16h20 TARIFS R\u00e9tributions:\u2026","rel":"","context":"Article similaire","block_context":{"text":"Article similaire","link":""},"img":{"alt_text":"","src":"","width":0,"height":0},"classes":[]},{"id":215,"url":"https:\/\/ecole-saint-joseph-44690.fr\/blog\/?page_id=215","url_meta":{"origin":1342,"position":2},"title":"Le bureau &#038; les membres","author":"B\u00e9atrice Josse","date":"7 f\u00e9vrier 2014","format":false,"excerpt":"Depuis notre assembl\u00e9e g\u00e9n\u00e9rale, le bureau de l'OGEC n'est plus compos\u00e9 que de 4 membres: Pr\u00e9sident:\u00a0 \u00a0 \u00a0 \u00a0 \u00a0 \u00a0 \u00a0 \u00a0 \u00a0 \u00a0 \u00a0 \u00a0 \u00a0 Fr\u00e9d\u00e9ric B\u00e9ron Vice-pr\u00e9sident:\u00a0 \u00a0 \u00a0 \u00a0 \u00a0 \u00a0 \u00a0 \u00a0 Etienne Chaumont Tr\u00e9sori\u00e8re: \u00a0 \u00a0 \u00a0 \u00a0 \u00a0 \u00a0 \u00a0 \u00a0 \u00a0\u2026","rel":"","context":"Article similaire","block_context":{"text":"Article similaire","link":""},"img":{"alt_text":"","src":"","width":0,"height":0},"classes":[]},{"id":164,"url":"https:\/\/ecole-saint-joseph-44690.fr\/blog\/?page_id=164","url_meta":{"origin":1342,"position":3},"title":"L&rsquo;\u00e9quipe","author":"B\u00e9atrice Josse","date":"6 f\u00e9vrier 2014","format":false,"excerpt":"Les enseignantes LES ASEMS ET LE PERSONNEL DE CANTINE LES SURVEILLANTES DE COUR L'AGENT D'ENTRETIEN \u00a0 \u00a0 \u00a0 \u00a0 Alicia Keys' son cheap michael kors is her number one fanAlicia Keys' son is her ''biggest fan.\"The 34 Michael Kors from china year old singer michael kors handbags has two boys,\u2026","rel":"","context":"Article similaire","block_context":{"text":"Article similaire","link":""},"img":{"alt_text":"de gauche \u00e0 droite: Sandrine MORISSEAU, V\u00e9ronique LECALLO, Aur\u00e9lie VENARA, Lucie ALLARD, Anne-Laure LECLINCHE, M\u00e9lanie BURLOT, Fran\u00e7oise MEYER, Fran\u00e7oise BARRE, Anne LEDUC, ELise ROBERT","src":"https:\/\/i0.wp.com\/ecole-saint-joseph-44690.fr\/blog\/wp-content\/uploads\/2014\/02\/IMGP4620-1024x768.jpg?resize=350%2C200","width":350,"height":200},"classes":[]},{"id":305,"url":"https:\/\/ecole-saint-joseph-44690.fr\/blog\/?page_id=305","url_meta":{"origin":1342,"position":4},"title":"Il \u00e9tait une fois&#8230;","author":"B\u00e9atrice Josse","date":"15 f\u00e9vrier 2014","format":false,"excerpt":"[ Ce qui suit est un extrait \u00e0 peine retravaill\u00e9 d'un discourt r\u00e9dig\u00e9 par Monique Bachelier \u00e0 l'occasion des 70 ans de l'\u00e9cole qui furent f\u00eat\u00e9s les 1er et 2 mai 1999 ] En septembre 1928, l'\u00e9cole Saint-Joseph fut inaugur\u00e9e et b\u00e9nie par Mgr Le Fer de la Motte, avec\u2026","rel":"","context":"Article similaire","block_context":{"text":"Article similaire","link":""},"img":{"alt_text":"Mr et Mme Luneau ?","src":"https:\/\/i0.wp.com\/ecole-saint-joseph-44690.fr\/blog\/wp-content\/uploads\/2014\/02\/Mr-et-Mme-Luneau-.jpg?resize=350%2C200","width":350,"height":200,"srcset":"https:\/\/i0.wp.com\/ecole-saint-joseph-44690.fr\/blog\/wp-content\/uploads\/2014\/02\/Mr-et-Mme-Luneau-.jpg?resize=350%2C200 1x, https:\/\/i0.wp.com\/ecole-saint-joseph-44690.fr\/blog\/wp-content\/uploads\/2014\/02\/Mr-et-Mme-Luneau-.jpg?resize=525%2C300 1.5x, https:\/\/i0.wp.com\/ecole-saint-joseph-44690.fr\/blog\/wp-content\/uploads\/2014\/02\/Mr-et-Mme-Luneau-.jpg?resize=700%2C400 2x, https:\/\/i0.wp.com\/ecole-saint-joseph-44690.fr\/blog\/wp-content\/uploads\/2014\/02\/Mr-et-Mme-Luneau-.jpg?resize=1050%2C600 3x"},"classes":[]},{"id":413,"url":"https:\/\/ecole-saint-joseph-44690.fr\/blog\/?page_id=413","url_meta":{"origin":1342,"position":5},"title":"1935-1936","author":"B\u00e9atrice Josse","date":"16 f\u00e9vrier 2014","format":false,"excerpt":"Balenciaga's New DesignerFashion has a short memory. I know this. Everyone knows this. But still, I was a disappointed by all the speculation around Alexander Wang's recent appointment to the role of creative director at the vaunted fashion house Balenciaga. The general perception was that the job offer had more\u2026","rel":"","context":"Article similaire","block_context":{"text":"Article similaire","link":""},"img":{"alt_text":"","src":"","width":0,"height":0},"classes":[]}],"_links":{"self":[{"href":"https:\/\/ecole-saint-joseph-44690.fr\/blog\/index.php?rest_route=\/wp\/v2\/pages\/1342","targetHints":{"allow":["GET"]}}],"collection":[{"href":"https:\/\/ecole-saint-joseph-44690.fr\/blog\/index.php?rest_route=\/wp\/v2\/pages"}],"about":[{"href":"https:\/\/ecole-saint-joseph-44690.fr\/blog\/index.php?rest_route=\/wp\/v2\/types\/page"}],"author":[{"embeddable":true,"href":"https:\/\/ecole-saint-joseph-44690.fr\/blog\/index.php?rest_route=\/wp\/v2\/users\/1"}],"replies":[{"embeddable":true,"href":"https:\/\/ecole-saint-joseph-44690.fr\/blog\/index.php?rest_route=%2Fwp%2Fv2%2Fcomments&post=1342"}],"version-history":[{"count":9,"href":"https:\/\/ecole-saint-joseph-44690.fr\/blog\/index.php?rest_route=\/wp\/v2\/pages\/1342\/revisions"}],"predecessor-version":[{"id":8114,"href":"https:\/\/ecole-saint-joseph-44690.fr\/blog\/index.php?rest_route=\/wp\/v2\/pages\/1342\/revisions\/8114"}],"up":[{"embeddable":true,"href":"https:\/\/ecole-saint-joseph-44690.fr\/blog\/index.php?rest_route=\/wp\/v2\/pages\/77"}],"wp:attachment":[{"href":"https:\/\/ecole-saint-joseph-44690.fr\/blog\/index.php?rest_route=%2Fwp%2Fv2%2Fmedia&parent=1342"}],"curies":[{"name":"wp","href":"https:\/\/api.w.org\/{rel}","templated":true}]}}