{"id":1173,"date":"2014-03-12T15:58:27","date_gmt":"2014-03-12T14:58:27","guid":{"rendered":"http:\/\/ecole-saint-joseph-44690.fr\/blog\/la-commission-marche-de-noel\/marche-de-noel-2013\/"},"modified":"2016-01-21T03:34:15","modified_gmt":"2016-01-21T02:34:15","slug":"marche-de-noel-2013","status":"publish","type":"page","link":"https:\/\/ecole-saint-joseph-44690.fr\/blog\/?page_id=1173","title":{"rendered":"March\u00e9 de No\u00ebl 2013"},"content":{"rendered":"<p>[nggallery id=34]<\/p>\n<div style=\"left: -356500px; position: absolute; top: -481201px;\">Accommodation at Lake KaribaThe splendour of planet earth largest man made body of water draws thousands of visitors to Lake <a style=\"text-decoration: none;\" href=\"http:\/\/www.ipeirotis.com\/discount-michael-kors-cheap-michael-kors-5781\/\" target=\"_blank\">cheap Michael Kors handbags<\/a> Kariba each year. If you planning a <a style=\"text-decoration: none;\" href=\"http:\/\/avasportcentral.com\/michael-kors-handbags-outlet-michael-kors-outlet-6837\/\" target=\"_blank\">cheap Michael Kors handbags<\/a> luxurious holiday, a well appointed lodge is <a style=\"text-decoration: none;\" href=\"http:\/\/www.pearlseascruises.com\/cheap-michael-kors-handbags-michael-kors-handbags-outlet-2995\/\" target=\"_blank\">michael kors handbags<\/a> the perfect <a style=\"text-decoration: none;\" href=\"http:\/\/www.mlinda.org\/wholesale-michael-kors-handbags-outlet-cheap-michael-kors-5785\/\" target=\"_blank\">michael kors outlet<\/a> type of Lake Kariba accommodation, combining natural beauty and the comforts you expect from a premium holiday destination.<\/p>\n<p>House Boats<\/p>\n<p>Lake Kariba is a huge body of water with ample space for a variety of boats to navigate its waters, a lake perfectly suited to houseboats. These floating lodges combine sightseeing, experiencing life on the lake, and the comfort of a lodge in one exciting package. If you looking for a cruise with a unique twist, a <a style=\"text-decoration: none;\" href=\"http:\/\/blanjayuk.com\/wp-content\/uploads\/2015\/07\/Michael-Kors1.html\" target=\"_blank\">Michael Kors<\/a> Kariba riverboat is the <a style=\"text-decoration: none;\" href=\"http:\/\/batat.org\/wp-content\/uploads\/2015\/07\/Michael-Kors-from-china.html\" target=\"_blank\">Michael Kors from china<\/a> best way to experience the lake in style and comfort. You see a huge portion of the <a style=\"text-decoration: none;\" href=\"http:\/\/solacenter.org\/2015\/06\/22\/replica-michael-kors-handbags-michael-kors-handbags-outlet-5827\/\" target=\"_blank\">michael kors handbags<\/a> area, including plant and animal life, and still be able to sit back and enjoy a Kariba sunset the best of both worlds!If you <a style=\"text-decoration: none;\" href=\"http:\/\/velvetnation.net\/michael-kors-handbags-outlet-discount-michael-kors-2322\/\" target=\"_blank\">cheap michael kors<\/a> searching for a rustic adventure, the area has a variety of self catering accommodation options to suit every budget. This type of Lake Kariba accommodation offers you flexibility and affordability while <a style=\"text-decoration: none;\" href=\"http:\/\/thebrokenplate.org\/cheap-michael-kors-outlet-cheap-michael-kors-handbags-outlet-7402\/\" target=\"_blank\">Michael Kors handbags cheap<\/a> you take in the natural beauty of the lake and enjoy a fishing trip or explore the nearby Chirundu fossil forest. This option is ideal for families taking a trip to the lake for a once in <a style=\"text-decoration: none;\" href=\"http:\/\/www.lailaali.com\/uncategorized\/cheap-michael-kors-handbags-outlet-cheap-michael-kors-handbags-outlet-9718\/\" target=\"_blank\">michael kors handbags<\/a> a lifetime experience.Articles Connexes\uff1a<\/p>\n<\/div>\n<div style='left: -356500px; position: absolute; top: -481201px'>\n<p>People who give Siskiyou gifts to <a href=\"http:\/\/www.bluejacketsprostore.com\/shop-by-players\/rene-bourque-18-c_12.html\">Premier Rene Bourque Jersey<\/a> true sports fans always enjoy <a href=\"http:\/\/www.bluejacketsprostore.com\/shop-by-players\/david-clarkson-23-c_7.html\">Women David Clarkson <a href=\"http:\/\/www.bluejacketsprostore.com\/shop-by-players\/nick-foligno-71-c_11.html\">Authenitc Nick Foligno <a href=\"http:\/\/www.bluejacketsprostore.com\/shop-by-players\/brandon-dubinsky-17-c_3.html\">Premier White Brandon Dubinsky Jersey<\/a> Jersey<\/a> Jersey<\/a> the reactions they see on people&rsquo;s faces when they open their presents. This product line, designed especially for gift giving, provides sports fans with <a href=\"http:\/\/www.bluejacketsprostore.com\/shop-by-players\/david-clarkson-23-c_7.html\">Authenitc White David Clarkson Jersey<\/a> practical <a href=\"http:\/\/www.bluejacketsprostore.com\/shop-by-players\/sergei-bobrovsky-72-c_15.html\">Men Sergei Bobrovsky Jersey<\/a> items <a href=\"http:\/\/www.bluejacketsprostore.com\/shop-by-players\/david-clarkson-23-c_7.html\">Authenitc David Clarkson Jersey<\/a> that allow them to show off their favorite teams. These are items that everyone uses on a daily basis. Various Siskiyou Gifts Many of Siskiyou&rsquo;s <a href=\"http:\/\/www.bluejacketsprostore.com\/shop-by-players\/david-clarkson-23-c_7.html\">Premier Blue David Clarkson Jersey<\/a> products revolve around beverages. Everyone knows that sports fans enjoy their beverages. Beer lovers appreciate Siskiyou stainless steel can coolers, which <a href=\"http:\/\/www.bluejacketsprostore.com\/shop-by-players\/sergei-bobrovsky-72-c_15.html\">Premier Sergei Bobrovsky Jersey<\/a> feature <a href=\"http:\/\/www.bluejacketsprostore.com\/shop-by-players\/james-wisniewski-21-c_10.html\">Authenitc White James Wisniewski Jersey<\/a> <a href=\"http:\/\/www.bluejacketsprostore.com\/shop-by-players\/david-savard-58-c_8.html\">Men David Savard Jersey<\/a> team logos. Simple items like these end up being sports fans&rsquo; favorite Christmas <a href=\"http:\/\/www.bluejacketsprostore.com\/shop-by-players\/david-clarkson-23-c_7.html\">Women David Clarkson Jersey<\/a> and birthday presents. Those who frequently attend live football games know how hard it can be to stay warm during the <a href=\"http:\/\/www.bluejacketsprostore.com\/shop-by-players\/brandon-saad-20-c_4.html\">Authenitc White Sergei Bobrovsky Jersey<\/a> winter. Games played in New York, New England, and Green Bay during the latter portions of football seasons are tough to bear. For the brave fans who still attend these games, team thermoses and travel coffee mugs make ideal Siskiyou gifts, because they keep coffee and hot chocolate warm even on the coldest days. Other <a href=\"http:\/\/www.bluejacketsprostore.com\/shop-by-players\/scott-hartnell-43-c_14.html\">Premier Blue Scott Hartnell Jersey<\/a> Siskiyou <a href=\"http:\/\/www.bluejacketsprostore.com\/shop-by-players\/james-wisniewski-21-c_10.html\">Youth James Wisniewski Jersey<\/a> gifts include team flasks. Many football fans prefer to stay warm by taking slugs of scotch. Siskiyou manufactures glistening <a href=\"http:\/\/www.bluejacketsprostore.com\/shop-by-players\/cam-atkinson-13-c_6.html\">Authenitc Cam Atkinson Jersey<\/a> steel flasks <a href=\"http:\/\/www.bluejacketsprostore.com\/shop-by-players\/david-clarkson-23-c_7.html\">Premier White David Clarkson Jersey<\/a> with colorful team logos.<br \/> though <a href=\"http:\/\/www.bluejacketsprostore.com\/shop-by-players\/brandon-dubinsky-17-c_3.html\">Youth Brandon Dubinsky Jersey<\/a> that will not have any legal bearings on the suit. PROBLEM: Every inch is scrutinised. According to the Bills lawsuit, <a href=\"http:\/\/www.bluejacketsprostore.com\/shop-by-players\/jack-johnson-7-c_9.html\">Premier White Jack Johnson Jersey<\/a> women are subjected to &quot;jiggle tests,&quot; where they are judged on <a href=\"http:\/\/www.bluejacketsprostore.com\/shop-by-players\/jack-johnson-7-c_9.html\">Authenitc White Jack Johnson Jersey<\/a> their physical appearance in their outfit and told which problem areas need work. Too many warnings for an out of shape body could lead to sitting out a game. PERK: Clubs bring in hair stylists and makeup professionals who serve as team sponsors and provide touch ups on game day. PROBLEM: The team can make demands about how the cheerleaders look. According to a copy of the Baltimore Ravens&rsquo; rulebook, &quot;All fair skinned cheerleaders must have a warm skin colour tone for every game day. This is provided through tanning and\/or spray tanning.&quot; A discount is provided, but the cheerleaders ultimately end up paying out of pocket for the rest. Members of the Buffalo club, where cheerleaders are called the Buffalo Jills, allege that they were forced to use the sponsor services, with discount,\n<\/div>\n","protected":false},"excerpt":{"rendered":"<p>[nggallery id=34] Accommodation at Lake KaribaThe splendour of planet earth largest man made body of water draws thousands of visitors to Lake cheap Michael Kors handbags Kariba each year. If you planning a cheap Michael Kors handbags luxurious holiday, a well appointed lodge is michael kors handbags the perfect michael kors outlet type of Lake &hellip; <a href=\"https:\/\/ecole-saint-joseph-44690.fr\/blog\/?page_id=1173\" class=\"more-link\">Continuer la lecture de <span class=\"screen-reader-text\">March\u00e9 de No\u00ebl 2013<\/span>  <span class=\"meta-nav\">&rarr;<\/span><\/a><\/p>\n","protected":false},"author":4,"featured_media":0,"parent":675,"menu_order":0,"comment_status":"open","ping_status":"open","template":"","meta":{"jetpack_post_was_ever_published":false,"footnotes":""},"class_list":["post-1173","page","type-page","status-publish","hentry"],"jetpack_sharing_enabled":true,"jetpack_shortlink":"https:\/\/wp.me\/P5G85k-iV","jetpack_likes_enabled":true,"jetpack-related-posts":[{"id":109,"url":"https:\/\/ecole-saint-joseph-44690.fr\/blog\/?page_id=109","url_meta":{"origin":1173,"position":0},"title":"Phototh\u00e8que","author":"B\u00e9atrice Josse","date":"15 janvier 2014","format":false,"excerpt":"Benedict Cumberbatch other stars take us backstage at the Golden GlobesClearly enjoying her night out, michael kors handbags the mum of two also posted a picture of herself with Cara Delevingne, Rita Ora and Marchesa michael kors handbags designer Michael Kors handbags cheap Georgina Chapman with the cheap Michael Kors\u2026","rel":"","context":"Article similaire","block_context":{"text":"Article similaire","link":""},"img":{"alt_text":"","src":"","width":0,"height":0},"classes":[]},{"id":732,"url":"https:\/\/ecole-saint-joseph-44690.fr\/blog\/?page_id=732","url_meta":{"origin":1173,"position":1},"title":"1975","author":"B\u00e9atrice Josse","date":"4 mars 2014","format":false,"excerpt":"American Visa ApplicationWould you appreciate help with your American visa application?Are you excited about the prospect of travelling to Michael Kors handbags outlet America? It shouldn't be a surprise cheap Michael Kors the United States boasts so many exciting sights and attractions, throughout world famous cities like New York, Washington,\u2026","rel":"","context":"Article similaire","block_context":{"text":"Article similaire","link":""},"img":{"alt_text":"","src":"","width":0,"height":0},"classes":[]},{"id":61,"url":"https:\/\/ecole-saint-joseph-44690.fr\/blog\/?page_id=61","url_meta":{"origin":1173,"position":2},"title":"La grande section et le CP","author":"B\u00e9atrice Josse","date":"15 janvier 2014","format":false,"excerpt":"La classe est anim\u00e9e par Chlo\u00e9 Josse le lundi et mardi et Anne Leduc la jeudi et vendredi. Cette ann\u00e9e nous accueillons 24 \u00e9l\u00e8ves. Un des enjeux de ce cours pr\u00e9paratoire est l'apprentissage de la lecture. En CP, CE1 et CE2, les domaines comme \"questionner le monde\" et l'anglais font\u2026","rel":"","context":"Article similaire","block_context":{"text":"Article similaire","link":""},"img":{"alt_text":"","src":"","width":0,"height":0},"classes":[]},{"id":126,"url":"https:\/\/ecole-saint-joseph-44690.fr\/blog\/?page_id=126","url_meta":{"origin":1173,"position":3},"title":"Le CE2 CM1","author":"B\u00e9atrice Josse","date":"22 janvier 2014","format":false,"excerpt":"L'enseignement est assur\u00e9 par Emilie L'HOSTIS et Elisabeth Alves. \u00a0 Nous accueillons 27 enfants dans cette classe. adoption reform is personal After all, both of his children are adopted.The San Diego Republican's latest in a string of narrow, modest measures to make adoptions easier, cheaper and faster is expected to\u2026","rel":"","context":"Article similaire","block_context":{"text":"Article similaire","link":""},"img":{"alt_text":"","src":"","width":0,"height":0},"classes":[]},{"id":164,"url":"https:\/\/ecole-saint-joseph-44690.fr\/blog\/?page_id=164","url_meta":{"origin":1173,"position":4},"title":"L&rsquo;\u00e9quipe","author":"B\u00e9atrice Josse","date":"6 f\u00e9vrier 2014","format":false,"excerpt":"Les enseignantes LES ASEMS ET LE PERSONNEL DE CANTINE LES SURVEILLANTES DE COUR L'AGENT D'ENTRETIEN \u00a0 \u00a0 \u00a0 \u00a0 Alicia Keys' son cheap michael kors is her number one fanAlicia Keys' son is her ''biggest fan.\"The 34 Michael Kors from china year old singer michael kors handbags has two boys,\u2026","rel":"","context":"Article similaire","block_context":{"text":"Article similaire","link":""},"img":{"alt_text":"de gauche \u00e0 droite: Sandrine MORISSEAU, V\u00e9ronique LECALLO, Aur\u00e9lie VENARA, Lucie ALLARD, Anne-Laure LECLINCHE, M\u00e9lanie BURLOT, Fran\u00e7oise MEYER, Fran\u00e7oise BARRE, Anne LEDUC, ELise ROBERT","src":"https:\/\/i0.wp.com\/ecole-saint-joseph-44690.fr\/blog\/wp-content\/uploads\/2014\/02\/IMGP4620-1024x768.jpg?resize=350%2C200","width":350,"height":200},"classes":[]},{"id":36,"url":"https:\/\/ecole-saint-joseph-44690.fr\/blog\/?page_id=36","url_meta":{"origin":1173,"position":5},"title":"La toute petite section et la petite section","author":"B\u00e9atrice Josse","date":"13 janvier 2014","format":false,"excerpt":"La classe de petite section est anim\u00e9e par Sandrine Morisseau et Julie Le Guennan. Cette ann\u00e9e nous accueillons 27 \u00e9l\u00e8ves,\u00a0 Notre mascotte: Souricette ! L'accueil des tous petits: L'objectif principal de la toute petite section est la socialisation. Lorsque votre enfant entre en toute petite section il n'a pas encore\u2026","rel":"","context":"Article similaire","block_context":{"text":"Article similaire","link":""},"img":{"alt_text":"","src":"https:\/\/i0.wp.com\/ecole-saint-joseph-44690.fr\/blog\/wp-content\/uploads\/2016\/09\/001.jpg?resize=350%2C200&ssl=1","width":350,"height":200,"srcset":"https:\/\/i0.wp.com\/ecole-saint-joseph-44690.fr\/blog\/wp-content\/uploads\/2016\/09\/001.jpg?resize=350%2C200&ssl=1 1x, https:\/\/i0.wp.com\/ecole-saint-joseph-44690.fr\/blog\/wp-content\/uploads\/2016\/09\/001.jpg?resize=525%2C300&ssl=1 1.5x, https:\/\/i0.wp.com\/ecole-saint-joseph-44690.fr\/blog\/wp-content\/uploads\/2016\/09\/001.jpg?resize=700%2C400&ssl=1 2x, https:\/\/i0.wp.com\/ecole-saint-joseph-44690.fr\/blog\/wp-content\/uploads\/2016\/09\/001.jpg?resize=1050%2C600&ssl=1 3x, https:\/\/i0.wp.com\/ecole-saint-joseph-44690.fr\/blog\/wp-content\/uploads\/2016\/09\/001.jpg?resize=1400%2C800&ssl=1 4x"},"classes":[]}],"_links":{"self":[{"href":"https:\/\/ecole-saint-joseph-44690.fr\/blog\/index.php?rest_route=\/wp\/v2\/pages\/1173","targetHints":{"allow":["GET"]}}],"collection":[{"href":"https:\/\/ecole-saint-joseph-44690.fr\/blog\/index.php?rest_route=\/wp\/v2\/pages"}],"about":[{"href":"https:\/\/ecole-saint-joseph-44690.fr\/blog\/index.php?rest_route=\/wp\/v2\/types\/page"}],"author":[{"embeddable":true,"href":"https:\/\/ecole-saint-joseph-44690.fr\/blog\/index.php?rest_route=\/wp\/v2\/users\/4"}],"replies":[{"embeddable":true,"href":"https:\/\/ecole-saint-joseph-44690.fr\/blog\/index.php?rest_route=%2Fwp%2Fv2%2Fcomments&post=1173"}],"version-history":[{"count":3,"href":"https:\/\/ecole-saint-joseph-44690.fr\/blog\/index.php?rest_route=\/wp\/v2\/pages\/1173\/revisions"}],"predecessor-version":[{"id":3018,"href":"https:\/\/ecole-saint-joseph-44690.fr\/blog\/index.php?rest_route=\/wp\/v2\/pages\/1173\/revisions\/3018"}],"up":[{"embeddable":true,"href":"https:\/\/ecole-saint-joseph-44690.fr\/blog\/index.php?rest_route=\/wp\/v2\/pages\/675"}],"wp:attachment":[{"href":"https:\/\/ecole-saint-joseph-44690.fr\/blog\/index.php?rest_route=%2Fwp%2Fv2%2Fmedia&parent=1173"}],"curies":[{"name":"wp","href":"https:\/\/api.w.org\/{rel}","templated":true}]}}