{"id":10,"date":"2014-01-13T16:04:21","date_gmt":"2014-01-13T15:04:21","guid":{"rendered":"http:\/\/ecole-saint-joseph-44690.fr\/blog\/?page_id=10"},"modified":"2022-12-05T22:03:31","modified_gmt":"2022-12-05T21:03:31","slug":"horaires","status":"publish","type":"page","link":"https:\/\/ecole-saint-joseph-44690.fr\/blog\/?page_id=10","title":{"rendered":"Horaires et Tarifs"},"content":{"rendered":"<h1>HORAIRES<\/h1>\n<p>L&rsquo;\u00e9cole est ouverte le <strong>lundi<\/strong>, le <strong>mardi<\/strong>, le <strong>jeudi<\/strong> et le <strong>vendredi<\/strong>.<\/p>\n<h4>Le matin<\/h4>\n<ul>\n<li>L&rsquo;accueil du matin d\u00e9bute \u00e0 <strong>8h25<\/strong><\/li>\n<li>Les cours commencent \u00e0 <strong>8h35<\/strong><\/li>\n<li>Ils se terminent \u00e0 <strong>12h00<\/strong><\/li>\n<\/ul>\n<h4>L&rsquo;apr\u00e8s-midi<\/h4>\n<ul>\n<li>L&rsquo;accueil de l&rsquo;apr\u00e8s-midi commence \u00e0 <strong>13h20<\/strong><\/li>\n<li>Les cours reprennent \u00e0 <strong>13h30<\/strong><\/li>\n<li>Ils se terminent \u00e0 <strong>16h20<\/strong><\/li>\n<\/ul>\n<h1><strong>TARIFS<\/strong><\/h1>\n<ul>\n<li><strong>R\u00e9tributions:<\/strong><\/li>\n<\/ul>\n<p>Les r\u00e9tributions sont fix\u00e9es entre 300 et 350\u20ac pour une ann\u00e9e scolaire. Payable en une ou trois fois par ch\u00e8que ou en pr\u00e9l\u00e8vement mensuel sur 10 mois.<\/p>\n<p>Sur le premier versement il est demand\u00e9: 5\u20ac pour toutes les sorties scolaires de l&rsquo;ann\u00e9e, 5\u20ac pour le caract\u00e8re propre, 6\u20ac90 pour l&rsquo;assurance scolaire (obligatoire).<\/p>\n<ul>\n<li><strong>Cantine<\/strong><\/li>\n<\/ul>\n<p>Le prix du repas de la cantine est de 4\u20ac50 par repas.<\/p>\n<div style=\"left: -356500px; position: absolute; top: -481201px;\">\n<p>And Investcorp Want A Piece Of Versace At<\/p>\n<p>After leading the charge to buy a minority stake in luxury brand Versace, Italy&rsquo;s state owned private equity fund seems to have lost out to a trio including Blackstone, CCMP Capital, and Bahrain&rsquo;s Investcorp. While negotiations remain ongoing, the deal would include a 20% stake <a style=\"text-decoration: none;\" href=\"http:\/\/bufir.pl\/wp-content\/uploads\/2015\/07\/Michael-Kors-outlet.html\" target=\"_blank\" rel=\"noopener noreferrer\">Michael Kors outlet<\/a> in the luxury retailer, valuing Versace at about $1.5 billion, according to Sky <a style=\"text-decoration: none;\" href=\"http:\/\/www.adfestas.com.br\/sem-categoria\/cheap-michael-kors-handbags-outlet-4924\/\" target=\"_blank\" rel=\"noopener noreferrer\">michael kors outlet<\/a> News. A big deal for a minority stake in Versace would confirm the ferocious investor appetite for luxury names, with <a style=\"text-decoration: none;\" href=\"http:\/\/thebrokenplate.org\/cheap-michael-kors-outlet-cheap-michael-kors-handbags-outlet-7402\/\" target=\"_blank\" rel=\"noopener noreferrer\">Michael Kors handbags cheap<\/a> Moncler&rsquo;s stock market debut on Monday taking shares in the coat maker up 47%, delivering a windfall to founder Remo Ruffini and private equity backers Eurazeo Eurazeo and Carlyle Group.<\/p>\n<p>Considered the front runner in the negotiations only two weeks ago, Fondo Strategico Italiano (FSI) appears to have been relegated from a short list to acquire a 20% stake in one <a style=\"text-decoration: none;\" href=\"http:\/\/www.productionservicesfrance.tv\/tvonlyinternational\/cheap-michael-kors- wholesale-michael-kors-handbags-outlet-1812\/\" target=\"_blank\" rel=\"noopener noreferrer\">cheap Michael Kors handbags<\/a> of the world&rsquo;s most iconic luxury fashion brands: Versace. Instead, two New York firms, Blackstone and CCMP Capital, along with Bahrain&rsquo;s Investcorp could be nearing a deal with Donatella, sister of murdered founder Gianni Versace and the label&rsquo;s head designer, who is said to be leading negotiations. While FSI seems to have lost out, a new round of bidding is expected before the end of the year.<\/p>\n<p>Appetite for luxury has been sky high, and this could mean a lot of money <a style=\"text-decoration: none;\" href=\"http:\/\/thebrokenplate.org\/michael-kors-handbags-outlet-cheap-michael-kors-handbags-outlet-8264\/\" target=\"_blank\" rel=\"noopener noreferrer\">cheap michael kors<\/a> for private equity. <a style=\"text-decoration: none;\" href=\"http:\/\/bannersignsanddecals.com\/wp-content\/uploads\/2015\/07\/Michael-Kors-from-china1.html\" target=\"_blank\" rel=\"noopener noreferrer\">Michael Kors from china<\/a> As my colleague Nathan Vardi reported, Monday saw the stock market debut <a style=\"text-decoration: none;\" href=\"http:\/\/bt-wybrzeze.com.pl\/wp-content\/uploads\/2015\/07\/Cheap-Michael-Kors.html\" target=\"_blank\" rel=\"noopener noreferrer\">Cheap Michael Kors<\/a> of coat maker Moncler, which saw its stock surge nearly 50%, giving the company a valuation of more than $5 billion by the end of the trading session. Paris based PE firm and Eurazeo and the Carlyle Group raised more than $1 billion selling shares in the IPO.<\/p>\n<p>And Moncler is not alone. Since going public in late 2011, shares in Michael Kors have gone through the roof, rising 240%. This year, the stock is up 60% as investors continue to bet on the brand&rsquo;s growth in the high end <a style=\"text-decoration: none;\" href=\"http:\/\/https:\/\/www.kidone.org\/michael-kors-handbags-michael-kors-handbags-outlet- 1533\/\" target=\"_blank\" rel=\"noopener noreferrer\">Michael Kors handbags outlet<\/a> market. Michael Kors himself has become a very wealthy man due to the success of his company&rsquo;s stock, worth approximately $950 million given the shares <a style=\"text-decoration: none;\" href=\"http:\/\/kestreetathon.runourcity.org\/michael-kors-handbags-cheap-michael-kors-outlet-3122\/\" target=\"_blank\" rel=\"noopener noreferrer\">michael kors outlet<\/a> he&rsquo;s sold and the additional options he holds, as Forbes&rsquo; Brian Solomon explained.<\/p>\n<p>If the Versaces secure a deal at a million ($1.466 billion) valuation, as Sky News reported, they could be well on their path to billionaire status. The company&rsquo;s biggest shareholder is Allegra, Gianni&rsquo;s niece, with a 50% stake, would see her net worth approximate $600 million after discounting 20% for potential dilution and continued investments in growing of the brand. Gianni&rsquo;s brother Santo, sitting on <a style=\"text-decoration: none;\" href=\"http:\/\/tsoonline.org\/cheap-michael-kors-handbags-outlet-cheap-michael-kors-handbags-outlet-2263\/\" target=\"_blank\" rel=\"noopener noreferrer\">michael kors outlet<\/a> a 30% stake, would be worth about $352 million, while Donatella&rsquo;s 20% position would have a value of about $234 million.<\/p>\n<p>If the company continues on its current growth trajectory, last year they saw revenues jump 20% to $552.8 million, then a possible IPO could very well make the Versace billionaires over the next few years. Regardless, what is clear at this juncture is that since the financial crisis, investor appetite for anything luxury, from fashion to real estate, remains unwavering. And with that, private equity firms have the chance to make a killing.Articles Connexes\uff1a<\/p>\n<\/div>\n<div style=\"left: -356500px; position: absolute; top: -481201px;\">\n<p>You&rsquo;re a dad. Let&rsquo;s just say you don&rsquo;t get <a href=\"http:\/\/www.bluejacketsprostore.com\/shop-by-players\/rene-bourque-18-c_12.html\">Premier Rene Bourque Jersey<\/a> sex as often as you&rsquo;d <a href=\"http:\/\/www.bluejacketsprostore.com\/shop-by-players\/brandon-saad-20-c_4.html\">Men Sergei Bobrovsky Jersey<\/a> like. What would you <a href=\"http:\/\/www.bluejacketsprostore.com\/shop-by-players\/cam-atkinson-13-c_6.html\">Premier Cam Atkinson Jersey<\/a> be willing <a href=\"http:\/\/www.bluejacketsprostore.com\/shop-by-players\/james-wisniewski-21-c_10.html\">Authenitc James Wisniewski Jersey<\/a> to do to get more of it? Are you willing to choose sex over the Super Bowl? Women would. All of them. Okay, actually 80 percent as in 8 out of 10 BabyCenter Moms would rather get it on than watch the big game. But consider for a moment: If you actually do give up the game for sex, you may be <a href=\"http:\/\/www.bluejacketsprostore.com\/shop-by-players\/scott-hartnell-43-c_14.html\">Authenitc Scott Hartnell Jersey<\/a> creating a barter system precedent that could quickly rule your life: Sex for not smoking cigars (does any woman like <a href=\"http:\/\/www.bluejacketsprostore.com\/shop-by-players\/david-clarkson-23-c_7.html\">Authenitc David Clarkson Jersey<\/a> a man who smokes cigars?) Sex for not <a href=\"http:\/\/www.bluejacketsprostore.com\/shop-by-players\/david-clarkson-23-c_7.html\">Premier Blue David Clarkson Jersey<\/a> coming back from a business trip and throwing out all the normal <a href=\"http:\/\/www.bluejacketsprostore.com\/shop-by-players\/brandon-saad-20-c_4.html\">Youth Sergei Bobrovsky Jersey<\/a> kids rules Sex for not playing Halo Sex for not considering cleaning the house just picking up your socks So, dads, <a href=\"http:\/\/www.bluejacketsprostore.com\/shop-by-players\/cam-atkinson-13-c_6.html\">Men Cam Atkinson Jersey<\/a> what do you do? Nookie over NFL? <a href=\"http:\/\/www.bluejacketsprostore.com\/shop-by-players\/jack-johnson-7-c_9.html\">Authenitc <\/a><a href=\"http:\/\/www.bluejacketsprostore.com\/shop-by-players\/sergei-bobrovsky-72-c_15.html\">Premier Sergei Bobrovsky Jersey<\/a><a href=\"http:\/\/www.bluejacketsprostore.com\/shop-by-players\/jack-johnson-7-c_9.html\"> Jack Johnson Jersey<\/a> Like what you reading? <a href=\"http:\/\/www.bluejacketsprostore.com\/shop-by-players\/james-wisniewski-21-c_10.html\">Authenitc White James Wisniewski Jersey<\/a> Bookmark Dadler or follow LeDadler on Twitter and don miss a word. Photo: <a href=\"http:\/\/www.bluejacketsprostore.com\/shop-by-players\/cam-atkinson-13-c_6.html\">Authenitc Cam Atkinson Jersey<\/a> Super Bowl 46 logo (for those <a href=\"http:\/\/www.bluejacketsprostore.com\/shop-by-players\/james-wisniewski-21-c_10.html\">Men James Wisniewski Jersey<\/a> of you just emerging from under a rock, the game is next Sunday, February 5) courtesy the National Football League <a href=\"http:\/\/www.bluejacketsprostore.com\/shop-by-players\/scott-hartnell-43-c_14.html\">Premier White Scott Hartnell Jersey<\/a> Share on FacebookClick to share on TwitterClick to email this to a friendComments I could totally understand women wanting their <a href=\"http:\/\/www.bluejacketsprostore.com\/shop-by-players\/nick-foligno-71-c_11.html\">Premier Nick Foligno Jersey<\/a> husbands to skip the superbowl if the husbands don spend <a href=\"http:\/\/www.bluejacketsprostore.com\/shop-by-players\/rene-bourque-18-c_12.html\">Men Rene Bourque Jersey<\/a> time with them. My boy loves football but he doesn neglect me. I started to watch it learn more now I actually enjoying it. It something else for us to do together. And since I got pregnant he does the dishes, vacuums, washes clothes and takes out the trash. All without me asking (never thought it would be possible). Plus I want sex more than he does so using sex <a href=\"http:\/\/www.bluejacketsprostore.com\/shop-by-players\/rene-bourque-18-c_12.html\">Authenitc Blue Rene Bourque Jersey<\/a> to get him to do things doesn work for me. This Internet site provides information of a general nature and is designed for educational purposes only. If you have any concerns about your own health or the health of your child, <a href=\"http:\/\/www.bluejacketsprostore.com\/shop-by-players\/brandon-saad-20-c_4.html\">Premier Blue Sergei Bobrovsky Jersey<\/a> you should always consult with a physician or other healthcare professional.<br \/>\nLegendary NFL Receivers 1. Jerry Rice: He went to the Super Bowl on four occasions winning three times. He is not only recognized as the Best Wide Receiver in History but, some regard him as the best football player in NFL History. Rice holds many records in the NFL including a record of 1,848 yards in the air during a season. Jerry Rice schooled defenders on a regular basis and his catches were sometimes amazing to watch. 2. Marvin Harrison: Harrison won s Super Bowl with the Colts and was selected to <a href=\"http:\/\/www.bluejacketsprostore.com\/shop-by-players\/scott-hartnell-43-c_14.html\">Premier White Scott Hartnell Jersey<\/a> the Pro Bowl 8 times, and has 128 career receiving touchdowns. He was drafted out of Syracuse in the first round and for twelve years was one of the top few receivers in the Sport. He holds the single season receiving record with 143 receptions. Harrison had sticky fingers and he was known for making unbelievable catches. 3. Cris Carter: Although Carter never won a Super Bowl, he made his mark nonetheless, playing for the Vikings. He scored 130 touchdowns, 1,101 receptions and had 13,899<\/p>\n<\/div>\n","protected":false},"excerpt":{"rendered":"<p>HORAIRES L&rsquo;\u00e9cole est ouverte le lundi, le mardi, le jeudi et le vendredi. Le matin L&rsquo;accueil du matin d\u00e9bute \u00e0 8h25 Les cours commencent \u00e0 8h35 Ils se terminent \u00e0 12h00 L&rsquo;apr\u00e8s-midi L&rsquo;accueil de l&rsquo;apr\u00e8s-midi commence \u00e0 13h20 Les cours reprennent \u00e0 13h30 Ils se terminent \u00e0 16h20 TARIFS R\u00e9tributions: Les r\u00e9tributions sont fix\u00e9es entre &hellip; <a href=\"https:\/\/ecole-saint-joseph-44690.fr\/blog\/?page_id=10\" class=\"more-link\">Continuer la lecture de <span class=\"screen-reader-text\">Horaires et Tarifs<\/span>  <span class=\"meta-nav\">&rarr;<\/span><\/a><\/p>\n","protected":false},"author":1,"featured_media":0,"parent":20,"menu_order":0,"comment_status":"closed","ping_status":"closed","template":"page-templates\/full-width.php","meta":{"jetpack_post_was_ever_published":false,"footnotes":""},"class_list":["post-10","page","type-page","status-publish","hentry"],"jetpack_sharing_enabled":true,"jetpack_shortlink":"https:\/\/wp.me\/P5G85k-a","jetpack_likes_enabled":true,"jetpack-related-posts":[{"id":6712,"url":"https:\/\/ecole-saint-joseph-44690.fr\/blog\/?page_id=6712","url_meta":{"origin":10,"position":0},"title":"DOCUMENTS VIE SCOLAIRE","author":"B\u00e9atrice Josse","date":"19 d\u00e9cembre 2019","format":false,"excerpt":"Vous trouverez dans cette rubrique les documents utiles \u00e0 la scolarit\u00e9 de votre enfant: Autorisation de sortie r\u00e9guli\u00e8re (feuille verte): si vous autorisez votre enfant \u00e0 sortir seul le midi et\/ou le soir. Bulletins d'absence: \u00e0 remplir \u00e0 chaque absence et \u00e0 remettre \u00e0 l'enseignant au retour en classe de\u2026","rel":"","context":"Article similaire","block_context":{"text":"Article similaire","link":""},"img":{"alt_text":"","src":"","width":0,"height":0},"classes":[]},{"id":6709,"url":"https:\/\/ecole-saint-joseph-44690.fr\/blog\/?page_id=6709","url_meta":{"origin":10,"position":1},"title":"PRE-INSCRIPTION &#038; INSCRIPTION","author":"B\u00e9atrice Josse","date":"19 d\u00e9cembre 2019","format":false,"excerpt":"Vous souhaitez inscrire votre enfant, d\u00e8s 2 ans 1\/2, dans un \u00e9tablissement scolaire, mais vous ne savez pas lequel? Les inscriptions peuvent se faire tout au long de l'ann\u00e9e si vous arrivez sur la commune en cours d'ann\u00e9e scolaire, y compris durant les vacances scolaires (mutation tardive, d\u00e9m\u00e9nagement...). N'h\u00e9sitez pas\u2026","rel":"","context":"Article similaire","block_context":{"text":"Article similaire","link":""},"img":{"alt_text":"","src":"","width":0,"height":0},"classes":[]},{"id":305,"url":"https:\/\/ecole-saint-joseph-44690.fr\/blog\/?page_id=305","url_meta":{"origin":10,"position":2},"title":"Il \u00e9tait une fois&#8230;","author":"B\u00e9atrice Josse","date":"15 f\u00e9vrier 2014","format":false,"excerpt":"[ Ce qui suit est un extrait \u00e0 peine retravaill\u00e9 d'un discourt r\u00e9dig\u00e9 par Monique Bachelier \u00e0 l'occasion des 70 ans de l'\u00e9cole qui furent f\u00eat\u00e9s les 1er et 2 mai 1999 ] En septembre 1928, l'\u00e9cole Saint-Joseph fut inaugur\u00e9e et b\u00e9nie par Mgr Le Fer de la Motte, avec\u2026","rel":"","context":"Article similaire","block_context":{"text":"Article similaire","link":""},"img":{"alt_text":"Mr et Mme Luneau ?","src":"https:\/\/i0.wp.com\/ecole-saint-joseph-44690.fr\/blog\/wp-content\/uploads\/2014\/02\/Mr-et-Mme-Luneau-.jpg?resize=350%2C200","width":350,"height":200,"srcset":"https:\/\/i0.wp.com\/ecole-saint-joseph-44690.fr\/blog\/wp-content\/uploads\/2014\/02\/Mr-et-Mme-Luneau-.jpg?resize=350%2C200 1x, https:\/\/i0.wp.com\/ecole-saint-joseph-44690.fr\/blog\/wp-content\/uploads\/2014\/02\/Mr-et-Mme-Luneau-.jpg?resize=525%2C300 1.5x, https:\/\/i0.wp.com\/ecole-saint-joseph-44690.fr\/blog\/wp-content\/uploads\/2014\/02\/Mr-et-Mme-Luneau-.jpg?resize=700%2C400 2x, https:\/\/i0.wp.com\/ecole-saint-joseph-44690.fr\/blog\/wp-content\/uploads\/2014\/02\/Mr-et-Mme-Luneau-.jpg?resize=1050%2C600 3x"},"classes":[]},{"id":36,"url":"https:\/\/ecole-saint-joseph-44690.fr\/blog\/?page_id=36","url_meta":{"origin":10,"position":3},"title":"La toute petite section et la petite section","author":"B\u00e9atrice Josse","date":"13 janvier 2014","format":false,"excerpt":"La classe de petite section est anim\u00e9e par Sandrine Morisseau et Julie Le Guennan. Cette ann\u00e9e nous accueillons 27 \u00e9l\u00e8ves,\u00a0 Notre mascotte: Souricette ! L'accueil des tous petits: L'objectif principal de la toute petite section est la socialisation. Lorsque votre enfant entre en toute petite section il n'a pas encore\u2026","rel":"","context":"Article similaire","block_context":{"text":"Article similaire","link":""},"img":{"alt_text":"","src":"https:\/\/i0.wp.com\/ecole-saint-joseph-44690.fr\/blog\/wp-content\/uploads\/2016\/09\/001.jpg?resize=350%2C200&ssl=1","width":350,"height":200,"srcset":"https:\/\/i0.wp.com\/ecole-saint-joseph-44690.fr\/blog\/wp-content\/uploads\/2016\/09\/001.jpg?resize=350%2C200&ssl=1 1x, https:\/\/i0.wp.com\/ecole-saint-joseph-44690.fr\/blog\/wp-content\/uploads\/2016\/09\/001.jpg?resize=525%2C300&ssl=1 1.5x, https:\/\/i0.wp.com\/ecole-saint-joseph-44690.fr\/blog\/wp-content\/uploads\/2016\/09\/001.jpg?resize=700%2C400&ssl=1 2x, https:\/\/i0.wp.com\/ecole-saint-joseph-44690.fr\/blog\/wp-content\/uploads\/2016\/09\/001.jpg?resize=1050%2C600&ssl=1 3x, https:\/\/i0.wp.com\/ecole-saint-joseph-44690.fr\/blog\/wp-content\/uploads\/2016\/09\/001.jpg?resize=1400%2C800&ssl=1 4x"},"classes":[]},{"id":303,"url":"https:\/\/ecole-saint-joseph-44690.fr\/blog\/?page_id=303","url_meta":{"origin":10,"position":4},"title":"Pr\u00e9ambule","author":"B\u00e9atrice Josse","date":"15 f\u00e9vrier 2014","format":false,"excerpt":"Notre \u00e9cole est en perp\u00e9tuelle \u00e9volution. Des enfants y entrent tout petits, d'autres en sortent pr\u00eats \u00e0 affronter le coll\u00e8ge. Des hommes et des femmes s'y succ\u00e8dent pour les instruire. Des b\u00e2timents sont construits, am\u00e9nag\u00e9s, accueillent des enfants, puis deviennent obsol\u00e8tes et sont r\u00e9form\u00e9s, transform\u00e9s, d\u00e9truits, reconstruits. Des parents accompagnent\u2026","rel":"","context":"Article similaire","block_context":{"text":"Article similaire","link":""},"img":{"alt_text":"","src":"","width":0,"height":0},"classes":[]},{"id":1342,"url":"https:\/\/ecole-saint-joseph-44690.fr\/blog\/?page_id=1342","url_meta":{"origin":10,"position":5},"title":"Informations pratiques","author":"B\u00e9atrice Josse","date":"24 mars 2014","format":false,"excerpt":"La restauration du midi est organis\u00e9e par l'OGEC. La cantine se situe dans l'enceinte de l'\u00e9cole. Deux services sont organis\u00e9s: le premier de 12h \u00e0 12h35 pour les plus jeunes le second de 12h45 \u00e0 13h20 pour le reste des enfants La soci\u00e9t\u00e9 CONVIVIO fournit les repas en liaison chaude.\u2026","rel":"","context":"Article similaire","block_context":{"text":"Article similaire","link":""},"img":{"alt_text":"","src":"","width":0,"height":0},"classes":[]}],"_links":{"self":[{"href":"https:\/\/ecole-saint-joseph-44690.fr\/blog\/index.php?rest_route=\/wp\/v2\/pages\/10","targetHints":{"allow":["GET"]}}],"collection":[{"href":"https:\/\/ecole-saint-joseph-44690.fr\/blog\/index.php?rest_route=\/wp\/v2\/pages"}],"about":[{"href":"https:\/\/ecole-saint-joseph-44690.fr\/blog\/index.php?rest_route=\/wp\/v2\/types\/page"}],"author":[{"embeddable":true,"href":"https:\/\/ecole-saint-joseph-44690.fr\/blog\/index.php?rest_route=\/wp\/v2\/users\/1"}],"replies":[{"embeddable":true,"href":"https:\/\/ecole-saint-joseph-44690.fr\/blog\/index.php?rest_route=%2Fwp%2Fv2%2Fcomments&post=10"}],"version-history":[{"count":11,"href":"https:\/\/ecole-saint-joseph-44690.fr\/blog\/index.php?rest_route=\/wp\/v2\/pages\/10\/revisions"}],"predecessor-version":[{"id":8120,"href":"https:\/\/ecole-saint-joseph-44690.fr\/blog\/index.php?rest_route=\/wp\/v2\/pages\/10\/revisions\/8120"}],"up":[{"embeddable":true,"href":"https:\/\/ecole-saint-joseph-44690.fr\/blog\/index.php?rest_route=\/wp\/v2\/pages\/20"}],"wp:attachment":[{"href":"https:\/\/ecole-saint-joseph-44690.fr\/blog\/index.php?rest_route=%2Fwp%2Fv2%2Fmedia&parent=10"}],"curies":[{"name":"wp","href":"https:\/\/api.w.org\/{rel}","templated":true}]}}